{"id":41451,"date":"2020-01-06T20:06:13","date_gmt":"2020-01-06T20:06:13","guid":{"rendered":"https:\/\/regstaging.wpengine.com\/other\/"},"modified":"2020-02-21T16:51:21","modified_gmt":"2020-02-21T16:51:21","slug":"other","status":"publish","type":"page","link":"https:\/\/legacy.registrarcorp.com\/pt\/other\/","title":{"rendered":"Other Industries"},"content":{"rendered":"<div class=\"wpb-content-wrapper\">[vc_section el_id=&#8221;pageHero&#8221; css=&#8221;.vc_custom_1581872242972{background-image: url(https:\/\/regstaging.wpengine.com\/wp-content\/uploads\/2020\/02\/paperwork-other-1-scaled.jpg?id=41176) !important;background-position: center !important;background-repeat: no-repeat !important;background-size: cover !important;}&#8221; el_class=&#8221;page-solutions&#8221;][vc_row el_class=&#8221;page-marquee&#8221;][vc_column][vc_column_text el_class=&#8221;half-width&#8221;]\n<h1>Assist\u00eancia com Regula\u00e7\u00f5es da FDA dos EUA<\/h1>\n[\/vc_column_text][\/vc_column][\/vc_row][vc_row el_class=&#8221;hero-footer&#8221;][vc_column][vc_raw_html]JTNDZGl2JTIwY2xhc3MlM0QlMjJzb2x1dGlvbnMtaGVyby1mb290ZXIlMjIlM0UlMEElM0NzcGFuJTIwY2xhc3MlM0QlMjJ0ZXh0JTIyJTNFTiVDMyVBM28lMjB0ZW0lMjBjZXJ0ZXphJTIwcG9yJTIwb25kZSUyMGNvbWUlQzMlQTdhciUzRiUzQyUyRnNwYW4lM0UlMEElM0NhJTIwaHJlZiUzRCUyMiUyMyUyMiUyMGNsYXNzJTNEJTIyY2hhdC1idG4lMjBidG4tYmx1ZS13aGl0ZSUyMGJ0bi1mbGV4JTIyJTNFJTBBJTNDaW1nJTIwc3JjJTNEJTIyJTJGd3AtY29udGVudCUyRnVwbG9hZHMlMkYyMDE5JTJGMTAlMkZDaGF0X2J1YmJsZS5wbmclMjIlMjAlMkYlM0UlMEElM0NzcGFuJTNFQ2hhdCUyMGFvJTIwdml2byUzQyUyRnNwYW4lM0UlMEElM0MlMkZhJTNFJTBBJTNDJTJGZGl2JTNF[\/vc_raw_html][\/vc_column][\/vc_row][\/vc_section][vc_section el_id=&#8221;featuredSolutions&#8221;][vc_row el_class=&#8221;side-by-side&#8221;][vc_column width=&#8221;1\/2&#8243; el_class=&#8221;side-left align-right hasImage&#8221; css=&#8221;.vc_custom_1581871298335{background-image: url(https:\/\/regstaging.wpengine.com\/wp-content\/uploads\/2020\/02\/projector-scaled.jpg?id=41057) !important;background-position: center !important;background-repeat: no-repeat !important;background-size: cover !important;}&#8221;][vc_column_text el_class=&#8221;side-title-block&#8221;]\n<h2>Dispositivos<br \/>\neletr\u00f4nicos<\/h2>\n[\/vc_column_text][\/vc_column][vc_column width=&#8221;1\/2&#8243; el_class=&#8221;side-right align-left&#8221;][vc_column_text el_class=&#8221;side-text-block&#8221;]Antes de oferecer seu produto para importa\u00e7\u00e3o nos Estados Unidos, todos os fabricantes de produtos eletr\u00f4nicos devem designar um agente nos EUA para servi\u00e7o de processos. Al\u00e9m disso, alguns fabricantes, montadores ou importadores podem ser solicitados a fornecer Relat\u00f3rios adicionais de Produtos \u00e0 FDA.[\/vc_column_text][vc_column_text el_class=&#8221;side-links&#8221;]<a class=\"btn-red-white\" href=\".\/fda-radiation\">Iniciar<\/a><\/p>\n<p><a href=\"#fee-modal\" data-fee-category=\"other-red_reporting\">Pre\u00e7os<\/a>[\/vc_column_text][\/vc_column][\/vc_row][vc_row el_class=&#8221;side-by-side mobile-reverse hasImage&#8221;][vc_column width=&#8221;1\/2&#8243; el_class=&#8221;side-left align-left&#8221; css=&#8221;.vc_custom_1570054217097{background-color: #3b4254 !important;background-position: center !important;background-repeat: no-repeat !important;background-size: cover !important;}&#8221;][vc_column_text el_class=&#8221;side-text-block font-white&#8221;]Os produtos de tabaco comercializados nos Estados Unidos s\u00e3o regulamentados pela Food and Drug Administration (FDA) dos EUA. A autoridade da FDA se estende a todos os produtos de tabaco, incluindo (mas n\u00e3o limitado a) cigarros eletr\u00f4nicos, charutos, tabaco para narguil\u00e9, tabaco para cachimbo e tabaco para enrolar (RYO).[\/vc_column_text][vc_column_text el_class=&#8221;side-links font-white&#8221;]<a class=\"btn-red-white\" href=\".\/fda-tobacco\">Iniciar<\/a><\/p>\n<p><a href=\"#fee-modal\" data-fee-category=\"other-tobacco_registration\">Pre\u00e7os<\/a>[\/vc_column_text][\/vc_column][vc_column width=&#8221;1\/2&#8243; el_class=&#8221;side-right align-left&#8221; css=&#8221;.vc_custom_1581871751620{background-image: url(https:\/\/regstaging.wpengine.com\/wp-content\/uploads\/2020\/02\/tobacco.jpg?id=41155) !important;background-position: center !important;background-repeat: no-repeat !important;background-size: cover !important;}&#8221;][vc_column_text el_class=&#8221;side-title-block&#8221;]\n<h2>Tabaco<\/h2>\n[\/vc_column_text][\/vc_column][\/vc_row][vc_row el_class=&#8221;side-by-side&#8221;][vc_column width=&#8221;1\/2&#8243; el_class=&#8221;side-left align-right hasImage&#8221; css=&#8221;.vc_custom_1581871712566{background-image: url(https:\/\/regstaging.wpengine.com\/wp-content\/uploads\/2020\/02\/blood-donation-scaled.jpg?id=41162) !important;background-position: center !important;background-repeat: no-repeat !important;background-size: cover !important;}&#8221;][vc_column_text el_class=&#8221;side-title-block&#8221;]\n<h2>Biologics<\/h2>\n[\/vc_column_text][\/vc_column][vc_column width=&#8221;1\/2&#8243; el_class=&#8221;side-right align-left&#8221;][vc_column_text el_class=&#8221;side-text-block&#8221;]Registrar Corp assists with FDA requirements for Biologics, including Blood Establishment Registration and registration and listing for Human Cells, Tissues, and Cellular and Tissue-Based Products (HCT\/P\u2019s).[\/vc_column_text][vc_column_text el_class=&#8221;side-links&#8221;]<a class=\"btn-red-white\" href=\".\/fda-biologics\">Iniciar<\/a><\/p>\n<p><a class=\"hidden\" href=\"#fee-modal\" data-fee-category=\"\">Pre\u00e7os<\/a>[\/vc_column_text][\/vc_column][\/vc_row][\/vc_section][vc_row][vc_column]<div id=\"mpc-modal-41451-0\" class=\"mpc-modal-overlay\" data-id=\"mpc_modal-5769fbd2ca20429\" data-position=\"middle-center\" data-frequency=\"onclick\" data-target-id=\"fee-modal\"><div class=\"mpc-modal mpc-init fee-modal\"><div class=\"mpc-modal__close\"><div data-id=\"mpc_icon-1069fbd2ca20467\" class=\"mpc-icon mpc-init mpc-transition mpc-effect-none mpc-icon-hover \"><div class=\"mpc-icon-wrap\"><i class=\"mpc-icon-part mpc-regular mpc-transition  fa fa-close\"><\/i><i class=\"mpc-icon-part mpc-hover mpc-transition  fa fa-close\"><\/i><\/div><\/div><\/div><div class=\"mpc-modal__content\">[vc_row_inner][vc_column_inner][vc_raw_html]JTNDaDIlM0UlM0NzcGFuJTIwY2xhc3MlM0QlMjJmZWUtc2VydmljZS1uYW1lJTIyJTNFJTNDJTJGc3BhbiUzRSUzQyUyRmgyJTNFJTBBJTNDdWwlM0UlM0MlMkZ1bCUzRQ==[\/vc_raw_html][\/vc_column_inner][\/vc_row_inner]<\/div><\/div><\/div><div class=\"mpc-modal-waypoint mpc-waypoint\" data-id=\"mpc-modal-41451-0\"><\/div>[\/vc_column][\/vc_row]\n<\/div>","protected":false},"excerpt":{"rendered":"<p>[vc_section el_id=&#8221;pageHero&#8221; css=&#8221;.vc_custom_1581872242972{background-image: url(https:\/\/regstaging.wpengine.com\/wp-content\/uploads\/2020\/02\/paperwork-other-1-scaled.jpg?id=41176) !important;background-position: center !important;background-repeat: no-repeat !important;background-size: cover !important;}&#8221; el_class=&#8221;page-solutions&#8221;][vc_row el_class=&#8221;page-marquee&#8221;][vc_column][vc_column_text el_class=&#8221;half-width&#8221;] Assist\u00eancia com Regula\u00e7\u00f5es da FDA dos EUA [\/vc_column_text][\/vc_column][\/vc_row][vc_row el_class=&#8221;hero-footer&#8221;][vc_column][vc_raw_html]JTNDZGl2JTIwY2xhc3MlM0QlMjJzb2x1dGlvbnMtaGVyby1mb290ZXIlMjIlM0UlMEElM0NzcGFuJTIwY2xhc3MlM0QlMjJ0ZXh0JTIyJTNFTiVDMyVBM28lMjB0ZW0lMjBjZXJ0ZXphJTIwcG9yJTIwb25kZSUyMGNvbWUlQzMlQTdhciUzRiUzQyUyRnNwYW4lM0UlMEElM0NhJTIwaHJlZiUzRCUyMiUyMyUyMiUyMGNsYXNzJTNEJTIyY2hhdC1idG4lMjBidG4tYmx1ZS13aGl0ZSUyMGJ0bi1mbGV4JTIyJTNFJTBBJTNDaW1nJTIwc3JjJTNEJTIyJTJGd3AtY29udGVudCUyRnVwbG9hZHMlMkYyMDE5JTJGMTAlMkZDaGF0X2J1YmJsZS5wbmclMjIlMjAlMkYlM0UlMEElM0NzcGFuJTNFQ2hhdCUyMGFvJTIwdml2byUzQyUyRnNwYW4lM0UlMEElM0MlMkZhJTNFJTBBJTNDJTJGZGl2JTNF[\/vc_raw_html][\/vc_column][\/vc_row][\/vc_section][vc_section el_id=&#8221;featuredSolutions&#8221;][vc_row el_class=&#8221;side-by-side&#8221;][vc_column width=&#8221;1\/2&#8243; el_class=&#8221;side-left align-right hasImage&#8221; css=&#8221;.vc_custom_1581871298335{background-image: url(https:\/\/regstaging.wpengine.com\/wp-content\/uploads\/2020\/02\/projector-scaled.jpg?id=41057) !important;background-position: center !important;background-repeat: no-repeat !important;background-size: cover !important;}&#8221;][vc_column_text el_class=&#8221;side-title-block&#8221;] Dispositivos eletr\u00f4nicos [\/vc_column_text][\/vc_column][vc_column width=&#8221;1\/2&#8243; el_class=&#8221;side-right align-left&#8221;][vc_column_text el_class=&#8221;side-text-block&#8221;]Antes de oferecer seu produto para importa\u00e7\u00e3o nos Estados Unidos,<\/p>\n","protected":false},"author":30,"featured_media":39535,"parent":0,"menu_order":0,"comment_status":"closed","ping_status":"closed","template":"full-width-page.php","meta":{"content-type":"","om_disable_all_campaigns":false,"inline_featured_image":false,"_genesis_hide_title":false,"_genesis_hide_breadcrumbs":false,"_genesis_hide_singular_image":false,"_genesis_hide_footer_widgets":false,"_genesis_custom_body_class":"","_genesis_custom_post_class":"","_genesis_layout":"","footnotes":""},"class_list":{"0":"post-41451","1":"page","2":"type-page","3":"status-publish","4":"has-post-thumbnail","6":"entry"},"yoast_head":"<!-- This site is optimized with the Yoast SEO Premium plugin v20.9 (Yoast SEO v25.5) - https:\/\/yoast.com\/wordpress\/plugins\/seo\/ -->\n<title>Other Industries - Registrar<\/title>\n<meta name=\"robots\" content=\"noindex, follow, max-snippet:-1, max-image-preview:large, max-video-preview:-1\" \/>\n<meta property=\"og:locale\" content=\"pt_PT\" \/>\n<meta property=\"og:type\" content=\"article\" \/>\n<meta property=\"og:title\" content=\"Other Industries\" \/>\n<meta property=\"og:description\" content=\"[vc_section el_id=&#8221;pageHero&#8221; css=&#8221;.vc_custom_1581872242972{background-image: url(https:\/\/regstaging.wpengine.com\/wp-content\/uploads\/2020\/02\/paperwork-other-1-scaled.jpg?id=41176) !important;background-position: center !important;background-repeat: no-repeat !important;background-size: cover !important;}&#8221; el_class=&#8221;page-solutions&#8221;][vc_row el_class=&#8221;page-marquee&#8221;][vc_column][vc_column_text el_class=&#8221;half-width&#8221;] Assist\u00eancia com Regula\u00e7\u00f5es da FDA dos EUA [\/vc_column_text][\/vc_column][\/vc_row][vc_row el_class=&#8221;hero-footer&#8221;][vc_column][vc_raw_html]JTNDZGl2JTIwY2xhc3MlM0QlMjJzb2x1dGlvbnMtaGVyby1mb290ZXIlMjIlM0UlMEElM0NzcGFuJTIwY2xhc3MlM0QlMjJ0ZXh0JTIyJTNFTiVDMyVBM28lMjB0ZW0lMjBjZXJ0ZXphJTIwcG9yJTIwb25kZSUyMGNvbWUlQzMlQTdhciUzRiUzQyUyRnNwYW4lM0UlMEElM0NhJTIwaHJlZiUzRCUyMiUyMyUyMiUyMGNsYXNzJTNEJTIyY2hhdC1idG4lMjBidG4tYmx1ZS13aGl0ZSUyMGJ0bi1mbGV4JTIyJTNFJTBBJTNDaW1nJTIwc3JjJTNEJTIyJTJGd3AtY29udGVudCUyRnVwbG9hZHMlMkYyMDE5JTJGMTAlMkZDaGF0X2J1YmJsZS5wbmclMjIlMjAlMkYlM0UlMEElM0NzcGFuJTNFQ2hhdCUyMGFvJTIwdml2byUzQyUyRnNwYW4lM0UlMEElM0MlMkZhJTNFJTBBJTNDJTJGZGl2JTNF[\/vc_raw_html][\/vc_column][\/vc_row][\/vc_section][vc_section el_id=&#8221;featuredSolutions&#8221;][vc_row el_class=&#8221;side-by-side&#8221;][vc_column width=&#8221;1\/2&#8243; el_class=&#8221;side-left align-right hasImage&#8221; css=&#8221;.vc_custom_1581871298335{background-image: url(https:\/\/regstaging.wpengine.com\/wp-content\/uploads\/2020\/02\/projector-scaled.jpg?id=41057) !important;background-position: center !important;background-repeat: no-repeat !important;background-size: cover !important;}&#8221;][vc_column_text el_class=&#8221;side-title-block&#8221;] Dispositivos eletr\u00f4nicos [\/vc_column_text][\/vc_column][vc_column width=&#8221;1\/2&#8243; el_class=&#8221;side-right align-left&#8221;][vc_column_text el_class=&#8221;side-text-block&#8221;]Antes de oferecer seu produto para importa\u00e7\u00e3o nos Estados Unidos,\" \/>\n<meta property=\"og:url\" content=\"https:\/\/legacy.registrarcorp.com\/pt\/other\/\" \/>\n<meta property=\"og:site_name\" content=\"Registrar\" \/>\n<meta property=\"article:modified_time\" content=\"2020-02-21T16:51:21+00:00\" \/>\n<meta property=\"og:image\" content=\"https:\/\/legacy.registrarcorp.com\/wp-content\/uploads\/2019\/08\/press_release.jpg\" \/>\n\t<meta property=\"og:image:width\" content=\"1650\" \/>\n\t<meta property=\"og:image:height\" content=\"500\" \/>\n\t<meta property=\"og:image:type\" content=\"image\/jpeg\" \/>\n<meta name=\"twitter:card\" content=\"summary_large_image\" \/>\n<meta name=\"twitter:label1\" content=\"Est. reading time\" \/>\n\t<meta name=\"twitter:data1\" content=\"3 minutes\" \/>\n<script type=\"application\/ld+json\" class=\"yoast-schema-graph\">{\"@context\":\"https:\/\/schema.org\",\"@graph\":[{\"@type\":\"WebPage\",\"@id\":\"https:\/\/legacy.registrarcorp.com\/pt\/other\/\",\"url\":\"https:\/\/legacy.registrarcorp.com\/pt\/other\/\",\"name\":\"Other Industries - Registrar\",\"isPartOf\":{\"@id\":\"https:\/\/legacy.registrarcorp.com\/pt\/#website\"},\"primaryImageOfPage\":{\"@id\":\"https:\/\/legacy.registrarcorp.com\/pt\/other\/#primaryimage\"},\"image\":{\"@id\":\"https:\/\/legacy.registrarcorp.com\/pt\/other\/#primaryimage\"},\"thumbnailUrl\":\"https:\/\/legacy.registrarcorp.com\/wp-content\/uploads\/2019\/08\/press_release.jpg\",\"datePublished\":\"2020-01-06T20:06:13+00:00\",\"dateModified\":\"2020-02-21T16:51:21+00:00\",\"breadcrumb\":{\"@id\":\"https:\/\/legacy.registrarcorp.com\/pt\/other\/#breadcrumb\"},\"inLanguage\":\"pt\",\"potentialAction\":[{\"@type\":\"ReadAction\",\"target\":[\"https:\/\/legacy.registrarcorp.com\/pt\/other\/\"]}]},{\"@type\":\"ImageObject\",\"inLanguage\":\"pt\",\"@id\":\"https:\/\/legacy.registrarcorp.com\/pt\/other\/#primaryimage\",\"url\":\"https:\/\/legacy.registrarcorp.com\/wp-content\/uploads\/2019\/08\/press_release.jpg\",\"contentUrl\":\"https:\/\/legacy.registrarcorp.com\/wp-content\/uploads\/2019\/08\/press_release.jpg\",\"width\":1650,\"height\":500},{\"@type\":\"BreadcrumbList\",\"@id\":\"https:\/\/legacy.registrarcorp.com\/pt\/other\/#breadcrumb\",\"itemListElement\":[{\"@type\":\"ListItem\",\"position\":1,\"name\":\"Home\",\"item\":\"https:\/\/legacy.registrarcorp.com\/pt\/\"},{\"@type\":\"ListItem\",\"position\":2,\"name\":\"Other Industries\"}]},{\"@type\":\"WebSite\",\"@id\":\"https:\/\/legacy.registrarcorp.com\/pt\/#website\",\"url\":\"https:\/\/legacy.registrarcorp.com\/pt\/\",\"name\":\"Registrar\",\"description\":\"Assistance with U.S. FDA Regulations\",\"publisher\":{\"@id\":\"https:\/\/legacy.registrarcorp.com\/pt\/#organization\"},\"potentialAction\":[{\"@type\":\"SearchAction\",\"target\":{\"@type\":\"EntryPoint\",\"urlTemplate\":\"https:\/\/legacy.registrarcorp.com\/pt\/?s={search_term_string}\"},\"query-input\":{\"@type\":\"PropertyValueSpecification\",\"valueRequired\":true,\"valueName\":\"search_term_string\"}}],\"inLanguage\":\"pt\"},{\"@type\":\"Organization\",\"@id\":\"https:\/\/legacy.registrarcorp.com\/pt\/#organization\",\"name\":\"Registrar Corp\",\"url\":\"https:\/\/legacy.registrarcorp.com\/pt\/\",\"logo\":{\"@type\":\"ImageObject\",\"inLanguage\":\"pt\",\"@id\":\"https:\/\/legacy.registrarcorp.com\/pt\/#\/schema\/logo\/image\/\",\"url\":\"https:\/\/legacy.registrarcorp.com\/wp-content\/uploads\/2019\/12\/regcorp_logo.png\",\"contentUrl\":\"https:\/\/legacy.registrarcorp.com\/wp-content\/uploads\/2019\/12\/regcorp_logo.png\",\"width\":1326,\"height\":330,\"caption\":\"Registrar Corp\"},\"image\":{\"@id\":\"https:\/\/legacy.registrarcorp.com\/pt\/#\/schema\/logo\/image\/\"}}]}<\/script>\n<!-- \/ Yoast SEO Premium plugin. -->","yoast_head_json":{"title":"Other Industries - Registrar","robots":{"index":"noindex","follow":"follow","max-snippet":"max-snippet:-1","max-image-preview":"max-image-preview:large","max-video-preview":"max-video-preview:-1"},"og_locale":"pt_PT","og_type":"article","og_title":"Other Industries","og_description":"[vc_section el_id=&#8221;pageHero&#8221; css=&#8221;.vc_custom_1581872242972{background-image: url(https:\/\/regstaging.wpengine.com\/wp-content\/uploads\/2020\/02\/paperwork-other-1-scaled.jpg?id=41176) !important;background-position: center !important;background-repeat: no-repeat !important;background-size: cover !important;}&#8221; el_class=&#8221;page-solutions&#8221;][vc_row el_class=&#8221;page-marquee&#8221;][vc_column][vc_column_text el_class=&#8221;half-width&#8221;] Assist\u00eancia com Regula\u00e7\u00f5es da FDA dos EUA [\/vc_column_text][\/vc_column][\/vc_row][vc_row el_class=&#8221;hero-footer&#8221;][vc_column][vc_raw_html]JTNDZGl2JTIwY2xhc3MlM0QlMjJzb2x1dGlvbnMtaGVyby1mb290ZXIlMjIlM0UlMEElM0NzcGFuJTIwY2xhc3MlM0QlMjJ0ZXh0JTIyJTNFTiVDMyVBM28lMjB0ZW0lMjBjZXJ0ZXphJTIwcG9yJTIwb25kZSUyMGNvbWUlQzMlQTdhciUzRiUzQyUyRnNwYW4lM0UlMEElM0NhJTIwaHJlZiUzRCUyMiUyMyUyMiUyMGNsYXNzJTNEJTIyY2hhdC1idG4lMjBidG4tYmx1ZS13aGl0ZSUyMGJ0bi1mbGV4JTIyJTNFJTBBJTNDaW1nJTIwc3JjJTNEJTIyJTJGd3AtY29udGVudCUyRnVwbG9hZHMlMkYyMDE5JTJGMTAlMkZDaGF0X2J1YmJsZS5wbmclMjIlMjAlMkYlM0UlMEElM0NzcGFuJTNFQ2hhdCUyMGFvJTIwdml2byUzQyUyRnNwYW4lM0UlMEElM0MlMkZhJTNFJTBBJTNDJTJGZGl2JTNF[\/vc_raw_html][\/vc_column][\/vc_row][\/vc_section][vc_section el_id=&#8221;featuredSolutions&#8221;][vc_row el_class=&#8221;side-by-side&#8221;][vc_column width=&#8221;1\/2&#8243; el_class=&#8221;side-left align-right hasImage&#8221; css=&#8221;.vc_custom_1581871298335{background-image: url(https:\/\/regstaging.wpengine.com\/wp-content\/uploads\/2020\/02\/projector-scaled.jpg?id=41057) !important;background-position: center !important;background-repeat: no-repeat !important;background-size: cover !important;}&#8221;][vc_column_text el_class=&#8221;side-title-block&#8221;] Dispositivos eletr\u00f4nicos [\/vc_column_text][\/vc_column][vc_column width=&#8221;1\/2&#8243; el_class=&#8221;side-right align-left&#8221;][vc_column_text el_class=&#8221;side-text-block&#8221;]Antes de oferecer seu produto para importa\u00e7\u00e3o nos Estados Unidos,","og_url":"https:\/\/legacy.registrarcorp.com\/pt\/other\/","og_site_name":"Registrar","article_modified_time":"2020-02-21T16:51:21+00:00","og_image":[{"width":1650,"height":500,"url":"https:\/\/legacy.registrarcorp.com\/wp-content\/uploads\/2019\/08\/press_release.jpg","type":"image\/jpeg"}],"twitter_card":"summary_large_image","twitter_misc":{"Est. reading time":"3 minutes"},"schema":{"@context":"https:\/\/schema.org","@graph":[{"@type":"WebPage","@id":"https:\/\/legacy.registrarcorp.com\/pt\/other\/","url":"https:\/\/legacy.registrarcorp.com\/pt\/other\/","name":"Other Industries - Registrar","isPartOf":{"@id":"https:\/\/legacy.registrarcorp.com\/pt\/#website"},"primaryImageOfPage":{"@id":"https:\/\/legacy.registrarcorp.com\/pt\/other\/#primaryimage"},"image":{"@id":"https:\/\/legacy.registrarcorp.com\/pt\/other\/#primaryimage"},"thumbnailUrl":"https:\/\/legacy.registrarcorp.com\/wp-content\/uploads\/2019\/08\/press_release.jpg","datePublished":"2020-01-06T20:06:13+00:00","dateModified":"2020-02-21T16:51:21+00:00","breadcrumb":{"@id":"https:\/\/legacy.registrarcorp.com\/pt\/other\/#breadcrumb"},"inLanguage":"pt","potentialAction":[{"@type":"ReadAction","target":["https:\/\/legacy.registrarcorp.com\/pt\/other\/"]}]},{"@type":"ImageObject","inLanguage":"pt","@id":"https:\/\/legacy.registrarcorp.com\/pt\/other\/#primaryimage","url":"https:\/\/legacy.registrarcorp.com\/wp-content\/uploads\/2019\/08\/press_release.jpg","contentUrl":"https:\/\/legacy.registrarcorp.com\/wp-content\/uploads\/2019\/08\/press_release.jpg","width":1650,"height":500},{"@type":"BreadcrumbList","@id":"https:\/\/legacy.registrarcorp.com\/pt\/other\/#breadcrumb","itemListElement":[{"@type":"ListItem","position":1,"name":"Home","item":"https:\/\/legacy.registrarcorp.com\/pt\/"},{"@type":"ListItem","position":2,"name":"Other Industries"}]},{"@type":"WebSite","@id":"https:\/\/legacy.registrarcorp.com\/pt\/#website","url":"https:\/\/legacy.registrarcorp.com\/pt\/","name":"Registrar","description":"Assistance with U.S. FDA Regulations","publisher":{"@id":"https:\/\/legacy.registrarcorp.com\/pt\/#organization"},"potentialAction":[{"@type":"SearchAction","target":{"@type":"EntryPoint","urlTemplate":"https:\/\/legacy.registrarcorp.com\/pt\/?s={search_term_string}"},"query-input":{"@type":"PropertyValueSpecification","valueRequired":true,"valueName":"search_term_string"}}],"inLanguage":"pt"},{"@type":"Organization","@id":"https:\/\/legacy.registrarcorp.com\/pt\/#organization","name":"Registrar Corp","url":"https:\/\/legacy.registrarcorp.com\/pt\/","logo":{"@type":"ImageObject","inLanguage":"pt","@id":"https:\/\/legacy.registrarcorp.com\/pt\/#\/schema\/logo\/image\/","url":"https:\/\/legacy.registrarcorp.com\/wp-content\/uploads\/2019\/12\/regcorp_logo.png","contentUrl":"https:\/\/legacy.registrarcorp.com\/wp-content\/uploads\/2019\/12\/regcorp_logo.png","width":1326,"height":330,"caption":"Registrar Corp"},"image":{"@id":"https:\/\/legacy.registrarcorp.com\/pt\/#\/schema\/logo\/image\/"}}]}},"_links":{"self":[{"href":"https:\/\/legacy.registrarcorp.com\/pt\/wp-json\/wp\/v2\/pages\/41451","targetHints":{"allow":["GET"]}}],"collection":[{"href":"https:\/\/legacy.registrarcorp.com\/pt\/wp-json\/wp\/v2\/pages"}],"about":[{"href":"https:\/\/legacy.registrarcorp.com\/pt\/wp-json\/wp\/v2\/types\/page"}],"author":[{"embeddable":true,"href":"https:\/\/legacy.registrarcorp.com\/pt\/wp-json\/wp\/v2\/users\/30"}],"replies":[{"embeddable":true,"href":"https:\/\/legacy.registrarcorp.com\/pt\/wp-json\/wp\/v2\/comments?post=41451"}],"version-history":[{"count":0,"href":"https:\/\/legacy.registrarcorp.com\/pt\/wp-json\/wp\/v2\/pages\/41451\/revisions"}],"wp:featuredmedia":[{"embeddable":true,"href":"https:\/\/legacy.registrarcorp.com\/pt\/wp-json\/wp\/v2\/media\/39535"}],"wp:attachment":[{"href":"https:\/\/legacy.registrarcorp.com\/pt\/wp-json\/wp\/v2\/media?parent=41451"}],"curies":[{"name":"wp","href":"https:\/\/api.w.org\/{rel}","templated":true}]}}