{"id":41409,"date":"2019-08-05T23:30:34","date_gmt":"2019-08-05T23:30:34","guid":{"rendered":"https:\/\/regstaging.wpengine.com\/about\/"},"modified":"2021-02-18T12:08:49","modified_gmt":"2021-02-18T17:08:49","slug":"about","status":"publish","type":"page","link":"https:\/\/legacy.registrarcorp.com\/pt\/about\/","title":{"rendered":"Sobre N\u00f3s"},"content":{"rendered":"<div class=\"wpb-content-wrapper\">[vc_section el_id=&#8221;pageHero&#8221; css=&#8221;.vc_custom_1563987547350{background-image: url(https:\/\/regstaging.wpengine.com\/wp-content\/uploads\/2019\/07\/About_Header.jpg?id=292) !important;background-position: center !important;background-repeat: no-repeat !important;background-size: cover !important;}&#8221;][vc_row el_class=&#8221;page-marquee&#8221;][vc_column][vc_column_text]\n<h1>Sobre N\u00f3s<\/h1>\n[\/vc_column_text][\/vc_column][\/vc_row][\/vc_section][vc_section el_id=&#8221;aboutIndustries&#8221; css=&#8221;.vc_custom_1563983948509{background-color: #ececec !important;}&#8221;][vc_row][vc_column][vc_column_text]Registrar Corp foi fundada em 2003 para ajudar as empresas a cumprir os regulamentos da Food and Drug Administration (FDA) dos EUA. Desde que abriu sua sede em Hampton, Virg\u00ednia, EUA, a Registrar Corp expandiu para <a href=\"\/pt\/offices\/\"><span class=\"office-number\">20<\/span> escrit\u00f3rios internacionais<\/a> e ajudou mais de 30.000 empresas em 160 pa\u00edses. Os funcion\u00e1rios incluem ex-autoridades da FDA, cientistas e especialistas do setor.<\/p>\n<p><strong>Registrar Corp oferece assist\u00eancia de conformidade com FDA para os seguintes setores:<\/strong>[\/vc_column_text][\/vc_column][\/vc_row][vc_row el_class=&#8221;icon-row&#8221;][vc_column width=&#8221;1\/6&#8243;][vc_column_text el_class=&#8221;center-vertical&#8221;]<a href=\"\/pt\/fda-food\"><img loading=\"lazy\" decoding=\"async\" class=\"alignnone size-full wp-image-127\" src=\"\/wp-content\/uploads\/2020\/02\/food-icon.png\" alt=\"\" width=\"114\" height=\"115\" \/><\/a><\/p>\n<p>ALIMENTOS E BEBIDAS[\/vc_column_text][\/vc_column][vc_column width=&#8221;1\/6&#8243;][vc_column_text el_class=&#8221;center-vertical&#8221;]<a href=\"\/pt\/fda-medical-devices\"><img loading=\"lazy\" decoding=\"async\" class=\"alignnone wp-image-122 size-full\" src=\"\/wp-content\/uploads\/2020\/02\/med_icon.png\" alt=\"\" width=\"114\" height=\"115\" \/><\/a><\/p>\n<p>DISPOSITIVOS M\u00c9DICOS[\/vc_column_text][\/vc_column][vc_column width=&#8221;1\/6&#8243;][vc_column_text el_class=&#8221;center-vertical&#8221;]<a href=\"\/pt\/fda-drugs\"><img loading=\"lazy\" decoding=\"async\" class=\"alignnone wp-image-117 size-full\" src=\"\/wp-content\/uploads\/2020\/02\/drugs_icon.png\" alt=\"\" width=\"114\" height=\"115\" \/><\/a><\/p>\n<p>MEDICAMENTOS[\/vc_column_text][\/vc_column][vc_column width=&#8221;1\/6&#8243;][vc_column_text el_class=&#8221;center-vertical&#8221;]<a href=\"\/pt\/fda-cosmetics\"><img loading=\"lazy\" decoding=\"async\" class=\"alignnone wp-image-112 size-full\" src=\"https:\/\/regstaging.wpengine.com\/wp-content\/uploads\/2019\/07\/cosmetics.png\" alt=\"\" width=\"114\" height=\"115\" srcset=\"https:\/\/legacy.registrarcorp.com\/wp-content\/uploads\/2019\/07\/cosmetics.png 114w, https:\/\/legacy.registrarcorp.com\/wp-content\/uploads\/2019\/07\/cosmetics-75x75.png 75w\" sizes=\"auto, (max-width: 114px) 100vw, 114px\" \/><\/a><\/p>\n<p>COSM\u00c9TICOS[\/vc_column_text][\/vc_column][vc_column width=&#8221;1\/6&#8243;][vc_column_text el_class=&#8221;center-vertical&#8221;]<a href=\"\/pt\/fda-supplements\"><img loading=\"lazy\" decoding=\"async\" class=\"alignnone wp-image-107 size-full\" src=\"https:\/\/regstaging.wpengine.com\/wp-content\/uploads\/2019\/07\/supliments.png\" alt=\"\" width=\"114\" height=\"115\" srcset=\"https:\/\/legacy.registrarcorp.com\/wp-content\/uploads\/2019\/07\/supliments.png 114w, https:\/\/legacy.registrarcorp.com\/wp-content\/uploads\/2019\/07\/supliments-75x75.png 75w\" sizes=\"auto, (max-width: 114px) 100vw, 114px\" \/><\/a><\/p>\n<p>SUPLEMENTOS[\/vc_column_text][\/vc_column][vc_column width=&#8221;1\/6&#8243;][vc_column_text el_class=&#8221;center-vertical&#8221;]<a href=\"\/pt\/other\"><img loading=\"lazy\" decoding=\"async\" class=\"alignnone wp-image-102 size-full\" src=\"\/wp-content\/uploads\/2020\/02\/other_icon-1.png\" alt=\"\" width=\"114\" height=\"115\" \/><\/a><\/p>\n<p>OUTRO[\/vc_column_text][\/vc_column][\/vc_row][\/vc_section][vc_section el_id=&#8221;aboutMission&#8221;][vc_row][vc_column][vc_column_text]Registrar Corp \u00e9 um fornecedor l\u00edder em assist\u00eancia com as Regula\u00e7\u00f5es da FDA desde 2003. Nossos servi\u00e7os s\u00e3o sempre fornecidos por uma taxa fixa e baixa, nunca por hora. Nossos assessores regulat\u00f3rios multil\u00edngues est\u00e3o dispon\u00edveis as 24 horas por dia para responder \u00e0s suas perguntas atrav\u00e9s da nossa Ajuda On-line ao Vivo. Independentemente de voc\u00ea precisar de assist\u00eancia com o registro na FDA,\u00a0 com os requerimentos de rotulagem ou com deten\u00e7\u00f5es, a Registrar Corp est\u00e1 pronta para ajudar.[\/vc_column_text][\/vc_column][\/vc_row][\/vc_section][vc_section el_id=&#8221;aboutEducationOutreach&#8221; css=&#8221;.vc_custom_1564068495262{background-color: #01436c !important;}&#8221; el_class=&#8221;stars-overlay-right&#8221;][vc_row equal_height=&#8221;yes&#8221; el_class=&#8221;reverse-on-mobile&#8221;][vc_column width=&#8221;2\/3&#8243; css=&#8221;.vc_custom_1564002175334{padding-top: 60px !important;padding-right: 50px !important;padding-bottom: 60px !important;padding-left: 50px !important;}&#8221;][vc_column_text el_class=&#8221;font-white&#8221;]\n<h2>Educa\u00e7\u00e3o e Divulga\u00e7\u00e3o<\/h2>\n<p>O panorama regulat\u00f3rio da FDA est\u00e1 mudando constantemente \u00e0 medida que divulgam-se novas regras e documentos de orienta\u00e7\u00e3o. Registrar Corp est\u00e1 empenhada em manter \u00e0 ind\u00fastria informada sobre os mais recentes requisitos da FDA atrav\u00e9s de blogs, feiras, semin\u00e1rios, webin\u00e1rios e v\u00e1rios outros contatos. Nossos Assessores Regulat\u00f3rios analisam cada regulamento cuidadosamente e comunicam-se com a FDA regularmente para garantir o total entendimento das expectativas da Ag\u00eancia quanto \u00e0 atividade da ind\u00fastria.<\/p>\n<h3><a href=\"\/pt\/news\/\">SUBSCREVA-SE AO NOSSO BLOG<\/a><\/h3>\n<h3><a href=\"\/pt\/events\/#tradeshows\">CONHE\u00c7A-NOS EM UMA FEIRA DE NEG\u00d3CIOS<\/a><\/h3>\n<h3>PARTICIPE DE UM <a href=\"\/events\/#seminars\">SEMIN\u00c1RIO<\/a> OU <a href=\"\/events\/#webinars\">WEBIN\u00c1RIO<\/a><\/h3>\n[\/vc_column_text][\/vc_column][vc_column width=&#8221;1\/3&#8243; css=&#8221;.vc_custom_1564000744866{padding-top: 300px !important;background-image: url(https:\/\/regstaging.wpengine.com\/wp-content\/uploads\/2019\/07\/About_image1.jpg?id=287) !important;background-position: center !important;background-repeat: no-repeat !important;background-size: cover !important;}&#8221;][\/vc_column][\/vc_row][\/vc_section][vc_section el_id=&#8221;aboutSolutions&#8221; css=&#8221;.vc_custom_1564068792136{background-color: #950d0b !important;}&#8221; el_class=&#8221;stars-overlay-left&#8221;][vc_row equal_height=&#8221;yes&#8221;][vc_column width=&#8221;1\/3&#8243; css=&#8221;.vc_custom_1564000813498{padding-top: 300px !important;background-image: url(https:\/\/regstaging.wpengine.com\/wp-content\/uploads\/2019\/07\/About_image2.jpg?id=282) !important;background-position: center !important;background-repeat: no-repeat !important;background-size: cover !important;}&#8221;][\/vc_column][vc_column width=&#8221;2\/3&#8243; css=&#8221;.vc_custom_1564002834853{padding-top: 60px !important;padding-right: 50px !important;padding-bottom: 60px !important;padding-left: 50px !important;}&#8221;][vc_column_text el_class=&#8221;font-white&#8221; css=&#8221;.vc_custom_1582040905319{margin-bottom: 30px !important;}&#8221;]\n<h2>Solu\u00e7\u00f5es de Software<\/h2>\n<p>A Registrar Corp fornece uma variedade de solu\u00e7\u00f5es de software para auxiliar na conformidade com os requisitos da FDA.[\/vc_column_text][vc_row_inner equal_height=&#8221;yes&#8221; el_class=&#8221;solutions-row&#8221;][vc_column_inner width=&#8221;1\/2&#8243;][vc_column_text el_class=&#8221;font-white&#8221;]\n<h3><a href=\"\/pt\/compliance-monitor\/\">FDA COMPLIANCE MONITOR<\/a><\/h3>\n<p>Uma ferramenta para ajudar os estabelecimentos de alimentos e os importadores a avaliar a conformidade de seus fornecedores com a FDA e aprovar eles, conforme exigido pela FSMA.[\/vc_column_text][\/vc_column_inner][vc_column_inner width=&#8221;1\/2&#8243;][vc_column_text el_class=&#8221;font-white&#8221;]\n<h3><a href=\"https:\/\/www.fcewizard.com\">ASSISTENTE FCE<\/a><\/h3>\n<p>Determine se seus produtos podem estar sujeitos aos requisitos FCE-SID da FDA.[\/vc_column_text][\/vc_column_inner][vc_column_inner width=&#8221;1\/2&#8243;][vc_column_text el_class=&#8221;font-white&#8221;]\n<h3><a href=\"https:\/\/www.priornotice.com\">PRIOR NOTICE EXPRESS<\/a><\/h3>\n<p>O aviso pr\u00e9vio deve ser apresentado \u00e0 FDA para cada envio de alimentos, bebidas ou suplementos para os EUA. O nosso servi\u00e7o express faz o processo mais f\u00e1cil e r\u00e1pido.[\/vc_column_text][\/vc_column_inner][vc_column_inner width=&#8221;1\/2&#8243;][vc_column_text el_class=&#8221;font-white&#8221;]\n<h3><a href=\"\/pt\/fda-food\/fce-sid\/\">VERIFICADOR SID<\/a><\/h3>\n<p>Verifique se seus SIDs est\u00e3o atualmente arquivados no banco de dados da FDA.[\/vc_column_text][\/vc_column_inner][vc_column_inner width=&#8221;1\/2&#8243;][vc_column_text el_class=&#8221;font-white&#8221;]\n<h3><a href=\"https:\/\/www.fsmawizard.com\">ASSISTENTE FSMA<\/a><\/h3>\n<p>Uma ferramenta gratuita para ajudar os estabelecimentos de alimentos, importadores e fazendas a determinar seus poss\u00edveis requisitos sob a Lei de Moderniza\u00e7\u00e3o da Seguran\u00e7a Alimentar (FSMA) da FDA.[\/vc_column_text][\/vc_column_inner][vc_column_inner width=&#8221;1\/2&#8243;][\/vc_column_inner][\/vc_row_inner][\/vc_column][\/vc_row][\/vc_section][vc_section el_id=&#8221;aboutCustoms&#8221; css=&#8221;.vc_custom_1564068802653{background-color: #01436c !important;}&#8221; el_class=&#8221;stars-overlay-right&#8221;][vc_row equal_height=&#8221;yes&#8221; el_class=&#8221;reverse-on-mobile&#8221;][vc_column width=&#8221;2\/3&#8243; css=&#8221;.vc_custom_1564003124014{padding-top: 60px !important;padding-right: 50px !important;padding-bottom: 60px !important;padding-left: 50px !important;}&#8221;][vc_column_text el_class=&#8221;font-white&#8221;]\n<h2>Despachantes Aduaneiros<\/h2>\n<p>Registrar Corp valoriza suas rela\u00e7\u00f5es com a comunidade aduaneira. Somos membro da Associa\u00e7\u00e3o Nacional de Despachantes e Agenciadores Aduaneiros dos EUA (NCBFAA), entre outros, e oferecemos uma variedade de servi\u00e7os gratuitos para Despachantes, incluindo:<\/p>\n<ul>\n<li>Assessoria geral com a FDA, incluindo c\u00f3digos de produto, c\u00f3digos AofC e n\u00fameros DUNS.<\/li>\n<li>Assist\u00eancia com deten\u00e7\u00f5es (podem se aplicar taxas por servi\u00e7os adicionais ao exportador para que os produtos fiquem em conformidade, como uma revis\u00e3o de r\u00f3tulo).<\/li>\n<li>Webin\u00e1rios educacionais para seus clientes sobre os regulamentos mais importantes da FDA.<\/li>\n<\/ul>\n[\/vc_column_text][\/vc_column][vc_column width=&#8221;1\/3&#8243; css=&#8221;.vc_custom_1564000839490{padding-top: 300px !important;background-image: url(https:\/\/regstaging.wpengine.com\/wp-content\/uploads\/2019\/07\/About_image3.jpg?id=277) !important;background-position: center !important;background-repeat: no-repeat !important;background-size: cover !important;}&#8221;][\/vc_column][\/vc_row][\/vc_section][vc_section el_id=&#8221;aboutService&#8221; css=&#8221;.vc_custom_1563984281333{background-color: #3b4254 !important;}&#8221;][vc_row][vc_column][vc_column_text el_class=&#8221;font-white&#8221;]\n<h2>Servi\u00e7o de Cinco Estrelas<\/h2>\n<p>A Registrar Corp orgulha-se de um servi\u00e7o profissional e confi\u00e1vel.[\/vc_column_text][\/vc_column][\/vc_row][vc_row css=&#8221;.vc_custom_1564001863402{margin-top: 50px !important;}&#8221; el_class=&#8221;review-row&#8221;][vc_column width=&#8221;1\/2&#8243; css=&#8221;.vc_custom_1564001474631{margin-bottom: 50px !important;}&#8221;][vc_column_text el_class=&#8221;font-white content-center center-vertical&#8221;]<img loading=\"lazy\" decoding=\"async\" class=\"alignnone size-full wp-image-138\" src=\"https:\/\/regstaging.wpengine.com\/wp-content\/uploads\/2019\/07\/5stars.png\" alt=\"\" width=\"215\" height=\"34\" \/><\/p>\n<p><em>\u201cRegistrar Corp was #1 right from the start. SUPER Professional, super on-time with everything. Bottom Line &#8211; They saved and continue to save my company time and money\u201d<\/em><\/p>\n<p><strong>&#8211; David Dixon, MD<\/strong>[\/vc_column_text][\/vc_column][vc_column width=&#8221;1\/2&#8243; css=&#8221;.vc_custom_1564001487068{margin-bottom: 50px !important;}&#8221;][vc_column_text el_class=&#8221;font-white content-center center-vertical&#8221;]<img loading=\"lazy\" decoding=\"async\" class=\"alignnone size-full wp-image-138\" src=\"https:\/\/regstaging.wpengine.com\/wp-content\/uploads\/2019\/07\/5stars.png\" alt=\"\" width=\"215\" height=\"34\" \/><\/p>\n<p><em>\u201cThe service is worth every dollar. Fast and efficient enrollment process. What should have taken 3-4 weeks they completed in one week. Highly recommended.\u201d<\/em><\/p>\n<p><strong>&#8211; PharmaChem Technologies G.B. Ltd.<\/strong>[\/vc_column_text][\/vc_column][\/vc_row][vc_row el_class=&#8221;row-content-center&#8221; css=&#8221;.vc_custom_1564001507121{margin-top: 30px !important;}&#8221;][vc_column]<a href=\"\/pt\/reviews\/\" title=\"\"  data-id=\"mpc_button-876a0713a2b8e72\" class=\"mpc-button mpc-init mpc-transition btn-transparent-white\" ><div class=\"mpc-button__content mpc-effect-type--none mpc-effect-side--none\"><span class=\"mpc-button__title mpc-transition\">Ver Mais Opini\u00f5es<\/span><\/div><div class=\"mpc-button__background mpc-transition mpc-effect-type--fade mpc-effect-side--in\"><\/div><\/a>[\/vc_column][\/vc_row][vc_row][vc_column][vc_raw_js]JTNDc2NyaXB0JTNFJTBBalF1ZXJ5JTI4ZG9jdW1lbnQlMjkucmVhZHklMjhmdW5jdGlvbiUyOCUyNCUyOSU3QiUwQSUyMCUyMCUyMCUyMHZhciUyMG9mZmljZU51bWJlciUyMCUzRCUyMGdsb2JhbERhdGEuZ2V0T2ZmaWNlRGF0YSUyOCUyOS5sZW5ndGglM0IlMEElMjAlMjAlMjAlMjAlMjQlMjglMjcub2ZmaWNlLW51bWJlciUyNyUyOS50ZXh0JTI4b2ZmaWNlTnVtYmVyJTI5JTNCJTBBJTdEJTI5JTNCJTBBJTNDJTJGc2NyaXB0JTNF[\/vc_raw_js][\/vc_column][\/vc_row][\/vc_section]\n<\/div>","protected":false},"excerpt":{"rendered":"<p>[vc_section el_id=&#8221;pageHero&#8221; css=&#8221;.vc_custom_1563987547350{background-image: url(https:\/\/regstaging.wpengine.com\/wp-content\/uploads\/2019\/07\/About_Header.jpg?id=292) !important;background-position: center !important;background-repeat: no-repeat !important;background-size: cover !important;}&#8221;][vc_row el_class=&#8221;page-marquee&#8221;][vc_column][vc_column_text] Sobre N\u00f3s [\/vc_column_text][\/vc_column][\/vc_row][\/vc_section][vc_section el_id=&#8221;aboutIndustries&#8221; css=&#8221;.vc_custom_1563983948509{background-color: #ececec !important;}&#8221;][vc_row][vc_column][vc_column_text]Registrar Corp foi fundada em 2003 para ajudar as empresas a cumprir os regulamentos da Food and Drug Administration (FDA) dos EUA. Desde que abriu sua sede em Hampton, Virg\u00ednia, EUA, a Registrar Corp expandiu para 20<\/p>\n","protected":false},"author":2,"featured_media":39535,"parent":0,"menu_order":0,"comment_status":"closed","ping_status":"closed","template":"full-width-page.php","meta":{"content-type":"","om_disable_all_campaigns":false,"inline_featured_image":false,"_genesis_hide_title":false,"_genesis_hide_breadcrumbs":false,"_genesis_hide_singular_image":false,"_genesis_hide_footer_widgets":false,"_genesis_custom_body_class":"about-page","_genesis_custom_post_class":"","_genesis_layout":"","footnotes":""},"class_list":{"0":"post-41409","1":"page","2":"type-page","3":"status-publish","4":"has-post-thumbnail","6":"entry"},"yoast_head":"<!-- This site is optimized with the Yoast SEO Premium plugin v20.9 (Yoast SEO v25.5) - https:\/\/yoast.com\/wordpress\/plugins\/seo\/ -->\n<title>Sobre N\u00f3s - Registrar<\/title>\n<meta name=\"robots\" content=\"noindex, follow, max-snippet:-1, max-image-preview:large, max-video-preview:-1\" \/>\n<meta property=\"og:locale\" content=\"pt_PT\" \/>\n<meta property=\"og:type\" content=\"article\" \/>\n<meta property=\"og:title\" content=\"Sobre N\u00f3s\" \/>\n<meta property=\"og:description\" content=\"[vc_section el_id=&#8221;pageHero&#8221; css=&#8221;.vc_custom_1563987547350{background-image: url(https:\/\/regstaging.wpengine.com\/wp-content\/uploads\/2019\/07\/About_Header.jpg?id=292) !important;background-position: center !important;background-repeat: no-repeat !important;background-size: cover !important;}&#8221;][vc_row el_class=&#8221;page-marquee&#8221;][vc_column][vc_column_text] Sobre N\u00f3s [\/vc_column_text][\/vc_column][\/vc_row][\/vc_section][vc_section el_id=&#8221;aboutIndustries&#8221; css=&#8221;.vc_custom_1563983948509{background-color: #ececec !important;}&#8221;][vc_row][vc_column][vc_column_text]Registrar Corp foi fundada em 2003 para ajudar as empresas a cumprir os regulamentos da Food and Drug Administration (FDA) dos EUA. Desde que abriu sua sede em Hampton, Virg\u00ednia, EUA, a Registrar Corp expandiu para 20\" \/>\n<meta property=\"og:url\" content=\"https:\/\/legacy.registrarcorp.com\/pt\/about\/\" \/>\n<meta property=\"og:site_name\" content=\"Registrar\" \/>\n<meta property=\"article:modified_time\" content=\"2021-02-18T17:08:49+00:00\" \/>\n<meta property=\"og:image\" content=\"https:\/\/legacy.registrarcorp.com\/wp-content\/uploads\/2019\/08\/press_release.jpg\" \/>\n\t<meta property=\"og:image:width\" content=\"1650\" \/>\n\t<meta property=\"og:image:height\" content=\"500\" \/>\n\t<meta property=\"og:image:type\" content=\"image\/jpeg\" \/>\n<meta name=\"twitter:card\" content=\"summary_large_image\" \/>\n<meta name=\"twitter:label1\" content=\"Est. reading time\" \/>\n\t<meta name=\"twitter:data1\" content=\"7 minutes\" \/>\n<script type=\"application\/ld+json\" class=\"yoast-schema-graph\">{\"@context\":\"https:\/\/schema.org\",\"@graph\":[{\"@type\":\"WebPage\",\"@id\":\"https:\/\/legacy.registrarcorp.com\/pt\/about\/\",\"url\":\"https:\/\/legacy.registrarcorp.com\/pt\/about\/\",\"name\":\"Sobre N\u00f3s - Registrar\",\"isPartOf\":{\"@id\":\"https:\/\/legacy.registrarcorp.com\/pt\/#website\"},\"primaryImageOfPage\":{\"@id\":\"https:\/\/legacy.registrarcorp.com\/pt\/about\/#primaryimage\"},\"image\":{\"@id\":\"https:\/\/legacy.registrarcorp.com\/pt\/about\/#primaryimage\"},\"thumbnailUrl\":\"https:\/\/legacy.registrarcorp.com\/wp-content\/uploads\/2019\/08\/press_release.jpg\",\"datePublished\":\"2019-08-05T23:30:34+00:00\",\"dateModified\":\"2021-02-18T17:08:49+00:00\",\"breadcrumb\":{\"@id\":\"https:\/\/legacy.registrarcorp.com\/pt\/about\/#breadcrumb\"},\"inLanguage\":\"pt\",\"potentialAction\":[{\"@type\":\"ReadAction\",\"target\":[\"https:\/\/legacy.registrarcorp.com\/pt\/about\/\"]}]},{\"@type\":\"ImageObject\",\"inLanguage\":\"pt\",\"@id\":\"https:\/\/legacy.registrarcorp.com\/pt\/about\/#primaryimage\",\"url\":\"https:\/\/legacy.registrarcorp.com\/wp-content\/uploads\/2019\/08\/press_release.jpg\",\"contentUrl\":\"https:\/\/legacy.registrarcorp.com\/wp-content\/uploads\/2019\/08\/press_release.jpg\",\"width\":1650,\"height\":500},{\"@type\":\"BreadcrumbList\",\"@id\":\"https:\/\/legacy.registrarcorp.com\/pt\/about\/#breadcrumb\",\"itemListElement\":[{\"@type\":\"ListItem\",\"position\":1,\"name\":\"Home\",\"item\":\"https:\/\/legacy.registrarcorp.com\/pt\/\"},{\"@type\":\"ListItem\",\"position\":2,\"name\":\"Sobre N\u00f3s\"}]},{\"@type\":\"WebSite\",\"@id\":\"https:\/\/legacy.registrarcorp.com\/pt\/#website\",\"url\":\"https:\/\/legacy.registrarcorp.com\/pt\/\",\"name\":\"Registrar\",\"description\":\"Assistance with U.S. FDA Regulations\",\"publisher\":{\"@id\":\"https:\/\/legacy.registrarcorp.com\/pt\/#organization\"},\"potentialAction\":[{\"@type\":\"SearchAction\",\"target\":{\"@type\":\"EntryPoint\",\"urlTemplate\":\"https:\/\/legacy.registrarcorp.com\/pt\/?s={search_term_string}\"},\"query-input\":{\"@type\":\"PropertyValueSpecification\",\"valueRequired\":true,\"valueName\":\"search_term_string\"}}],\"inLanguage\":\"pt\"},{\"@type\":\"Organization\",\"@id\":\"https:\/\/legacy.registrarcorp.com\/pt\/#organization\",\"name\":\"Registrar Corp\",\"url\":\"https:\/\/legacy.registrarcorp.com\/pt\/\",\"logo\":{\"@type\":\"ImageObject\",\"inLanguage\":\"pt\",\"@id\":\"https:\/\/legacy.registrarcorp.com\/pt\/#\/schema\/logo\/image\/\",\"url\":\"https:\/\/legacy.registrarcorp.com\/wp-content\/uploads\/2019\/12\/regcorp_logo.png\",\"contentUrl\":\"https:\/\/legacy.registrarcorp.com\/wp-content\/uploads\/2019\/12\/regcorp_logo.png\",\"width\":1326,\"height\":330,\"caption\":\"Registrar Corp\"},\"image\":{\"@id\":\"https:\/\/legacy.registrarcorp.com\/pt\/#\/schema\/logo\/image\/\"}}]}<\/script>\n<!-- \/ Yoast SEO Premium plugin. -->","yoast_head_json":{"title":"Sobre N\u00f3s - Registrar","robots":{"index":"noindex","follow":"follow","max-snippet":"max-snippet:-1","max-image-preview":"max-image-preview:large","max-video-preview":"max-video-preview:-1"},"og_locale":"pt_PT","og_type":"article","og_title":"Sobre N\u00f3s","og_description":"[vc_section el_id=&#8221;pageHero&#8221; css=&#8221;.vc_custom_1563987547350{background-image: url(https:\/\/regstaging.wpengine.com\/wp-content\/uploads\/2019\/07\/About_Header.jpg?id=292) !important;background-position: center !important;background-repeat: no-repeat !important;background-size: cover !important;}&#8221;][vc_row el_class=&#8221;page-marquee&#8221;][vc_column][vc_column_text] Sobre N\u00f3s [\/vc_column_text][\/vc_column][\/vc_row][\/vc_section][vc_section el_id=&#8221;aboutIndustries&#8221; css=&#8221;.vc_custom_1563983948509{background-color: #ececec !important;}&#8221;][vc_row][vc_column][vc_column_text]Registrar Corp foi fundada em 2003 para ajudar as empresas a cumprir os regulamentos da Food and Drug Administration (FDA) dos EUA. Desde que abriu sua sede em Hampton, Virg\u00ednia, EUA, a Registrar Corp expandiu para 20","og_url":"https:\/\/legacy.registrarcorp.com\/pt\/about\/","og_site_name":"Registrar","article_modified_time":"2021-02-18T17:08:49+00:00","og_image":[{"width":1650,"height":500,"url":"https:\/\/legacy.registrarcorp.com\/wp-content\/uploads\/2019\/08\/press_release.jpg","type":"image\/jpeg"}],"twitter_card":"summary_large_image","twitter_misc":{"Est. reading time":"7 minutes"},"schema":{"@context":"https:\/\/schema.org","@graph":[{"@type":"WebPage","@id":"https:\/\/legacy.registrarcorp.com\/pt\/about\/","url":"https:\/\/legacy.registrarcorp.com\/pt\/about\/","name":"Sobre N\u00f3s - Registrar","isPartOf":{"@id":"https:\/\/legacy.registrarcorp.com\/pt\/#website"},"primaryImageOfPage":{"@id":"https:\/\/legacy.registrarcorp.com\/pt\/about\/#primaryimage"},"image":{"@id":"https:\/\/legacy.registrarcorp.com\/pt\/about\/#primaryimage"},"thumbnailUrl":"https:\/\/legacy.registrarcorp.com\/wp-content\/uploads\/2019\/08\/press_release.jpg","datePublished":"2019-08-05T23:30:34+00:00","dateModified":"2021-02-18T17:08:49+00:00","breadcrumb":{"@id":"https:\/\/legacy.registrarcorp.com\/pt\/about\/#breadcrumb"},"inLanguage":"pt","potentialAction":[{"@type":"ReadAction","target":["https:\/\/legacy.registrarcorp.com\/pt\/about\/"]}]},{"@type":"ImageObject","inLanguage":"pt","@id":"https:\/\/legacy.registrarcorp.com\/pt\/about\/#primaryimage","url":"https:\/\/legacy.registrarcorp.com\/wp-content\/uploads\/2019\/08\/press_release.jpg","contentUrl":"https:\/\/legacy.registrarcorp.com\/wp-content\/uploads\/2019\/08\/press_release.jpg","width":1650,"height":500},{"@type":"BreadcrumbList","@id":"https:\/\/legacy.registrarcorp.com\/pt\/about\/#breadcrumb","itemListElement":[{"@type":"ListItem","position":1,"name":"Home","item":"https:\/\/legacy.registrarcorp.com\/pt\/"},{"@type":"ListItem","position":2,"name":"Sobre N\u00f3s"}]},{"@type":"WebSite","@id":"https:\/\/legacy.registrarcorp.com\/pt\/#website","url":"https:\/\/legacy.registrarcorp.com\/pt\/","name":"Registrar","description":"Assistance with U.S. FDA Regulations","publisher":{"@id":"https:\/\/legacy.registrarcorp.com\/pt\/#organization"},"potentialAction":[{"@type":"SearchAction","target":{"@type":"EntryPoint","urlTemplate":"https:\/\/legacy.registrarcorp.com\/pt\/?s={search_term_string}"},"query-input":{"@type":"PropertyValueSpecification","valueRequired":true,"valueName":"search_term_string"}}],"inLanguage":"pt"},{"@type":"Organization","@id":"https:\/\/legacy.registrarcorp.com\/pt\/#organization","name":"Registrar Corp","url":"https:\/\/legacy.registrarcorp.com\/pt\/","logo":{"@type":"ImageObject","inLanguage":"pt","@id":"https:\/\/legacy.registrarcorp.com\/pt\/#\/schema\/logo\/image\/","url":"https:\/\/legacy.registrarcorp.com\/wp-content\/uploads\/2019\/12\/regcorp_logo.png","contentUrl":"https:\/\/legacy.registrarcorp.com\/wp-content\/uploads\/2019\/12\/regcorp_logo.png","width":1326,"height":330,"caption":"Registrar Corp"},"image":{"@id":"https:\/\/legacy.registrarcorp.com\/pt\/#\/schema\/logo\/image\/"}}]}},"_links":{"self":[{"href":"https:\/\/legacy.registrarcorp.com\/pt\/wp-json\/wp\/v2\/pages\/41409","targetHints":{"allow":["GET"]}}],"collection":[{"href":"https:\/\/legacy.registrarcorp.com\/pt\/wp-json\/wp\/v2\/pages"}],"about":[{"href":"https:\/\/legacy.registrarcorp.com\/pt\/wp-json\/wp\/v2\/types\/page"}],"author":[{"embeddable":true,"href":"https:\/\/legacy.registrarcorp.com\/pt\/wp-json\/wp\/v2\/users\/2"}],"replies":[{"embeddable":true,"href":"https:\/\/legacy.registrarcorp.com\/pt\/wp-json\/wp\/v2\/comments?post=41409"}],"version-history":[{"count":0,"href":"https:\/\/legacy.registrarcorp.com\/pt\/wp-json\/wp\/v2\/pages\/41409\/revisions"}],"wp:featuredmedia":[{"embeddable":true,"href":"https:\/\/legacy.registrarcorp.com\/pt\/wp-json\/wp\/v2\/media\/39535"}],"wp:attachment":[{"href":"https:\/\/legacy.registrarcorp.com\/pt\/wp-json\/wp\/v2\/media?parent=41409"}],"curies":[{"name":"wp","href":"https:\/\/api.w.org\/{rel}","templated":true}]}}