{"id":41403,"date":"2018-01-04T14:01:58","date_gmt":"2018-01-04T19:01:58","guid":{"rendered":"https:\/\/regstaging.wpengine.com\/livechat\/"},"modified":"2020-04-29T19:23:35","modified_gmt":"2020-04-29T19:23:35","slug":"livechat","status":"publish","type":"page","link":"https:\/\/legacy.registrarcorp.com\/pt\/livechat\/","title":{"rendered":"Assist\u00eancia com Requerimentos da FDA as 24 horas"},"content":{"rendered":"<div class=\"wpb-content-wrapper\">[vc_row][vc_column offset=&#8221;vc_col-lg-3 vc_col-md-6&#8243;][vc_row_inner][vc_column_inner][vc_raw_html]JTNDZGl2JTIwaWQlM0QlMjJidWJibGUlMjIlM0UlMEElM0NhJTIwaWQlM0QlMjJidWJibGUtbGluayUyMiUyMHRhcmdldCUzRCUyMl9ibGFuayUyMiUyMGhyZWYlM0QlMjJodHRwcyUzQSUyRiUyRnd3dy5yZWdpc3RyYXJjb3JwLmNvbSUyRmxpdmVoZWxwJTIyJTIwcmVsJTNEJTIybm9vcGVuZXIlMjBub3JlZmVycmVyJTIyJTNFJTNDaSUyMGlkJTNEJTIyYi1pY29uJTIyJTIwY2xhc3MlM0QlMjJmYXMlMjBmYS1jb21tZW50JTIyJTNFJTNDJTJGaSUzRSUwQSUzQ2RpdiUyMGlkJTNEJTIybWFpbi10ZXh0JTIyJTNFMjQlMkY3JTBBQ2hhdCUyMGFvJTIwVml2byUzQyUyRmRpdiUzRSUwQSUzQyUyRmRpdiUzRQ==[\/vc_raw_html][\/vc_column_inner][\/vc_row_inner][\/vc_column][vc_column offset=&#8221;vc_col-lg-9 vc_col-md-6&#8243;][vc_column_text]Os Assessores Regulat\u00f3rios da Registrar Corp est\u00e3o dispon\u00edveis as 24 horas, os sete dias da semana para assistir com os requerimentos da Administra\u00e7\u00e3o de Alimentos e Medicamentos dos EUA (FDA). Nosso chat ao vivo \u00e9 atendido pelos nossos funcion\u00e1rios globais. Receba assist\u00eancia imediata com o Registro na FDA, embarques detidos, requerimentos de rotulagem e mais, com s\u00f3 um click.<\/p>\n<p><a class=\"mpc-button mpc-transition btn btn-red-white btn-header mpc-inited chat-btn\" href=\"https:\/\/regstaging.wpengine.com\/livehelp\">Converse com um Assessor Regulat\u00f3rio Agora<\/a>[\/vc_column_text][\/vc_column][\/vc_row][vc_row][vc_column][vc_raw_js]JTNDc2NyaXB0JTNFJTBBalF1ZXJ5JTI4ZG9jdW1lbnQlMjkucmVhZHklMjhmdW5jdGlvbiUyOCUyNCUyOSU3QiUwQSUyMCUyMCUyMCUyMCUyNCUyOCUyNy5iY0Zsb2F0JTIwYSUyNyUyOS5jbGljayUyOCUyOSUzQiUwQSU3RCUyOSUzQiUwQSUzQyUyRnNjcmlwdCUzRQ==[\/vc_raw_js][\/vc_column][\/vc_row][vc_row][vc_column][vc_column_text]\n[\/vc_column_text][\/vc_column][\/vc_row]\n<\/div>","protected":false},"excerpt":{"rendered":"<p>[vc_row][vc_column offset=&#8221;vc_col-lg-3 vc_col-md-6&#8243;][vc_row_inner][vc_column_inner][vc_raw_html]JTNDZGl2JTIwaWQlM0QlMjJidWJibGUlMjIlM0UlMEElM0NhJTIwaWQlM0QlMjJidWJibGUtbGluayUyMiUyMHRhcmdldCUzRCUyMl9ibGFuayUyMiUyMGhyZWYlM0QlMjJodHRwcyUzQSUyRiUyRnd3dy5yZWdpc3RyYXJjb3JwLmNvbSUyRmxpdmVoZWxwJTIyJTIwcmVsJTNEJTIybm9vcGVuZXIlMjBub3JlZmVycmVyJTIyJTNFJTNDaSUyMGlkJTNEJTIyYi1pY29uJTIyJTIwY2xhc3MlM0QlMjJmYXMlMjBmYS1jb21tZW50JTIyJTNFJTNDJTJGaSUzRSUwQSUzQ2RpdiUyMGlkJTNEJTIybWFpbi10ZXh0JTIyJTNFMjQlMkY3JTBBQ2hhdCUyMGFvJTIwVml2byUzQyUyRmRpdiUzRSUwQSUzQyUyRmRpdiUzRQ==[\/vc_raw_html][\/vc_column_inner][\/vc_row_inner][\/vc_column][vc_column offset=&#8221;vc_col-lg-9 vc_col-md-6&#8243;][vc_column_text]Os Assessores Regulat\u00f3rios da Registrar Corp est\u00e3o dispon\u00edveis as 24 horas, os sete dias da semana para assistir com os requerimentos da Administra\u00e7\u00e3o de Alimentos e Medicamentos dos EUA (FDA). Nosso chat ao vivo \u00e9 atendido pelos nossos funcion\u00e1rios globais. Receba assist\u00eancia imediata com o Registro na FDA, embarques detidos, requerimentos<\/p>\n","protected":false},"author":2,"featured_media":39535,"parent":0,"menu_order":0,"comment_status":"closed","ping_status":"closed","template":"right-sidebar-page.php","meta":{"content-type":"","om_disable_all_campaigns":false,"inline_featured_image":false,"_genesis_hide_title":false,"_genesis_hide_breadcrumbs":false,"_genesis_hide_singular_image":false,"_genesis_hide_footer_widgets":false,"_genesis_custom_body_class":"","_genesis_custom_post_class":"","_genesis_layout":"","footnotes":""},"class_list":{"0":"post-41403","1":"page","2":"type-page","3":"status-publish","4":"has-post-thumbnail","6":"entry"},"yoast_head":"<!-- This site is optimized with the Yoast SEO Premium plugin v20.9 (Yoast SEO v25.5) - https:\/\/yoast.com\/wordpress\/plugins\/seo\/ -->\n<title>Assist\u00eancia com Requerimentos da FDA as 24 horas - Registrar<\/title>\n<meta name=\"robots\" content=\"noindex, follow, max-snippet:-1, max-image-preview:large, max-video-preview:-1\" \/>\n<meta property=\"og:locale\" content=\"pt_PT\" \/>\n<meta property=\"og:type\" content=\"article\" \/>\n<meta property=\"og:title\" content=\"Assist\u00eancia com Requerimentos da FDA as 24 horas\" \/>\n<meta property=\"og:description\" content=\"[vc_row][vc_column offset=&#8221;vc_col-lg-3 vc_col-md-6&#8243;][vc_row_inner][vc_column_inner][vc_raw_html]JTNDZGl2JTIwaWQlM0QlMjJidWJibGUlMjIlM0UlMEElM0NhJTIwaWQlM0QlMjJidWJibGUtbGluayUyMiUyMHRhcmdldCUzRCUyMl9ibGFuayUyMiUyMGhyZWYlM0QlMjJodHRwcyUzQSUyRiUyRnd3dy5yZWdpc3RyYXJjb3JwLmNvbSUyRmxpdmVoZWxwJTIyJTIwcmVsJTNEJTIybm9vcGVuZXIlMjBub3JlZmVycmVyJTIyJTNFJTNDaSUyMGlkJTNEJTIyYi1pY29uJTIyJTIwY2xhc3MlM0QlMjJmYXMlMjBmYS1jb21tZW50JTIyJTNFJTNDJTJGaSUzRSUwQSUzQ2RpdiUyMGlkJTNEJTIybWFpbi10ZXh0JTIyJTNFMjQlMkY3JTBBQ2hhdCUyMGFvJTIwVml2byUzQyUyRmRpdiUzRSUwQSUzQyUyRmRpdiUzRQ==[\/vc_raw_html][\/vc_column_inner][\/vc_row_inner][\/vc_column][vc_column offset=&#8221;vc_col-lg-9 vc_col-md-6&#8243;][vc_column_text]Os Assessores Regulat\u00f3rios da Registrar Corp est\u00e3o dispon\u00edveis as 24 horas, os sete dias da semana para assistir com os requerimentos da Administra\u00e7\u00e3o de Alimentos e Medicamentos dos EUA (FDA). Nosso chat ao vivo \u00e9 atendido pelos nossos funcion\u00e1rios globais. Receba assist\u00eancia imediata com o Registro na FDA, embarques detidos, requerimentos\" \/>\n<meta property=\"og:url\" content=\"https:\/\/legacy.registrarcorp.com\/pt\/livechat\/\" \/>\n<meta property=\"og:site_name\" content=\"Registrar\" \/>\n<meta property=\"article:modified_time\" content=\"2020-04-29T19:23:35+00:00\" \/>\n<meta property=\"og:image\" content=\"https:\/\/legacy.registrarcorp.com\/wp-content\/uploads\/2019\/08\/press_release.jpg\" \/>\n\t<meta property=\"og:image:width\" content=\"1650\" \/>\n\t<meta property=\"og:image:height\" content=\"500\" \/>\n\t<meta property=\"og:image:type\" content=\"image\/jpeg\" \/>\n<meta name=\"twitter:card\" content=\"summary_large_image\" \/>\n<meta name=\"twitter:label1\" content=\"Est. reading time\" \/>\n\t<meta name=\"twitter:data1\" content=\"1 minute\" \/>\n<script type=\"application\/ld+json\" class=\"yoast-schema-graph\">{\"@context\":\"https:\/\/schema.org\",\"@graph\":[{\"@type\":\"WebPage\",\"@id\":\"https:\/\/legacy.registrarcorp.com\/pt\/livechat\/\",\"url\":\"https:\/\/legacy.registrarcorp.com\/pt\/livechat\/\",\"name\":\"Assist\u00eancia com Requerimentos da FDA as 24 horas - Registrar\",\"isPartOf\":{\"@id\":\"https:\/\/legacy.registrarcorp.com\/pt\/#website\"},\"primaryImageOfPage\":{\"@id\":\"https:\/\/legacy.registrarcorp.com\/pt\/livechat\/#primaryimage\"},\"image\":{\"@id\":\"https:\/\/legacy.registrarcorp.com\/pt\/livechat\/#primaryimage\"},\"thumbnailUrl\":\"https:\/\/legacy.registrarcorp.com\/wp-content\/uploads\/2019\/08\/press_release.jpg\",\"datePublished\":\"2018-01-04T19:01:58+00:00\",\"dateModified\":\"2020-04-29T19:23:35+00:00\",\"breadcrumb\":{\"@id\":\"https:\/\/legacy.registrarcorp.com\/pt\/livechat\/#breadcrumb\"},\"inLanguage\":\"pt\",\"potentialAction\":[{\"@type\":\"ReadAction\",\"target\":[\"https:\/\/legacy.registrarcorp.com\/pt\/livechat\/\"]}]},{\"@type\":\"ImageObject\",\"inLanguage\":\"pt\",\"@id\":\"https:\/\/legacy.registrarcorp.com\/pt\/livechat\/#primaryimage\",\"url\":\"https:\/\/legacy.registrarcorp.com\/wp-content\/uploads\/2019\/08\/press_release.jpg\",\"contentUrl\":\"https:\/\/legacy.registrarcorp.com\/wp-content\/uploads\/2019\/08\/press_release.jpg\",\"width\":1650,\"height\":500},{\"@type\":\"BreadcrumbList\",\"@id\":\"https:\/\/legacy.registrarcorp.com\/pt\/livechat\/#breadcrumb\",\"itemListElement\":[{\"@type\":\"ListItem\",\"position\":1,\"name\":\"Home\",\"item\":\"https:\/\/legacy.registrarcorp.com\/pt\/\"},{\"@type\":\"ListItem\",\"position\":2,\"name\":\"Assist\u00eancia com Requerimentos da FDA as 24 horas\"}]},{\"@type\":\"WebSite\",\"@id\":\"https:\/\/legacy.registrarcorp.com\/pt\/#website\",\"url\":\"https:\/\/legacy.registrarcorp.com\/pt\/\",\"name\":\"Registrar\",\"description\":\"Assistance with U.S. FDA Regulations\",\"publisher\":{\"@id\":\"https:\/\/legacy.registrarcorp.com\/pt\/#organization\"},\"potentialAction\":[{\"@type\":\"SearchAction\",\"target\":{\"@type\":\"EntryPoint\",\"urlTemplate\":\"https:\/\/legacy.registrarcorp.com\/pt\/?s={search_term_string}\"},\"query-input\":{\"@type\":\"PropertyValueSpecification\",\"valueRequired\":true,\"valueName\":\"search_term_string\"}}],\"inLanguage\":\"pt\"},{\"@type\":\"Organization\",\"@id\":\"https:\/\/legacy.registrarcorp.com\/pt\/#organization\",\"name\":\"Registrar Corp\",\"url\":\"https:\/\/legacy.registrarcorp.com\/pt\/\",\"logo\":{\"@type\":\"ImageObject\",\"inLanguage\":\"pt\",\"@id\":\"https:\/\/legacy.registrarcorp.com\/pt\/#\/schema\/logo\/image\/\",\"url\":\"https:\/\/legacy.registrarcorp.com\/wp-content\/uploads\/2019\/12\/regcorp_logo.png\",\"contentUrl\":\"https:\/\/legacy.registrarcorp.com\/wp-content\/uploads\/2019\/12\/regcorp_logo.png\",\"width\":1326,\"height\":330,\"caption\":\"Registrar Corp\"},\"image\":{\"@id\":\"https:\/\/legacy.registrarcorp.com\/pt\/#\/schema\/logo\/image\/\"}}]}<\/script>\n<!-- \/ Yoast SEO Premium plugin. -->","yoast_head_json":{"title":"Assist\u00eancia com Requerimentos da FDA as 24 horas - Registrar","robots":{"index":"noindex","follow":"follow","max-snippet":"max-snippet:-1","max-image-preview":"max-image-preview:large","max-video-preview":"max-video-preview:-1"},"og_locale":"pt_PT","og_type":"article","og_title":"Assist\u00eancia com Requerimentos da FDA as 24 horas","og_description":"[vc_row][vc_column offset=&#8221;vc_col-lg-3 vc_col-md-6&#8243;][vc_row_inner][vc_column_inner][vc_raw_html]JTNDZGl2JTIwaWQlM0QlMjJidWJibGUlMjIlM0UlMEElM0NhJTIwaWQlM0QlMjJidWJibGUtbGluayUyMiUyMHRhcmdldCUzRCUyMl9ibGFuayUyMiUyMGhyZWYlM0QlMjJodHRwcyUzQSUyRiUyRnd3dy5yZWdpc3RyYXJjb3JwLmNvbSUyRmxpdmVoZWxwJTIyJTIwcmVsJTNEJTIybm9vcGVuZXIlMjBub3JlZmVycmVyJTIyJTNFJTNDaSUyMGlkJTNEJTIyYi1pY29uJTIyJTIwY2xhc3MlM0QlMjJmYXMlMjBmYS1jb21tZW50JTIyJTNFJTNDJTJGaSUzRSUwQSUzQ2RpdiUyMGlkJTNEJTIybWFpbi10ZXh0JTIyJTNFMjQlMkY3JTBBQ2hhdCUyMGFvJTIwVml2byUzQyUyRmRpdiUzRSUwQSUzQyUyRmRpdiUzRQ==[\/vc_raw_html][\/vc_column_inner][\/vc_row_inner][\/vc_column][vc_column offset=&#8221;vc_col-lg-9 vc_col-md-6&#8243;][vc_column_text]Os Assessores Regulat\u00f3rios da Registrar Corp est\u00e3o dispon\u00edveis as 24 horas, os sete dias da semana para assistir com os requerimentos da Administra\u00e7\u00e3o de Alimentos e Medicamentos dos EUA (FDA). Nosso chat ao vivo \u00e9 atendido pelos nossos funcion\u00e1rios globais. Receba assist\u00eancia imediata com o Registro na FDA, embarques detidos, requerimentos","og_url":"https:\/\/legacy.registrarcorp.com\/pt\/livechat\/","og_site_name":"Registrar","article_modified_time":"2020-04-29T19:23:35+00:00","og_image":[{"width":1650,"height":500,"url":"https:\/\/legacy.registrarcorp.com\/wp-content\/uploads\/2019\/08\/press_release.jpg","type":"image\/jpeg"}],"twitter_card":"summary_large_image","twitter_misc":{"Est. reading time":"1 minute"},"schema":{"@context":"https:\/\/schema.org","@graph":[{"@type":"WebPage","@id":"https:\/\/legacy.registrarcorp.com\/pt\/livechat\/","url":"https:\/\/legacy.registrarcorp.com\/pt\/livechat\/","name":"Assist\u00eancia com Requerimentos da FDA as 24 horas - Registrar","isPartOf":{"@id":"https:\/\/legacy.registrarcorp.com\/pt\/#website"},"primaryImageOfPage":{"@id":"https:\/\/legacy.registrarcorp.com\/pt\/livechat\/#primaryimage"},"image":{"@id":"https:\/\/legacy.registrarcorp.com\/pt\/livechat\/#primaryimage"},"thumbnailUrl":"https:\/\/legacy.registrarcorp.com\/wp-content\/uploads\/2019\/08\/press_release.jpg","datePublished":"2018-01-04T19:01:58+00:00","dateModified":"2020-04-29T19:23:35+00:00","breadcrumb":{"@id":"https:\/\/legacy.registrarcorp.com\/pt\/livechat\/#breadcrumb"},"inLanguage":"pt","potentialAction":[{"@type":"ReadAction","target":["https:\/\/legacy.registrarcorp.com\/pt\/livechat\/"]}]},{"@type":"ImageObject","inLanguage":"pt","@id":"https:\/\/legacy.registrarcorp.com\/pt\/livechat\/#primaryimage","url":"https:\/\/legacy.registrarcorp.com\/wp-content\/uploads\/2019\/08\/press_release.jpg","contentUrl":"https:\/\/legacy.registrarcorp.com\/wp-content\/uploads\/2019\/08\/press_release.jpg","width":1650,"height":500},{"@type":"BreadcrumbList","@id":"https:\/\/legacy.registrarcorp.com\/pt\/livechat\/#breadcrumb","itemListElement":[{"@type":"ListItem","position":1,"name":"Home","item":"https:\/\/legacy.registrarcorp.com\/pt\/"},{"@type":"ListItem","position":2,"name":"Assist\u00eancia com Requerimentos da FDA as 24 horas"}]},{"@type":"WebSite","@id":"https:\/\/legacy.registrarcorp.com\/pt\/#website","url":"https:\/\/legacy.registrarcorp.com\/pt\/","name":"Registrar","description":"Assistance with U.S. FDA Regulations","publisher":{"@id":"https:\/\/legacy.registrarcorp.com\/pt\/#organization"},"potentialAction":[{"@type":"SearchAction","target":{"@type":"EntryPoint","urlTemplate":"https:\/\/legacy.registrarcorp.com\/pt\/?s={search_term_string}"},"query-input":{"@type":"PropertyValueSpecification","valueRequired":true,"valueName":"search_term_string"}}],"inLanguage":"pt"},{"@type":"Organization","@id":"https:\/\/legacy.registrarcorp.com\/pt\/#organization","name":"Registrar Corp","url":"https:\/\/legacy.registrarcorp.com\/pt\/","logo":{"@type":"ImageObject","inLanguage":"pt","@id":"https:\/\/legacy.registrarcorp.com\/pt\/#\/schema\/logo\/image\/","url":"https:\/\/legacy.registrarcorp.com\/wp-content\/uploads\/2019\/12\/regcorp_logo.png","contentUrl":"https:\/\/legacy.registrarcorp.com\/wp-content\/uploads\/2019\/12\/regcorp_logo.png","width":1326,"height":330,"caption":"Registrar Corp"},"image":{"@id":"https:\/\/legacy.registrarcorp.com\/pt\/#\/schema\/logo\/image\/"}}]}},"_links":{"self":[{"href":"https:\/\/legacy.registrarcorp.com\/pt\/wp-json\/wp\/v2\/pages\/41403","targetHints":{"allow":["GET"]}}],"collection":[{"href":"https:\/\/legacy.registrarcorp.com\/pt\/wp-json\/wp\/v2\/pages"}],"about":[{"href":"https:\/\/legacy.registrarcorp.com\/pt\/wp-json\/wp\/v2\/types\/page"}],"author":[{"embeddable":true,"href":"https:\/\/legacy.registrarcorp.com\/pt\/wp-json\/wp\/v2\/users\/2"}],"replies":[{"embeddable":true,"href":"https:\/\/legacy.registrarcorp.com\/pt\/wp-json\/wp\/v2\/comments?post=41403"}],"version-history":[{"count":0,"href":"https:\/\/legacy.registrarcorp.com\/pt\/wp-json\/wp\/v2\/pages\/41403\/revisions"}],"wp:featuredmedia":[{"embeddable":true,"href":"https:\/\/legacy.registrarcorp.com\/pt\/wp-json\/wp\/v2\/media\/39535"}],"wp:attachment":[{"href":"https:\/\/legacy.registrarcorp.com\/pt\/wp-json\/wp\/v2\/media?parent=41403"}],"curies":[{"name":"wp","href":"https:\/\/api.w.org\/{rel}","templated":true}]}}