{"id":41005,"date":"2020-01-14T15:56:02","date_gmt":"2020-01-14T15:56:02","guid":{"rendered":"https:\/\/regstaging.wpengine.com\/registration-2\/"},"modified":"2021-07-06T09:43:07","modified_gmt":"2021-07-06T13:43:07","slug":"registration","status":"publish","type":"page","link":"https:\/\/legacy.registrarcorp.com\/pt\/fda-drugs\/registration\/","title":{"rendered":"Registro de Estabelecimento de Medicamentos na FDA"},"content":{"rendered":"<div class=\"wpb-content-wrapper\">[vc_row el_id=&#8221;deadlineBar&#8221; el_class=&#8221;hidden&#8221;][vc_column]<div id=\"section-49851\" class=\" ss-element gusta-section-vc-element \"><div class=\"section-container\">[vc_section css=\".vc_custom_1625576502073{background-color: #f18805 !important;}\"][vc_row][vc_column][vc_row_inner][vc_column_inner][vc_raw_html]JTNDaDMlM0UlM0NzdHJvbmclM0VPZmVydGElMjBwb3IlMjBUZW1wbyUyMGxpbWl0YWRvJTNBJTNDJTJGc3Ryb25nJTNFJUMyJUEwT2J0ZW5oYSUyMCUzQ3N0cm9uZyUyMGNsYXNzJTNEJTIybW9udGhEaWZmZXJlbmNlJTIyJTNFMTglMjBtZXNlcyUzQyUyRnN0cm9uZyUzRSUyMGRlJTIwcmVnaXN0cm8lMjBlJTIwc2VydmklQzMlQTdvJTIwZGUlMjBhZ2VudGUlMjBkb3MlMjBFVUElMjAlM0NzdHJvbmclM0VwZWxvJTIwcHJlJUMzJUE3byUyMGRlJTIwMTIlMjBtZXNlcyUzQyUyRnN0cm9uZyUzRSUyMGFvJTIwc2UlMjBpbnNjcmV2ZXIlMjBob2plLiUzQyUyRmgzJTNF[\/vc_raw_html][\/vc_column_inner][\/vc_row_inner][\/vc_column][\/vc_row][\/vc_section][vc_row][vc_column][vc_raw_js]JTNDc2NyaXB0JTNFJTIwalF1ZXJ5JTI4ZG9jdW1lbnQlMjkub24lMjglMjdnZm9ybV9wb3N0X3JlbmRlciUyNyUyQ2Z1bmN0aW9uJTI4JTI5JTdCJTBBJTIwJTIwJTIwJTIwalF1ZXJ5JTI4JTI3JTIzZGVhZGxpbmVCYXIlMjclMjkuYWRkQ2xhc3MlMjglMjdoaWRkZW4lMjclMjklM0IlMEElMjAlMjAlMjAlMjBpZiUyOGdsb2JhbERhdGEuZ2V0Q3VycmVudERhdGVBbmRUaW1lJTI4JTI5LmdldEZ1bGxZZWFyJTI4JTI5JTIwJTNDJTIwZ2xvYmFsRGF0YS5nZXRSZW5ld2FsU3RhdHVzJTI4JTI5LnNlcnZpY2VZZWFyJTI5JTdCJTBBJTIwJTIwJTIwJTIwalF1ZXJ5JTI4JTI3JTIzZGVhZGxpbmVCYXIlMjAubW9udGhEaWZmZXJlbmNlJTI3JTI5LnRleHQlMjglMjhuZXclMjBEYXRlJTI4Z2xvYmFsRGF0YS5nZXRSZW5ld2FsU3RhdHVzJTI4JTI5LnNlcnZpY2VZZWFyLTElMkMxMSUyQzMxJTI5LmdldE1vbnRoJTI4JTI5JTIwJTJCJTIwMSUyOSUyMC0lMjAlMjhnbG9iYWxEYXRhLmdldEN1cnJlbnREYXRlQW5kVGltZSUyOCUyOS5nZXRNb250aCUyOCUyOSUyOSUyMCUyQiUyMDEyJTIwJTJCJTIwJTI3JTIwbWVzZXMlMjclMjklMEElMjAlMjAlMjAlMjBqUXVlcnklMjglMjclMjNkZWFkbGluZUJhciUyNyUyOS5yZW1vdmVDbGFzcyUyOCUyN2hpZGRlbiUyNyUyOSUzQiUyMCUwQSUyMCUyMCUyMCUyMCU3RCUwQSU3RCUyOSUzQiUyMCUwQSUzQyUyRnNjcmlwdCUzRQ==[\/vc_raw_js][\/vc_column][\/vc_row][vc_row][vc_column][vc_raw_html]JTNDc3R5bGUlM0UlMEElMjNkZWFkbGluZUJhciU3QiUwQSUyMCUyMCUyMCUyMGJhY2tncm91bmQlM0ElMjNmMTg4MDUlM0IlMEElMjAlMjAlMjAlMjBwYWRkaW5nJTNBJTIwMjBweCUzQiUwQSUyMCUyMCUyMCUyMHRleHQtYWxpZ24lM0ElMjBjZW50ZXIlM0IlMEElN0QlMEElMjNkZWFkbGluZUJhciUyMC52Y19jb2x1bW4taW5uZXIlMjAlN0IlMEElMjAlMjAlMjAlMjBwYWRkaW5nLXRvcCUzQSUyMDAlM0IlMEElN0QlMEElMjNkZWFkbGluZUJhciUyMGgzJTdCJTBBJTIwJTIwJTIwJTIwY29sb3IlM0ElMjAlMjNmZmYlM0IlMEElMjAlMjAlMjAlMjBkaXNwbGF5JTNBJTIwaW5saW5lLWJsb2NrJTNCJTBBJTIwJTIwJTIwJTIwbWFyZ2luJTNBJTIwMCUzQiUwQSUyMCUyMCUyMCUyMGZvbnQtd2VpZ2h0JTNBJTIwNDAwJTNCJTBBJTdEJTBBJTBBJTNDJTJGc3R5bGUlM0U=[\/vc_raw_html][\/vc_column][\/vc_row]\r\n<\/div><\/div>[\/vc_column][\/vc_row][vc_section el_id=&#8221;section-app&#8221;][vc_row el_class=&#8221;tile-box&#8221;][vc_column][vc_column_text]\n<h2 class=\"page-header\">Registro <span class=\"renewal-text hidden\">e Renova\u00e7\u00e3o<\/span> de Estabelecimento de Medicamentos na FDA<\/h2>\n<p class=\"page-text\">Propriet\u00e1rios ou operadores de todos os estabelecimentos farmac\u00eauticos dos Estados Unidos e estrangeiros que est\u00e3o envolvidos na fabrica\u00e7\u00e3o, prepara\u00e7\u00e3o, propaga\u00e7\u00e3o, composi\u00e7\u00e3o ou processamento de medicamentos devem registrar seu estabelecimento de medicamentos e listar seus produtos farmac\u00eauticos junto \u00e0 Administra\u00e7\u00e3o de Alimentos e Medicamentos nos Estados Unidos (FDA).<\/p>\n<p class=\"page-text\">A Registrar Corp pode ajudar as empresas a atender aos requisitos de registro de estabelecimento e listagem de medicamentos perante a FDA dos Estados Unidos de forma r\u00e1pida e adequada. Basta preencher o formul\u00e1rio abaixo para iniciar o seu registro de estabelecimento de medicamentos na FDA.<\/p>\n[\/vc_column_text][vc_raw_html]JTNDZGl2JTIwY2xhc3MlM0QlMjJwcm9ncmVzcy1jb250YWluZXIlMjBoaWRkZW4lMjIlM0UlM0NkaXYlMjBjbGFzcyUzRCUyMnByb2dyZXNzLWJhciUyMiUzRSUzQyUyRmRpdiUzRSUzQyUyRmRpdiUzRQ==[\/vc_raw_html][vc_raw_html]JTVCZ3Jhdml0eWZvcm0lMjBpZCUzRCUyMjglMjIlMjB0aXRsZSUzRCUyMmZhbHNlJTIyJTIwZGVzY3JpcHRpb24lM0QlMjJmYWxzZSUyMiUyMGFqYXglM0QlMjJ0cnVlJTIyJTIwZmllbGRfdmFsdWVzJTNEJTIyaW5kdXN0cnlfdHlwZSUzRERydWdzJTI2Zmxvd190eXBlJTNEZHJ1ZyUyMiU1RCUwQSUzQ3NjcmlwdCUyMHNyYyUzRCUyMiUyRndwLWNvbnRlbnQlMkZ0aGVtZXMlMkZnZW5lc2lzLXNhbXBsZSUyRmphdmFzY3JpcHRzJTJGY291bnRyeVN0YXRlRGF0YS5qcyUyMiUzRSUzQyUyRnNjcmlwdCUzRSUwQSUzQ3NjcmlwdCUyMHNyYyUzRCUyMiUyRndwLWNvbnRlbnQlMkZ0aGVtZXMlMkZnZW5lc2lzLXNhbXBsZSUyRmphdmFzY3JpcHRzJTJGY29ycERlc2lnbmF0aW9uRGF0YS5qcyUyMiUzRSUzQyUyRnNjcmlwdCUzRSUwQSUzQ3NjcmlwdCUyMHNyYyUzRCUyMiUyRndwLWNvbnRlbnQlMkZ0aGVtZXMlMkZnZW5lc2lzLXNhbXBsZSUyRmphdmFzY3JpcHRzJTJGYWdyZWVtZW50cy5qcyUyMiUzRSUzQyUyRnNjcmlwdCUzRSUwQSUzQ3NjcmlwdCUyMHNyYyUzRCUyMiUyRndwLWNvbnRlbnQlMkZ0aGVtZXMlMkZnZW5lc2lzLXNhbXBsZSUyRmphdmFzY3JpcHRzJTJGZmRhcmVnLmpzJTIyJTNFJTNDJTJGc2NyaXB0JTNFJTBBJTNDYSUyMGNsYXNzJTNEJTIyaGlkZGVuJTIyJTIwaWQlM0QlMjJhZ3JlZW1lbnQtYnV0dG9uJTIyJTIwaHJlZiUzRCUyMiUyM2FncmVlbWVudC1tb2RhbCUyMiUzRSUzQyUyRmElM0UlMEElM0NhJTIwY2xhc3MlM0QlMjJoaWRkZW4lMjIlMjBpZCUzRCUyMnZhbHVlLWJ1dHRvbiUyMiUyMGhyZWYlM0QlMjIlMjN2YWx1ZS1tb2RhbCUyMiUzRSUzQyUyRmElM0UlMEE=[\/vc_raw_html]<div id=\"mpc-modal-41005-0\" class=\"mpc-modal-overlay\" data-id=\"mpc_modal-5669d789769e3c8\" data-position=\"middle-center\" data-frequency=\"onclick\" data-target-id=\"value-modal\"><div class=\"mpc-modal mpc-init \"><div class=\"mpc-modal__close\"><div data-id=\"mpc_icon-5469d789769e413\" class=\"mpc-icon mpc-init mpc-transition mpc-effect-none mpc-icon-hover \"><div class=\"mpc-icon-wrap\"><i class=\"mpc-icon-part mpc-regular mpc-transition  fa fa-close\"><\/i><i class=\"mpc-icon-part mpc-hover mpc-transition  fa fa-close\"><\/i><\/div><\/div><\/div><div class=\"mpc-modal__content\">[vc_row_inner][vc_column_inner][vc_raw_html]JTNDZGl2JTIwaWQlM0QlMjJ2YWx1ZS1zdW1tYXJ5JTIyJTNFJTNDJTJGZGl2JTNF[\/vc_raw_html][\/vc_column_inner][\/vc_row_inner]<\/div><\/div><\/div><div class=\"mpc-modal-waypoint mpc-waypoint\" data-id=\"mpc-modal-41005-0\"><\/div><div id=\"mpc-modal-41005-1\" class=\"mpc-modal-overlay\" data-id=\"mpc_modal-5869d789769e4ae\" data-position=\"middle-center\" data-frequency=\"onclick\" data-target-id=\"agreement-modal\"><div class=\"mpc-modal mpc-init \"><div class=\"mpc-modal__close\"><div data-id=\"mpc_icon-2169d789769e4d8\" class=\"mpc-icon mpc-init mpc-transition mpc-effect-none mpc-icon-hover \"><div class=\"mpc-icon-wrap\"><i class=\"mpc-icon-part mpc-regular mpc-transition  fa fa-close\"><\/i><i class=\"mpc-icon-part mpc-hover mpc-transition  fa fa-close\"><\/i><\/div><\/div><\/div><div class=\"mpc-modal__content\">[vc_row_inner][vc_column_inner][vc_raw_html]JTNDZGl2JTIwaWQlM0QlMjJhZ3JlZW1lbnQlMjIlM0UlM0MlMkZkaXYlM0U=[\/vc_raw_html][\/vc_column_inner][\/vc_row_inner]<\/div><\/div><\/div><div class=\"mpc-modal-waypoint mpc-waypoint\" data-id=\"mpc-modal-41005-1\"><\/div>[\/vc_column][\/vc_row][\/vc_section][vc_row][vc_column][vc_raw_js]JTNDc2NyaXB0JTNFJTIwJTBBdmFyJTIwcmVuZXdhbFN0YXR1cyUyMCUzRCUyMGdsb2JhbERhdGEuZ2V0UmVuZXdhbFN0YXR1cyUyOCUyOSUzQiUwQWlmJTI4cmVuZXdhbFN0YXR1cy5pc1JlbmV3YWxQZXJpb2QlMjklN0IlMEElMjAlMjAlMjAlMjBqUXVlcnklMjglMjcucGFnZS1oZWFkZXIlMjAucmVuZXdhbC10ZXh0JTI3JTI5LnJlbW92ZUNsYXNzJTI4JTI3aGlkZGVuJTI3JTI5JTNCJTBBJTdEJTIwZWxzZSU3QiUwQSUyMCUyMCUyMCUyMGpRdWVyeSUyOCUyNy5wYWdlLWhlYWRlciUyMC5yZW5ld2FsLXRleHQlMjclMjkucmVtb3ZlJTI4JTI5JTNCJTBBJTdEJTIwJTNDJTJGc2NyaXB0JTNF[\/vc_raw_js][\/vc_column][\/vc_row]\n<\/div>","protected":false},"excerpt":{"rendered":"<p>[vc_row el_id=&#8221;deadlineBar&#8221; el_class=&#8221;hidden&#8221;][vc_column][\/vc_column][\/vc_row][vc_section el_id=&#8221;section-app&#8221;][vc_row el_class=&#8221;tile-box&#8221;][vc_column][vc_column_text] Registro e Renova\u00e7\u00e3o de Estabelecimento de Medicamentos na FDA Propriet\u00e1rios ou operadores de todos os estabelecimentos farmac\u00eauticos dos Estados Unidos e estrangeiros que est\u00e3o envolvidos na fabrica\u00e7\u00e3o, prepara\u00e7\u00e3o, propaga\u00e7\u00e3o, composi\u00e7\u00e3o ou processamento de medicamentos devem registrar seu estabelecimento de medicamentos e listar seus produtos farmac\u00eauticos junto \u00e0 Administra\u00e7\u00e3o de Alimentos<\/p>\n","protected":false},"author":30,"featured_media":39535,"parent":41339,"menu_order":0,"comment_status":"closed","ping_status":"closed","template":"full-width-page.php","meta":{"content-type":"","om_disable_all_campaigns":false,"inline_featured_image":false,"_genesis_hide_title":false,"_genesis_hide_breadcrumbs":false,"_genesis_hide_singular_image":false,"_genesis_hide_footer_widgets":false,"_genesis_custom_body_class":"fda-registration-page","_genesis_custom_post_class":"","_genesis_layout":"","footnotes":""},"class_list":{"0":"post-41005","1":"page","2":"type-page","3":"status-publish","4":"has-post-thumbnail","6":"entry"},"yoast_head":"<!-- This site is optimized with the Yoast SEO Premium plugin v20.9 (Yoast SEO v25.5) - https:\/\/yoast.com\/wordpress\/plugins\/seo\/ -->\n<title>Registro de Estabelecimento de Medicamentos na FDA - Registrar<\/title>\n<meta name=\"robots\" content=\"noindex, follow, max-snippet:-1, max-image-preview:large, max-video-preview:-1\" \/>\n<meta property=\"og:locale\" content=\"pt_PT\" \/>\n<meta property=\"og:type\" content=\"article\" \/>\n<meta property=\"og:title\" content=\"Registro de Estabelecimento de Medicamentos na FDA\" \/>\n<meta property=\"og:description\" content=\"[vc_row el_id=&#8221;deadlineBar&#8221; el_class=&#8221;hidden&#8221;][vc_column][\/vc_column][\/vc_row][vc_section el_id=&#8221;section-app&#8221;][vc_row el_class=&#8221;tile-box&#8221;][vc_column][vc_column_text] Registro e Renova\u00e7\u00e3o de Estabelecimento de Medicamentos na FDA Propriet\u00e1rios ou operadores de todos os estabelecimentos farmac\u00eauticos dos Estados Unidos e estrangeiros que est\u00e3o envolvidos na fabrica\u00e7\u00e3o, prepara\u00e7\u00e3o, propaga\u00e7\u00e3o, composi\u00e7\u00e3o ou processamento de medicamentos devem registrar seu estabelecimento de medicamentos e listar seus produtos farmac\u00eauticos junto \u00e0 Administra\u00e7\u00e3o de Alimentos\" \/>\n<meta property=\"og:url\" content=\"https:\/\/legacy.registrarcorp.com\/pt\/fda-drugs\/registration\/\" \/>\n<meta property=\"og:site_name\" content=\"Registrar\" \/>\n<meta property=\"article:modified_time\" content=\"2021-07-06T13:43:07+00:00\" \/>\n<meta property=\"og:image\" content=\"https:\/\/legacy.registrarcorp.com\/wp-content\/uploads\/2019\/08\/press_release.jpg\" \/>\n\t<meta property=\"og:image:width\" content=\"1650\" \/>\n\t<meta property=\"og:image:height\" content=\"500\" \/>\n\t<meta property=\"og:image:type\" content=\"image\/jpeg\" \/>\n<meta name=\"twitter:card\" content=\"summary_large_image\" \/>\n<meta name=\"twitter:label1\" content=\"Est. reading time\" \/>\n\t<meta name=\"twitter:data1\" content=\"2 minutes\" \/>\n<script type=\"application\/ld+json\" class=\"yoast-schema-graph\">{\"@context\":\"https:\/\/schema.org\",\"@graph\":[{\"@type\":\"WebPage\",\"@id\":\"https:\/\/legacy.registrarcorp.com\/pt\/fda-drugs\/registration\/\",\"url\":\"https:\/\/legacy.registrarcorp.com\/pt\/fda-drugs\/registration\/\",\"name\":\"Registro de Estabelecimento de Medicamentos na FDA - Registrar\",\"isPartOf\":{\"@id\":\"https:\/\/legacy.registrarcorp.com\/pt\/#website\"},\"primaryImageOfPage\":{\"@id\":\"https:\/\/legacy.registrarcorp.com\/pt\/fda-drugs\/registration\/#primaryimage\"},\"image\":{\"@id\":\"https:\/\/legacy.registrarcorp.com\/pt\/fda-drugs\/registration\/#primaryimage\"},\"thumbnailUrl\":\"https:\/\/legacy.registrarcorp.com\/wp-content\/uploads\/2019\/08\/press_release.jpg\",\"datePublished\":\"2020-01-14T15:56:02+00:00\",\"dateModified\":\"2021-07-06T13:43:07+00:00\",\"breadcrumb\":{\"@id\":\"https:\/\/legacy.registrarcorp.com\/pt\/fda-drugs\/registration\/#breadcrumb\"},\"inLanguage\":\"pt\",\"potentialAction\":[{\"@type\":\"ReadAction\",\"target\":[\"https:\/\/legacy.registrarcorp.com\/pt\/fda-drugs\/registration\/\"]}]},{\"@type\":\"ImageObject\",\"inLanguage\":\"pt\",\"@id\":\"https:\/\/legacy.registrarcorp.com\/pt\/fda-drugs\/registration\/#primaryimage\",\"url\":\"https:\/\/legacy.registrarcorp.com\/wp-content\/uploads\/2019\/08\/press_release.jpg\",\"contentUrl\":\"https:\/\/legacy.registrarcorp.com\/wp-content\/uploads\/2019\/08\/press_release.jpg\",\"width\":1650,\"height\":500},{\"@type\":\"BreadcrumbList\",\"@id\":\"https:\/\/legacy.registrarcorp.com\/pt\/fda-drugs\/registration\/#breadcrumb\",\"itemListElement\":[{\"@type\":\"ListItem\",\"position\":1,\"name\":\"Home\",\"item\":\"https:\/\/legacy.registrarcorp.com\/pt\/\"},{\"@type\":\"ListItem\",\"position\":2,\"name\":\"Medicamentos\",\"item\":\"https:\/\/legacy.registrarcorp.com\/pt\/fda-drugs\/\"},{\"@type\":\"ListItem\",\"position\":3,\"name\":\"Registro de Estabelecimento de Medicamentos na FDA\"}]},{\"@type\":\"WebSite\",\"@id\":\"https:\/\/legacy.registrarcorp.com\/pt\/#website\",\"url\":\"https:\/\/legacy.registrarcorp.com\/pt\/\",\"name\":\"Registrar\",\"description\":\"Assistance with U.S. FDA Regulations\",\"publisher\":{\"@id\":\"https:\/\/legacy.registrarcorp.com\/pt\/#organization\"},\"potentialAction\":[{\"@type\":\"SearchAction\",\"target\":{\"@type\":\"EntryPoint\",\"urlTemplate\":\"https:\/\/legacy.registrarcorp.com\/pt\/?s={search_term_string}\"},\"query-input\":{\"@type\":\"PropertyValueSpecification\",\"valueRequired\":true,\"valueName\":\"search_term_string\"}}],\"inLanguage\":\"pt\"},{\"@type\":\"Organization\",\"@id\":\"https:\/\/legacy.registrarcorp.com\/pt\/#organization\",\"name\":\"Registrar Corp\",\"url\":\"https:\/\/legacy.registrarcorp.com\/pt\/\",\"logo\":{\"@type\":\"ImageObject\",\"inLanguage\":\"pt\",\"@id\":\"https:\/\/legacy.registrarcorp.com\/pt\/#\/schema\/logo\/image\/\",\"url\":\"https:\/\/legacy.registrarcorp.com\/wp-content\/uploads\/2019\/12\/regcorp_logo.png\",\"contentUrl\":\"https:\/\/legacy.registrarcorp.com\/wp-content\/uploads\/2019\/12\/regcorp_logo.png\",\"width\":1326,\"height\":330,\"caption\":\"Registrar Corp\"},\"image\":{\"@id\":\"https:\/\/legacy.registrarcorp.com\/pt\/#\/schema\/logo\/image\/\"}}]}<\/script>\n<!-- \/ Yoast SEO Premium plugin. -->","yoast_head_json":{"title":"Registro de Estabelecimento de Medicamentos na FDA - Registrar","robots":{"index":"noindex","follow":"follow","max-snippet":"max-snippet:-1","max-image-preview":"max-image-preview:large","max-video-preview":"max-video-preview:-1"},"og_locale":"pt_PT","og_type":"article","og_title":"Registro de Estabelecimento de Medicamentos na FDA","og_description":"[vc_row el_id=&#8221;deadlineBar&#8221; el_class=&#8221;hidden&#8221;][vc_column][\/vc_column][\/vc_row][vc_section el_id=&#8221;section-app&#8221;][vc_row el_class=&#8221;tile-box&#8221;][vc_column][vc_column_text] Registro e Renova\u00e7\u00e3o de Estabelecimento de Medicamentos na FDA Propriet\u00e1rios ou operadores de todos os estabelecimentos farmac\u00eauticos dos Estados Unidos e estrangeiros que est\u00e3o envolvidos na fabrica\u00e7\u00e3o, prepara\u00e7\u00e3o, propaga\u00e7\u00e3o, composi\u00e7\u00e3o ou processamento de medicamentos devem registrar seu estabelecimento de medicamentos e listar seus produtos farmac\u00eauticos junto \u00e0 Administra\u00e7\u00e3o de Alimentos","og_url":"https:\/\/legacy.registrarcorp.com\/pt\/fda-drugs\/registration\/","og_site_name":"Registrar","article_modified_time":"2021-07-06T13:43:07+00:00","og_image":[{"width":1650,"height":500,"url":"https:\/\/legacy.registrarcorp.com\/wp-content\/uploads\/2019\/08\/press_release.jpg","type":"image\/jpeg"}],"twitter_card":"summary_large_image","twitter_misc":{"Est. reading time":"2 minutes"},"schema":{"@context":"https:\/\/schema.org","@graph":[{"@type":"WebPage","@id":"https:\/\/legacy.registrarcorp.com\/pt\/fda-drugs\/registration\/","url":"https:\/\/legacy.registrarcorp.com\/pt\/fda-drugs\/registration\/","name":"Registro de Estabelecimento de Medicamentos na FDA - Registrar","isPartOf":{"@id":"https:\/\/legacy.registrarcorp.com\/pt\/#website"},"primaryImageOfPage":{"@id":"https:\/\/legacy.registrarcorp.com\/pt\/fda-drugs\/registration\/#primaryimage"},"image":{"@id":"https:\/\/legacy.registrarcorp.com\/pt\/fda-drugs\/registration\/#primaryimage"},"thumbnailUrl":"https:\/\/legacy.registrarcorp.com\/wp-content\/uploads\/2019\/08\/press_release.jpg","datePublished":"2020-01-14T15:56:02+00:00","dateModified":"2021-07-06T13:43:07+00:00","breadcrumb":{"@id":"https:\/\/legacy.registrarcorp.com\/pt\/fda-drugs\/registration\/#breadcrumb"},"inLanguage":"pt","potentialAction":[{"@type":"ReadAction","target":["https:\/\/legacy.registrarcorp.com\/pt\/fda-drugs\/registration\/"]}]},{"@type":"ImageObject","inLanguage":"pt","@id":"https:\/\/legacy.registrarcorp.com\/pt\/fda-drugs\/registration\/#primaryimage","url":"https:\/\/legacy.registrarcorp.com\/wp-content\/uploads\/2019\/08\/press_release.jpg","contentUrl":"https:\/\/legacy.registrarcorp.com\/wp-content\/uploads\/2019\/08\/press_release.jpg","width":1650,"height":500},{"@type":"BreadcrumbList","@id":"https:\/\/legacy.registrarcorp.com\/pt\/fda-drugs\/registration\/#breadcrumb","itemListElement":[{"@type":"ListItem","position":1,"name":"Home","item":"https:\/\/legacy.registrarcorp.com\/pt\/"},{"@type":"ListItem","position":2,"name":"Medicamentos","item":"https:\/\/legacy.registrarcorp.com\/pt\/fda-drugs\/"},{"@type":"ListItem","position":3,"name":"Registro de Estabelecimento de Medicamentos na FDA"}]},{"@type":"WebSite","@id":"https:\/\/legacy.registrarcorp.com\/pt\/#website","url":"https:\/\/legacy.registrarcorp.com\/pt\/","name":"Registrar","description":"Assistance with U.S. FDA Regulations","publisher":{"@id":"https:\/\/legacy.registrarcorp.com\/pt\/#organization"},"potentialAction":[{"@type":"SearchAction","target":{"@type":"EntryPoint","urlTemplate":"https:\/\/legacy.registrarcorp.com\/pt\/?s={search_term_string}"},"query-input":{"@type":"PropertyValueSpecification","valueRequired":true,"valueName":"search_term_string"}}],"inLanguage":"pt"},{"@type":"Organization","@id":"https:\/\/legacy.registrarcorp.com\/pt\/#organization","name":"Registrar Corp","url":"https:\/\/legacy.registrarcorp.com\/pt\/","logo":{"@type":"ImageObject","inLanguage":"pt","@id":"https:\/\/legacy.registrarcorp.com\/pt\/#\/schema\/logo\/image\/","url":"https:\/\/legacy.registrarcorp.com\/wp-content\/uploads\/2019\/12\/regcorp_logo.png","contentUrl":"https:\/\/legacy.registrarcorp.com\/wp-content\/uploads\/2019\/12\/regcorp_logo.png","width":1326,"height":330,"caption":"Registrar Corp"},"image":{"@id":"https:\/\/legacy.registrarcorp.com\/pt\/#\/schema\/logo\/image\/"}}]}},"_links":{"self":[{"href":"https:\/\/legacy.registrarcorp.com\/pt\/wp-json\/wp\/v2\/pages\/41005","targetHints":{"allow":["GET"]}}],"collection":[{"href":"https:\/\/legacy.registrarcorp.com\/pt\/wp-json\/wp\/v2\/pages"}],"about":[{"href":"https:\/\/legacy.registrarcorp.com\/pt\/wp-json\/wp\/v2\/types\/page"}],"author":[{"embeddable":true,"href":"https:\/\/legacy.registrarcorp.com\/pt\/wp-json\/wp\/v2\/users\/30"}],"replies":[{"embeddable":true,"href":"https:\/\/legacy.registrarcorp.com\/pt\/wp-json\/wp\/v2\/comments?post=41005"}],"version-history":[{"count":0,"href":"https:\/\/legacy.registrarcorp.com\/pt\/wp-json\/wp\/v2\/pages\/41005\/revisions"}],"up":[{"embeddable":true,"href":"https:\/\/legacy.registrarcorp.com\/pt\/wp-json\/wp\/v2\/pages\/41339"}],"wp:featuredmedia":[{"embeddable":true,"href":"https:\/\/legacy.registrarcorp.com\/pt\/wp-json\/wp\/v2\/media\/39535"}],"wp:attachment":[{"href":"https:\/\/legacy.registrarcorp.com\/pt\/wp-json\/wp\/v2\/media?parent=41005"}],"curies":[{"name":"wp","href":"https:\/\/api.w.org\/{rel}","templated":true}]}}