{"id":40568,"date":"2020-01-24T17:45:35","date_gmt":"2020-01-24T17:45:35","guid":{"rendered":"https:\/\/regstaging.wpengine.com\/fda-labeling\/"},"modified":"2020-02-06T16:53:21","modified_gmt":"2020-02-06T16:53:21","slug":"fda-labeling","status":"publish","type":"page","link":"https:\/\/legacy.registrarcorp.com\/pt\/fda-labeling\/","title":{"rendered":"Requisitos de Rotulagem da FDA"},"content":{"rendered":"<div class=\"wpb-content-wrapper\">[vc_row][vc_column][vc_row_inner][vc_column_inner][vc_column_text]\n<h2>Requisitos de Rotulagem da FDA<\/h2>\n[\/vc_column_text][\/vc_column_inner][\/vc_row_inner][vc_row_inner css=&#8221;.vc_custom_1579889067705{margin-bottom: 20px !important;}&#8221;][vc_column_inner][vc_column_text]\n<p>A Food and Drug Administration (FDA) dos EUA define \u201crotulagem\u201d como \u201ctodos os r\u00f3tulos e outros assuntos escritos, impressos ou gr\u00e1ficos (1) sobre qualquer artigo ou qualquer um de seus cont\u00eaineres ou embalagens, ou (2) acompanhando tal artigo\u201d. Isso pode incluir embalagens, instru\u00e7\u00f5es, inser\u00e7\u00f5es de produtos, sites e outros materiais promocionais.<\/p>\n<p>Os erros de rotulagem resultam em mais do 22% de todas as deten\u00e7\u00f5es nos Estados Unidos. Registrar Corp pode rever sua etiqueta para conformidade com os regulamentos da FDA. Al\u00e9m de um relat\u00f3rio de altera\u00e7\u00f5es recomendadas, voc\u00ea receber\u00e1 um arquivo gr\u00e1fico pronto para impress\u00e3o do seu r\u00f3tulo revisado.<\/p>\n[\/vc_column_text][\/vc_column_inner][\/vc_row_inner][\/vc_column][\/vc_row][vc_row][vc_column][vc_row_inner el_class=&#8221;tile-box&#8221;][vc_column_inner][vc_column_text]\n<h3 class=\"uk-panel-title\">Revis\u00e3o de Rotulagem e Ingredientes para Alimentos, Bebidas e Suplementos Diet\u00e9ticos<\/h3>\n<p>Em 2016, a FDA finalizou mudan\u00e7as significativas na rotulagem de alimentos, bebidas e suplementos, incluindo atualiza\u00e7\u00f5es de valores di\u00e1rios, tamanhos de por\u00e7\u00e3o, gr\u00e1ficos de informa\u00e7\u00f5es nutricionais e muito mais. As atualiza\u00e7\u00f5es nos valores di\u00e1rios podem afetar as declara\u00e7\u00f5es de nutrientes, como \u201calto teor de fibras\u201d, que um r\u00f3tulo pode suportar. O prazo de cumprimento da FDA para essas regras \u00e9 1\u00ba de janeiro de 2020 (ou 1\u00ba de janeiro de 2021 para fabricantes com menos de 10 milh\u00f5es em vendas anuais). Registrar Corp pode atualizar sua rotulagem de alimentos para conformidade com os novos regulamentos da FDA.[\/vc_column_text][\/vc_column_inner][\/vc_row_inner][vc_row_inner el_class=&#8221;row-content-center tile-box&#8221;][vc_column_inner]<a href=\"\/pt\/fda-food\/labeling\" title=\"\"  data-id=\"mpc_button-396a071f70528d5\" class=\"mpc-button mpc-init mpc-transition btn btn-red-white\" ><div class=\"mpc-button__content mpc-effect-type--none mpc-effect-side--none\"><span class=\"mpc-button__title mpc-transition\">Obter Assist\u00eancia<\/span><\/div><div class=\"mpc-button__background mpc-transition mpc-effect-type--fade mpc-effect-side--in\"><\/div><\/a>[\/vc_column_inner][\/vc_row_inner][\/vc_column][\/vc_row][vc_row][vc_column offset=&#8221;vc_col-lg-6&#8243;][vc_row_inner el_class=&#8221;tile-box&#8221;][vc_column_inner][vc_column_text]\n<h3 class=\"uk-panel-title\">Rotulagem de Dispositivos M\u00e9dicos e An\u00e1lises de Produtos<\/h3>\n<p>A FDA pode exigir que o r\u00f3tulo do seu dispositivo inclua instru\u00e7\u00f5es adequadas de uso, instru\u00e7\u00f5es de servi\u00e7o, declara\u00e7\u00f5es de avisos ou informa\u00e7\u00f5es que possam ser necess\u00e1rias para a prote\u00e7\u00e3o dos usu\u00e1rios. Registrar Corp pode rever a rotulagem do seu dispositivo para conformidade com os regulamentos da FDA.[\/vc_column_text][\/vc_column_inner][\/vc_row_inner][vc_row_inner el_class=&#8221;row-content-center tile-box&#8221;][vc_column_inner]<a href=\"\/pt\/fda-medical-devices\/labeling\" title=\"\"  data-id=\"mpc_button-686a071f705299a\" class=\"mpc-button mpc-init mpc-transition btn btn-red-white\" ><div class=\"mpc-button__content mpc-effect-type--none mpc-effect-side--none\"><span class=\"mpc-button__title mpc-transition\">Obter Assist\u00eancia<\/span><\/div><div class=\"mpc-button__background mpc-transition mpc-effect-type--fade mpc-effect-side--in\"><\/div><\/a>[\/vc_column_inner][\/vc_row_inner][\/vc_column][vc_column offset=&#8221;vc_col-lg-6&#8243;][vc_row_inner el_class=&#8221;tile-box&#8221;][vc_column_inner][vc_column_text]\n<h3 class=\"uk-panel-title\">Revis\u00f5es de Ingredientes e Rotulagem de Medicamentos<\/h3>\n<p>Entre outros aspectos, a FDA exige que os r\u00f3tulos de medicamentos de venda livre listem ingredientes ativos, usos de drogas, advert\u00eancias espec\u00edficas e instru\u00e7\u00f5es de dosagem. Registrar Corp pode rever a rotulagem do seu medicamento para conformidade com os regulamentos da FDA dos EUA.[\/vc_column_text][\/vc_column_inner][\/vc_row_inner][vc_row_inner el_class=&#8221;row-content-center tile-box&#8221;][vc_column_inner]<a href=\"\/pt\/fda-drugs\/labeling\" title=\"\"  data-id=\"mpc_button-386a071f70529f0\" class=\"mpc-button mpc-init mpc-transition btn btn-red-white\" ><div class=\"mpc-button__content mpc-effect-type--none mpc-effect-side--none\"><span class=\"mpc-button__title mpc-transition\">Obter Assist\u00eancia<\/span><\/div><div class=\"mpc-button__background mpc-transition mpc-effect-type--fade mpc-effect-side--in\"><\/div><\/a>[\/vc_column_inner][\/vc_row_inner][\/vc_column][vc_column][vc_row_inner el_class=&#8221;tile-box&#8221;][vc_column_inner][vc_column_text]\n<h3 class=\"uk-panel-title\">Revis\u00e3o de Ingredientes e Rotulagem de Cosm\u00e9ticos<\/h3>\n<p>O FFDCA pro\u00edbe a distribui\u00e7\u00e3o de produtos cosm\u00e9ticos com etiquetado incorreto (misbranded). Um produto cosm\u00e9tico \u00e9 considerado \u201cmisbranded\u201d se suas declara\u00e7\u00f5es de rotulagem forem falsas ou enganosas, se n\u00e3o contiverem as informa\u00e7\u00f5es necess\u00e1rias ou se o recipiente for fabricado ou preenchido de maneira enganosa. Registrar Corp pode rever a rotulagem do seu cosm\u00e9tico para conformidade com os regulamentos da FDA.[\/vc_column_text][\/vc_column_inner][\/vc_row_inner][vc_row_inner el_class=&#8221;row-content-center tile-box&#8221;][vc_column_inner]<a href=\"\/pt\/fda-cosmetics\/labeling\" title=\"\"  data-id=\"mpc_button-356a071f7052a31\" class=\"mpc-button mpc-init mpc-transition btn btn-red-white\" ><div class=\"mpc-button__content mpc-effect-type--none mpc-effect-side--none\"><span class=\"mpc-button__title mpc-transition\">Obter Assist\u00eancia<\/span><\/div><div class=\"mpc-button__background mpc-transition mpc-effect-type--fade mpc-effect-side--in\"><\/div><\/a>[\/vc_column_inner][\/vc_row_inner][\/vc_column][\/vc_row]\n<\/div>","protected":false},"excerpt":{"rendered":"<p>[vc_row][vc_column][vc_row_inner][vc_column_inner][vc_column_text] Requisitos de Rotulagem da FDA [\/vc_column_text][\/vc_column_inner][\/vc_row_inner][vc_row_inner css=&#8221;.vc_custom_1579889067705{margin-bottom: 20px !important;}&#8221;][vc_column_inner][vc_column_text] A Food and Drug Administration (FDA) dos EUA define \u201crotulagem\u201d como \u201ctodos os r\u00f3tulos e outros assuntos escritos, impressos ou gr\u00e1ficos (1) sobre qualquer artigo ou qualquer um de seus cont\u00eaineres ou embalagens, ou (2) acompanhando tal artigo\u201d. Isso pode incluir embalagens, instru\u00e7\u00f5es, inser\u00e7\u00f5es de<\/p>\n","protected":false},"author":30,"featured_media":39535,"parent":0,"menu_order":0,"comment_status":"closed","ping_status":"closed","template":"right-sidebar-page.php","meta":{"content-type":"","om_disable_all_campaigns":false,"inline_featured_image":false,"_genesis_hide_title":false,"_genesis_hide_breadcrumbs":false,"_genesis_hide_singular_image":false,"_genesis_hide_footer_widgets":false,"_genesis_custom_body_class":"","_genesis_custom_post_class":"","_genesis_layout":"","footnotes":""},"class_list":{"0":"post-40568","1":"page","2":"type-page","3":"status-publish","4":"has-post-thumbnail","6":"entry"},"yoast_head":"<!-- This site is optimized with the Yoast SEO Premium plugin v20.9 (Yoast SEO v25.5) - https:\/\/yoast.com\/wordpress\/plugins\/seo\/ -->\n<title>Requisitos de Rotulagem da FDA - Registrar<\/title>\n<meta name=\"robots\" content=\"noindex, follow, max-snippet:-1, max-image-preview:large, max-video-preview:-1\" \/>\n<meta property=\"og:locale\" content=\"pt_PT\" \/>\n<meta property=\"og:type\" content=\"article\" \/>\n<meta property=\"og:title\" content=\"Requisitos de Rotulagem da FDA\" \/>\n<meta property=\"og:description\" content=\"[vc_row][vc_column][vc_row_inner][vc_column_inner][vc_column_text] Requisitos de Rotulagem da FDA [\/vc_column_text][\/vc_column_inner][\/vc_row_inner][vc_row_inner css=&#8221;.vc_custom_1579889067705{margin-bottom: 20px !important;}&#8221;][vc_column_inner][vc_column_text] A Food and Drug Administration (FDA) dos EUA define \u201crotulagem\u201d como \u201ctodos os r\u00f3tulos e outros assuntos escritos, impressos ou gr\u00e1ficos (1) sobre qualquer artigo ou qualquer um de seus cont\u00eaineres ou embalagens, ou (2) acompanhando tal artigo\u201d. Isso pode incluir embalagens, instru\u00e7\u00f5es, inser\u00e7\u00f5es de\" \/>\n<meta property=\"og:url\" content=\"https:\/\/legacy.registrarcorp.com\/pt\/fda-labeling\/\" \/>\n<meta property=\"og:site_name\" content=\"Registrar\" \/>\n<meta property=\"article:modified_time\" content=\"2020-02-06T16:53:21+00:00\" \/>\n<meta property=\"og:image\" content=\"https:\/\/legacy.registrarcorp.com\/wp-content\/uploads\/2019\/08\/press_release.jpg\" \/>\n\t<meta property=\"og:image:width\" content=\"1650\" \/>\n\t<meta property=\"og:image:height\" content=\"500\" \/>\n\t<meta property=\"og:image:type\" content=\"image\/jpeg\" \/>\n<meta name=\"twitter:card\" content=\"summary_large_image\" \/>\n<meta name=\"twitter:label1\" content=\"Est. reading time\" \/>\n\t<meta name=\"twitter:data1\" content=\"4 minutes\" \/>\n<script type=\"application\/ld+json\" class=\"yoast-schema-graph\">{\"@context\":\"https:\/\/schema.org\",\"@graph\":[{\"@type\":\"WebPage\",\"@id\":\"https:\/\/legacy.registrarcorp.com\/pt\/fda-labeling\/\",\"url\":\"https:\/\/legacy.registrarcorp.com\/pt\/fda-labeling\/\",\"name\":\"Requisitos de Rotulagem da FDA - Registrar\",\"isPartOf\":{\"@id\":\"https:\/\/legacy.registrarcorp.com\/pt\/#website\"},\"primaryImageOfPage\":{\"@id\":\"https:\/\/legacy.registrarcorp.com\/pt\/fda-labeling\/#primaryimage\"},\"image\":{\"@id\":\"https:\/\/legacy.registrarcorp.com\/pt\/fda-labeling\/#primaryimage\"},\"thumbnailUrl\":\"https:\/\/legacy.registrarcorp.com\/wp-content\/uploads\/2019\/08\/press_release.jpg\",\"datePublished\":\"2020-01-24T17:45:35+00:00\",\"dateModified\":\"2020-02-06T16:53:21+00:00\",\"breadcrumb\":{\"@id\":\"https:\/\/legacy.registrarcorp.com\/pt\/fda-labeling\/#breadcrumb\"},\"inLanguage\":\"pt\",\"potentialAction\":[{\"@type\":\"ReadAction\",\"target\":[\"https:\/\/legacy.registrarcorp.com\/pt\/fda-labeling\/\"]}]},{\"@type\":\"ImageObject\",\"inLanguage\":\"pt\",\"@id\":\"https:\/\/legacy.registrarcorp.com\/pt\/fda-labeling\/#primaryimage\",\"url\":\"https:\/\/legacy.registrarcorp.com\/wp-content\/uploads\/2019\/08\/press_release.jpg\",\"contentUrl\":\"https:\/\/legacy.registrarcorp.com\/wp-content\/uploads\/2019\/08\/press_release.jpg\",\"width\":1650,\"height\":500},{\"@type\":\"BreadcrumbList\",\"@id\":\"https:\/\/legacy.registrarcorp.com\/pt\/fda-labeling\/#breadcrumb\",\"itemListElement\":[{\"@type\":\"ListItem\",\"position\":1,\"name\":\"Home\",\"item\":\"https:\/\/legacy.registrarcorp.com\/pt\/\"},{\"@type\":\"ListItem\",\"position\":2,\"name\":\"Requisitos de Rotulagem da FDA\"}]},{\"@type\":\"WebSite\",\"@id\":\"https:\/\/legacy.registrarcorp.com\/pt\/#website\",\"url\":\"https:\/\/legacy.registrarcorp.com\/pt\/\",\"name\":\"Registrar\",\"description\":\"Assistance with U.S. FDA Regulations\",\"publisher\":{\"@id\":\"https:\/\/legacy.registrarcorp.com\/pt\/#organization\"},\"potentialAction\":[{\"@type\":\"SearchAction\",\"target\":{\"@type\":\"EntryPoint\",\"urlTemplate\":\"https:\/\/legacy.registrarcorp.com\/pt\/?s={search_term_string}\"},\"query-input\":{\"@type\":\"PropertyValueSpecification\",\"valueRequired\":true,\"valueName\":\"search_term_string\"}}],\"inLanguage\":\"pt\"},{\"@type\":\"Organization\",\"@id\":\"https:\/\/legacy.registrarcorp.com\/pt\/#organization\",\"name\":\"Registrar Corp\",\"url\":\"https:\/\/legacy.registrarcorp.com\/pt\/\",\"logo\":{\"@type\":\"ImageObject\",\"inLanguage\":\"pt\",\"@id\":\"https:\/\/legacy.registrarcorp.com\/pt\/#\/schema\/logo\/image\/\",\"url\":\"https:\/\/legacy.registrarcorp.com\/wp-content\/uploads\/2019\/12\/regcorp_logo.png\",\"contentUrl\":\"https:\/\/legacy.registrarcorp.com\/wp-content\/uploads\/2019\/12\/regcorp_logo.png\",\"width\":1326,\"height\":330,\"caption\":\"Registrar Corp\"},\"image\":{\"@id\":\"https:\/\/legacy.registrarcorp.com\/pt\/#\/schema\/logo\/image\/\"}}]}<\/script>\n<!-- \/ Yoast SEO Premium plugin. -->","yoast_head_json":{"title":"Requisitos de Rotulagem da FDA - Registrar","robots":{"index":"noindex","follow":"follow","max-snippet":"max-snippet:-1","max-image-preview":"max-image-preview:large","max-video-preview":"max-video-preview:-1"},"og_locale":"pt_PT","og_type":"article","og_title":"Requisitos de Rotulagem da FDA","og_description":"[vc_row][vc_column][vc_row_inner][vc_column_inner][vc_column_text] Requisitos de Rotulagem da FDA [\/vc_column_text][\/vc_column_inner][\/vc_row_inner][vc_row_inner css=&#8221;.vc_custom_1579889067705{margin-bottom: 20px !important;}&#8221;][vc_column_inner][vc_column_text] A Food and Drug Administration (FDA) dos EUA define \u201crotulagem\u201d como \u201ctodos os r\u00f3tulos e outros assuntos escritos, impressos ou gr\u00e1ficos (1) sobre qualquer artigo ou qualquer um de seus cont\u00eaineres ou embalagens, ou (2) acompanhando tal artigo\u201d. Isso pode incluir embalagens, instru\u00e7\u00f5es, inser\u00e7\u00f5es de","og_url":"https:\/\/legacy.registrarcorp.com\/pt\/fda-labeling\/","og_site_name":"Registrar","article_modified_time":"2020-02-06T16:53:21+00:00","og_image":[{"width":1650,"height":500,"url":"https:\/\/legacy.registrarcorp.com\/wp-content\/uploads\/2019\/08\/press_release.jpg","type":"image\/jpeg"}],"twitter_card":"summary_large_image","twitter_misc":{"Est. reading time":"4 minutes"},"schema":{"@context":"https:\/\/schema.org","@graph":[{"@type":"WebPage","@id":"https:\/\/legacy.registrarcorp.com\/pt\/fda-labeling\/","url":"https:\/\/legacy.registrarcorp.com\/pt\/fda-labeling\/","name":"Requisitos de Rotulagem da FDA - Registrar","isPartOf":{"@id":"https:\/\/legacy.registrarcorp.com\/pt\/#website"},"primaryImageOfPage":{"@id":"https:\/\/legacy.registrarcorp.com\/pt\/fda-labeling\/#primaryimage"},"image":{"@id":"https:\/\/legacy.registrarcorp.com\/pt\/fda-labeling\/#primaryimage"},"thumbnailUrl":"https:\/\/legacy.registrarcorp.com\/wp-content\/uploads\/2019\/08\/press_release.jpg","datePublished":"2020-01-24T17:45:35+00:00","dateModified":"2020-02-06T16:53:21+00:00","breadcrumb":{"@id":"https:\/\/legacy.registrarcorp.com\/pt\/fda-labeling\/#breadcrumb"},"inLanguage":"pt","potentialAction":[{"@type":"ReadAction","target":["https:\/\/legacy.registrarcorp.com\/pt\/fda-labeling\/"]}]},{"@type":"ImageObject","inLanguage":"pt","@id":"https:\/\/legacy.registrarcorp.com\/pt\/fda-labeling\/#primaryimage","url":"https:\/\/legacy.registrarcorp.com\/wp-content\/uploads\/2019\/08\/press_release.jpg","contentUrl":"https:\/\/legacy.registrarcorp.com\/wp-content\/uploads\/2019\/08\/press_release.jpg","width":1650,"height":500},{"@type":"BreadcrumbList","@id":"https:\/\/legacy.registrarcorp.com\/pt\/fda-labeling\/#breadcrumb","itemListElement":[{"@type":"ListItem","position":1,"name":"Home","item":"https:\/\/legacy.registrarcorp.com\/pt\/"},{"@type":"ListItem","position":2,"name":"Requisitos de Rotulagem da FDA"}]},{"@type":"WebSite","@id":"https:\/\/legacy.registrarcorp.com\/pt\/#website","url":"https:\/\/legacy.registrarcorp.com\/pt\/","name":"Registrar","description":"Assistance with U.S. FDA Regulations","publisher":{"@id":"https:\/\/legacy.registrarcorp.com\/pt\/#organization"},"potentialAction":[{"@type":"SearchAction","target":{"@type":"EntryPoint","urlTemplate":"https:\/\/legacy.registrarcorp.com\/pt\/?s={search_term_string}"},"query-input":{"@type":"PropertyValueSpecification","valueRequired":true,"valueName":"search_term_string"}}],"inLanguage":"pt"},{"@type":"Organization","@id":"https:\/\/legacy.registrarcorp.com\/pt\/#organization","name":"Registrar Corp","url":"https:\/\/legacy.registrarcorp.com\/pt\/","logo":{"@type":"ImageObject","inLanguage":"pt","@id":"https:\/\/legacy.registrarcorp.com\/pt\/#\/schema\/logo\/image\/","url":"https:\/\/legacy.registrarcorp.com\/wp-content\/uploads\/2019\/12\/regcorp_logo.png","contentUrl":"https:\/\/legacy.registrarcorp.com\/wp-content\/uploads\/2019\/12\/regcorp_logo.png","width":1326,"height":330,"caption":"Registrar Corp"},"image":{"@id":"https:\/\/legacy.registrarcorp.com\/pt\/#\/schema\/logo\/image\/"}}]}},"_links":{"self":[{"href":"https:\/\/legacy.registrarcorp.com\/pt\/wp-json\/wp\/v2\/pages\/40568","targetHints":{"allow":["GET"]}}],"collection":[{"href":"https:\/\/legacy.registrarcorp.com\/pt\/wp-json\/wp\/v2\/pages"}],"about":[{"href":"https:\/\/legacy.registrarcorp.com\/pt\/wp-json\/wp\/v2\/types\/page"}],"author":[{"embeddable":true,"href":"https:\/\/legacy.registrarcorp.com\/pt\/wp-json\/wp\/v2\/users\/30"}],"replies":[{"embeddable":true,"href":"https:\/\/legacy.registrarcorp.com\/pt\/wp-json\/wp\/v2\/comments?post=40568"}],"version-history":[{"count":0,"href":"https:\/\/legacy.registrarcorp.com\/pt\/wp-json\/wp\/v2\/pages\/40568\/revisions"}],"wp:featuredmedia":[{"embeddable":true,"href":"https:\/\/legacy.registrarcorp.com\/pt\/wp-json\/wp\/v2\/media\/39535"}],"wp:attachment":[{"href":"https:\/\/legacy.registrarcorp.com\/pt\/wp-json\/wp\/v2\/media?parent=40568"}],"curies":[{"name":"wp","href":"https:\/\/api.w.org\/{rel}","templated":true}]}}