{"id":40476,"date":"2016-05-17T15:05:44","date_gmt":"2016-05-17T19:05:44","guid":{"rendered":"https:\/\/regstaging.wpengine.com\/fda-usda-food-regulations\/"},"modified":"2020-02-06T14:33:05","modified_gmt":"2020-02-06T14:33:05","slug":"fda-usda-food-regulations","status":"publish","type":"page","link":"https:\/\/legacy.registrarcorp.com\/pt\/resources\/fda-usda-food-regulations\/","title":{"rendered":"FDA e USDA: Quem regula o qu\u00ea?"},"content":{"rendered":"<div class=\"wpb-content-wrapper\">[vc_row el_id=&#8221;section-article&#8221;][vc_column][vc_row_inner][vc_column_inner][vc_column_text]\n<h2>FDA e USDA: Quem regula o qu\u00ea?<\/h2>\n[\/vc_column_text][\/vc_column_inner][\/vc_row_inner][vc_row_inner css=&#8221;.vc_custom_1579293243883{margin-top: 30px !important;margin-bottom: 30px !important;}&#8221;][vc_column_inner][vc_single_image image=&#8221;40477&#8243; img_size=&#8221;full&#8221;][\/vc_column_inner][\/vc_row_inner][vc_row_inner][vc_column_inner][vc_column_text]\n<p>Decifrar se a carne e os produtos de aves s\u00e3o regulados pela Food and Drug Administration (FDA) dos EUA ou pelo Departamento de Agricultura dos EUA (USDA) pode ser complicado. N\u00e3o \u00e9 t\u00e3o simples como perguntar \u201c\u00e9 carne ou n\u00e3o?\u201d Registrar Corp criou este guia para ajudar a ind\u00fastria a entender a diferen\u00e7a na jurisdi\u00e7\u00e3o da FDA e do USDA.<\/p>\n<p><b>Aves de capoeira<\/b><\/p>\n<p>O USDA \u00e9 respons\u00e1vel pelas aves de capoeira. Sob a Lei de Inspe\u00e7\u00e3o de Produtos Av\u00edcolas (PPIA), \u201cave de capoeira\u201d \u00e9 definida como qualquer ave domesticada. Isso inclui galinhas domesticadas, perus, patos, gansos e cobaias. O USDA tamb\u00e9m inspeciona ratites e pomos, incluindo emus. Estas aves est\u00e3o isentas da Lei de Alimentos, Cosm\u00e9ticos e Medicamentos da FDA (FD &amp; C Act) na medida em que s\u00e3o abrangidas pelo PPIA. Aves n\u00e3o especificadas, como perus selvagens, patos selvagens e gansos selvagens, est\u00e3o sob jurisdi\u00e7\u00e3o da FDA.<\/p>\n<p><b>Carnes Vermelhas<\/b><\/p>\n<p>O USDA \u00e9 respons\u00e1vel pela regulamenta\u00e7\u00e3o de bovinos, ovinos, su\u00ednos, caprinos, cavalos, mulas e outros eq\u00fcinos, juntamente com suas carca\u00e7as e partes. Essas carnes est\u00e3o isentas da lei FD &amp; C, na medida em que s\u00e3o cobertas pela Lei Federal de Inspe\u00e7\u00e3o de Carnes. Carnes vermelhas n\u00e3o especificadas, como bisontes, coelhos, animais de ca\u00e7a, animais de zool\u00f3gico e todos os membros da fam\u00edlia dos cervos, incluindo alces e alces, est\u00e3o sob jurisdi\u00e7\u00e3o da FDA.<\/p>\n<p><b>Ovos<\/b><\/p>\n<p>Os ovos com casca de frangos, perus, patos, gansos ou cobaias dom\u00e9sticos est\u00e3o sob jurisdi\u00e7\u00e3o da FDA. A FDA regula as f\u00e1bricas de processamento de ovos, bem como as plantas que lavam, classificam e embalam os ovos. Os produtos derivados, tais como ovos secos, congelados ou l\u00edquidos, est\u00e3o sob jurisdi\u00e7\u00e3o do USDA. O USDA regula as plantas de processamento de produtos de ovos, tais como as plantas que quebram e pasteurizam ovos.<\/p>\n<p>A FDA \u00e9 respons\u00e1vel por produtos n\u00e3o inclu\u00eddos na\u00a0<a title=\"USDA's definition of egg products\" href=\"https:\/\/www.fsis.usda.gov\/wps\/portal\/fsis\/topics\/food-safety-education\/get-answers\/food-safety-fact-sheets\/egg-products-preparation\/egg-products-and-food-safety\/ct_index\">defini\u00e7\u00e3o do USDA de \u201cprodutos de ovos\u201d<\/a>, bem como os estabelecimentos n\u00e3o cobertos pelo USDA. Exemplos incluem restaurantes, padarias e f\u00e1bricas de mistura de bolos.<\/p>\n<p><b>Produtos que Cont\u00e9m Carne e Aves<\/b><\/p>\n<p>Para produtos que contenham aves, produtos com menos de 2% de carne de ave cozida e menos de 10% de peles de aves , miudezas, gordura e carne de aves cozidas (limitadas a menos de 2%) em qualquer combina\u00e7\u00e3o est\u00e3o sob jurisdi\u00e7\u00e3o da FDA. Aqueles com 2% ou mais de carne de ave cozida e mais de 10% de peles de aves, mi\u00fados, gordura e carne de ave cozidas em qualquer combina\u00e7\u00e3o est\u00e3o sob jurisdi\u00e7\u00e3o do USDA.<\/p>\n<p>Para produtos que contenham outras carnes, produtos com menos de 3% de carne crua, menos de 2% de carne cozida ou outras partes da carca\u00e7a, ou menos de 30% de gordura, sebo ou extrato de carne, sozinhos ou combinados, est\u00e3o sob jurisdi\u00e7\u00e3o da FDA. Aqueles com mais de 3% de carne crua, 2% ou mais de carne cozida ou outras por\u00e7\u00f5es da carca\u00e7a, ou 30% ou mais de gordura, sebo ou extrato de carne, sozinhos ou em combina\u00e7\u00e3o, est\u00e3o sob jurisdi\u00e7\u00e3o do USDA.<\/p>\n<p>A lista acima pode n\u00e3o ser completa. Entre em contato com a Registrar Corp para determinar a jurisdi\u00e7\u00e3o e os regulamentos para um produto espec\u00edfico.<\/p>\n[\/vc_column_text][\/vc_column_inner][\/vc_row_inner][\/vc_column][\/vc_row]\n<\/div>","protected":false},"excerpt":{"rendered":"<p>[vc_row el_id=&#8221;section-article&#8221;][vc_column][vc_row_inner][vc_column_inner][vc_column_text] FDA e USDA: Quem regula o qu\u00ea? [\/vc_column_text][\/vc_column_inner][\/vc_row_inner][vc_row_inner css=&#8221;.vc_custom_1579293243883{margin-top: 30px !important;margin-bottom: 30px !important;}&#8221;][vc_column_inner][vc_single_image image=&#8221;40477&#8243; img_size=&#8221;full&#8221;][\/vc_column_inner][\/vc_row_inner][vc_row_inner][vc_column_inner][vc_column_text] Decifrar se a carne e os produtos de aves s\u00e3o regulados pela Food and Drug Administration (FDA) dos EUA ou pelo Departamento de Agricultura dos EUA (USDA) pode ser complicado. N\u00e3o \u00e9 t\u00e3o simples como perguntar \u201c\u00e9 carne<\/p>\n","protected":false},"author":2,"featured_media":39535,"parent":41462,"menu_order":0,"comment_status":"closed","ping_status":"closed","template":"full-width-page.php","meta":{"content-type":"","om_disable_all_campaigns":false,"inline_featured_image":false,"_genesis_hide_title":false,"_genesis_hide_breadcrumbs":false,"_genesis_hide_singular_image":false,"_genesis_hide_footer_widgets":false,"_genesis_custom_body_class":"","_genesis_custom_post_class":"","_genesis_layout":"","footnotes":""},"class_list":{"0":"post-40476","1":"page","2":"type-page","3":"status-publish","4":"has-post-thumbnail","6":"entry"},"yoast_head":"<!-- This site is optimized with the Yoast SEO Premium plugin v20.9 (Yoast SEO v25.5) - https:\/\/yoast.com\/wordpress\/plugins\/seo\/ -->\n<title>FDA e USDA: Quem regula o qu\u00ea? - Registrar<\/title>\n<meta name=\"robots\" content=\"noindex, follow, max-snippet:-1, max-image-preview:large, max-video-preview:-1\" \/>\n<meta property=\"og:locale\" content=\"pt_PT\" \/>\n<meta property=\"og:type\" content=\"article\" \/>\n<meta property=\"og:title\" content=\"FDA e USDA: Quem regula o qu\u00ea?\" \/>\n<meta property=\"og:description\" content=\"[vc_row el_id=&#8221;section-article&#8221;][vc_column][vc_row_inner][vc_column_inner][vc_column_text] FDA e USDA: Quem regula o qu\u00ea? [\/vc_column_text][\/vc_column_inner][\/vc_row_inner][vc_row_inner css=&#8221;.vc_custom_1579293243883{margin-top: 30px !important;margin-bottom: 30px !important;}&#8221;][vc_column_inner][vc_single_image image=&#8221;40477&#8243; img_size=&#8221;full&#8221;][\/vc_column_inner][\/vc_row_inner][vc_row_inner][vc_column_inner][vc_column_text] Decifrar se a carne e os produtos de aves s\u00e3o regulados pela Food and Drug Administration (FDA) dos EUA ou pelo Departamento de Agricultura dos EUA (USDA) pode ser complicado. N\u00e3o \u00e9 t\u00e3o simples como perguntar \u201c\u00e9 carne\" \/>\n<meta property=\"og:url\" content=\"https:\/\/legacy.registrarcorp.com\/pt\/resources\/fda-usda-food-regulations\/\" \/>\n<meta property=\"og:site_name\" content=\"Registrar\" \/>\n<meta property=\"article:modified_time\" content=\"2020-02-06T14:33:05+00:00\" \/>\n<meta property=\"og:image\" content=\"https:\/\/legacy.registrarcorp.com\/wp-content\/uploads\/2019\/08\/press_release.jpg\" \/>\n\t<meta property=\"og:image:width\" content=\"1650\" \/>\n\t<meta property=\"og:image:height\" content=\"500\" \/>\n\t<meta property=\"og:image:type\" content=\"image\/jpeg\" \/>\n<meta name=\"twitter:card\" content=\"summary_large_image\" \/>\n<meta name=\"twitter:label1\" content=\"Est. reading time\" \/>\n\t<meta name=\"twitter:data1\" content=\"3 minutes\" \/>\n<script type=\"application\/ld+json\" class=\"yoast-schema-graph\">{\"@context\":\"https:\/\/schema.org\",\"@graph\":[{\"@type\":\"WebPage\",\"@id\":\"https:\/\/legacy.registrarcorp.com\/pt\/resources\/fda-usda-food-regulations\/\",\"url\":\"https:\/\/legacy.registrarcorp.com\/pt\/resources\/fda-usda-food-regulations\/\",\"name\":\"FDA e USDA: Quem regula o qu\u00ea? - Registrar\",\"isPartOf\":{\"@id\":\"https:\/\/legacy.registrarcorp.com\/pt\/#website\"},\"primaryImageOfPage\":{\"@id\":\"https:\/\/legacy.registrarcorp.com\/pt\/resources\/fda-usda-food-regulations\/#primaryimage\"},\"image\":{\"@id\":\"https:\/\/legacy.registrarcorp.com\/pt\/resources\/fda-usda-food-regulations\/#primaryimage\"},\"thumbnailUrl\":\"https:\/\/legacy.registrarcorp.com\/wp-content\/uploads\/2019\/08\/press_release.jpg\",\"datePublished\":\"2016-05-17T19:05:44+00:00\",\"dateModified\":\"2020-02-06T14:33:05+00:00\",\"breadcrumb\":{\"@id\":\"https:\/\/legacy.registrarcorp.com\/pt\/resources\/fda-usda-food-regulations\/#breadcrumb\"},\"inLanguage\":\"pt\",\"potentialAction\":[{\"@type\":\"ReadAction\",\"target\":[\"https:\/\/legacy.registrarcorp.com\/pt\/resources\/fda-usda-food-regulations\/\"]}]},{\"@type\":\"ImageObject\",\"inLanguage\":\"pt\",\"@id\":\"https:\/\/legacy.registrarcorp.com\/pt\/resources\/fda-usda-food-regulations\/#primaryimage\",\"url\":\"https:\/\/legacy.registrarcorp.com\/wp-content\/uploads\/2019\/08\/press_release.jpg\",\"contentUrl\":\"https:\/\/legacy.registrarcorp.com\/wp-content\/uploads\/2019\/08\/press_release.jpg\",\"width\":1650,\"height\":500},{\"@type\":\"BreadcrumbList\",\"@id\":\"https:\/\/legacy.registrarcorp.com\/pt\/resources\/fda-usda-food-regulations\/#breadcrumb\",\"itemListElement\":[{\"@type\":\"ListItem\",\"position\":1,\"name\":\"Home\",\"item\":\"https:\/\/legacy.registrarcorp.com\/pt\/\"},{\"@type\":\"ListItem\",\"position\":2,\"name\":\"Recursos\",\"item\":\"https:\/\/legacy.registrarcorp.com\/pt\/resources\/\"},{\"@type\":\"ListItem\",\"position\":3,\"name\":\"FDA e USDA: Quem regula o qu\u00ea?\"}]},{\"@type\":\"WebSite\",\"@id\":\"https:\/\/legacy.registrarcorp.com\/pt\/#website\",\"url\":\"https:\/\/legacy.registrarcorp.com\/pt\/\",\"name\":\"Registrar\",\"description\":\"Assistance with U.S. FDA Regulations\",\"publisher\":{\"@id\":\"https:\/\/legacy.registrarcorp.com\/pt\/#organization\"},\"potentialAction\":[{\"@type\":\"SearchAction\",\"target\":{\"@type\":\"EntryPoint\",\"urlTemplate\":\"https:\/\/legacy.registrarcorp.com\/pt\/?s={search_term_string}\"},\"query-input\":{\"@type\":\"PropertyValueSpecification\",\"valueRequired\":true,\"valueName\":\"search_term_string\"}}],\"inLanguage\":\"pt\"},{\"@type\":\"Organization\",\"@id\":\"https:\/\/legacy.registrarcorp.com\/pt\/#organization\",\"name\":\"Registrar Corp\",\"url\":\"https:\/\/legacy.registrarcorp.com\/pt\/\",\"logo\":{\"@type\":\"ImageObject\",\"inLanguage\":\"pt\",\"@id\":\"https:\/\/legacy.registrarcorp.com\/pt\/#\/schema\/logo\/image\/\",\"url\":\"https:\/\/legacy.registrarcorp.com\/wp-content\/uploads\/2019\/12\/regcorp_logo.png\",\"contentUrl\":\"https:\/\/legacy.registrarcorp.com\/wp-content\/uploads\/2019\/12\/regcorp_logo.png\",\"width\":1326,\"height\":330,\"caption\":\"Registrar Corp\"},\"image\":{\"@id\":\"https:\/\/legacy.registrarcorp.com\/pt\/#\/schema\/logo\/image\/\"}}]}<\/script>\n<!-- \/ Yoast SEO Premium plugin. -->","yoast_head_json":{"title":"FDA e USDA: Quem regula o qu\u00ea? - Registrar","robots":{"index":"noindex","follow":"follow","max-snippet":"max-snippet:-1","max-image-preview":"max-image-preview:large","max-video-preview":"max-video-preview:-1"},"og_locale":"pt_PT","og_type":"article","og_title":"FDA e USDA: Quem regula o qu\u00ea?","og_description":"[vc_row el_id=&#8221;section-article&#8221;][vc_column][vc_row_inner][vc_column_inner][vc_column_text] FDA e USDA: Quem regula o qu\u00ea? [\/vc_column_text][\/vc_column_inner][\/vc_row_inner][vc_row_inner css=&#8221;.vc_custom_1579293243883{margin-top: 30px !important;margin-bottom: 30px !important;}&#8221;][vc_column_inner][vc_single_image image=&#8221;40477&#8243; img_size=&#8221;full&#8221;][\/vc_column_inner][\/vc_row_inner][vc_row_inner][vc_column_inner][vc_column_text] Decifrar se a carne e os produtos de aves s\u00e3o regulados pela Food and Drug Administration (FDA) dos EUA ou pelo Departamento de Agricultura dos EUA (USDA) pode ser complicado. N\u00e3o \u00e9 t\u00e3o simples como perguntar \u201c\u00e9 carne","og_url":"https:\/\/legacy.registrarcorp.com\/pt\/resources\/fda-usda-food-regulations\/","og_site_name":"Registrar","article_modified_time":"2020-02-06T14:33:05+00:00","og_image":[{"width":1650,"height":500,"url":"https:\/\/legacy.registrarcorp.com\/wp-content\/uploads\/2019\/08\/press_release.jpg","type":"image\/jpeg"}],"twitter_card":"summary_large_image","twitter_misc":{"Est. reading time":"3 minutes"},"schema":{"@context":"https:\/\/schema.org","@graph":[{"@type":"WebPage","@id":"https:\/\/legacy.registrarcorp.com\/pt\/resources\/fda-usda-food-regulations\/","url":"https:\/\/legacy.registrarcorp.com\/pt\/resources\/fda-usda-food-regulations\/","name":"FDA e USDA: Quem regula o qu\u00ea? - Registrar","isPartOf":{"@id":"https:\/\/legacy.registrarcorp.com\/pt\/#website"},"primaryImageOfPage":{"@id":"https:\/\/legacy.registrarcorp.com\/pt\/resources\/fda-usda-food-regulations\/#primaryimage"},"image":{"@id":"https:\/\/legacy.registrarcorp.com\/pt\/resources\/fda-usda-food-regulations\/#primaryimage"},"thumbnailUrl":"https:\/\/legacy.registrarcorp.com\/wp-content\/uploads\/2019\/08\/press_release.jpg","datePublished":"2016-05-17T19:05:44+00:00","dateModified":"2020-02-06T14:33:05+00:00","breadcrumb":{"@id":"https:\/\/legacy.registrarcorp.com\/pt\/resources\/fda-usda-food-regulations\/#breadcrumb"},"inLanguage":"pt","potentialAction":[{"@type":"ReadAction","target":["https:\/\/legacy.registrarcorp.com\/pt\/resources\/fda-usda-food-regulations\/"]}]},{"@type":"ImageObject","inLanguage":"pt","@id":"https:\/\/legacy.registrarcorp.com\/pt\/resources\/fda-usda-food-regulations\/#primaryimage","url":"https:\/\/legacy.registrarcorp.com\/wp-content\/uploads\/2019\/08\/press_release.jpg","contentUrl":"https:\/\/legacy.registrarcorp.com\/wp-content\/uploads\/2019\/08\/press_release.jpg","width":1650,"height":500},{"@type":"BreadcrumbList","@id":"https:\/\/legacy.registrarcorp.com\/pt\/resources\/fda-usda-food-regulations\/#breadcrumb","itemListElement":[{"@type":"ListItem","position":1,"name":"Home","item":"https:\/\/legacy.registrarcorp.com\/pt\/"},{"@type":"ListItem","position":2,"name":"Recursos","item":"https:\/\/legacy.registrarcorp.com\/pt\/resources\/"},{"@type":"ListItem","position":3,"name":"FDA e USDA: Quem regula o qu\u00ea?"}]},{"@type":"WebSite","@id":"https:\/\/legacy.registrarcorp.com\/pt\/#website","url":"https:\/\/legacy.registrarcorp.com\/pt\/","name":"Registrar","description":"Assistance with U.S. FDA Regulations","publisher":{"@id":"https:\/\/legacy.registrarcorp.com\/pt\/#organization"},"potentialAction":[{"@type":"SearchAction","target":{"@type":"EntryPoint","urlTemplate":"https:\/\/legacy.registrarcorp.com\/pt\/?s={search_term_string}"},"query-input":{"@type":"PropertyValueSpecification","valueRequired":true,"valueName":"search_term_string"}}],"inLanguage":"pt"},{"@type":"Organization","@id":"https:\/\/legacy.registrarcorp.com\/pt\/#organization","name":"Registrar Corp","url":"https:\/\/legacy.registrarcorp.com\/pt\/","logo":{"@type":"ImageObject","inLanguage":"pt","@id":"https:\/\/legacy.registrarcorp.com\/pt\/#\/schema\/logo\/image\/","url":"https:\/\/legacy.registrarcorp.com\/wp-content\/uploads\/2019\/12\/regcorp_logo.png","contentUrl":"https:\/\/legacy.registrarcorp.com\/wp-content\/uploads\/2019\/12\/regcorp_logo.png","width":1326,"height":330,"caption":"Registrar Corp"},"image":{"@id":"https:\/\/legacy.registrarcorp.com\/pt\/#\/schema\/logo\/image\/"}}]}},"_links":{"self":[{"href":"https:\/\/legacy.registrarcorp.com\/pt\/wp-json\/wp\/v2\/pages\/40476","targetHints":{"allow":["GET"]}}],"collection":[{"href":"https:\/\/legacy.registrarcorp.com\/pt\/wp-json\/wp\/v2\/pages"}],"about":[{"href":"https:\/\/legacy.registrarcorp.com\/pt\/wp-json\/wp\/v2\/types\/page"}],"author":[{"embeddable":true,"href":"https:\/\/legacy.registrarcorp.com\/pt\/wp-json\/wp\/v2\/users\/2"}],"replies":[{"embeddable":true,"href":"https:\/\/legacy.registrarcorp.com\/pt\/wp-json\/wp\/v2\/comments?post=40476"}],"version-history":[{"count":0,"href":"https:\/\/legacy.registrarcorp.com\/pt\/wp-json\/wp\/v2\/pages\/40476\/revisions"}],"up":[{"embeddable":true,"href":"https:\/\/legacy.registrarcorp.com\/pt\/wp-json\/wp\/v2\/pages\/41462"}],"wp:featuredmedia":[{"embeddable":true,"href":"https:\/\/legacy.registrarcorp.com\/pt\/wp-json\/wp\/v2\/media\/39535"}],"wp:attachment":[{"href":"https:\/\/legacy.registrarcorp.com\/pt\/wp-json\/wp\/v2\/media?parent=40476"}],"curies":[{"name":"wp","href":"https:\/\/api.w.org\/{rel}","templated":true}]}}