{"id":40178,"date":"2019-10-10T19:04:31","date_gmt":"2019-10-10T19:04:31","guid":{"rendered":"https:\/\/regstaging.wpengine.com\/labeling-3\/"},"modified":"2021-12-21T11:20:27","modified_gmt":"2021-12-21T16:20:27","slug":"labeling","status":"publish","type":"page","link":"https:\/\/legacy.registrarcorp.com\/pt\/fda-food\/labeling\/","title":{"rendered":"Is Your Label Ready For FDA&#8217;s Deadline?"},"content":{"rendered":"<div class=\"wpb-content-wrapper\">[vc_section el_id=&#8221;main-info&#8221; el_class=&#8221;landing-section&#8221;][vc_row][vc_column offset=&#8221;vc_col-lg-8 vc_col-md-6&#8243;][vc_row_inner el_class=&#8221;tile-box&#8221;][vc_column_inner offset=&#8221;vc_col-lg-6&#8243;][vc_column_text]\n<h2 class=\"section-head\">O r\u00f3tulo do seu alimento est\u00e1 pronto?<\/h2>\n<p>As empresas com uma m\u00e9dia de mais de $ 10 milh\u00f5es em vendas anuais foram obrigadas a atualizar seus r\u00f3tulos de alimentos para conformidade com as novas regras de rotulagem da Administra\u00e7\u00e3o de Alimentos e Medicamentos (FDA) dos EUA at\u00e9 1\u00ba de janeiro de 2020.<\/p>\n<p>A partir de 1\u00ba de janeiro de 2021, todas as outras empresas aliment\u00edcias s\u00e3o obrigadas a atualizar seus r\u00f3tulos. As novas regras da FDA exigem mudan\u00e7as significativas no formato do gr\u00e1fico de informa\u00e7\u00f5es nutricionais, tamanhos das por\u00e7\u00f5es, valores di\u00e1rios e muito mais.[\/vc_column_text][\/vc_column_inner][vc_column_inner el_class=&#8221;label-comparison&#8221; offset=&#8221;vc_col-lg-6&#8243;][vc_raw_html]JTNDZGl2JTIwY2xhc3MlM0QlMjJ2Y19yb3clMjIlM0UlMEElM0NkaXYlMjBjbGFzcyUzRCUyMnZjX2NvbC14cy02JTIyJTNFJTBBJTNDaDUlM0UlM0NpJTIwY2xhc3MlM0QlMjJmYXMlMjBmYS10aW1lcy1jaXJjbGUlMjIlM0UlM0MlMkZpJTNFJTIwJTNDc3BhbiUzRUF0dWFsJTNDJTJGc3BhbiUzRSUzQyUyRmg1JTNFJTBBJTNDaW1nJTIwc3JjJTNEJTIyJTJGd3AtY29udGVudCUyRnVwbG9hZHMlMkYyMDE5JTJGMTElMkZvbGQtbGFiZWwucG5nJTIyJTIwJTJGJTNFJTBBJTNDJTJGZGl2JTNFJTBBJTNDZGl2JTIwY2xhc3MlM0QlMjJ2Y19jb2wteHMtNiUyMiUzRSUwQSUzQ2g1JTNFJTNDaSUyMGNsYXNzJTNEJTIyZmFzJTIwZmEtY2hlY2stY2lyY2xlJTIyJTNFJTNDJTJGaSUzRSUyMCUzQ3NwYW4lM0VOb3ZvJTNDJTJGc3BhbiUzRSUzQyUyRmg1JTNFJTBBJTNDaW1nJTIwc3JjJTNEJTIyJTJGd3AtY29udGVudCUyRnVwbG9hZHMlMkYyMDE5JTJGMTElMkZuZXctbGFiZWwucG5nJTIyJTIwJTJGJTNFJTBBJTNDJTJGZGl2JTNFJTBBJTNDJTJGZGl2JTNFJTBBJTNDJTJGZGl2JTNF[\/vc_raw_html][\/vc_column_inner][\/vc_row_inner][\/vc_column][vc_column offset=&#8221;vc_col-lg-4 vc_col-md-6&#8243; el_id=&#8221;form-box&#8221;][vc_row_inner el_class=&#8221;form-box floating-box&#8221;][vc_column_inner][vc_column_text]\n<h3>Obtenha assist\u00eancia especializada<\/h3>\n[\/vc_column_text][vc_column_text]Os especialistas em regulamenta\u00e7\u00e3o da Registrar Corp podem atualizar seu r\u00f3tulo para conformidade com as novas regras da FDA.[\/vc_column_text][vc_raw_html]JTVCZ3Jhdml0eWZvcm0lMjBpZCUzRCUyMjMlMjIlMjB0aXRsZSUzRCUyMmZhbHNlJTIyJTIwZGVzY3JpcHRpb24lM0QlMjJmYWxzZSUyMiUyMGFqYXglM0QlMjJ0cnVlJTIyJTIwZmllbGRfdmFsdWVzJTNEJTIyaW5xdWlyeV90eXBlJTNETGFiZWwlMjBSZXZpZXclMjZpbmR1c3R5X3R5cGUlM0RGb29kJTIwYW5kJTIwQmV2ZXJhZ2UlMjZmb3JtX3R5cGUlM0RzaG9ydCUyMiU1RA==[\/vc_raw_html][\/vc_column_inner][\/vc_row_inner][\/vc_column][\/vc_row][\/vc_section][vc_section el_id=&#8221;compliance&#8221; el_class=&#8221;landing-section&#8221;][vc_row][vc_column offset=&#8221;vc_col-lg-3\/5&#8243;][vc_column_text]\n<h2 class=\"section-head\">Por que voc\u00ea deve come\u00e7ar agora<\/h2>\n<p>O cumprimento dessas regras pode levar um tempo consider\u00e1vel. A FDA estendeu a data de conformidade anterior devido \u00e0 preocupa\u00e7\u00e3o da ind\u00fastria em cumprir o prazo original:[\/vc_column_text][vc_raw_html]JTNDYmxvY2txdW90ZSUzRSUyMkFzJTIwZW1wcmVzYXMlMjBlJTIwYXNzb2NpYSVDMyVBNyVDMyVCNWVzJTIwY29tZXJjaWFpcyUyMGNvbSUyMG1lbWJyb3MlMjBhYnJhbmdpZG9zJTIwcGVsYXMlMjByZWdyYXMlMjBub3MlMjBpbmZvcm1hcmFtJTIwcXVlJTIwdCVDMyVBQW0lMjBwcmVvY3VwYSVDMyVBNyVDMyVCNWVzJTIwc2lnbmlmaWNhdGl2YXMlMjBzb2JyZSUyMHN1YSUyMGNhcGFjaWRhZGUlMjBkZSUyMGF0dWFsaXphciUyMHRvZGFzJTIwYXMlMjBzdWFzJTIwZXRpcXVldGFzJTIwYXQlQzMlQTklMjBhcyUyMGRhdGFzJTIwZGUlMjBjb25mb3JtaWRhZGUlMjBkZXZpZG8lMjBhJTIwcXVlc3QlQzMlQjVlcyUyMHJlbGFjaW9uYWRhcyUyMCUyOGVudHJlJTIwb3V0cmFzJTIwY29pc2FzJTI5JTIwJUMzJUEwJTIwbmVjZXNzaWRhZGUlMjBkZSUyMGF0dWFsaXphJUMzJUE3JUMzJUI1ZXMlMjBkbyUyMHNvZnR3YXJlJTIwZGUlMjBldGlxdWV0YWdlbSUyQyUyMGElMjBuZWNlc3NpZGFkZSUyMHBhcmElMjBvYnRlciUyMGluZm9ybWElQzMlQTclQzMlQjVlcyUyMG51dHJpY2lvbmFpcyUyMGRvcyUyMGZvcm5lY2Vkb3JlcyUyQyUyMG8lMjBuJUMzJUJBbWVybyUyMGRlJTIwcHJvZHV0b3MlMjBxdWUlMjBwcmVjaXNhcmlhbSUyMGRlJTIwbm92b3MlMjByJUMzJUIzdHVsb3MlMjBlJTIwdW0lMjB0ZW1wbyUyMGxpbWl0YWRvJTIwcGFyYSUyMHJlZm9ybXVsYSVDMyVBNyVDMyVBM28lMjBkb3MlMjBwcm9kdXRvcy4lMjIlMjAlM0NjaXRlJTNFJTI4JTNDYSUyMGhyZWYlM0QlMjJodHRwcyUzQSUyRiUyRnd3dy5mZWRlcmFscmVnaXN0ZXIuZ292JTJGZG9jdW1lbnRzJTJGMjAxNyUyRjEwJTJGMDIlMkYyMDE3LTIxMDE5JTJGZm9vZC1sYWJlbGluZy1yZXZpc2lvbi1vZi10aGUtbnV0cml0aW9uLWFuZC1zdXBwbGVtZW50LWZhY3RzLWxhYmVscy1hbmQtc2VydmluZy1zaXplcy1vZi1mb29kcy10aGF0JTIyJTIwdGFyZ2V0JTNEJTIyX2JsYW5rJTIyJTIwcmVsJTNEJTIybm9vcGVuZXIlMjBub3JlZmVycmVyJTIyJTNFODIlMjBGUiUyMDQ1NzUzJTNDJTJGYSUzRSUyOSUzQyUyRmNpdGUlM0UlM0MlMkZibG9ja3F1b3RlJTNF[\/vc_raw_html][vc_column_text]\u00c0 medida que mais empresas cumprem o padr\u00e3o de r\u00f3tulo ajustado, os laborat\u00f3rios de teste podem ter um maior volume de fabricantes de alimentos solicitando testes para contabilizar os valores de nutrientes rec\u00e9m-exigidos, como vitamina D e pot\u00e1ssio. A alta demanda pode resultar em um aumento dos custos de teste, bem como poss\u00edveis dificuldades de programa\u00e7\u00e3o e atrasos, pois os laborat\u00f3rios est\u00e3o perto da capacidade m\u00e1xima.[\/vc_column_text][\/vc_column][\/vc_row][vc_row][vc_column][vc_single_image source=&#8221;external_link&#8221; el_id=&#8221;hourglass&#8221; custom_src=&#8221;\/wp-content\/uploads\/2019\/11\/hourglass.png&#8221;][\/vc_column][\/vc_row][\/vc_section][vc_section el_id=&#8221;label-changes&#8221; el_class=&#8221;landing-section&#8221;][vc_row][vc_column][vc_column_text]\n<h2 class=\"section-head\">O que mudou desde 1\u00ba de janeiro de 2021?<\/h2>\n<p>Abaixo est\u00e3o apenas alguns exemplos das grandes mudan\u00e7as no r\u00f3tulo de informa\u00e7\u00f5es nutricionais:[\/vc_column_text][vc_row_inner el_id=&#8221;nfc-breakdown&#8221;][vc_column_inner offset=&#8221;vc_col-lg-4 vc_col-md-4&#8243; el_id=&#8221;nfc-facts-col-1&#8243;][vc_raw_html]JTNDdWwlM0UlMEElM0NsaSUzRSUwQSUzQ2g1JTNFVElQTyUyMERFJTIwVEFNQU5ITyUyMFBBUkElMjBERVRFUk1JTkFET1MlMjBFTEVNRU5UTyUzQyUyRmg1JTNFJTBBJTNDcCUzRVRleHRvJTIwbWFpb3IlMjBlbSUyMG5lZ3JpdG8lMjBwYXJhJTIwZGVjbGFyYSVDMyVBNyVDMyVCNWVzJTIwZGUlMjAlMjJDYWxvcmlhcyUyMiUyMGUlMjAlMjJUYW1hbmhvJTIwZGElMjBwb3IlQzMlQTclQzMlQTNvJTIyLiUzQyUyRnAlM0UlM0MlMkZsaSUzRSUwQSUzQ2xpJTNFJTBBJTNDaDUlM0VOT1ZBJTIwREVDTEFSQSVDMyU4NyVDMyU4M08lMjBQQVJBJTIwJTIyQURJJUMzJTg3JUMzJTgzTyUyMERFJTIwQSVDMyU4NyVDMyU5QUNBUkVTJTIyJTNDJTJGaDUlM0UlMEElM0NwJTNFT3MlMjBhJUMzJUE3JUMzJUJBY2FyZXMlMjBhZGljaW9uYWRvcyUyMGR1cmFudGUlMjBvJTIwcHJvY2Vzc2FtZW50byUyQyUyMG9zJTIwYSVDMyVBNyVDMyVCQWNhcmVzJTIwZGVzdGluYWRvcyUyMGElMjBzZXJlbSUyMGFkaWNpb25hZG9zJTIwYW9zJTIwYWxpbWVudG9zJTIwZSUyMGFsZ3VucyUyMGElQzMlQTclQzMlQkFjYXJlcyUyMGRlJTIwb3JpZ2VtJTIwbmF0dXJhbCUyMGRldmVtJTIwc2VyJTIwZGVjbGFyYWRvcyUyMHNlcGFyYWRhbWVudGUlMjBkb3MlMjAlMjJhJUMzJUE3JUMzJUJBY2FyZXMlMjB0b3RhaXMlMjIuJTNDJTJGcCUzRSUzQyUyRmxpJTNFJTBBJTNDbGklM0UlMEElM0NoNSUzRU5PVkElMjBOT1RBJTIwREUlMjBST0RBUCVDMyU4OSUzQyUyRmg1JTNFJTBBJTNDcCUzRVVtYSUyMG5vdGElMjBkZSUyMHJvZGFwJUMzJUE5JTIwcmVkdXRpdmElMjBhZ29yYSUyMGRlZmluZSUyMGElMjAlMjUlMjBkbyUyMHZhbG9yJTIwZGklQzMlQTFyaW8lMjAlMjhEViUyOS4lM0MlMkZwJTNFJTBBJTNDcCUzRUFsaW1lbnRvcyUyMGRlc3RpbmFkb3MlMjBhJTIwY3JpYW4lQzMlQTdhcyUyMGRlJTIwMSUyMGElMjAzJTIwYW5vcyUyMGRldmVtJTIwZXNwZWNpZmljYXIlMjAlMjIxLjAwMCUyMGNhbG9yaWFzJTIwcG9yJTIwZGlhJTIwcyVDMyVBM28lMjB1c2FkYXMlMjBwYXJhJTIwYWNvbnNlbGhhbWVudG8lMjBudXRyaWNpb25hbCUyMGdlcmFsLiUyMiUzQyUyRnAlM0UlM0MlMkZsaSUzRSUwQSUzQyUyRnVsJTNF[\/vc_raw_html][\/vc_column_inner][vc_column_inner offset=&#8221;vc_col-lg-4 vc_col-md-4&#8243; el_id=&#8221;nfc-label&#8221;][vc_raw_html]JTNDZGl2JTIwY2xhc3MlM0QlMjJpbWctYm94JTIyJTNFJTBBJTNDZGl2JTIwY2xhc3MlM0QlMjJmaWctYm94JTIwZmlnLWJveC1zZXJ2LXNpemUlMjIlM0UlM0MlMkZkaXYlM0UlMEElM0NkaXYlMjBjbGFzcyUzRCUyMmZpZy1ib3glMjBmaWctYm94LWNhbG9yaWVzJTIyJTNFJTNDJTJGZGl2JTNFJTBBJTNDZGl2JTIwY2xhc3MlM0QlMjJmaWctYm94JTIwZmlnLWJveC1hZGRlZC1zdWdhciUyMiUzRSUzQyUyRmRpdiUzRSUwQSUzQ2RpdiUyMGNsYXNzJTNEJTIyZmlnLWJveCUyMGZpZy1ib3gtbnV0cmllbnQlMjIlM0UlM0MlMkZkaXYlM0UlMEElM0NkaXYlMjBjbGFzcyUzRCUyMmZpZy1ib3glMjBmaWctYm94LWZvb3Rub3RlJTIyJTNFJTNDJTJGZGl2JTNFJTBBJTNDcCUzRSUzQ2ltZyUyMHNyYyUzRCUyMiUyRndwLWNvbnRlbnQlMkZ1cGxvYWRzJTJGMjAxOSUyRjExJTJGbmV3LWxhYmVsLnBuZyUyMiUyMGFsdCUzRCUyMk5ldyUyMExhYmVsJTIwRm9ybWF0JTIyJTNFJTNDJTJGcCUzRSUwQSUzQyUyRmRpdiUzRQ==[\/vc_raw_html][\/vc_column_inner][vc_column_inner offset=&#8221;vc_col-lg-4 vc_col-md-4&#8243; el_id=&#8221;nfc-facts-col-2&#8243;][vc_raw_html]JTNDdWwlM0UlMEElM0NsaSUzRSUwQSUzQ2g1JTNFVEFNQU5IT1MlMjBERSUyMFNFUlZJUiUyMEFUVUFMSVpBRE9TJTNDJTJGaDUlM0UlMEElM0NwJTNFT3MlMjBub3ZvcyUyMHZhbG9yZXMlMjBkZSUyMHJlZmVyJUMzJUFBbmNpYSUyMG5vcm1hbG1lbnRlJTIwY29uc3VtaWRvcyUyMCUyOFJBQ0MlMjklMjBwYXJhJTIwY2VydGFzJTIwY2F0ZWdvcmlhcyUyMGRlJTIwcHJvZHV0b3MlMjBtdWRhbSUyMG9zJTIwdGFtYW5ob3MlMjBkYXMlMjBwb3IlQzMlQTclQzMlQjVlcyUyMGUlMjBvcyUyMHZhbG9yZXMlMjBkaSVDMyVBMXJpb3MuJTNDJTJGcCUzRSUwQSUzQ3AlM0VQcm9kdXRvcyUyMGNvbnRlbmRvJTIwZW50cmUlMjAyMDAlMjBlJTIwMzAwJTIwcG9yJTIwY2VudG8lMjBkZSUyMHNldXMlMjBSQUNDcyUyMGRldmVtJTIwZXhpYmlyJTIwdW1hJTIwY29sdW5hJTIwYWRpY2lvbmFsJTIwZGUlMjBpbmZvcm1hJUMzJUE3JUMzJUI1ZXMlMjBudXRyaWNpb25haXMlMjBwYXJhJTIwdG9kYSUyMGElMjBlbWJhbGFnZW0uJTNDJTJGcCUzRSUzQyUyRmxpJTNFJTBBJTNDbGklM0UlMEElM0NoNSUzRVJFUVVJU0lUT1MlMjBERSUyME5VVFJJRU5URVMlMjBBVFVBTElaQURPUyUzQyUyRmg1JTNFJTBBJTNDcCUzRUFzJTIwcXVhbnRpZGFkZXMlMjBkZSUyMHZpdGFtaW5hJTIwRCUyQyUyMHBvdCVDMyVBMXNzaW8lMkMlMjBjJUMzJUExbGNpbyUyMGUlMjBmZXJybyUyMGRldmVtJTIwc2VyJTIwbGlzdGFkYXMlMjBlJTIwZXhwcmVzc2FzJTIwZW0lMjBtaWxpZ3JhbWFzJTIwb3UlMjBtaWNyb2dyYW1hcy4lM0MlMkZwJTNFJTNDJTJGbGklM0UlMEElM0MlMkZ1bCUzRQ==[\/vc_raw_html][\/vc_column_inner][\/vc_row_inner][\/vc_column][\/vc_row][\/vc_section][vc_section el_id=&#8221;section-assistance&#8221; el_class=&#8221;landing-section&#8221;][vc_row][vc_column offset=&#8221;vc_col-lg-2\/5 vc_col-md-2\/5&#8243;][vc_column_text]\n<h2 class=\"section-head\">A Registrar Corp facilita a conformidade<\/h2>\n<p>Os especialistas em regulamenta\u00e7\u00e3o da Registrar Corp podem atualizar seu r\u00f3tulo para conformidade com as novas regras de rotulagem de alimentos da FDA.[\/vc_column_text]<div data-id=\"mpc_button-1069f3b8abbb100\" class=\"mpc-button mpc-init mpc-transition btn-blue-white assist-btn\" ><div class=\"mpc-button__content mpc-effect-type--none mpc-effect-side--none\"><span class=\"mpc-button__title mpc-transition\">RECEBA ASSIST\u00caNCIA ESPECIALIZADA AGORA<\/span><\/div><div class=\"mpc-button__background mpc-transition mpc-effect-type--fade mpc-effect-side--in\"><\/div><\/div>[\/vc_column][vc_column offset=&#8221;vc_col-lg-3\/5 vc_col-md-3\/5&#8243; el_class=&#8221;assist-grid&#8221;][vc_column_text]O servi\u00e7o de avalia\u00e7\u00e3o de ingredientes e rotulagem da Registrar Corp inclui:[\/vc_column_text][vc_row_inner equal_height=&#8221;yes&#8221; css=&#8221;.vc_custom_1576518003288{background-color: #ffffff !important;}&#8221; el_class=&#8221;assist-desc&#8221;][vc_column_inner width=&#8221;1\/6&#8243; offset=&#8221;vc_col-xs-4&#8243;][vc_single_image image=&#8221;38389&#8243;][\/vc_column_inner][vc_column_inner width=&#8221;1\/3&#8243; offset=&#8221;vc_col-xs-8&#8243;][vc_column_text]Um relat\u00f3rio detalhado de revis\u00f5es recomendadas para seu r\u00f3tulo[\/vc_column_text][\/vc_column_inner][vc_column_inner width=&#8221;1\/6&#8243; offset=&#8221;vc_col-xs-4&#8243;][vc_single_image image=&#8221;38382&#8243;][\/vc_column_inner][vc_column_inner width=&#8221;1\/3&#8243; offset=&#8221;vc_col-xs-8&#8243;][vc_column_text]Um r\u00f3tulo revisado pronto para impress\u00e3o em conformidade com a FDA de seu produto[\/vc_column_text][\/vc_column_inner][\/vc_row_inner][vc_row_inner equal_height=&#8221;yes&#8221; css=&#8221;.vc_custom_1576518010648{background-color: #ffffff !important;}&#8221; el_class=&#8221;assist-desc&#8221;][vc_column_inner width=&#8221;1\/6&#8243; offset=&#8221;vc_col-xs-4&#8243;][vc_single_image image=&#8221;38375&#8243;][\/vc_column_inner][vc_column_inner width=&#8221;1\/3&#8243; offset=&#8221;vc_col-xs-8&#8243;][vc_column_text]Assist\u00eancia especializada individual de um especialista em regulamenta\u00e7\u00e3o[\/vc_column_text][\/vc_column_inner][vc_column_inner width=&#8221;1\/6&#8243; offset=&#8221;vc_col-xs-4&#8243;][vc_single_image image=&#8221;38396&#8243;][\/vc_column_inner][vc_column_inner width=&#8221;1\/3&#8243; offset=&#8221;vc_col-xs-8&#8243;][vc_column_text]Uma revis\u00e3o adicional do mesmo r\u00f3tulo por 30 dias[\/vc_column_text][\/vc_column_inner][\/vc_row_inner][\/vc_column][\/vc_row][\/vc_section][vc_row][vc_column][vc_raw_js]JTNDc2NyaXB0JTNFJTBBalF1ZXJ5JTI4ZG9jdW1lbnQlMjkucmVhZHklMjhmdW5jdGlvbiUyOCUyNCUyOSU3QiUwQXZhciUyMGQlMjAlM0QlMjBuZXclMjBEYXRlJTI4JTI5JTNCJTBBdmFyJTIwZGVhZGxpbmUlMjAlM0QlMjBuZXclMjBEYXRlJTI4RGF0ZS5VVEMlMjgyMDIwJTJDMCUyQzElMjklMjklM0IlMEF2YXIlMjBvYmolMjAlM0QlMjAlN0IlN0QlMEF2YXIlMjBkaWZmJTNCJTBBJTBBJTBBZnVuY3Rpb24lMjBydW5DYWxjcyUyOCUyOSU3QiUwQSUwQSUyMCUyMCUyMCUyMGRlYWRsaW5lLnNldFVUQ0hvdXJzJTI4NSUyOSUzQiUwQSUwOWQuc2V0VGltZSUyOERhdGUubm93JTI4JTI5JTI5JTNCJTBBJTA5ZGlmZiUyMCUzRCUyMGRlYWRsaW5lLnZhbHVlT2YlMjglMjklMjAtJTIwZC52YWx1ZU9mJTI4JTI5JTNCJTBBJTA5b2JqLndlZWtzJTIwJTNEJTIwTWF0aC5mbG9vciUyOGRpZmYlMjAlMkYlMjAlMjgxMDAwJTIwJTJBJTIwNjAlMjAlMkElMjA2MCUyMCUyQSUyMDI0JTIwJTJBJTIwNyUyOSUyOSUzQiUwQSUwOW9iai5kYXlzJTIwJTNEJTIwTWF0aC5mbG9vciUyOCUyOGRpZmYlMjAlMjUlMjAlMjgxMDAwJTIwJTJBJTIwNjAlMjAlMkElMjA2MCUyMCUyQSUyMDI0JTIwJTJBJTIwNyUyOSUyOSUyMCUyRiUyMCUyODEwMDAlMjAlMkElMjA2MCUyMCUyQSUyMDYwJTIwJTJBJTIwMjQlMjklMjklM0IlMEElMDlvYmouaG91cnMlMjAlM0QlMjBNYXRoLmZsb29yJTI4JTI4ZGlmZiUyMCUyNSUyMCUyODEwMDAlMjAlMkElMjA2MCUyMCUyQSUyMDYwJTIwJTJBJTIwMjQlMjklMjklMjAlMkYlMjAlMjgxMDAwJTIwJTJBJTIwNjAlMjAlMkElMjA2MCUyOSUyOSUzQiUwQSUwOW9iai5taW4lMjAlM0QlMjBNYXRoLmZsb29yJTI4JTI4ZGlmZiUyMCUyNSUyMCUyODEwMDAlMjAlMkElMjA2MCUyMCUyQSUyMDYwJTI5JTI5JTIwJTJGJTIwJTI4MTAwMCUyMCUyQSUyMDYwJTI5JTI5JTNCJTBBJTA5b2JqLnNlY29uZHMlMjAlM0QlMjBNYXRoLmZsb29yJTI4JTI4ZGlmZiUyMCUyNSUyMCUyODEwMDAlMjAlMkElMjA2MCUyOSUyOSUyMCUyRiUyMDEwMDAlMjklM0IlMEElMDlmb3IlMjh2YXIlMjBrJTIwaW4lMjBvYmolMjklN0IlMEElMDklMjAlMjAlMjAlMjBqUXVlcnklMjglMjclMjNjb3VudGRvd24tJTI3JTIwJTJCJTIwayUyOS50ZXh0JTI4b2JqJTVCayU1RCUyOSUzQiUwOSUwQSUwOSU3RCUwQSUwOWlmJTI4ZGlmZiUyMCUzQyUzRCUyMDAlMjklN0IlMEElMDklMDklMjQlMjglMjcuY291bnRkb3duLXN0ciUyNyUyOS5yZW1vdmUlMjglMjklMEElMjAlMjAlMjAlMjAlMjAlMjAlMjAlMjAlMjQlMjglMjclMjNjb3VudGRvd24taGVhZGVyJTI3JTI5LnJlbW92ZUNsYXNzJTI4JTI3dmNfY29sLWxnLW9mZnNldC0xJTIwdmNfY29sLWxnLTYlMjB2Y19jb2wtbWQtb2Zmc2V0LTAlMjB2Y19jb2wtbWQtNiUyMHZjX2NvbC14cy0xMiUyNyUyOSUzQiUwQSUyMCUyMCUyMCUyMCUyMCUyMCUyMCUyMCUyNCUyOCUyNyUyM2NvdW50ZG93bi1oZWFkZXIlMjBoMyUyNyUyOS50ZXh0JTI4JTIyVGhlJTIwRmlyc3QlMjBEZWFkbGluZSUyMGZvciUyMEZEQSUyN3MlMjBOZXclMjBMYWJlbCUyMFJ1bGVzJTIwSGFzJTIwUGFzc2VkJTIyJTI5JTBBJTIwJTIwJTIwJTIwJTIwJTIwJTIwJTIwcmV0dXJuJTIwZmFsc2UlM0IlMEElMDklN0QlMEElMjAlMjAlMjAlMjByZXR1cm4lMjB0cnVlJTNCJTBBJTdEJTBBJTBBdmFyJTIwY291bnRkb3duJTIwJTNEJTIwc2V0SW50ZXJ2YWwlMjhmdW5jdGlvbiUyOCUyOSU3QiUwQSUyMCUyMCUyMCUyMHZhciUyMHJ1biUyMCUzRCUyMHJ1bkNhbGNzJTI4JTI5JTNCJTBBJTIwJTIwJTIwJTIwaWYlMjglMjFydW4lMjklN0IlMEElMjAlMjAlMjAlMjAlMjAlMjAlMjAlMjBjbGVhckludGVydmFsJTI4Y291bnRkb3duJTI5JTNCJTBBJTIwJTIwJTIwJTIwJTdEJTBBJTdEJTJDMTAwMCUyOSUzQiUwQSUwQSUyNCUyOCUyNy5hc3Npc3QtYnRuJTI3JTI5Lm9uJTI4JTI3Y2xpY2slMjclMkNmdW5jdGlvbiUyOCUyOSU3QiUwQSUyMCUyMCUyMCUyMCUyNCUyOCUyNy5mb3JtLWJveCUyNyUyOS5hZGRDbGFzcyUyOCUyN2JveC1zZWxlY3RlZCUyNyUyOSUzQiUwQSUyMCUyMCUyMCUyMHNjcm9sbFRvVGFyZ2V0JTI4JTI3Zm9ybS1ib3glMjclMjklM0IlMEElN0QlMjklM0IlMEElN0QlMjklM0IlMEElM0MlMkZzY3JpcHQlM0U=[\/vc_raw_js][\/vc_column][\/vc_row]\n<\/div>","protected":false},"excerpt":{"rendered":"<p>[vc_section el_id=&#8221;main-info&#8221; el_class=&#8221;landing-section&#8221;][vc_row][vc_column offset=&#8221;vc_col-lg-8 vc_col-md-6&#8243;][vc_row_inner el_class=&#8221;tile-box&#8221;][vc_column_inner offset=&#8221;vc_col-lg-6&#8243;][vc_column_text] O r\u00f3tulo do seu alimento est\u00e1 pronto? As empresas com uma m\u00e9dia de mais de $ 10 milh\u00f5es em vendas anuais foram obrigadas a atualizar seus r\u00f3tulos de alimentos para conformidade com as novas regras de rotulagem da Administra\u00e7\u00e3o de Alimentos e Medicamentos (FDA) dos EUA at\u00e9 1\u00ba<\/p>\n","protected":false},"author":30,"featured_media":39535,"parent":41394,"menu_order":0,"comment_status":"closed","ping_status":"closed","template":"full-width-page.php","meta":{"content-type":"","om_disable_all_campaigns":false,"inline_featured_image":false,"_genesis_hide_title":false,"_genesis_hide_breadcrumbs":false,"_genesis_hide_singular_image":false,"_genesis_hide_footer_widgets":false,"_genesis_custom_body_class":"","_genesis_custom_post_class":"","_genesis_layout":"","footnotes":""},"class_list":{"0":"post-40178","1":"page","2":"type-page","3":"status-publish","4":"has-post-thumbnail","6":"entry"},"yoast_head":"<!-- This site is optimized with the Yoast SEO Premium plugin v20.9 (Yoast SEO v25.5) - https:\/\/yoast.com\/wordpress\/plugins\/seo\/ -->\n<title>Is Your Label Ready For FDA&#039;s Deadline? - Registrar<\/title>\n<meta name=\"robots\" content=\"noindex, follow, max-snippet:-1, max-image-preview:large, max-video-preview:-1\" \/>\n<meta property=\"og:locale\" content=\"pt_PT\" \/>\n<meta property=\"og:type\" content=\"article\" \/>\n<meta property=\"og:title\" content=\"Is Your Label Ready For FDA&#039;s Deadline?\" \/>\n<meta property=\"og:description\" content=\"[vc_section el_id=&#8221;main-info&#8221; el_class=&#8221;landing-section&#8221;][vc_row][vc_column offset=&#8221;vc_col-lg-8 vc_col-md-6&#8243;][vc_row_inner el_class=&#8221;tile-box&#8221;][vc_column_inner offset=&#8221;vc_col-lg-6&#8243;][vc_column_text] O r\u00f3tulo do seu alimento est\u00e1 pronto? As empresas com uma m\u00e9dia de mais de $ 10 milh\u00f5es em vendas anuais foram obrigadas a atualizar seus r\u00f3tulos de alimentos para conformidade com as novas regras de rotulagem da Administra\u00e7\u00e3o de Alimentos e Medicamentos (FDA) dos EUA at\u00e9 1\u00ba\" \/>\n<meta property=\"og:url\" content=\"https:\/\/legacy.registrarcorp.com\/pt\/fda-food\/labeling\/\" \/>\n<meta property=\"og:site_name\" content=\"Registrar\" \/>\n<meta property=\"article:modified_time\" content=\"2021-12-21T16:20:27+00:00\" \/>\n<meta property=\"og:image\" content=\"https:\/\/legacy.registrarcorp.com\/wp-content\/uploads\/2019\/08\/press_release.jpg\" \/>\n\t<meta property=\"og:image:width\" content=\"1650\" \/>\n\t<meta property=\"og:image:height\" content=\"500\" \/>\n\t<meta property=\"og:image:type\" content=\"image\/jpeg\" \/>\n<meta name=\"twitter:card\" content=\"summary_large_image\" \/>\n<meta name=\"twitter:label1\" content=\"Est. reading time\" \/>\n\t<meta name=\"twitter:data1\" content=\"7 minutes\" \/>\n<script type=\"application\/ld+json\" class=\"yoast-schema-graph\">{\"@context\":\"https:\/\/schema.org\",\"@graph\":[{\"@type\":\"WebPage\",\"@id\":\"https:\/\/legacy.registrarcorp.com\/pt\/fda-food\/labeling\/\",\"url\":\"https:\/\/legacy.registrarcorp.com\/pt\/fda-food\/labeling\/\",\"name\":\"Is Your Label Ready For FDA's Deadline? - Registrar\",\"isPartOf\":{\"@id\":\"https:\/\/legacy.registrarcorp.com\/pt\/#website\"},\"primaryImageOfPage\":{\"@id\":\"https:\/\/legacy.registrarcorp.com\/pt\/fda-food\/labeling\/#primaryimage\"},\"image\":{\"@id\":\"https:\/\/legacy.registrarcorp.com\/pt\/fda-food\/labeling\/#primaryimage\"},\"thumbnailUrl\":\"https:\/\/legacy.registrarcorp.com\/wp-content\/uploads\/2019\/08\/press_release.jpg\",\"datePublished\":\"2019-10-10T19:04:31+00:00\",\"dateModified\":\"2021-12-21T16:20:27+00:00\",\"breadcrumb\":{\"@id\":\"https:\/\/legacy.registrarcorp.com\/pt\/fda-food\/labeling\/#breadcrumb\"},\"inLanguage\":\"pt\",\"potentialAction\":[{\"@type\":\"ReadAction\",\"target\":[\"https:\/\/legacy.registrarcorp.com\/pt\/fda-food\/labeling\/\"]}]},{\"@type\":\"ImageObject\",\"inLanguage\":\"pt\",\"@id\":\"https:\/\/legacy.registrarcorp.com\/pt\/fda-food\/labeling\/#primaryimage\",\"url\":\"https:\/\/legacy.registrarcorp.com\/wp-content\/uploads\/2019\/08\/press_release.jpg\",\"contentUrl\":\"https:\/\/legacy.registrarcorp.com\/wp-content\/uploads\/2019\/08\/press_release.jpg\",\"width\":1650,\"height\":500},{\"@type\":\"BreadcrumbList\",\"@id\":\"https:\/\/legacy.registrarcorp.com\/pt\/fda-food\/labeling\/#breadcrumb\",\"itemListElement\":[{\"@type\":\"ListItem\",\"position\":1,\"name\":\"Home\",\"item\":\"https:\/\/legacy.registrarcorp.com\/pt\/\"},{\"@type\":\"ListItem\",\"position\":2,\"name\":\"Alimentos e Bebidas\",\"item\":\"https:\/\/legacy.registrarcorp.com\/pt\/fda-food\/\"},{\"@type\":\"ListItem\",\"position\":3,\"name\":\"Is Your Label Ready For FDA&#8217;s Deadline?\"}]},{\"@type\":\"WebSite\",\"@id\":\"https:\/\/legacy.registrarcorp.com\/pt\/#website\",\"url\":\"https:\/\/legacy.registrarcorp.com\/pt\/\",\"name\":\"Registrar\",\"description\":\"Assistance with U.S. FDA Regulations\",\"publisher\":{\"@id\":\"https:\/\/legacy.registrarcorp.com\/pt\/#organization\"},\"potentialAction\":[{\"@type\":\"SearchAction\",\"target\":{\"@type\":\"EntryPoint\",\"urlTemplate\":\"https:\/\/legacy.registrarcorp.com\/pt\/?s={search_term_string}\"},\"query-input\":{\"@type\":\"PropertyValueSpecification\",\"valueRequired\":true,\"valueName\":\"search_term_string\"}}],\"inLanguage\":\"pt\"},{\"@type\":\"Organization\",\"@id\":\"https:\/\/legacy.registrarcorp.com\/pt\/#organization\",\"name\":\"Registrar Corp\",\"url\":\"https:\/\/legacy.registrarcorp.com\/pt\/\",\"logo\":{\"@type\":\"ImageObject\",\"inLanguage\":\"pt\",\"@id\":\"https:\/\/legacy.registrarcorp.com\/pt\/#\/schema\/logo\/image\/\",\"url\":\"https:\/\/legacy.registrarcorp.com\/wp-content\/uploads\/2019\/12\/regcorp_logo.png\",\"contentUrl\":\"https:\/\/legacy.registrarcorp.com\/wp-content\/uploads\/2019\/12\/regcorp_logo.png\",\"width\":1326,\"height\":330,\"caption\":\"Registrar Corp\"},\"image\":{\"@id\":\"https:\/\/legacy.registrarcorp.com\/pt\/#\/schema\/logo\/image\/\"}}]}<\/script>\n<!-- \/ Yoast SEO Premium plugin. -->","yoast_head_json":{"title":"Is Your Label Ready For FDA's Deadline? - Registrar","robots":{"index":"noindex","follow":"follow","max-snippet":"max-snippet:-1","max-image-preview":"max-image-preview:large","max-video-preview":"max-video-preview:-1"},"og_locale":"pt_PT","og_type":"article","og_title":"Is Your Label Ready For FDA's Deadline?","og_description":"[vc_section el_id=&#8221;main-info&#8221; el_class=&#8221;landing-section&#8221;][vc_row][vc_column offset=&#8221;vc_col-lg-8 vc_col-md-6&#8243;][vc_row_inner el_class=&#8221;tile-box&#8221;][vc_column_inner offset=&#8221;vc_col-lg-6&#8243;][vc_column_text] O r\u00f3tulo do seu alimento est\u00e1 pronto? As empresas com uma m\u00e9dia de mais de $ 10 milh\u00f5es em vendas anuais foram obrigadas a atualizar seus r\u00f3tulos de alimentos para conformidade com as novas regras de rotulagem da Administra\u00e7\u00e3o de Alimentos e Medicamentos (FDA) dos EUA at\u00e9 1\u00ba","og_url":"https:\/\/legacy.registrarcorp.com\/pt\/fda-food\/labeling\/","og_site_name":"Registrar","article_modified_time":"2021-12-21T16:20:27+00:00","og_image":[{"width":1650,"height":500,"url":"https:\/\/legacy.registrarcorp.com\/wp-content\/uploads\/2019\/08\/press_release.jpg","type":"image\/jpeg"}],"twitter_card":"summary_large_image","twitter_misc":{"Est. reading time":"7 minutes"},"schema":{"@context":"https:\/\/schema.org","@graph":[{"@type":"WebPage","@id":"https:\/\/legacy.registrarcorp.com\/pt\/fda-food\/labeling\/","url":"https:\/\/legacy.registrarcorp.com\/pt\/fda-food\/labeling\/","name":"Is Your Label Ready For FDA's Deadline? - Registrar","isPartOf":{"@id":"https:\/\/legacy.registrarcorp.com\/pt\/#website"},"primaryImageOfPage":{"@id":"https:\/\/legacy.registrarcorp.com\/pt\/fda-food\/labeling\/#primaryimage"},"image":{"@id":"https:\/\/legacy.registrarcorp.com\/pt\/fda-food\/labeling\/#primaryimage"},"thumbnailUrl":"https:\/\/legacy.registrarcorp.com\/wp-content\/uploads\/2019\/08\/press_release.jpg","datePublished":"2019-10-10T19:04:31+00:00","dateModified":"2021-12-21T16:20:27+00:00","breadcrumb":{"@id":"https:\/\/legacy.registrarcorp.com\/pt\/fda-food\/labeling\/#breadcrumb"},"inLanguage":"pt","potentialAction":[{"@type":"ReadAction","target":["https:\/\/legacy.registrarcorp.com\/pt\/fda-food\/labeling\/"]}]},{"@type":"ImageObject","inLanguage":"pt","@id":"https:\/\/legacy.registrarcorp.com\/pt\/fda-food\/labeling\/#primaryimage","url":"https:\/\/legacy.registrarcorp.com\/wp-content\/uploads\/2019\/08\/press_release.jpg","contentUrl":"https:\/\/legacy.registrarcorp.com\/wp-content\/uploads\/2019\/08\/press_release.jpg","width":1650,"height":500},{"@type":"BreadcrumbList","@id":"https:\/\/legacy.registrarcorp.com\/pt\/fda-food\/labeling\/#breadcrumb","itemListElement":[{"@type":"ListItem","position":1,"name":"Home","item":"https:\/\/legacy.registrarcorp.com\/pt\/"},{"@type":"ListItem","position":2,"name":"Alimentos e Bebidas","item":"https:\/\/legacy.registrarcorp.com\/pt\/fda-food\/"},{"@type":"ListItem","position":3,"name":"Is Your Label Ready For FDA&#8217;s Deadline?"}]},{"@type":"WebSite","@id":"https:\/\/legacy.registrarcorp.com\/pt\/#website","url":"https:\/\/legacy.registrarcorp.com\/pt\/","name":"Registrar","description":"Assistance with U.S. FDA Regulations","publisher":{"@id":"https:\/\/legacy.registrarcorp.com\/pt\/#organization"},"potentialAction":[{"@type":"SearchAction","target":{"@type":"EntryPoint","urlTemplate":"https:\/\/legacy.registrarcorp.com\/pt\/?s={search_term_string}"},"query-input":{"@type":"PropertyValueSpecification","valueRequired":true,"valueName":"search_term_string"}}],"inLanguage":"pt"},{"@type":"Organization","@id":"https:\/\/legacy.registrarcorp.com\/pt\/#organization","name":"Registrar Corp","url":"https:\/\/legacy.registrarcorp.com\/pt\/","logo":{"@type":"ImageObject","inLanguage":"pt","@id":"https:\/\/legacy.registrarcorp.com\/pt\/#\/schema\/logo\/image\/","url":"https:\/\/legacy.registrarcorp.com\/wp-content\/uploads\/2019\/12\/regcorp_logo.png","contentUrl":"https:\/\/legacy.registrarcorp.com\/wp-content\/uploads\/2019\/12\/regcorp_logo.png","width":1326,"height":330,"caption":"Registrar Corp"},"image":{"@id":"https:\/\/legacy.registrarcorp.com\/pt\/#\/schema\/logo\/image\/"}}]}},"_links":{"self":[{"href":"https:\/\/legacy.registrarcorp.com\/pt\/wp-json\/wp\/v2\/pages\/40178","targetHints":{"allow":["GET"]}}],"collection":[{"href":"https:\/\/legacy.registrarcorp.com\/pt\/wp-json\/wp\/v2\/pages"}],"about":[{"href":"https:\/\/legacy.registrarcorp.com\/pt\/wp-json\/wp\/v2\/types\/page"}],"author":[{"embeddable":true,"href":"https:\/\/legacy.registrarcorp.com\/pt\/wp-json\/wp\/v2\/users\/30"}],"replies":[{"embeddable":true,"href":"https:\/\/legacy.registrarcorp.com\/pt\/wp-json\/wp\/v2\/comments?post=40178"}],"version-history":[{"count":0,"href":"https:\/\/legacy.registrarcorp.com\/pt\/wp-json\/wp\/v2\/pages\/40178\/revisions"}],"up":[{"embeddable":true,"href":"https:\/\/legacy.registrarcorp.com\/pt\/wp-json\/wp\/v2\/pages\/41394"}],"wp:featuredmedia":[{"embeddable":true,"href":"https:\/\/legacy.registrarcorp.com\/pt\/wp-json\/wp\/v2\/media\/39535"}],"wp:attachment":[{"href":"https:\/\/legacy.registrarcorp.com\/pt\/wp-json\/wp\/v2\/media?parent=40178"}],"curies":[{"name":"wp","href":"https:\/\/api.w.org\/{rel}","templated":true}]}}