{"id":41408,"date":"2019-08-05T23:30:34","date_gmt":"2019-08-05T23:30:34","guid":{"rendered":"https:\/\/regstaging.wpengine.com\/about\/"},"modified":"2021-02-18T11:49:31","modified_gmt":"2021-02-18T16:49:31","slug":"about","status":"publish","type":"page","link":"https:\/\/legacy.registrarcorp.com\/it\/about\/","title":{"rendered":"Chi siamo"},"content":{"rendered":"<div class=\"wpb-content-wrapper\">[vc_section el_id=&#8221;pageHero&#8221; css=&#8221;.vc_custom_1563987547350{background-image: url(https:\/\/regstaging.wpengine.com\/wp-content\/uploads\/2019\/07\/About_Header.jpg?id=292) !important;background-position: center !important;background-repeat: no-repeat !important;background-size: cover !important;}&#8221;][vc_row el_class=&#8221;page-marquee&#8221;][vc_column][vc_column_text]\n<h1>Chi siamo<\/h1>\n[\/vc_column_text][\/vc_column][\/vc_row][\/vc_section][vc_section el_id=&#8221;aboutIndustries&#8221; css=&#8221;.vc_custom_1563983948509{background-color: #ececec !important;}&#8221;][vc_row][vc_column][vc_column_text]Registrar Corp \u00e8 stata fondata nel 2003 per assistere le aziende nell\u2019adeguamento alle normative della U.S. Food and Drug Administration (FDA). Con sede a Hampton, Virginia, Registrar Corp si \u00e8 successivamente espansa a livello mondiale con <a href=\"\/offices\/\"><span class=\"office-number\">20<\/span> uffici internazionali<\/a>, in 160 Paesi diversi, al servizio di pi\u00f9 di 30.000 aziende.<\/p>\n<p><strong>Registrar Corp \u00e8 costituita da ex funzionari della U.S FDA, scienziati e specialisti nei seguenti settori:<\/strong>[\/vc_column_text][\/vc_column][\/vc_row][vc_row el_class=&#8221;icon-row&#8221;][vc_column width=&#8221;1\/6&#8243;][vc_column_text el_class=&#8221;center-vertical&#8221;]<a href=\"\/it\/fda-food\"><img loading=\"lazy\" decoding=\"async\" class=\"alignnone size-full wp-image-127\" src=\"\/wp-content\/uploads\/2020\/02\/food-icon.png\" alt=\"\" width=\"114\" height=\"115\" \/><\/a><\/p>\n<p>ALIMENTI E BEVANDE[\/vc_column_text][\/vc_column][vc_column width=&#8221;1\/6&#8243;][vc_column_text el_class=&#8221;center-vertical&#8221;]<a href=\"\/it\/fda-medical-devices\"><img loading=\"lazy\" decoding=\"async\" class=\"alignnone wp-image-122 size-full\" src=\"\/wp-content\/uploads\/2020\/02\/med_icon.png\" alt=\"\" width=\"114\" height=\"115\" \/><\/a><\/p>\n<p>DISPOSITIVI MEDICI[\/vc_column_text][\/vc_column][vc_column width=&#8221;1\/6&#8243;][vc_column_text el_class=&#8221;center-vertical&#8221;]<a href=\"\/it\/fda-drugs\"><img loading=\"lazy\" decoding=\"async\" class=\"alignnone wp-image-117 size-full\" src=\"\/wp-content\/uploads\/2020\/02\/drugs_icon.png\" alt=\"\" width=\"114\" height=\"115\" \/><\/a><\/p>\n<p>FARMACI[\/vc_column_text][\/vc_column][vc_column width=&#8221;1\/6&#8243;][vc_column_text el_class=&#8221;center-vertical&#8221;]<a href=\"\/it\/fda-cosmetics\"><img loading=\"lazy\" decoding=\"async\" class=\"alignnone wp-image-112 size-full\" src=\"https:\/\/regstaging.wpengine.com\/wp-content\/uploads\/2019\/07\/cosmetics.png\" alt=\"\" width=\"114\" height=\"115\" srcset=\"https:\/\/legacy.registrarcorp.com\/wp-content\/uploads\/2019\/07\/cosmetics.png 114w, https:\/\/legacy.registrarcorp.com\/wp-content\/uploads\/2019\/07\/cosmetics-75x75.png 75w\" sizes=\"auto, (max-width: 114px) 100vw, 114px\" \/><\/a><\/p>\n<p>COSMETICI[\/vc_column_text][\/vc_column][vc_column width=&#8221;1\/6&#8243;][vc_column_text el_class=&#8221;center-vertical&#8221;]<a href=\"\/it\/fda-supplements\"><img loading=\"lazy\" decoding=\"async\" class=\"alignnone wp-image-107 size-full\" src=\"https:\/\/regstaging.wpengine.com\/wp-content\/uploads\/2019\/07\/supliments.png\" alt=\"\" width=\"114\" height=\"115\" srcset=\"https:\/\/legacy.registrarcorp.com\/wp-content\/uploads\/2019\/07\/supliments.png 114w, https:\/\/legacy.registrarcorp.com\/wp-content\/uploads\/2019\/07\/supliments-75x75.png 75w\" sizes=\"auto, (max-width: 114px) 100vw, 114px\" \/><\/a><\/p>\n<p>INTEGRATORI ALIMENTARI[\/vc_column_text][\/vc_column][vc_column width=&#8221;1\/6&#8243;][vc_column_text el_class=&#8221;center-vertical&#8221;]<a href=\"\/it\/other\"><img loading=\"lazy\" decoding=\"async\" class=\"alignnone wp-image-102 size-full\" src=\"\/wp-content\/uploads\/2020\/02\/other_icon-1.png\" alt=\"\" width=\"114\" height=\"115\" \/><\/a><\/p>\n<p>ALTRO[\/vc_column_text][\/vc_column][\/vc_row][\/vc_section][vc_section el_id=&#8221;aboutMission&#8221;][vc_row][vc_column][vc_column_text]Registrar Corp \u00e8 dal 2003 una societ\u00e0 leader nell\u2019assistenza FDA. I nostri servizi fanno riferimento a delle tariffe fisse e contenute e non a un tasso orario. I nostri specialisti in normativa FDA sono multilingue e restano a vostra disposizione 24 ore al giorno attraverso il servizio di chat online Live Help. Registrar Corp vi offre assistenza nel caso in cui abbiate bisogno di una Registrazione FDA, della revisione delle vostre etichette o di assistenza per una detenzione in dogana.[\/vc_column_text][\/vc_column][\/vc_row][\/vc_section][vc_section el_id=&#8221;aboutEducationOutreach&#8221; css=&#8221;.vc_custom_1564068495262{background-color: #01436c !important;}&#8221; el_class=&#8221;stars-overlay-right&#8221;][vc_row equal_height=&#8221;yes&#8221; el_class=&#8221;reverse-on-mobile&#8221;][vc_column width=&#8221;2\/3&#8243; css=&#8221;.vc_custom_1564002175334{padding-top: 60px !important;padding-right: 50px !important;padding-bottom: 60px !important;padding-left: 50px !important;}&#8221;][vc_column_text el_class=&#8221;font-white&#8221;]\n<h2>Aggiornamento e Divulgazione<\/h2>\n<p>La regolamentazione FDA \u00e8 in continua evoluzione. Registrar Corp ha come missione aggiornare le diverse aziende sui pi\u00f9 recenti requisiti FDA grazie a blog, fiere internazionali, seminari, webinar e altre modalit\u00e0 di divulgazione. I nostri specialisti approfondiscono ogni nuova normativa e comunicano con la FDA in maniera regolare, cos\u00ed da poter trasmettere in modo completo alle aziende interessate le aspettative specifiche della FDA.<\/p>\n<h3><a href=\"\/news\/\">ISCRIVETEVI AL NOSTRO BLOG<\/a><\/h3>\n<h3><a href=\"\/events\/#tradeshows\">INCONTRATECI A UNO DEI PROSSIMI SALONI<\/a><\/h3>\n<h3>PARTECIPATE A UNO DEI NOSTRI <a href=\"\/it\/events\/#seminars\">SEMINARI<\/a> O <a href=\"\/it\/events\/#webinars\">PRESENTAZIONI ONLINE<\/a><\/h3>\n[\/vc_column_text][\/vc_column][vc_column width=&#8221;1\/3&#8243; css=&#8221;.vc_custom_1564000744866{padding-top: 300px !important;background-image: url(https:\/\/regstaging.wpengine.com\/wp-content\/uploads\/2019\/07\/About_image1.jpg?id=287) !important;background-position: center !important;background-repeat: no-repeat !important;background-size: cover !important;}&#8221;][\/vc_column][\/vc_row][\/vc_section][vc_section el_id=&#8221;aboutSolutions&#8221; css=&#8221;.vc_custom_1564068792136{background-color: #950d0b !important;}&#8221; el_class=&#8221;stars-overlay-left&#8221;][vc_row equal_height=&#8221;yes&#8221;][vc_column width=&#8221;1\/3&#8243; css=&#8221;.vc_custom_1564000813498{padding-top: 300px !important;background-image: url(https:\/\/regstaging.wpengine.com\/wp-content\/uploads\/2019\/07\/About_image2.jpg?id=282) !important;background-position: center !important;background-repeat: no-repeat !important;background-size: cover !important;}&#8221;][\/vc_column][vc_column width=&#8221;2\/3&#8243; css=&#8221;.vc_custom_1564002834853{padding-top: 60px !important;padding-right: 50px !important;padding-bottom: 60px !important;padding-left: 50px !important;}&#8221;][vc_column_text el_class=&#8221;font-white&#8221; css=&#8221;.vc_custom_1582040456580{margin-bottom: 30px !important;}&#8221;]\n<h2>Soluzioni Software<\/h2>\n<p>Registrar Corp offre una serie di soluzioni software a supporto delle procedure di adeguamento ai requisiti della FDA.[\/vc_column_text][vc_row_inner equal_height=&#8221;yes&#8221; el_class=&#8221;solutions-row&#8221;][vc_column_inner width=&#8221;1\/2&#8243;][vc_column_text el_class=&#8221;font-white&#8221;]\n<h3><a href=\"\/it\/compliance-monitor\/\">FDA COMPLIANCE MONITOR<\/a><\/h3>\n<p>Uno strumento che assiste le aziende alimentari e gli importatori nella valutazione dello stato di conformit\u00e1 dei loro fornitori e nella loro approvazione, cos\u00ec come previsto dal FSMA.[\/vc_column_text][\/vc_column_inner][vc_column_inner width=&#8221;1\/2&#8243;][vc_column_text el_class=&#8221;font-white&#8221;]\n<h3><a href=\"https:\/\/www.fcewizard.com\">FCE WIZARD<\/a><\/h3>\n<p>Uno strumento che determina se i vostri prodotti possono essere soggetti ai requisiti FCE\/SID della FDA.[\/vc_column_text][\/vc_column_inner][vc_column_inner width=&#8221;1\/2&#8243;][vc_column_text el_class=&#8221;font-white&#8221;]\n<h3><a href=\"https:\/\/www.priornotice.com\">PRIOR NOTICE EXPRESS<\/a><\/h3>\n<p>La richiesta di Prior Notice deve essere trasmessa alla FDA per ogni spedizione di prodotti alimentari, bevande e integratori alimentari negli USA. Il nostro \u201cExpress service\u201d facilita e velocizza il processo di invio delle Prior Notice.[\/vc_column_text][\/vc_column_inner][vc_column_inner width=&#8221;1\/2&#8243;][vc_column_text el_class=&#8221;font-white&#8221;]\n<h3><a href=\"\/it\/fda-food\/fce-sid\/\">SID VERIFIER<\/a><\/h3>\n<p>Verifica se i SID sono attualmente registrati nel sistema della FDA.[\/vc_column_text][\/vc_column_inner][vc_column_inner width=&#8221;1\/2&#8243;][vc_column_text el_class=&#8221;font-white&#8221;]\n<h3><a href=\"https:\/\/www.fsmawizard.com\">FSMA WIZARD<\/a><\/h3>\n<p>Uno strumento gratuito che assiste le aziende alimentari, gli importatori e le aziende agricole a individuare i propri requisiti in relazione al Food Safety Modernization Act (FSMA) della FDA.[\/vc_column_text][\/vc_column_inner][vc_column_inner width=&#8221;1\/2&#8243;][\/vc_column_inner][\/vc_row_inner][\/vc_column][\/vc_row][\/vc_section][vc_section el_id=&#8221;aboutCustoms&#8221; css=&#8221;.vc_custom_1564068802653{background-color: #01436c !important;}&#8221; el_class=&#8221;stars-overlay-right&#8221;][vc_row equal_height=&#8221;yes&#8221; el_class=&#8221;reverse-on-mobile&#8221;][vc_column width=&#8221;2\/3&#8243; css=&#8221;.vc_custom_1564003124014{padding-top: 60px !important;padding-right: 50px !important;padding-bottom: 60px !important;padding-left: 50px !important;}&#8221;][vc_column_text el_class=&#8221;font-white&#8221;]\n<h2>Agenti Doganali<\/h2>\n<p>Registrar Corp considera di estrema importanza le relazioni con gli interlocutori doganali. La nostra Societ\u00e0 fa parte del National Customs Brokers and Forwarders Association of America (NCBFAA), per citare solo una tra le tante associazioni, e offre una serie di servizi agli Agenti Doganali, tra i quali citiamo:<\/p>\n<ul>\n<li>Assistenza su questioni relative alla normativa FDA, incluso i codici prodotto, i codici AofC e i numeri DUNS.<\/li>\n<li>Assistenza in caso di detenzione in dogana (con un possibile costo aggiuntivo per azienda mittente in caso di adeguamento alla normativa FDA, ad esempio per la revisione di etichette non conformi).<\/li>\n<li>Presentazioni online per i vostri clienti sugli aspetti della normativa FDA di maggiore interesse.<\/li>\n<\/ul>\n[\/vc_column_text][\/vc_column][vc_column width=&#8221;1\/3&#8243; css=&#8221;.vc_custom_1564000839490{padding-top: 300px !important;background-image: url(https:\/\/regstaging.wpengine.com\/wp-content\/uploads\/2019\/07\/About_image3.jpg?id=277) !important;background-position: center !important;background-repeat: no-repeat !important;background-size: cover !important;}&#8221;][\/vc_column][\/vc_row][\/vc_section][vc_section el_id=&#8221;aboutService&#8221; css=&#8221;.vc_custom_1563984281333{background-color: #3b4254 !important;}&#8221;][vc_row][vc_column][vc_column_text el_class=&#8221;font-white&#8221;]\n<h2>Servizio Cinque Stelle<\/h2>\n<p>Registrar Corp vanta un servizio professionale e affidabile.[\/vc_column_text][\/vc_column][\/vc_row][vc_row css=&#8221;.vc_custom_1564001863402{margin-top: 50px !important;}&#8221; el_class=&#8221;review-row&#8221;][vc_column width=&#8221;1\/2&#8243; css=&#8221;.vc_custom_1564001474631{margin-bottom: 50px !important;}&#8221;][vc_column_text el_class=&#8221;font-white content-center center-vertical&#8221;]<img loading=\"lazy\" decoding=\"async\" class=\"alignnone size-full wp-image-138\" src=\"https:\/\/regstaging.wpengine.com\/wp-content\/uploads\/2019\/07\/5stars.png\" alt=\"\" width=\"215\" height=\"34\" \/><\/p>\n<p><em>\u201cRegistrar Corp was #1 right from the start. SUPER Professional, super on-time with everything. Bottom Line &#8211; They saved and continue to save my company time and money\u201d<\/em><\/p>\n<p><strong>&#8211; David Dixon, MD<\/strong>[\/vc_column_text][\/vc_column][vc_column width=&#8221;1\/2&#8243; css=&#8221;.vc_custom_1564001487068{margin-bottom: 50px !important;}&#8221;][vc_column_text el_class=&#8221;font-white content-center center-vertical&#8221;]<img loading=\"lazy\" decoding=\"async\" class=\"alignnone size-full wp-image-138\" src=\"https:\/\/regstaging.wpengine.com\/wp-content\/uploads\/2019\/07\/5stars.png\" alt=\"\" width=\"215\" height=\"34\" \/><\/p>\n<p><em>\u201cThe service is worth every dollar. Fast and efficient enrollment process. What should have taken 3-4 weeks they completed in one week. Highly recommended.\u201d<\/em><\/p>\n<p><strong>&#8211; PharmaChem Technologies G.B. Ltd.<\/strong>[\/vc_column_text][\/vc_column][\/vc_row][vc_row el_class=&#8221;row-content-center&#8221; css=&#8221;.vc_custom_1564001507121{margin-top: 30px !important;}&#8221;][vc_column]<a href=\"\/it\/reviews\/\" title=\"\"  data-id=\"mpc_button-1969f86e8024138\" class=\"mpc-button mpc-init mpc-transition btn-transparent-white\" ><div class=\"mpc-button__content mpc-effect-type--none mpc-effect-side--none\"><span class=\"mpc-button__title mpc-transition\">Altre recensioni<\/span><\/div><div class=\"mpc-button__background mpc-transition mpc-effect-type--fade mpc-effect-side--in\"><\/div><\/a>[\/vc_column][\/vc_row][vc_row][vc_column][vc_raw_js]JTNDc2NyaXB0JTNFJTBBalF1ZXJ5JTI4ZG9jdW1lbnQlMjkucmVhZHklMjhmdW5jdGlvbiUyOCUyNCUyOSU3QiUwQSUyMCUyMCUyMCUyMHZhciUyMG9mZmljZU51bWJlciUyMCUzRCUyMGdsb2JhbERhdGEuZ2V0T2ZmaWNlRGF0YSUyOCUyOS5sZW5ndGglM0IlMEElMjAlMjAlMjAlMjAlMjQlMjglMjcub2ZmaWNlLW51bWJlciUyNyUyOS50ZXh0JTI4b2ZmaWNlTnVtYmVyJTI5JTNCJTBBJTdEJTI5JTNCJTBBJTNDJTJGc2NyaXB0JTNF[\/vc_raw_js][\/vc_column][\/vc_row][\/vc_section]\n<\/div>","protected":false},"excerpt":{"rendered":"<p>[vc_section el_id=&#8221;pageHero&#8221; css=&#8221;.vc_custom_1563987547350{background-image: url(https:\/\/regstaging.wpengine.com\/wp-content\/uploads\/2019\/07\/About_Header.jpg?id=292) !important;background-position: center !important;background-repeat: no-repeat !important;background-size: cover !important;}&#8221;][vc_row el_class=&#8221;page-marquee&#8221;][vc_column][vc_column_text] Chi siamo [\/vc_column_text][\/vc_column][\/vc_row][\/vc_section][vc_section el_id=&#8221;aboutIndustries&#8221; css=&#8221;.vc_custom_1563983948509{background-color: #ececec !important;}&#8221;][vc_row][vc_column][vc_column_text]Registrar Corp \u00e8 stata fondata nel 2003 per assistere le aziende nell\u2019adeguamento alle normative della U.S. Food and Drug Administration (FDA). Con sede a Hampton, Virginia, Registrar Corp si \u00e8 successivamente espansa a livello mondiale con 20<\/p>\n","protected":false},"author":2,"featured_media":402,"parent":0,"menu_order":0,"comment_status":"closed","ping_status":"closed","template":"full-width-page.php","meta":{"content-type":"","om_disable_all_campaigns":false,"inline_featured_image":false,"_genesis_hide_title":false,"_genesis_hide_breadcrumbs":false,"_genesis_hide_singular_image":false,"_genesis_hide_footer_widgets":false,"_genesis_custom_body_class":"about-page","_genesis_custom_post_class":"","_genesis_layout":"","footnotes":""},"class_list":{"0":"post-41408","1":"page","2":"type-page","3":"status-publish","4":"has-post-thumbnail","6":"entry"},"yoast_head":"<!-- This site is optimized with the Yoast SEO Premium plugin v20.9 (Yoast SEO v25.5) - https:\/\/yoast.com\/wordpress\/plugins\/seo\/ -->\n<title>Chi siamo - Registrar<\/title>\n<meta name=\"robots\" content=\"noindex, follow, max-snippet:-1, max-image-preview:large, max-video-preview:-1\" \/>\n<meta property=\"og:locale\" content=\"it_IT\" \/>\n<meta property=\"og:type\" content=\"article\" \/>\n<meta property=\"og:title\" content=\"Chi siamo\" \/>\n<meta property=\"og:description\" content=\"[vc_section el_id=&#8221;pageHero&#8221; css=&#8221;.vc_custom_1563987547350{background-image: url(https:\/\/regstaging.wpengine.com\/wp-content\/uploads\/2019\/07\/About_Header.jpg?id=292) !important;background-position: center !important;background-repeat: no-repeat !important;background-size: cover !important;}&#8221;][vc_row el_class=&#8221;page-marquee&#8221;][vc_column][vc_column_text] Chi siamo [\/vc_column_text][\/vc_column][\/vc_row][\/vc_section][vc_section el_id=&#8221;aboutIndustries&#8221; css=&#8221;.vc_custom_1563983948509{background-color: #ececec !important;}&#8221;][vc_row][vc_column][vc_column_text]Registrar Corp \u00e8 stata fondata nel 2003 per assistere le aziende nell\u2019adeguamento alle normative della U.S. Food and Drug Administration (FDA). Con sede a Hampton, Virginia, Registrar Corp si \u00e8 successivamente espansa a livello mondiale con 20\" \/>\n<meta property=\"og:url\" content=\"https:\/\/legacy.registrarcorp.com\/it\/about\/\" \/>\n<meta property=\"og:site_name\" content=\"Registrar\" \/>\n<meta property=\"article:modified_time\" content=\"2021-02-18T16:49:31+00:00\" \/>\n<meta property=\"og:image\" content=\"https:\/\/legacy.registrarcorp.com\/wp-content\/uploads\/2019\/08\/press_release.jpg\" \/>\n\t<meta property=\"og:image:width\" content=\"1650\" \/>\n\t<meta property=\"og:image:height\" content=\"500\" \/>\n\t<meta property=\"og:image:type\" content=\"image\/jpeg\" \/>\n<meta name=\"twitter:card\" content=\"summary_large_image\" \/>\n<meta name=\"twitter:label1\" content=\"Est. reading time\" \/>\n\t<meta name=\"twitter:data1\" content=\"6 minutes\" \/>\n<script type=\"application\/ld+json\" class=\"yoast-schema-graph\">{\"@context\":\"https:\/\/schema.org\",\"@graph\":[{\"@type\":\"WebPage\",\"@id\":\"https:\/\/legacy.registrarcorp.com\/it\/about\/\",\"url\":\"https:\/\/legacy.registrarcorp.com\/it\/about\/\",\"name\":\"Chi siamo - Registrar\",\"isPartOf\":{\"@id\":\"https:\/\/legacy.registrarcorp.com\/it\/#website\"},\"primaryImageOfPage\":{\"@id\":\"https:\/\/legacy.registrarcorp.com\/it\/about\/#primaryimage\"},\"image\":{\"@id\":\"https:\/\/legacy.registrarcorp.com\/it\/about\/#primaryimage\"},\"thumbnailUrl\":\"https:\/\/legacy.registrarcorp.com\/wp-content\/uploads\/2019\/08\/press_release.jpg\",\"datePublished\":\"2019-08-05T23:30:34+00:00\",\"dateModified\":\"2021-02-18T16:49:31+00:00\",\"breadcrumb\":{\"@id\":\"https:\/\/legacy.registrarcorp.com\/it\/about\/#breadcrumb\"},\"inLanguage\":\"it\",\"potentialAction\":[{\"@type\":\"ReadAction\",\"target\":[\"https:\/\/legacy.registrarcorp.com\/it\/about\/\"]}]},{\"@type\":\"ImageObject\",\"inLanguage\":\"it\",\"@id\":\"https:\/\/legacy.registrarcorp.com\/it\/about\/#primaryimage\",\"url\":\"https:\/\/legacy.registrarcorp.com\/wp-content\/uploads\/2019\/08\/press_release.jpg\",\"contentUrl\":\"https:\/\/legacy.registrarcorp.com\/wp-content\/uploads\/2019\/08\/press_release.jpg\",\"width\":1650,\"height\":500},{\"@type\":\"BreadcrumbList\",\"@id\":\"https:\/\/legacy.registrarcorp.com\/it\/about\/#breadcrumb\",\"itemListElement\":[{\"@type\":\"ListItem\",\"position\":1,\"name\":\"Home\",\"item\":\"https:\/\/legacy.registrarcorp.com\/it\/\"},{\"@type\":\"ListItem\",\"position\":2,\"name\":\"Chi siamo\"}]},{\"@type\":\"WebSite\",\"@id\":\"https:\/\/legacy.registrarcorp.com\/it\/#website\",\"url\":\"https:\/\/legacy.registrarcorp.com\/it\/\",\"name\":\"Registrar\",\"description\":\"Assistance with U.S. FDA Regulations\",\"publisher\":{\"@id\":\"https:\/\/legacy.registrarcorp.com\/it\/#organization\"},\"potentialAction\":[{\"@type\":\"SearchAction\",\"target\":{\"@type\":\"EntryPoint\",\"urlTemplate\":\"https:\/\/legacy.registrarcorp.com\/it\/?s={search_term_string}\"},\"query-input\":{\"@type\":\"PropertyValueSpecification\",\"valueRequired\":true,\"valueName\":\"search_term_string\"}}],\"inLanguage\":\"it\"},{\"@type\":\"Organization\",\"@id\":\"https:\/\/legacy.registrarcorp.com\/it\/#organization\",\"name\":\"Registrar Corp\",\"url\":\"https:\/\/legacy.registrarcorp.com\/it\/\",\"logo\":{\"@type\":\"ImageObject\",\"inLanguage\":\"it\",\"@id\":\"https:\/\/legacy.registrarcorp.com\/it\/#\/schema\/logo\/image\/\",\"url\":\"https:\/\/legacy.registrarcorp.com\/wp-content\/uploads\/2019\/12\/regcorp_logo.png\",\"contentUrl\":\"https:\/\/legacy.registrarcorp.com\/wp-content\/uploads\/2019\/12\/regcorp_logo.png\",\"width\":1326,\"height\":330,\"caption\":\"Registrar Corp\"},\"image\":{\"@id\":\"https:\/\/legacy.registrarcorp.com\/it\/#\/schema\/logo\/image\/\"}}]}<\/script>\n<!-- \/ Yoast SEO Premium plugin. -->","yoast_head_json":{"title":"Chi siamo - Registrar","robots":{"index":"noindex","follow":"follow","max-snippet":"max-snippet:-1","max-image-preview":"max-image-preview:large","max-video-preview":"max-video-preview:-1"},"og_locale":"it_IT","og_type":"article","og_title":"Chi siamo","og_description":"[vc_section el_id=&#8221;pageHero&#8221; css=&#8221;.vc_custom_1563987547350{background-image: url(https:\/\/regstaging.wpengine.com\/wp-content\/uploads\/2019\/07\/About_Header.jpg?id=292) !important;background-position: center !important;background-repeat: no-repeat !important;background-size: cover !important;}&#8221;][vc_row el_class=&#8221;page-marquee&#8221;][vc_column][vc_column_text] Chi siamo [\/vc_column_text][\/vc_column][\/vc_row][\/vc_section][vc_section el_id=&#8221;aboutIndustries&#8221; css=&#8221;.vc_custom_1563983948509{background-color: #ececec !important;}&#8221;][vc_row][vc_column][vc_column_text]Registrar Corp \u00e8 stata fondata nel 2003 per assistere le aziende nell\u2019adeguamento alle normative della U.S. Food and Drug Administration (FDA). Con sede a Hampton, Virginia, Registrar Corp si \u00e8 successivamente espansa a livello mondiale con 20","og_url":"https:\/\/legacy.registrarcorp.com\/it\/about\/","og_site_name":"Registrar","article_modified_time":"2021-02-18T16:49:31+00:00","og_image":[{"width":1650,"height":500,"url":"https:\/\/legacy.registrarcorp.com\/wp-content\/uploads\/2019\/08\/press_release.jpg","type":"image\/jpeg"}],"twitter_card":"summary_large_image","twitter_misc":{"Est. reading time":"6 minutes"},"schema":{"@context":"https:\/\/schema.org","@graph":[{"@type":"WebPage","@id":"https:\/\/legacy.registrarcorp.com\/it\/about\/","url":"https:\/\/legacy.registrarcorp.com\/it\/about\/","name":"Chi siamo - Registrar","isPartOf":{"@id":"https:\/\/legacy.registrarcorp.com\/it\/#website"},"primaryImageOfPage":{"@id":"https:\/\/legacy.registrarcorp.com\/it\/about\/#primaryimage"},"image":{"@id":"https:\/\/legacy.registrarcorp.com\/it\/about\/#primaryimage"},"thumbnailUrl":"https:\/\/legacy.registrarcorp.com\/wp-content\/uploads\/2019\/08\/press_release.jpg","datePublished":"2019-08-05T23:30:34+00:00","dateModified":"2021-02-18T16:49:31+00:00","breadcrumb":{"@id":"https:\/\/legacy.registrarcorp.com\/it\/about\/#breadcrumb"},"inLanguage":"it","potentialAction":[{"@type":"ReadAction","target":["https:\/\/legacy.registrarcorp.com\/it\/about\/"]}]},{"@type":"ImageObject","inLanguage":"it","@id":"https:\/\/legacy.registrarcorp.com\/it\/about\/#primaryimage","url":"https:\/\/legacy.registrarcorp.com\/wp-content\/uploads\/2019\/08\/press_release.jpg","contentUrl":"https:\/\/legacy.registrarcorp.com\/wp-content\/uploads\/2019\/08\/press_release.jpg","width":1650,"height":500},{"@type":"BreadcrumbList","@id":"https:\/\/legacy.registrarcorp.com\/it\/about\/#breadcrumb","itemListElement":[{"@type":"ListItem","position":1,"name":"Home","item":"https:\/\/legacy.registrarcorp.com\/it\/"},{"@type":"ListItem","position":2,"name":"Chi siamo"}]},{"@type":"WebSite","@id":"https:\/\/legacy.registrarcorp.com\/it\/#website","url":"https:\/\/legacy.registrarcorp.com\/it\/","name":"Registrar","description":"Assistance with U.S. FDA Regulations","publisher":{"@id":"https:\/\/legacy.registrarcorp.com\/it\/#organization"},"potentialAction":[{"@type":"SearchAction","target":{"@type":"EntryPoint","urlTemplate":"https:\/\/legacy.registrarcorp.com\/it\/?s={search_term_string}"},"query-input":{"@type":"PropertyValueSpecification","valueRequired":true,"valueName":"search_term_string"}}],"inLanguage":"it"},{"@type":"Organization","@id":"https:\/\/legacy.registrarcorp.com\/it\/#organization","name":"Registrar Corp","url":"https:\/\/legacy.registrarcorp.com\/it\/","logo":{"@type":"ImageObject","inLanguage":"it","@id":"https:\/\/legacy.registrarcorp.com\/it\/#\/schema\/logo\/image\/","url":"https:\/\/legacy.registrarcorp.com\/wp-content\/uploads\/2019\/12\/regcorp_logo.png","contentUrl":"https:\/\/legacy.registrarcorp.com\/wp-content\/uploads\/2019\/12\/regcorp_logo.png","width":1326,"height":330,"caption":"Registrar Corp"},"image":{"@id":"https:\/\/legacy.registrarcorp.com\/it\/#\/schema\/logo\/image\/"}}]}},"_links":{"self":[{"href":"https:\/\/legacy.registrarcorp.com\/it\/wp-json\/wp\/v2\/pages\/41408","targetHints":{"allow":["GET"]}}],"collection":[{"href":"https:\/\/legacy.registrarcorp.com\/it\/wp-json\/wp\/v2\/pages"}],"about":[{"href":"https:\/\/legacy.registrarcorp.com\/it\/wp-json\/wp\/v2\/types\/page"}],"author":[{"embeddable":true,"href":"https:\/\/legacy.registrarcorp.com\/it\/wp-json\/wp\/v2\/users\/2"}],"replies":[{"embeddable":true,"href":"https:\/\/legacy.registrarcorp.com\/it\/wp-json\/wp\/v2\/comments?post=41408"}],"version-history":[{"count":0,"href":"https:\/\/legacy.registrarcorp.com\/it\/wp-json\/wp\/v2\/pages\/41408\/revisions"}],"wp:featuredmedia":[{"embeddable":true,"href":"https:\/\/legacy.registrarcorp.com\/it\/wp-json\/wp\/v2\/media\/402"}],"wp:attachment":[{"href":"https:\/\/legacy.registrarcorp.com\/it\/wp-json\/wp\/v2\/media?parent=41408"}],"curies":[{"name":"wp","href":"https:\/\/api.w.org\/{rel}","templated":true}]}}