{"id":40177,"date":"2019-10-10T19:04:31","date_gmt":"2019-10-10T19:04:31","guid":{"rendered":"https:\/\/regstaging.wpengine.com\/labeling-3\/"},"modified":"2021-08-17T16:09:33","modified_gmt":"2021-08-17T20:09:33","slug":"labeling","status":"publish","type":"page","link":"https:\/\/legacy.registrarcorp.com\/it\/fda-food\/labeling\/","title":{"rendered":"La vostra etichetta \u00e9 pronta per la scadenza della FDA?"},"content":{"rendered":"<div class=\"wpb-content-wrapper\">[vc_section el_id=&#8221;main-info&#8221; el_class=&#8221;landing-section&#8221;][vc_row][vc_column offset=&#8221;vc_col-lg-8 vc_col-md-6&#8243;][vc_row_inner el_class=&#8221;tile-box&#8221;][vc_column_inner offset=&#8221;vc_col-lg-6&#8243;][vc_column_text]\n<h2 class=\"section-head\">La vostra etichetta alimentare \u00e9 pronta?<\/h2>\n<p>Le aziende con un fatturato globale superiore a 10 milioni di $, come media annuale degli ultimi 3 anni, avevano l&#8217;obbligo di adeguare le etichette dei loro prodotti alimentari destinati al mercato USA, cos\u00ec come previsto dalla U.S. Food and Drug Administration (FDA), entro e non oltre il 1\u00b0 gennaio 2020.<\/p>\n<p>A partire dal 1\u00b0 gennaio 2021, ogni altra azienda del settore alimentare ha l&#8217;obbligo di aggiornare le etichette dei prodotti destinati al mercato USA.[\/vc_column_text][\/vc_column_inner][vc_column_inner el_class=&#8221;label-comparison&#8221; offset=&#8221;vc_col-lg-6&#8243;][vc_raw_html]JTNDZGl2JTIwY2xhc3MlM0QlMjJ2Y19yb3clMjIlM0UlMEElM0NkaXYlMjBjbGFzcyUzRCUyMnZjX2NvbC14cy02JTIyJTNFJTBBJTNDaDUlM0UlM0NpJTIwY2xhc3MlM0QlMjJmYXMlMjBmYS10aW1lcy1jaXJjbGUlMjIlM0UlM0MlMkZpJTNFJTIwJTNDc3BhbiUzRUF0dHVhbGUlM0MlMkZzcGFuJTNFJTNDJTJGaDUlM0UlMEElM0NpbWclMjBzcmMlM0QlMjIlMkZ3cC1jb250ZW50JTJGdXBsb2FkcyUyRjIwMTklMkYxMSUyRm9sZC1sYWJlbC5wbmclMjIlMjAlMkYlM0UlMEElM0MlMkZkaXYlM0UlMEElM0NkaXYlMjBjbGFzcyUzRCUyMnZjX2NvbC14cy02JTIyJTNFJTBBJTNDaDUlM0UlM0NpJTIwY2xhc3MlM0QlMjJmYXMlMjBmYS1jaGVjay1jaXJjbGUlMjIlM0UlM0MlMkZpJTNFJTIwJTNDc3BhbiUzRU51b3ZhJTNDJTJGc3BhbiUzRSUzQyUyRmg1JTNFJTBBJTNDaW1nJTIwc3JjJTNEJTIyJTJGd3AtY29udGVudCUyRnVwbG9hZHMlMkYyMDE5JTJGMTElMkZuZXctbGFiZWwucG5nJTIyJTIwJTJGJTNFJTBBJTNDJTJGZGl2JTNFJTBBJTNDJTJGZGl2JTNFJTBBJTNDJTJGZGl2JTNF[\/vc_raw_html][\/vc_column_inner][\/vc_row_inner][\/vc_column][vc_column offset=&#8221;vc_col-lg-4 vc_col-md-6&#8243; el_id=&#8221;form-box&#8221;][vc_row_inner el_class=&#8221;form-box floating-box&#8221;][vc_column_inner][vc_column_text]\n<h3>Chiedete assistenza agli esperti<\/h3>\n[\/vc_column_text][vc_column_text]Gli specialisti di Registrar Corp possono aggiornare le vostre etichette affinch\u00e9 siano conformi alle nuove norme della FDA.[\/vc_column_text][vc_raw_html]JTVCZ3Jhdml0eWZvcm0lMjBpZCUzRCUyMjMlMjIlMjB0aXRsZSUzRCUyMmZhbHNlJTIyJTIwZGVzY3JpcHRpb24lM0QlMjJmYWxzZSUyMiUyMGFqYXglM0QlMjJ0cnVlJTIyJTIwZmllbGRfdmFsdWVzJTNEJTIyaW5xdWlyeV90eXBlJTNETGFiZWwlMjBSZXZpZXclMjZpbmR1c3R5X3R5cGUlM0RGb29kJTIwYW5kJTIwQmV2ZXJhZ2UlMjZmb3JtX3R5cGUlM0RzaG9ydCUyMiU1RA==[\/vc_raw_html][\/vc_column_inner][\/vc_row_inner][\/vc_column][\/vc_row][\/vc_section][vc_section el_id=&#8221;compliance&#8221; el_class=&#8221;landing-section&#8221;][vc_row][vc_column offset=&#8221;vc_col-lg-3\/5&#8243;][vc_column_text]\n<h2 class=\"section-head\">Perch\u00e9 cominciare ora<\/h2>\n<p>L\u2019adeguamento a queste norme pu\u00f3 richiedere molto tempo. La FDA ha esteso la precedente data per via della preoccupazione da parte dell\u2019industria di settore di non riuscire a rispettare la scadenza:[\/vc_column_text][vc_raw_html]JTNDYmxvY2txdW90ZSUzRSUyMkNvbXBhbmllcyUyMGFuZCUyMHRyYWRlJTIwYXNzb2NpYXRpb25zJTIwd2l0aCUyMG1lbWJlcnMlMjBjb3ZlcmVkJTIwYnklMjB0aGUlMjBydWxlcyUyMGhhdmUlMjBpbmZvcm1lZCUyMHVzJTIwdGhhdCUyMHRoZXklMjBoYXZlJTIwc2lnbmlmaWNhbnQlMjBjb25jZXJucyUyMGFib3V0JTIwdGhlaXIlMjBhYmlsaXR5JTIwdG8lMjB1cGRhdGUlMjBhbGwlMjB0aGVpciUyMGxhYmVscyUyMGJ5JTIwdGhlJTIwY29tcGxpYW5jZSUyMGRhdGVzJTIwZHVlJTIwdG8lMjBpc3N1ZXMlMjByZWdhcmRpbmclMjAlMjhhbW9uZyUyMG90aGVyJTIwdGhpbmdzJTI5JTIwdGhlJTIwbmVlZCUyMGZvciUyMHVwZ3JhZGVzJTIwdG8lMjBsYWJlbGluZyUyMHNvZnR3YXJlJTJDJTIwdGhlJTIwbmVlZCUyMHRvJTIwb2J0YWluJTIwbnV0cml0aW9uJTIwaW5mb3JtYXRpb24lMjBmcm9tJTIwc3VwcGxpZXJzJTJDJTIwdGhlJTIwbnVtYmVyJTIwb2YlMjBwcm9kdWN0cyUyMHRoYXQlMjB3b3VsZCUyMG5lZWQlMjBuZXclMjBsYWJlbHMlMkMlMjBhbmQlMjBhJTIwbGltaXRlZCUyMHRpbWUlMjBmb3IlMjByZWZvcm11bGF0aW9uJTIwb2YlMjBwcm9kdWN0cy4lMjIlMjAlM0NjaXRlJTNFJTI4JTNDYSUyMGhyZWYlM0QlMjJodHRwcyUzQSUyRiUyRnd3dy5mZWRlcmFscmVnaXN0ZXIuZ292JTJGZG9jdW1lbnRzJTJGMjAxNyUyRjEwJTJGMDIlMkYyMDE3LTIxMDE5JTJGZm9vZC1sYWJlbGluZy1yZXZpc2lvbi1vZi10aGUtbnV0cml0aW9uLWFuZC1zdXBwbGVtZW50LWZhY3RzLWxhYmVscy1hbmQtc2VydmluZy1zaXplcy1vZi1mb29kcy10aGF0JTIyJTIwdGFyZ2V0JTNEJTIyX2JsYW5rJTIyJTIwcmVsJTNEJTIybm9vcGVuZXIlMjBub3JlZmVycmVyJTIyJTNFODIlMjBGUiUyMDQ1NzUzJTNDJTJGYSUzRSUyOSUzQyUyRmNpdGUlM0UlM0MlMkZibG9ja3F1b3RlJTNF[\/vc_raw_html][vc_column_text]Grazie all&#8217;adeguamento sempre pi\u00f9 diffuso ai nuovi standard di etichettatura, i laboratori di analisi riscontrano un numero crescente di produttori di alimenti e bevande che richiedono dei test per verificare il livello dei nuovi valori nutrizionali obbligatori, come ad esempio la vitamina D e il potassio. Con l&#8217;aumento delle richieste, \u00e8 prevedibile un aumento dei costi per l&#8217;effettuazione di tali test, cos\u00ec come potenziali difficolt\u00e0 di programmazione e ritardi a causa della saturazione dei laboratori.[\/vc_column_text][\/vc_column][\/vc_row][vc_row][vc_column][vc_single_image source=&#8221;external_link&#8221; el_id=&#8221;hourglass&#8221; custom_src=&#8221;\/wp-content\/uploads\/2019\/11\/hourglass.png&#8221;][\/vc_column][\/vc_row][\/vc_section][vc_section el_id=&#8221;label-changes&#8221; el_class=&#8221;landing-section&#8221;][vc_row][vc_column][vc_column_text]\n<h2 class=\"section-head\">Cosa \u00e8 cambiato a partire dal 1\u00b0 gennaio 2021?<\/h2>\n<p>Di seguito alcune delle numerose modifiche all\u2019etichetta dei valori nutrizionali:[\/vc_column_text][vc_row_inner el_id=&#8221;nfc-breakdown&#8221;][vc_column_inner offset=&#8221;vc_col-lg-4 vc_col-md-4&#8243; el_id=&#8221;nfc-facts-col-1&#8243;][vc_raw_html]JTNDdWwlM0UlMEElM0NsaSUzRSUwQSUzQ2g1JTNFRGltZW5zaW9uZSUyMGRlbCUyMGNhcmF0dGVyZSUyMGRpJTIwYWxjdW5pJTIwZWxlbWVudGklM0MlMkZoNSUzRSUwQSUzQ3AlM0VDYXJhdHRlcmklMjBwaSVDMyVCQSUyMGdyYW5kaSUyMGUlMjBpbiUyMGdyYXNzZXR0byUyMHBlciUyMGxlJTIwZGljaGlhcmF6aW9uaSUyMHN1bGxlJTIwY2Fsb3JpZSUyMCUyOENhbG9yaWVzJTI5JTIwZSUyMHBvcnppb25pJTIwJTI4U2VydmluZyUyMFNpemUlMjkuJTNDJTJGcCUzRSUzQyUyRmxpJTNFJTBBJTNDbGklM0UlMEElM0NoNSUzRU51b3ZhJTIwZGljaGlhcmF6aW9uZSUyMHN1Z2xpJTIwJUUyJTgwJTlDenVjY2hlcmklMjBhZ2dpdW50aSVFMiU4MCU5RCUzQyUyRmg1JTNFJTBBJTNDcCUzRUdsaSUyMHp1Y2NoZXJpJTIwYWdnaXVudGklMjBkdXJhbnRlJTIwbGElMjBwcm9kdXppb25lJTJDJTIwZ2xpJTIwenVjY2hlcmklMjBkZXN0aW5hdGklMjBhZCUyMGVzc2VyZSUyMGFnZ2l1bnRpJTIwYWxsJUUyJTgwJTk5YWxpbWVudG8lMjBlJTIwYWxjdW5pJTIwenVjY2hlcmklMjBwcmVzZW50aSUyMGluJTIwbmF0dXJhJTIwZGV2b25vJTIwZXNzZXJlJTIwZGljaGlhcmF0aSUyMHNlcGFyYXRlbWVudGUlMjByaXNwZXR0byUyMGFnbGklMjB6dWNjaGVyaSUyMHRvdGFsaSUyMCUyOFRvdGFsJTIwU3VnYXJzJTI5LiVFMiU4MCU5RCUzQyUyRnAlM0UlM0MlMkZsaSUzRSUwQSUzQ2xpJTNFJTBBJTNDaDUlM0VOdW92YSUyMG5vdGElM0MlMkZoNSUzRSUwQSUzQ3AlM0VVbmElMjBub3RhJTIwaW4lMjBjYWxjZSUyMGRlZmluaXNjZSUyMG9yYSUyMGxhJTIwJTI1JTIwZGVsJTIwdmFsb3JlJTIwZ2lvcm5hbGllcm8lMjAlMjhEYWlseSUyMFZhbHVlJTI5LiUzQyUyRnAlM0UlMEElM0NwJTNFR2xpJTIwYWxpbWVudGklMjBkZXN0aW5hdGklMjBhJTIwYmFtYmluaSUyMGRhZ2xpJTIwMSUyMGFpJTIwMyUyMGFubmklMjBkZXZvbm8lMjBzcGVjaWZpY2FyZSUyMGNoZSUyMGlsJTIwdmFsb3JlJTIwZ2lvcm5hbGllcm8lMjBkaSUyMHJpZmVyaW1lbnRvJTIwJUMzJUE5JTIwMTAwMCUyMGNhbG9yaWUuJTNDJTJGcCUzRSUzQyUyRmxpJTNFJTBBJTNDJTJGdWwlM0U=[\/vc_raw_html][\/vc_column_inner][vc_column_inner offset=&#8221;vc_col-lg-4 vc_col-md-4&#8243; el_id=&#8221;nfc-label&#8221;][vc_raw_html]JTNDZGl2JTIwY2xhc3MlM0QlMjJpbWctYm94JTIyJTNFJTBBJTNDZGl2JTIwY2xhc3MlM0QlMjJmaWctYm94JTIwZmlnLWJveC1zZXJ2LXNpemUlMjIlM0UlM0MlMkZkaXYlM0UlMEElM0NkaXYlMjBjbGFzcyUzRCUyMmZpZy1ib3glMjBmaWctYm94LWNhbG9yaWVzJTIyJTNFJTNDJTJGZGl2JTNFJTBBJTNDZGl2JTIwY2xhc3MlM0QlMjJmaWctYm94JTIwZmlnLWJveC1hZGRlZC1zdWdhciUyMiUzRSUzQyUyRmRpdiUzRSUwQSUzQ2RpdiUyMGNsYXNzJTNEJTIyZmlnLWJveCUyMGZpZy1ib3gtbnV0cmllbnQlMjIlM0UlM0MlMkZkaXYlM0UlMEElM0NkaXYlMjBjbGFzcyUzRCUyMmZpZy1ib3glMjBmaWctYm94LWZvb3Rub3RlJTIyJTNFJTNDJTJGZGl2JTNFJTBBJTNDcCUzRSUzQ2ltZyUyMHNyYyUzRCUyMiUyRndwLWNvbnRlbnQlMkZ1cGxvYWRzJTJGMjAxOSUyRjExJTJGbmV3LWxhYmVsLnBuZyUyMiUyMGFsdCUzRCUyMk5ldyUyMExhYmVsJTIwRm9ybWF0JTIyJTNFJTNDJTJGcCUzRSUwQSUzQyUyRmRpdiUzRQ==[\/vc_raw_html][\/vc_column_inner][vc_column_inner offset=&#8221;vc_col-lg-4 vc_col-md-4&#8243; el_id=&#8221;nfc-facts-col-2&#8243;][vc_raw_html]JTNDdWwlM0UlMEElM0NsaSUzRSUwQSUzQ2g1JTNFUG9yemlvbmklMjBhZ2dpb3JuYXRlJTNDJTJGaDUlM0UlMEElM0NwJTNFSSUyMG51b3ZpJTIwdmFsb3JpJTIwZGklMjByaWZlcmltZW50byUyMGRlbGxlJTIwcXVhbnRpdCVDMyVBMSUyMGFiaXR1YWxtZW50ZSUyMGNvbnN1bWF0ZSUyMCUyOFJBQ0MlMjklMjBwZXIlMjBhbGN1bmklMjBwcm9kb3R0aSUyMG1vZGlmaWNhbm8lMjBsZSUyMHBvcnppb25pJTIwZSUyMGklMjB2YWxvcmklMjBnaW9ybmFsaWVyaS4lM0MlMkZwJTNFJTBBJTNDcCUzRUklMjBwcm9kb3R0aSUyMGNoZSUyMGNvbnRlbmdvbm8lMjB0cmElMjBpbCUyMDIwMCUyMGUlMjBpbCUyMDMwMCUyMHBlcmNlbnRvJTIwZGVsbGUlMjBwcm9wcmllJTIwUkFDQyUyMGRldm9ubyUyMHJpcG9ydGFyZSUyMHVuJUUyJTgwJTk5dWx0ZXJpb3JlJTIwY29sb25uYSUyMGNvbiUyMGxlJTIwaW5mb3JtYXppb25pJTIwbnV0cml6aW9uYWxpJTIwZGVsbCVFMiU4MCU5OWludGVyYSUyMGNvbmZlemlvbmUuJTNDJTJGcCUzRSUzQyUyRmxpJTNFJTBBJTNDbGklM0UlMEElM0NoNSUzRVJlcXVpc2l0aSUyMG51dHJpemlvbmFsaSUyMGFnZ2lvcm5hdGklM0MlMkZoNSUzRSUwQSUzQ3AlM0VMZSUyMHF1YW50aXQlQzMlQTElMjBkaSUyMHZpdGFtaW5hJTIwRCUyQyUyMHBvdGFzc2lvJTJDJTIwY2FsY2lvJTIwZSUyMGZlcnJvJTIwZGV2b25vJTIwZXNzZXJlJTIwZWxlbmNhdGUlMjBlZCUyMGVzcHJlc3NlJTIwaW4lMjBtaWxsaWdyYW1taSUyMG8lMjBtaWNyb2dyYW1taS4lM0MlMkZwJTNFJTNDJTJGbGklM0UlMEElM0MlMkZ1bCUzRQ==[\/vc_raw_html][\/vc_column_inner][\/vc_row_inner][\/vc_column][\/vc_row][\/vc_section][vc_section el_id=&#8221;section-assistance&#8221; el_class=&#8221;landing-section&#8221;][vc_row][vc_column offset=&#8221;vc_col-lg-2\/5 vc_col-md-2\/5&#8243;][vc_column_text]\n<h2 class=\"section-head\">Registrar Corp vi semplifica l\u2019adeguamento<\/h2>\n<p>Gli specialisti di Registrar Corp possono aggiornare le vostre etichette affinch\u00e9 siano conformi alle nuove norme della FDA.[\/vc_column_text]<div data-id=\"mpc_button-666a071743a10b4\" class=\"mpc-button mpc-init mpc-transition btn-blue-white assist-btn\" ><div class=\"mpc-button__content mpc-effect-type--none mpc-effect-side--none\"><span class=\"mpc-button__title mpc-transition\">Chiedete assistenza agli esperti ora<\/span><\/div><div class=\"mpc-button__background mpc-transition mpc-effect-type--fade mpc-effect-side--in\"><\/div><\/div>[\/vc_column][vc_column offset=&#8221;vc_col-lg-3\/5 vc_col-md-3\/5&#8243; el_class=&#8221;assist-grid&#8221;][vc_column_text]Il servizio di revisione etichette e ingredienti di Registrar Corp include:[\/vc_column_text][vc_row_inner equal_height=&#8221;yes&#8221; css=&#8221;.vc_custom_1576518003288{background-color: #ffffff !important;}&#8221; el_class=&#8221;assist-desc&#8221;][vc_column_inner width=&#8221;1\/6&#8243; offset=&#8221;vc_col-xs-4&#8243;][vc_single_image image=&#8221;38393&#8243;][\/vc_column_inner][vc_column_inner width=&#8221;1\/3&#8243; offset=&#8221;vc_col-xs-8&#8243;][vc_column_text]Un rapporto dettagliato con le revisioni consigliate alla vostra etichetta[\/vc_column_text][\/vc_column_inner][vc_column_inner width=&#8221;1\/6&#8243; offset=&#8221;vc_col-xs-4&#8243;][vc_single_image image=&#8221;38386&#8243;][\/vc_column_inner][vc_column_inner width=&#8221;1\/3&#8243; offset=&#8221;vc_col-xs-8&#8243;][vc_column_text]Un file grafico pronto all\u2019uso della vostra etichetta conforme alla FDA[\/vc_column_text][\/vc_column_inner][\/vc_row_inner][vc_row_inner equal_height=&#8221;yes&#8221; css=&#8221;.vc_custom_1576518010648{background-color: #ffffff !important;}&#8221; el_class=&#8221;assist-desc&#8221;][vc_column_inner width=&#8221;1\/6&#8243; offset=&#8221;vc_col-xs-4&#8243;][vc_single_image image=&#8221;38379&#8243;][\/vc_column_inner][vc_column_inner width=&#8221;1\/3&#8243; offset=&#8221;vc_col-xs-8&#8243;][vc_column_text]Assistenza individuale da parte di uno specialista[\/vc_column_text][\/vc_column_inner][vc_column_inner width=&#8221;1\/6&#8243; offset=&#8221;vc_col-xs-4&#8243;][vc_single_image image=&#8221;38400&#8243;][\/vc_column_inner][vc_column_inner width=&#8221;1\/3&#8243; offset=&#8221;vc_col-xs-8&#8243;][vc_column_text]Una revisione ulteriore della stessa etichetta entro 30 giorni[\/vc_column_text][\/vc_column_inner][\/vc_row_inner][\/vc_column][\/vc_row][\/vc_section][vc_row][vc_column][vc_raw_js]JTNDc2NyaXB0JTNFJTBBalF1ZXJ5JTI4ZG9jdW1lbnQlMjkucmVhZHklMjhmdW5jdGlvbiUyOCUyNCUyOSU3QiUwQXZhciUyMGQlMjAlM0QlMjBuZXclMjBEYXRlJTI4JTI5JTNCJTBBdmFyJTIwZGVhZGxpbmUlMjAlM0QlMjBuZXclMjBEYXRlJTI4RGF0ZS5VVEMlMjgyMDIwJTJDMCUyQzElMjklMjklM0IlMEF2YXIlMjBvYmolMjAlM0QlMjAlN0IlN0QlMEF2YXIlMjBkaWZmJTNCJTBBJTBBJTBBZnVuY3Rpb24lMjBydW5DYWxjcyUyOCUyOSU3QiUwQSUwQSUyMCUyMCUyMCUyMGRlYWRsaW5lLnNldFVUQ0hvdXJzJTI4NSUyOSUzQiUwQSUwOWQuc2V0VGltZSUyOERhdGUubm93JTI4JTI5JTI5JTNCJTBBJTA5ZGlmZiUyMCUzRCUyMGRlYWRsaW5lLnZhbHVlT2YlMjglMjklMjAtJTIwZC52YWx1ZU9mJTI4JTI5JTNCJTBBJTA5b2JqLndlZWtzJTIwJTNEJTIwTWF0aC5mbG9vciUyOGRpZmYlMjAlMkYlMjAlMjgxMDAwJTIwJTJBJTIwNjAlMjAlMkElMjA2MCUyMCUyQSUyMDI0JTIwJTJBJTIwNyUyOSUyOSUzQiUwQSUwOW9iai5kYXlzJTIwJTNEJTIwTWF0aC5mbG9vciUyOCUyOGRpZmYlMjAlMjUlMjAlMjgxMDAwJTIwJTJBJTIwNjAlMjAlMkElMjA2MCUyMCUyQSUyMDI0JTIwJTJBJTIwNyUyOSUyOSUyMCUyRiUyMCUyODEwMDAlMjAlMkElMjA2MCUyMCUyQSUyMDYwJTIwJTJBJTIwMjQlMjklMjklM0IlMEElMDlvYmouaG91cnMlMjAlM0QlMjBNYXRoLmZsb29yJTI4JTI4ZGlmZiUyMCUyNSUyMCUyODEwMDAlMjAlMkElMjA2MCUyMCUyQSUyMDYwJTIwJTJBJTIwMjQlMjklMjklMjAlMkYlMjAlMjgxMDAwJTIwJTJBJTIwNjAlMjAlMkElMjA2MCUyOSUyOSUzQiUwQSUwOW9iai5taW4lMjAlM0QlMjBNYXRoLmZsb29yJTI4JTI4ZGlmZiUyMCUyNSUyMCUyODEwMDAlMjAlMkElMjA2MCUyMCUyQSUyMDYwJTI5JTI5JTIwJTJGJTIwJTI4MTAwMCUyMCUyQSUyMDYwJTI5JTI5JTNCJTBBJTA5b2JqLnNlY29uZHMlMjAlM0QlMjBNYXRoLmZsb29yJTI4JTI4ZGlmZiUyMCUyNSUyMCUyODEwMDAlMjAlMkElMjA2MCUyOSUyOSUyMCUyRiUyMDEwMDAlMjklM0IlMEElMDlmb3IlMjh2YXIlMjBrJTIwaW4lMjBvYmolMjklN0IlMEElMDklMjAlMjAlMjAlMjBqUXVlcnklMjglMjclMjNjb3VudGRvd24tJTI3JTIwJTJCJTIwayUyOS50ZXh0JTI4b2JqJTVCayU1RCUyOSUzQiUwOSUwQSUwOSU3RCUwQSUwOWlmJTI4ZGlmZiUyMCUzQyUzRCUyMDAlMjklN0IlMEElMDklMDklMjQlMjglMjcuY291bnRkb3duLXN0ciUyNyUyOS5yZW1vdmUlMjglMjklMEElMjAlMjAlMjAlMjAlMjAlMjAlMjAlMjAlMjQlMjglMjclMjNjb3VudGRvd24taGVhZGVyJTI3JTI5LnJlbW92ZUNsYXNzJTI4JTI3dmNfY29sLWxnLW9mZnNldC0xJTIwdmNfY29sLWxnLTYlMjB2Y19jb2wtbWQtb2Zmc2V0LTAlMjB2Y19jb2wtbWQtNiUyMHZjX2NvbC14cy0xMiUyNyUyOSUzQiUwQSUyMCUyMCUyMCUyMCUyMCUyMCUyMCUyMCUyNCUyOCUyNyUyM2NvdW50ZG93bi1oZWFkZXIlMjBoMyUyNyUyOS50ZXh0JTI4JTIyTGElMjBwcmltYSUyMHNjYWRlbnphJTIwcGVyJTIwYWRlZ3VhcnNpJTIwYWxsZSUyMG51b3ZlJTIwbm9ybWUlMjBkaSUyMGV0aWNoZXR0YXR1cmElMjBkZWxsYSUyMEZEQSUyMCVDMyVBOSUyMHBhc3NhdGElMjIlMjklMEElMjAlMjAlMjAlMjAlMjAlMjAlMjAlMjByZXR1cm4lMjBmYWxzZSUzQiUwQSUwOSU3RCUwQSUyMCUyMCUyMCUyMHJldHVybiUyMHRydWUlM0IlMEElN0QlMEElMEF2YXIlMjBjb3VudGRvd24lMjAlM0QlMjBzZXRJbnRlcnZhbCUyOGZ1bmN0aW9uJTI4JTI5JTdCJTBBJTIwJTIwJTIwJTIwdmFyJTIwcnVuJTIwJTNEJTIwcnVuQ2FsY3MlMjglMjklM0IlMEElMjAlMjAlMjAlMjBpZiUyOCUyMXJ1biUyOSU3QiUwQSUyMCUyMCUyMCUyMCUyMCUyMCUyMCUyMGNsZWFySW50ZXJ2YWwlMjhjb3VudGRvd24lMjklM0IlMEElMjAlMjAlMjAlMjAlN0QlMEElN0QlMkMxMDAwJTI5JTNCJTBBJTBBJTI0JTI4JTI3LmFzc2lzdC1idG4lMjclMjkub24lMjglMjdjbGljayUyNyUyQ2Z1bmN0aW9uJTI4JTI5JTdCJTBBJTIwJTIwJTIwJTIwJTI0JTI4JTI3LmZvcm0tYm94JTI3JTI5LmFkZENsYXNzJTI4JTI3Ym94LXNlbGVjdGVkJTI3JTI5JTNCJTBBJTIwJTIwJTIwJTIwc2Nyb2xsVG9UYXJnZXQlMjglMjdmb3JtLWJveCUyNyUyOSUzQiUwQSU3RCUyOSUzQiUwQSU3RCUyOSUzQiUwQSUzQyUyRnNjcmlwdCUzRQ==[\/vc_raw_js][\/vc_column][\/vc_row]\n<\/div>","protected":false},"excerpt":{"rendered":"<p>[vc_section el_id=&#8221;main-info&#8221; el_class=&#8221;landing-section&#8221;][vc_row][vc_column offset=&#8221;vc_col-lg-8 vc_col-md-6&#8243;][vc_row_inner el_class=&#8221;tile-box&#8221;][vc_column_inner offset=&#8221;vc_col-lg-6&#8243;][vc_column_text] La vostra etichetta alimentare \u00e9 pronta? Le aziende con un fatturato globale superiore a 10 milioni di $, come media annuale degli ultimi 3 anni, avevano l&#8217;obbligo di adeguare le etichette dei loro prodotti alimentari destinati al mercato USA, cos\u00ec come previsto dalla U.S. Food and Drug Administration<\/p>\n","protected":false},"author":30,"featured_media":402,"parent":41393,"menu_order":0,"comment_status":"closed","ping_status":"closed","template":"full-width-page.php","meta":{"content-type":"","om_disable_all_campaigns":false,"inline_featured_image":false,"_genesis_hide_title":false,"_genesis_hide_breadcrumbs":false,"_genesis_hide_singular_image":false,"_genesis_hide_footer_widgets":false,"_genesis_custom_body_class":"","_genesis_custom_post_class":"","_genesis_layout":"","footnotes":""},"class_list":{"0":"post-40177","1":"page","2":"type-page","3":"status-publish","4":"has-post-thumbnail","6":"entry"},"yoast_head":"<!-- This site is optimized with the Yoast SEO Premium plugin v20.9 (Yoast SEO v25.5) - https:\/\/yoast.com\/wordpress\/plugins\/seo\/ -->\n<title>La vostra etichetta \u00e9 pronta per la scadenza della FDA? - Registrar<\/title>\n<meta name=\"robots\" content=\"noindex, follow, max-snippet:-1, max-image-preview:large, max-video-preview:-1\" \/>\n<meta property=\"og:locale\" content=\"it_IT\" \/>\n<meta property=\"og:type\" content=\"article\" \/>\n<meta property=\"og:title\" content=\"La vostra etichetta \u00e9 pronta per la scadenza della FDA?\" \/>\n<meta property=\"og:description\" content=\"[vc_section el_id=&#8221;main-info&#8221; el_class=&#8221;landing-section&#8221;][vc_row][vc_column offset=&#8221;vc_col-lg-8 vc_col-md-6&#8243;][vc_row_inner el_class=&#8221;tile-box&#8221;][vc_column_inner offset=&#8221;vc_col-lg-6&#8243;][vc_column_text] La vostra etichetta alimentare \u00e9 pronta? Le aziende con un fatturato globale superiore a 10 milioni di $, come media annuale degli ultimi 3 anni, avevano l&#8217;obbligo di adeguare le etichette dei loro prodotti alimentari destinati al mercato USA, cos\u00ec come previsto dalla U.S. Food and Drug Administration\" \/>\n<meta property=\"og:url\" content=\"https:\/\/legacy.registrarcorp.com\/it\/fda-food\/labeling\/\" \/>\n<meta property=\"og:site_name\" content=\"Registrar\" \/>\n<meta property=\"article:modified_time\" content=\"2021-08-17T20:09:33+00:00\" \/>\n<meta property=\"og:image\" content=\"https:\/\/legacy.registrarcorp.com\/wp-content\/uploads\/2019\/08\/press_release.jpg\" \/>\n\t<meta property=\"og:image:width\" content=\"1650\" \/>\n\t<meta property=\"og:image:height\" content=\"500\" \/>\n\t<meta property=\"og:image:type\" content=\"image\/jpeg\" \/>\n<meta name=\"twitter:card\" content=\"summary_large_image\" \/>\n<meta name=\"twitter:label1\" content=\"Est. reading time\" \/>\n\t<meta name=\"twitter:data1\" content=\"7 minutes\" \/>\n<script type=\"application\/ld+json\" class=\"yoast-schema-graph\">{\"@context\":\"https:\/\/schema.org\",\"@graph\":[{\"@type\":\"WebPage\",\"@id\":\"https:\/\/legacy.registrarcorp.com\/it\/fda-food\/labeling\/\",\"url\":\"https:\/\/legacy.registrarcorp.com\/it\/fda-food\/labeling\/\",\"name\":\"La vostra etichetta \u00e9 pronta per la scadenza della FDA? - Registrar\",\"isPartOf\":{\"@id\":\"https:\/\/legacy.registrarcorp.com\/it\/#website\"},\"primaryImageOfPage\":{\"@id\":\"https:\/\/legacy.registrarcorp.com\/it\/fda-food\/labeling\/#primaryimage\"},\"image\":{\"@id\":\"https:\/\/legacy.registrarcorp.com\/it\/fda-food\/labeling\/#primaryimage\"},\"thumbnailUrl\":\"https:\/\/legacy.registrarcorp.com\/wp-content\/uploads\/2019\/08\/press_release.jpg\",\"datePublished\":\"2019-10-10T19:04:31+00:00\",\"dateModified\":\"2021-08-17T20:09:33+00:00\",\"breadcrumb\":{\"@id\":\"https:\/\/legacy.registrarcorp.com\/it\/fda-food\/labeling\/#breadcrumb\"},\"inLanguage\":\"it\",\"potentialAction\":[{\"@type\":\"ReadAction\",\"target\":[\"https:\/\/legacy.registrarcorp.com\/it\/fda-food\/labeling\/\"]}]},{\"@type\":\"ImageObject\",\"inLanguage\":\"it\",\"@id\":\"https:\/\/legacy.registrarcorp.com\/it\/fda-food\/labeling\/#primaryimage\",\"url\":\"https:\/\/legacy.registrarcorp.com\/wp-content\/uploads\/2019\/08\/press_release.jpg\",\"contentUrl\":\"https:\/\/legacy.registrarcorp.com\/wp-content\/uploads\/2019\/08\/press_release.jpg\",\"width\":1650,\"height\":500},{\"@type\":\"BreadcrumbList\",\"@id\":\"https:\/\/legacy.registrarcorp.com\/it\/fda-food\/labeling\/#breadcrumb\",\"itemListElement\":[{\"@type\":\"ListItem\",\"position\":1,\"name\":\"Home\",\"item\":\"https:\/\/legacy.registrarcorp.com\/it\/\"},{\"@type\":\"ListItem\",\"position\":2,\"name\":\"Alimenti e Bevande\",\"item\":\"https:\/\/legacy.registrarcorp.com\/it\/fda-food\/\"},{\"@type\":\"ListItem\",\"position\":3,\"name\":\"La vostra etichetta \u00e9 pronta per la scadenza della FDA?\"}]},{\"@type\":\"WebSite\",\"@id\":\"https:\/\/legacy.registrarcorp.com\/it\/#website\",\"url\":\"https:\/\/legacy.registrarcorp.com\/it\/\",\"name\":\"Registrar\",\"description\":\"Assistance with U.S. FDA Regulations\",\"publisher\":{\"@id\":\"https:\/\/legacy.registrarcorp.com\/it\/#organization\"},\"potentialAction\":[{\"@type\":\"SearchAction\",\"target\":{\"@type\":\"EntryPoint\",\"urlTemplate\":\"https:\/\/legacy.registrarcorp.com\/it\/?s={search_term_string}\"},\"query-input\":{\"@type\":\"PropertyValueSpecification\",\"valueRequired\":true,\"valueName\":\"search_term_string\"}}],\"inLanguage\":\"it\"},{\"@type\":\"Organization\",\"@id\":\"https:\/\/legacy.registrarcorp.com\/it\/#organization\",\"name\":\"Registrar Corp\",\"url\":\"https:\/\/legacy.registrarcorp.com\/it\/\",\"logo\":{\"@type\":\"ImageObject\",\"inLanguage\":\"it\",\"@id\":\"https:\/\/legacy.registrarcorp.com\/it\/#\/schema\/logo\/image\/\",\"url\":\"https:\/\/legacy.registrarcorp.com\/wp-content\/uploads\/2019\/12\/regcorp_logo.png\",\"contentUrl\":\"https:\/\/legacy.registrarcorp.com\/wp-content\/uploads\/2019\/12\/regcorp_logo.png\",\"width\":1326,\"height\":330,\"caption\":\"Registrar Corp\"},\"image\":{\"@id\":\"https:\/\/legacy.registrarcorp.com\/it\/#\/schema\/logo\/image\/\"}}]}<\/script>\n<!-- \/ Yoast SEO Premium plugin. -->","yoast_head_json":{"title":"La vostra etichetta \u00e9 pronta per la scadenza della FDA? - Registrar","robots":{"index":"noindex","follow":"follow","max-snippet":"max-snippet:-1","max-image-preview":"max-image-preview:large","max-video-preview":"max-video-preview:-1"},"og_locale":"it_IT","og_type":"article","og_title":"La vostra etichetta \u00e9 pronta per la scadenza della FDA?","og_description":"[vc_section el_id=&#8221;main-info&#8221; el_class=&#8221;landing-section&#8221;][vc_row][vc_column offset=&#8221;vc_col-lg-8 vc_col-md-6&#8243;][vc_row_inner el_class=&#8221;tile-box&#8221;][vc_column_inner offset=&#8221;vc_col-lg-6&#8243;][vc_column_text] La vostra etichetta alimentare \u00e9 pronta? Le aziende con un fatturato globale superiore a 10 milioni di $, come media annuale degli ultimi 3 anni, avevano l&#8217;obbligo di adeguare le etichette dei loro prodotti alimentari destinati al mercato USA, cos\u00ec come previsto dalla U.S. Food and Drug Administration","og_url":"https:\/\/legacy.registrarcorp.com\/it\/fda-food\/labeling\/","og_site_name":"Registrar","article_modified_time":"2021-08-17T20:09:33+00:00","og_image":[{"width":1650,"height":500,"url":"https:\/\/legacy.registrarcorp.com\/wp-content\/uploads\/2019\/08\/press_release.jpg","type":"image\/jpeg"}],"twitter_card":"summary_large_image","twitter_misc":{"Est. reading time":"7 minutes"},"schema":{"@context":"https:\/\/schema.org","@graph":[{"@type":"WebPage","@id":"https:\/\/legacy.registrarcorp.com\/it\/fda-food\/labeling\/","url":"https:\/\/legacy.registrarcorp.com\/it\/fda-food\/labeling\/","name":"La vostra etichetta \u00e9 pronta per la scadenza della FDA? - Registrar","isPartOf":{"@id":"https:\/\/legacy.registrarcorp.com\/it\/#website"},"primaryImageOfPage":{"@id":"https:\/\/legacy.registrarcorp.com\/it\/fda-food\/labeling\/#primaryimage"},"image":{"@id":"https:\/\/legacy.registrarcorp.com\/it\/fda-food\/labeling\/#primaryimage"},"thumbnailUrl":"https:\/\/legacy.registrarcorp.com\/wp-content\/uploads\/2019\/08\/press_release.jpg","datePublished":"2019-10-10T19:04:31+00:00","dateModified":"2021-08-17T20:09:33+00:00","breadcrumb":{"@id":"https:\/\/legacy.registrarcorp.com\/it\/fda-food\/labeling\/#breadcrumb"},"inLanguage":"it","potentialAction":[{"@type":"ReadAction","target":["https:\/\/legacy.registrarcorp.com\/it\/fda-food\/labeling\/"]}]},{"@type":"ImageObject","inLanguage":"it","@id":"https:\/\/legacy.registrarcorp.com\/it\/fda-food\/labeling\/#primaryimage","url":"https:\/\/legacy.registrarcorp.com\/wp-content\/uploads\/2019\/08\/press_release.jpg","contentUrl":"https:\/\/legacy.registrarcorp.com\/wp-content\/uploads\/2019\/08\/press_release.jpg","width":1650,"height":500},{"@type":"BreadcrumbList","@id":"https:\/\/legacy.registrarcorp.com\/it\/fda-food\/labeling\/#breadcrumb","itemListElement":[{"@type":"ListItem","position":1,"name":"Home","item":"https:\/\/legacy.registrarcorp.com\/it\/"},{"@type":"ListItem","position":2,"name":"Alimenti e Bevande","item":"https:\/\/legacy.registrarcorp.com\/it\/fda-food\/"},{"@type":"ListItem","position":3,"name":"La vostra etichetta \u00e9 pronta per la scadenza della FDA?"}]},{"@type":"WebSite","@id":"https:\/\/legacy.registrarcorp.com\/it\/#website","url":"https:\/\/legacy.registrarcorp.com\/it\/","name":"Registrar","description":"Assistance with U.S. FDA Regulations","publisher":{"@id":"https:\/\/legacy.registrarcorp.com\/it\/#organization"},"potentialAction":[{"@type":"SearchAction","target":{"@type":"EntryPoint","urlTemplate":"https:\/\/legacy.registrarcorp.com\/it\/?s={search_term_string}"},"query-input":{"@type":"PropertyValueSpecification","valueRequired":true,"valueName":"search_term_string"}}],"inLanguage":"it"},{"@type":"Organization","@id":"https:\/\/legacy.registrarcorp.com\/it\/#organization","name":"Registrar Corp","url":"https:\/\/legacy.registrarcorp.com\/it\/","logo":{"@type":"ImageObject","inLanguage":"it","@id":"https:\/\/legacy.registrarcorp.com\/it\/#\/schema\/logo\/image\/","url":"https:\/\/legacy.registrarcorp.com\/wp-content\/uploads\/2019\/12\/regcorp_logo.png","contentUrl":"https:\/\/legacy.registrarcorp.com\/wp-content\/uploads\/2019\/12\/regcorp_logo.png","width":1326,"height":330,"caption":"Registrar Corp"},"image":{"@id":"https:\/\/legacy.registrarcorp.com\/it\/#\/schema\/logo\/image\/"}}]}},"_links":{"self":[{"href":"https:\/\/legacy.registrarcorp.com\/it\/wp-json\/wp\/v2\/pages\/40177","targetHints":{"allow":["GET"]}}],"collection":[{"href":"https:\/\/legacy.registrarcorp.com\/it\/wp-json\/wp\/v2\/pages"}],"about":[{"href":"https:\/\/legacy.registrarcorp.com\/it\/wp-json\/wp\/v2\/types\/page"}],"author":[{"embeddable":true,"href":"https:\/\/legacy.registrarcorp.com\/it\/wp-json\/wp\/v2\/users\/30"}],"replies":[{"embeddable":true,"href":"https:\/\/legacy.registrarcorp.com\/it\/wp-json\/wp\/v2\/comments?post=40177"}],"version-history":[{"count":0,"href":"https:\/\/legacy.registrarcorp.com\/it\/wp-json\/wp\/v2\/pages\/40177\/revisions"}],"up":[{"embeddable":true,"href":"https:\/\/legacy.registrarcorp.com\/it\/wp-json\/wp\/v2\/pages\/41393"}],"wp:featuredmedia":[{"embeddable":true,"href":"https:\/\/legacy.registrarcorp.com\/it\/wp-json\/wp\/v2\/media\/402"}],"wp:attachment":[{"href":"https:\/\/legacy.registrarcorp.com\/it\/wp-json\/wp\/v2\/media?parent=40177"}],"curies":[{"name":"wp","href":"https:\/\/api.w.org\/{rel}","templated":true}]}}