{"id":41310,"date":"2016-03-14T22:54:44","date_gmt":"2016-03-15T02:54:44","guid":{"rendered":"https:\/\/regstaging.wpengine.com\/fda-cosmetics\/"},"modified":"2023-03-02T13:36:52","modified_gmt":"2023-03-02T18:36:52","slug":"fda-cosmetics","status":"publish","type":"page","link":"https:\/\/legacy.registrarcorp.com\/fr\/fda-cosmetics\/","title":{"rendered":"Cosm\u00e9tiques"},"content":{"rendered":"<div class=\"wpb-content-wrapper\">[vc_section el_id=&#8221;pageHero&#8221; css=&#8221;.vc_custom_1581873021493{background-image: url(https:\/\/regstaging.wpengine.com\/wp-content\/uploads\/2020\/02\/cosmetics-hero-1.jpg?id=41190) !important;background-position: center !important;background-repeat: no-repeat !important;background-size: cover !important;}&#8221; el_class=&#8221;page-solutions&#8221;][vc_row el_class=&#8221;page-marquee&#8221;][vc_column][vc_column_text el_class=&#8221;half-width&#8221;]\n<h1>Cosm\u00e9tiques<\/h1>\n<hr \/>\n<h2><strong>S\u2019enregistrer avec l\u2019U.S. Food and Drug Administration (FDA)<\/strong><\/h2>\n[\/vc_column_text][vc_row_inner el_class=&#8221;row-content-center&#8221;][vc_column_inner]<a href=\"\/fr\/fda-cosmetics\/usfda-cosmetics-registration\/\" title=\"\"  data-id=\"mpc_button-6169fbcda0e83f2\" class=\"mpc-button mpc-init mpc-transition btn-red-white btn-header\" ><div class=\"mpc-button__content mpc-effect-type--none mpc-effect-side--none\"><span class=\"mpc-button__title mpc-transition\">Commencer<\/span><\/div><div class=\"mpc-button__background mpc-transition mpc-effect-type--fade mpc-effect-side--in\"><\/div><\/a>[\/vc_column_inner][\/vc_row_inner][\/vc_column][\/vc_row][vc_row el_class=&#8221;hero-footer&#8221;][vc_column][vc_raw_html]JTNDZGl2JTIwY2xhc3MlM0QlMjJzb2x1dGlvbnMtaGVyby1mb290ZXIlMjIlM0UlMEElM0NzcGFuJTIwY2xhc3MlM0QlMjJ0ZXh0JTIyJTNFVm91cyUyMGRlbWFuZGV6JTIwcGFyJTIwbyVDMyVCOSUyMGNvbW1lbmNlciUzRiUzQyUyRnNwYW4lM0UlMEElM0NhJTIwaHJlZiUzRCUyMiUyMyUyMiUyMGNsYXNzJTNEJTIyY2hhdC1idG4lMjBidG4tYmx1ZS13aGl0ZSUyMGJ0bi1mbGV4JTIyJTNFJTBBJTNDaW1nJTIwc3JjJTNEJTIyJTJGd3AtY29udGVudCUyRnVwbG9hZHMlMkYyMDE5JTJGMTAlMkZDaGF0X2J1YmJsZS5wbmclMjIlMjAlMkYlM0UlMEElM0NzcGFuJTNFQ2hhdHRlciUyMG1haW50ZW5hbnQlM0MlMkZzcGFuJTNFJTBBJTNDJTJGYSUzRSUwQSUzQyUyRmRpdiUzRQ==[\/vc_raw_html][\/vc_column][\/vc_row][\/vc_section][vc_section el_id=&#8221;featuredSolutions&#8221;][vc_row el_class=&#8221;side-by-side&#8221;][vc_column width=&#8221;1\/2&#8243; el_class=&#8221;side-left align-right hasImage&#8221; css=&#8221;.vc_custom_1581873787407{background-image: url(https:\/\/regstaging.wpengine.com\/wp-content\/uploads\/2020\/02\/cosmetic-label-scaled.jpg?id=41197) !important;background-position: center !important;background-repeat: no-repeat !important;background-size: cover !important;}&#8221;][vc_column_text el_class=&#8221;side-title-block&#8221;]\n<h2>V\u00e9rification \u00e9tiquetage<br \/>\net ingr\u00e9dients<\/h2>\n[\/vc_column_text][\/vc_column][vc_column width=&#8221;1\/2&#8243; el_class=&#8221;side-right align-left&#8221;][vc_column_text el_class=&#8221;side-text-block&#8221;]Les erreurs d\u2019\u00e9tiquetages sont une des plus grandes causes de d\u00e9tention par la FDA. Registrar Corp aide les entreprises \u00e0 modifier leurs \u00e9tiquetages cosm\u00e9tiques pour satisfaire les r\u00e8glementations FDA. Registrar Corp fournit des fichiers graphiques pr\u00eats \u00e0 \u00eatre imprim\u00e9s ou modifi\u00e9s ainsi qu\u2019un rapport qui d\u00e9taille les r\u00e9glementations, guides de conformit\u00e9, lettres d\u2019avertissements, alertes d\u2019importations et autres documents de r\u00e9f\u00e9rence \u00e9mis par l\u2019U.S. FDA.[\/vc_column_text][vc_column_text el_class=&#8221;side-links&#8221;]<a class=\"btn-red-white\" href=\".\/labeling\">Commencer<\/a><\/p>\n<p><a href=\"#fee-modal\" data-fee-category=\"cosmetics-label_review\">Tarifs<\/a>[\/vc_column_text][\/vc_column][\/vc_row][vc_row el_class=&#8221;side-by-side mobile-reverse&#8221;][vc_column width=&#8221;1\/2&#8243; el_class=&#8221;side-left align-left&#8221; css=&#8221;.vc_custom_1570054217097{background-color: #3b4254 !important;background-position: center !important;background-repeat: no-repeat !important;background-size: cover !important;}&#8221;][vc_column_text el_class=&#8221;side-text-block font-white&#8221;]Certaines entreprises cosm\u00e9tiques ayant l\u2019intention de vendre dans l\u2019\u00e9tat de Californie aux \u00c9tats-Unis doivent signaler les ingr\u00e9dients dans leurs produits qui pourraient causer cancers, malformations cong\u00e9nitales, ou d\u2019autres dangers pour la reproduction. Registrar Corp aide les entreprises \u00e0 d\u00e9terminer quels ingr\u00e9dients dans leurs produits peuvent \u00eatre sujets \u00e0 cette exigence et \u00e0 les signaler \u00e0 l\u2019\u00c9tat de Californie.[\/vc_column_text][vc_column_text el_class=&#8221;side-links font-white&#8221;]<a class=\"btn-red-white\" href=\".\/california-reporting\">Commencer<\/a><\/p>\n<p><a href=\"#fee-modal\" data-fee-category=\"cosmetics-registration\">Tarifs<\/a>[\/vc_column_text][\/vc_column][vc_column width=&#8221;1\/2&#8243; el_class=&#8221;side-right align-left hasImage&#8221; css=&#8221;.vc_custom_1581873859150{background-image: url(https:\/\/regstaging.wpengine.com\/wp-content\/uploads\/2020\/02\/cosmetic-reporting-scaled.jpg?id=41204) !important;background-position: center !important;background-repeat: no-repeat !important;background-size: cover !important;}&#8221;][vc_column_text el_class=&#8221;side-title-block&#8221;]\n<h2>Reporting suivant le<br \/>\nCalifornia Safe Cosmetic Act<\/h2>\n[\/vc_column_text][\/vc_column][\/vc_row][vc_row el_class=&#8221;side-by-side&#8221;][vc_column width=&#8221;1\/2&#8243; el_class=&#8221;side-left align-right hasImage&#8221; css=&#8221;.vc_custom_1581873924049{background-image: url(https:\/\/regstaging.wpengine.com\/wp-content\/uploads\/2020\/02\/cosmetic-registration-scaled.jpg?id=41211) !important;background-position: center !important;background-repeat: no-repeat !important;background-size: cover !important;}&#8221;][vc_column_text el_class=&#8221;side-title-block&#8221;]\n<h2>Exigences MoCRA pour les cosm\u00e9tiques<\/h2>\n[\/vc_column_text][\/vc_column][vc_column width=&#8221;1\/2&#8243; el_class=&#8221;side-right align-left&#8221;][vc_column_text el_class=&#8221;side-text-block&#8221;]Selon la loi de Modernisation des Cosm\u00e9tiques MoCRA de 2022 (Modernization of Cosmetics Regulations Act), les soci\u00e9t\u00e9s cosm\u00e9tiques doivent se conformer \u00e0 de nouvelles exigences, comprenant l\u2019enregistrement obligatoire des \u00e9tablissements, des produits (listings), le respect des GMPs et bien plus encore. Registrar Corp aide les entreprises cosm\u00e9tiques \u00e0 se pr\u00e9parer aux exigences \u00e9largies de MoCRA.[\/vc_column_text][vc_column_text el_class=&#8221;side-links&#8221;]<a class=\"btn-red-white\" href=\"\/fda-cosmetics\/usfda-cosmetics-registration\/\">D\u00e9marrer maintenant<\/a><\/p>\n<p><!-- <a href=\"#fee-modal\" data-fee-category=\"cosmetics-registration\">View Pricing<\/a> \/\/-->[\/vc_column_text][\/vc_column][\/vc_row][\/vc_section][vc_section css=&#8221;.vc_custom_1574176315943{background-color: #ececec !important;}&#8221;][vc_row equal_height=&#8221;yes&#8221; el_class=&#8221;grid-tiles&#8221;][vc_column width=&#8221;1\/2&#8243; offset=&#8221;vc_col-lg-offset-2 vc_col-lg-4 vc_col-md-6 vc_col-xs-12&#8243;][vc_column_text css=&#8221;.vc_custom_1582215713320{background-image: url(https:\/\/regstaging.wpengine.com\/wp-content\/uploads\/2020\/02\/color-additive.jpg?id=41655) !important;}&#8221; el_class=&#8221;grid-tile-title hasImage&#8221;]\n<h2>Exigences colorants<\/h2>\n[\/vc_column_text][vc_column_text el_class=&#8221;grid-tile-block&#8221;]Un colorant cosm\u00e9tique est tout pigment, teinture, ou autre substance qui peuvent donner de la couleur \u00e0 un produit cosm\u00e9tique. Les colorants cosm\u00e9tiques sont r\u00e9gul\u00e9s par la FDA.[\/vc_column_text][vc_column_text el_class=&#8221;grid-tile-links&#8221;]<a class=\"btn-red-white\" href=\"\/fr\/fda-color-additive\">Commencer<\/a><\/p>\n<p><a href=\"#fee-modal\" data-fee-category=\"all-color_additive\">Tarifs<\/a>[\/vc_column_text][\/vc_column][vc_column width=&#8221;1\/2&#8243; offset=&#8221;vc_col-lg-4 vc_col-md-6 vc_col-xs-12&#8243;][vc_column_text css=&#8221;.vc_custom_1581873959333{background-image: url(https:\/\/regstaging.wpengine.com\/wp-content\/uploads\/2020\/02\/detention-scaled.jpg?id=41099) !important;}&#8221; el_class=&#8221;grid-tile-title hasImage&#8221;]\n<h2>Assistance d\u00e9tention<\/h2>\n[\/vc_column_text][vc_column_text el_class=&#8221;grid-tile-block&#8221;]Les entreprises envoyant des produits vers les \u00c9tats-Unis peuvent avoir leurs cargaisons sujettes \u00e0 la d\u00e9tention sans examen physiques (Detention without physical examination \u2013 DWPE) par la FDA. Les produits sujets \u00e0 la DWPE sont d\u00e9tenus au port d\u2019entr\u00e9e pendant que la FDA effectue des examens minutieux, tests, et analyse additionnels. Les retards d\u00fbs \u00e0 la DWPE peuvent \u00eatre longs pour les entreprises devant livrer leurs produits dans les d\u00e9lais.[\/vc_column_text][vc_column_text el_class=&#8221;grid-tile-links&#8221;]<a class=\"btn-red-white\" href=\"\/fr\/fda-imports\">Commencer<\/a><\/p>\n<p><a href=\"#fee-modal\" data-fee-category=\"all-detention\">Tarifs<\/a>[\/vc_column_text][\/vc_column][\/vc_row][\/vc_section][vc_row][vc_column]<div id=\"mpc-modal-41310-0\" class=\"mpc-modal-overlay\" data-id=\"mpc_modal-269fbcda0e8480\" data-position=\"middle-center\" data-frequency=\"onclick\" data-target-id=\"fee-modal\"><div class=\"mpc-modal mpc-init fee-modal\"><div class=\"mpc-modal__close\"><div data-id=\"mpc_icon-3469fbcda0e84b0\" class=\"mpc-icon mpc-init mpc-transition mpc-effect-none mpc-icon-hover \"><div class=\"mpc-icon-wrap\"><i class=\"mpc-icon-part mpc-regular mpc-transition  fa fa-close\"><\/i><i class=\"mpc-icon-part mpc-hover mpc-transition  fa fa-close\"><\/i><\/div><\/div><\/div><div class=\"mpc-modal__content\">[vc_row_inner][vc_column_inner][vc_raw_html]JTNDaDIlM0UlM0NzcGFuJTIwY2xhc3MlM0QlMjJmZWUtc2VydmljZS1uYW1lJTIyJTNFJTNDJTJGc3BhbiUzRSUzQyUyRmgyJTNFJTBBJTNDdWwlM0UlM0MlMkZ1bCUzRQ==[\/vc_raw_html][\/vc_column_inner][\/vc_row_inner]<\/div><\/div><\/div><div class=\"mpc-modal-waypoint mpc-waypoint\" data-id=\"mpc-modal-41310-0\"><\/div>[\/vc_column][\/vc_row]\n<\/div>","protected":false},"excerpt":{"rendered":"<p>[vc_section el_id=&#8221;pageHero&#8221; css=&#8221;.vc_custom_1581873021493{background-image: url(https:\/\/regstaging.wpengine.com\/wp-content\/uploads\/2020\/02\/cosmetics-hero-1.jpg?id=41190) !important;background-position: center !important;background-repeat: no-repeat !important;background-size: cover !important;}&#8221; el_class=&#8221;page-solutions&#8221;][vc_row el_class=&#8221;page-marquee&#8221;][vc_column][vc_column_text el_class=&#8221;half-width&#8221;] Cosm\u00e9tiques S\u2019enregistrer avec l\u2019U.S. Food and Drug Administration (FDA) [\/vc_column_text][vc_row_inner el_class=&#8221;row-content-center&#8221;][vc_column_inner][\/vc_column_inner][\/vc_row_inner][\/vc_column][\/vc_row][vc_row el_class=&#8221;hero-footer&#8221;][vc_column][vc_raw_html]JTNDZGl2JTIwY2xhc3MlM0QlMjJzb2x1dGlvbnMtaGVyby1mb290ZXIlMjIlM0UlMEElM0NzcGFuJTIwY2xhc3MlM0QlMjJ0ZXh0JTIyJTNFVm91cyUyMGRlbWFuZGV6JTIwcGFyJTIwbyVDMyVCOSUyMGNvbW1lbmNlciUzRiUzQyUyRnNwYW4lM0UlMEElM0NhJTIwaHJlZiUzRCUyMiUyMyUyMiUyMGNsYXNzJTNEJTIyY2hhdC1idG4lMjBidG4tYmx1ZS13aGl0ZSUyMGJ0bi1mbGV4JTIyJTNFJTBBJTNDaW1nJTIwc3JjJTNEJTIyJTJGd3AtY29udGVudCUyRnVwbG9hZHMlMkYyMDE5JTJGMTAlMkZDaGF0X2J1YmJsZS5wbmclMjIlMjAlMkYlM0UlMEElM0NzcGFuJTNFQ2hhdHRlciUyMG1haW50ZW5hbnQlM0MlMkZzcGFuJTNFJTBBJTNDJTJGYSUzRSUwQSUzQyUyRmRpdiUzRQ==[\/vc_raw_html][\/vc_column][\/vc_row][\/vc_section][vc_section el_id=&#8221;featuredSolutions&#8221;][vc_row el_class=&#8221;side-by-side&#8221;][vc_column width=&#8221;1\/2&#8243; el_class=&#8221;side-left align-right hasImage&#8221; css=&#8221;.vc_custom_1581873787407{background-image: url(https:\/\/regstaging.wpengine.com\/wp-content\/uploads\/2020\/02\/cosmetic-label-scaled.jpg?id=41197) !important;background-position: center !important;background-repeat: no-repeat !important;background-size: cover !important;}&#8221;][vc_column_text el_class=&#8221;side-title-block&#8221;] V\u00e9rification \u00e9tiquetage et ingr\u00e9dients [\/vc_column_text][\/vc_column][vc_column width=&#8221;1\/2&#8243; el_class=&#8221;side-right align-left&#8221;][vc_column_text el_class=&#8221;side-text-block&#8221;]Les erreurs d\u2019\u00e9tiquetages sont une<\/p>\n","protected":false},"author":2,"featured_media":39543,"parent":0,"menu_order":0,"comment_status":"closed","ping_status":"closed","template":"full-width-page.php","meta":{"content-type":"","om_disable_all_campaigns":false,"inline_featured_image":false,"_genesis_hide_title":false,"_genesis_hide_breadcrumbs":false,"_genesis_hide_singular_image":false,"_genesis_hide_footer_widgets":false,"_genesis_custom_body_class":"","_genesis_custom_post_class":"","_genesis_layout":"","footnotes":""},"class_list":{"0":"post-41310","1":"page","2":"type-page","3":"status-publish","4":"has-post-thumbnail","6":"entry"},"yoast_head":"<!-- This site is optimized with the Yoast SEO Premium plugin v20.9 (Yoast SEO v25.5) - https:\/\/yoast.com\/wordpress\/plugins\/seo\/ -->\n<title>Cosm\u00e9tiques - Registrar<\/title>\n<meta name=\"robots\" content=\"noindex, follow, max-snippet:-1, max-image-preview:large, max-video-preview:-1\" \/>\n<meta property=\"og:locale\" content=\"fr_FR\" \/>\n<meta property=\"og:type\" content=\"article\" \/>\n<meta property=\"og:title\" content=\"Cosm\u00e9tiques\" \/>\n<meta property=\"og:description\" content=\"[vc_section el_id=&#8221;pageHero&#8221; css=&#8221;.vc_custom_1581873021493{background-image: url(https:\/\/regstaging.wpengine.com\/wp-content\/uploads\/2020\/02\/cosmetics-hero-1.jpg?id=41190) !important;background-position: center !important;background-repeat: no-repeat !important;background-size: cover !important;}&#8221; el_class=&#8221;page-solutions&#8221;][vc_row el_class=&#8221;page-marquee&#8221;][vc_column][vc_column_text el_class=&#8221;half-width&#8221;] Cosm\u00e9tiques S\u2019enregistrer avec l\u2019U.S. Food and Drug Administration (FDA) [\/vc_column_text][vc_row_inner el_class=&#8221;row-content-center&#8221;][vc_column_inner][\/vc_column_inner][\/vc_row_inner][\/vc_column][\/vc_row][vc_row el_class=&#8221;hero-footer&#8221;][vc_column][vc_raw_html]JTNDZGl2JTIwY2xhc3MlM0QlMjJzb2x1dGlvbnMtaGVyby1mb290ZXIlMjIlM0UlMEElM0NzcGFuJTIwY2xhc3MlM0QlMjJ0ZXh0JTIyJTNFVm91cyUyMGRlbWFuZGV6JTIwcGFyJTIwbyVDMyVCOSUyMGNvbW1lbmNlciUzRiUzQyUyRnNwYW4lM0UlMEElM0NhJTIwaHJlZiUzRCUyMiUyMyUyMiUyMGNsYXNzJTNEJTIyY2hhdC1idG4lMjBidG4tYmx1ZS13aGl0ZSUyMGJ0bi1mbGV4JTIyJTNFJTBBJTNDaW1nJTIwc3JjJTNEJTIyJTJGd3AtY29udGVudCUyRnVwbG9hZHMlMkYyMDE5JTJGMTAlMkZDaGF0X2J1YmJsZS5wbmclMjIlMjAlMkYlM0UlMEElM0NzcGFuJTNFQ2hhdHRlciUyMG1haW50ZW5hbnQlM0MlMkZzcGFuJTNFJTBBJTNDJTJGYSUzRSUwQSUzQyUyRmRpdiUzRQ==[\/vc_raw_html][\/vc_column][\/vc_row][\/vc_section][vc_section el_id=&#8221;featuredSolutions&#8221;][vc_row el_class=&#8221;side-by-side&#8221;][vc_column width=&#8221;1\/2&#8243; el_class=&#8221;side-left align-right hasImage&#8221; css=&#8221;.vc_custom_1581873787407{background-image: url(https:\/\/regstaging.wpengine.com\/wp-content\/uploads\/2020\/02\/cosmetic-label-scaled.jpg?id=41197) !important;background-position: center !important;background-repeat: no-repeat !important;background-size: cover !important;}&#8221;][vc_column_text el_class=&#8221;side-title-block&#8221;] V\u00e9rification \u00e9tiquetage et ingr\u00e9dients [\/vc_column_text][\/vc_column][vc_column width=&#8221;1\/2&#8243; el_class=&#8221;side-right align-left&#8221;][vc_column_text el_class=&#8221;side-text-block&#8221;]Les erreurs d\u2019\u00e9tiquetages sont une\" \/>\n<meta property=\"og:url\" content=\"https:\/\/legacy.registrarcorp.com\/fr\/fda-cosmetics\/\" \/>\n<meta property=\"og:site_name\" content=\"Registrar\" \/>\n<meta property=\"article:modified_time\" content=\"2023-03-02T18:36:52+00:00\" \/>\n<meta property=\"og:image\" content=\"https:\/\/legacy.registrarcorp.com\/wp-content\/uploads\/2019\/08\/press_release.jpg\" \/>\n\t<meta property=\"og:image:width\" content=\"1650\" \/>\n\t<meta property=\"og:image:height\" content=\"500\" \/>\n\t<meta property=\"og:image:type\" content=\"image\/jpeg\" \/>\n<meta name=\"twitter:card\" content=\"summary_large_image\" \/>\n<meta name=\"twitter:label1\" content=\"Est. reading time\" \/>\n\t<meta name=\"twitter:data1\" content=\"2 minutes\" \/>\n<script type=\"application\/ld+json\" class=\"yoast-schema-graph\">{\"@context\":\"https:\/\/schema.org\",\"@graph\":[{\"@type\":\"WebPage\",\"@id\":\"https:\/\/legacy.registrarcorp.com\/fr\/fda-cosmetics\/\",\"url\":\"https:\/\/legacy.registrarcorp.com\/fr\/fda-cosmetics\/\",\"name\":\"Cosm\u00e9tiques - Registrar\",\"isPartOf\":{\"@id\":\"https:\/\/legacy.registrarcorp.com\/fr\/#website\"},\"primaryImageOfPage\":{\"@id\":\"https:\/\/legacy.registrarcorp.com\/fr\/fda-cosmetics\/#primaryimage\"},\"image\":{\"@id\":\"https:\/\/legacy.registrarcorp.com\/fr\/fda-cosmetics\/#primaryimage\"},\"thumbnailUrl\":\"https:\/\/legacy.registrarcorp.com\/wp-content\/uploads\/2019\/08\/press_release.jpg\",\"datePublished\":\"2016-03-15T02:54:44+00:00\",\"dateModified\":\"2023-03-02T18:36:52+00:00\",\"breadcrumb\":{\"@id\":\"https:\/\/legacy.registrarcorp.com\/fr\/fda-cosmetics\/#breadcrumb\"},\"inLanguage\":\"fr\",\"potentialAction\":[{\"@type\":\"ReadAction\",\"target\":[\"https:\/\/legacy.registrarcorp.com\/fr\/fda-cosmetics\/\"]}]},{\"@type\":\"ImageObject\",\"inLanguage\":\"fr\",\"@id\":\"https:\/\/legacy.registrarcorp.com\/fr\/fda-cosmetics\/#primaryimage\",\"url\":\"https:\/\/legacy.registrarcorp.com\/wp-content\/uploads\/2019\/08\/press_release.jpg\",\"contentUrl\":\"https:\/\/legacy.registrarcorp.com\/wp-content\/uploads\/2019\/08\/press_release.jpg\",\"width\":1650,\"height\":500},{\"@type\":\"BreadcrumbList\",\"@id\":\"https:\/\/legacy.registrarcorp.com\/fr\/fda-cosmetics\/#breadcrumb\",\"itemListElement\":[{\"@type\":\"ListItem\",\"position\":1,\"name\":\"Home\",\"item\":\"https:\/\/legacy.registrarcorp.com\/fr\/\"},{\"@type\":\"ListItem\",\"position\":2,\"name\":\"Cosm\u00e9tiques\"}]},{\"@type\":\"WebSite\",\"@id\":\"https:\/\/legacy.registrarcorp.com\/fr\/#website\",\"url\":\"https:\/\/legacy.registrarcorp.com\/fr\/\",\"name\":\"Registrar\",\"description\":\"Assistance with U.S. FDA Regulations\",\"publisher\":{\"@id\":\"https:\/\/legacy.registrarcorp.com\/fr\/#organization\"},\"potentialAction\":[{\"@type\":\"SearchAction\",\"target\":{\"@type\":\"EntryPoint\",\"urlTemplate\":\"https:\/\/legacy.registrarcorp.com\/fr\/?s={search_term_string}\"},\"query-input\":{\"@type\":\"PropertyValueSpecification\",\"valueRequired\":true,\"valueName\":\"search_term_string\"}}],\"inLanguage\":\"fr\"},{\"@type\":\"Organization\",\"@id\":\"https:\/\/legacy.registrarcorp.com\/fr\/#organization\",\"name\":\"Registrar Corp\",\"url\":\"https:\/\/legacy.registrarcorp.com\/fr\/\",\"logo\":{\"@type\":\"ImageObject\",\"inLanguage\":\"fr\",\"@id\":\"https:\/\/legacy.registrarcorp.com\/fr\/#\/schema\/logo\/image\/\",\"url\":\"https:\/\/legacy.registrarcorp.com\/wp-content\/uploads\/2019\/12\/regcorp_logo.png\",\"contentUrl\":\"https:\/\/legacy.registrarcorp.com\/wp-content\/uploads\/2019\/12\/regcorp_logo.png\",\"width\":1326,\"height\":330,\"caption\":\"Registrar Corp\"},\"image\":{\"@id\":\"https:\/\/legacy.registrarcorp.com\/fr\/#\/schema\/logo\/image\/\"}}]}<\/script>\n<!-- \/ Yoast SEO Premium plugin. -->","yoast_head_json":{"title":"Cosm\u00e9tiques - Registrar","robots":{"index":"noindex","follow":"follow","max-snippet":"max-snippet:-1","max-image-preview":"max-image-preview:large","max-video-preview":"max-video-preview:-1"},"og_locale":"fr_FR","og_type":"article","og_title":"Cosm\u00e9tiques","og_description":"[vc_section el_id=&#8221;pageHero&#8221; css=&#8221;.vc_custom_1581873021493{background-image: url(https:\/\/regstaging.wpengine.com\/wp-content\/uploads\/2020\/02\/cosmetics-hero-1.jpg?id=41190) !important;background-position: center !important;background-repeat: no-repeat !important;background-size: cover !important;}&#8221; el_class=&#8221;page-solutions&#8221;][vc_row el_class=&#8221;page-marquee&#8221;][vc_column][vc_column_text el_class=&#8221;half-width&#8221;] Cosm\u00e9tiques S\u2019enregistrer avec l\u2019U.S. Food and Drug Administration (FDA) [\/vc_column_text][vc_row_inner el_class=&#8221;row-content-center&#8221;][vc_column_inner][\/vc_column_inner][\/vc_row_inner][\/vc_column][\/vc_row][vc_row el_class=&#8221;hero-footer&#8221;][vc_column][vc_raw_html]JTNDZGl2JTIwY2xhc3MlM0QlMjJzb2x1dGlvbnMtaGVyby1mb290ZXIlMjIlM0UlMEElM0NzcGFuJTIwY2xhc3MlM0QlMjJ0ZXh0JTIyJTNFVm91cyUyMGRlbWFuZGV6JTIwcGFyJTIwbyVDMyVCOSUyMGNvbW1lbmNlciUzRiUzQyUyRnNwYW4lM0UlMEElM0NhJTIwaHJlZiUzRCUyMiUyMyUyMiUyMGNsYXNzJTNEJTIyY2hhdC1idG4lMjBidG4tYmx1ZS13aGl0ZSUyMGJ0bi1mbGV4JTIyJTNFJTBBJTNDaW1nJTIwc3JjJTNEJTIyJTJGd3AtY29udGVudCUyRnVwbG9hZHMlMkYyMDE5JTJGMTAlMkZDaGF0X2J1YmJsZS5wbmclMjIlMjAlMkYlM0UlMEElM0NzcGFuJTNFQ2hhdHRlciUyMG1haW50ZW5hbnQlM0MlMkZzcGFuJTNFJTBBJTNDJTJGYSUzRSUwQSUzQyUyRmRpdiUzRQ==[\/vc_raw_html][\/vc_column][\/vc_row][\/vc_section][vc_section el_id=&#8221;featuredSolutions&#8221;][vc_row el_class=&#8221;side-by-side&#8221;][vc_column width=&#8221;1\/2&#8243; el_class=&#8221;side-left align-right hasImage&#8221; css=&#8221;.vc_custom_1581873787407{background-image: url(https:\/\/regstaging.wpengine.com\/wp-content\/uploads\/2020\/02\/cosmetic-label-scaled.jpg?id=41197) !important;background-position: center !important;background-repeat: no-repeat !important;background-size: cover !important;}&#8221;][vc_column_text el_class=&#8221;side-title-block&#8221;] V\u00e9rification \u00e9tiquetage et ingr\u00e9dients [\/vc_column_text][\/vc_column][vc_column width=&#8221;1\/2&#8243; el_class=&#8221;side-right align-left&#8221;][vc_column_text el_class=&#8221;side-text-block&#8221;]Les erreurs d\u2019\u00e9tiquetages sont une","og_url":"https:\/\/legacy.registrarcorp.com\/fr\/fda-cosmetics\/","og_site_name":"Registrar","article_modified_time":"2023-03-02T18:36:52+00:00","og_image":[{"width":1650,"height":500,"url":"https:\/\/legacy.registrarcorp.com\/wp-content\/uploads\/2019\/08\/press_release.jpg","type":"image\/jpeg"}],"twitter_card":"summary_large_image","twitter_misc":{"Est. reading time":"2 minutes"},"schema":{"@context":"https:\/\/schema.org","@graph":[{"@type":"WebPage","@id":"https:\/\/legacy.registrarcorp.com\/fr\/fda-cosmetics\/","url":"https:\/\/legacy.registrarcorp.com\/fr\/fda-cosmetics\/","name":"Cosm\u00e9tiques - Registrar","isPartOf":{"@id":"https:\/\/legacy.registrarcorp.com\/fr\/#website"},"primaryImageOfPage":{"@id":"https:\/\/legacy.registrarcorp.com\/fr\/fda-cosmetics\/#primaryimage"},"image":{"@id":"https:\/\/legacy.registrarcorp.com\/fr\/fda-cosmetics\/#primaryimage"},"thumbnailUrl":"https:\/\/legacy.registrarcorp.com\/wp-content\/uploads\/2019\/08\/press_release.jpg","datePublished":"2016-03-15T02:54:44+00:00","dateModified":"2023-03-02T18:36:52+00:00","breadcrumb":{"@id":"https:\/\/legacy.registrarcorp.com\/fr\/fda-cosmetics\/#breadcrumb"},"inLanguage":"fr","potentialAction":[{"@type":"ReadAction","target":["https:\/\/legacy.registrarcorp.com\/fr\/fda-cosmetics\/"]}]},{"@type":"ImageObject","inLanguage":"fr","@id":"https:\/\/legacy.registrarcorp.com\/fr\/fda-cosmetics\/#primaryimage","url":"https:\/\/legacy.registrarcorp.com\/wp-content\/uploads\/2019\/08\/press_release.jpg","contentUrl":"https:\/\/legacy.registrarcorp.com\/wp-content\/uploads\/2019\/08\/press_release.jpg","width":1650,"height":500},{"@type":"BreadcrumbList","@id":"https:\/\/legacy.registrarcorp.com\/fr\/fda-cosmetics\/#breadcrumb","itemListElement":[{"@type":"ListItem","position":1,"name":"Home","item":"https:\/\/legacy.registrarcorp.com\/fr\/"},{"@type":"ListItem","position":2,"name":"Cosm\u00e9tiques"}]},{"@type":"WebSite","@id":"https:\/\/legacy.registrarcorp.com\/fr\/#website","url":"https:\/\/legacy.registrarcorp.com\/fr\/","name":"Registrar","description":"Assistance with U.S. FDA Regulations","publisher":{"@id":"https:\/\/legacy.registrarcorp.com\/fr\/#organization"},"potentialAction":[{"@type":"SearchAction","target":{"@type":"EntryPoint","urlTemplate":"https:\/\/legacy.registrarcorp.com\/fr\/?s={search_term_string}"},"query-input":{"@type":"PropertyValueSpecification","valueRequired":true,"valueName":"search_term_string"}}],"inLanguage":"fr"},{"@type":"Organization","@id":"https:\/\/legacy.registrarcorp.com\/fr\/#organization","name":"Registrar Corp","url":"https:\/\/legacy.registrarcorp.com\/fr\/","logo":{"@type":"ImageObject","inLanguage":"fr","@id":"https:\/\/legacy.registrarcorp.com\/fr\/#\/schema\/logo\/image\/","url":"https:\/\/legacy.registrarcorp.com\/wp-content\/uploads\/2019\/12\/regcorp_logo.png","contentUrl":"https:\/\/legacy.registrarcorp.com\/wp-content\/uploads\/2019\/12\/regcorp_logo.png","width":1326,"height":330,"caption":"Registrar Corp"},"image":{"@id":"https:\/\/legacy.registrarcorp.com\/fr\/#\/schema\/logo\/image\/"}}]}},"_links":{"self":[{"href":"https:\/\/legacy.registrarcorp.com\/fr\/wp-json\/wp\/v2\/pages\/41310","targetHints":{"allow":["GET"]}}],"collection":[{"href":"https:\/\/legacy.registrarcorp.com\/fr\/wp-json\/wp\/v2\/pages"}],"about":[{"href":"https:\/\/legacy.registrarcorp.com\/fr\/wp-json\/wp\/v2\/types\/page"}],"author":[{"embeddable":true,"href":"https:\/\/legacy.registrarcorp.com\/fr\/wp-json\/wp\/v2\/users\/2"}],"replies":[{"embeddable":true,"href":"https:\/\/legacy.registrarcorp.com\/fr\/wp-json\/wp\/v2\/comments?post=41310"}],"version-history":[{"count":0,"href":"https:\/\/legacy.registrarcorp.com\/fr\/wp-json\/wp\/v2\/pages\/41310\/revisions"}],"wp:featuredmedia":[{"embeddable":true,"href":"https:\/\/legacy.registrarcorp.com\/fr\/wp-json\/wp\/v2\/media\/39543"}],"wp:attachment":[{"href":"https:\/\/legacy.registrarcorp.com\/fr\/wp-json\/wp\/v2\/media?parent=41310"}],"curies":[{"name":"wp","href":"https:\/\/api.w.org\/{rel}","templated":true}]}}