{"id":41051,"date":"2020-01-27T22:00:11","date_gmt":"2020-01-27T22:00:11","guid":{"rendered":"https:\/\/regstaging.wpengine.com\/fda-renewal\/"},"modified":"2020-08-19T16:50:32","modified_gmt":"2020-08-19T16:50:32","slug":"fda-renewal","status":"publish","type":"page","link":"https:\/\/legacy.registrarcorp.com\/fr\/fda-renewal\/","title":{"rendered":"Renouveler votre enregistrement"},"content":{"rendered":"<div class=\"wpb-content-wrapper\">[vc_section el_id=&#8221;section-app&#8221;][vc_row el_class=&#8221;tile-box&#8221;][vc_column][vc_column_text]\n<h2 class=\"page-header hidden renewal-copy\">Renouveler votre enregistrement<\/h2>\n<p class=\"page-text\"><span class=\"renewal-copy hidden\">L\u2019U.S. Food and Drug Administration (FDA) exige que tous les \u00e9tablissements <span class=\"hidden renewal-food\">agro-alimentaires, <\/span>pharmaceutiques<span class=\"hidden renewal-food\">,<\/span> et de dispositifs m\u00e9dicaux leurs enregistrements FDA entre le 1er octobre et  le 31 d\u00e9cembre <span class=\"valid-year\">\u00a0<\/span>. Registrar Corp aide les entreprises \u00e0 renouveler leurs enregistrements FDA correctement et rapidement.<\/span><\/p>\n<h2 class=\"page-header hidden re-register-copy\">Se r\u00e9enregistrer aupr\u00e8s de la FDA<\/h2>\n<p class=\"page-text\"><span class=\"hidden re-register-copy\">La p\u00e9riode de renouvellement de l\u2019U.S. FDA est TEMINEE depuis le 31 d\u00e9cembre <span class=\"previous-year\">\u00a0<\/span>. Registrar Corp aide les entreprises \u00e0 se r\u00e9enregistrer \u00e0 la FDA correctement et rapidement.<\/span><\/p>\n[\/vc_column_text][vc_raw_html]JTNDZGl2JTIwY2xhc3MlM0QlMjJwcm9ncmVzcy1jb250YWluZXIlMjBoaWRkZW4lMjIlM0UlM0NkaXYlMjBjbGFzcyUzRCUyMnByb2dyZXNzLWJhciUyMiUzRSUzQyUyRmRpdiUzRSUzQyUyRmRpdiUzRQ==[\/vc_raw_html][vc_raw_html]JTVCZ3Jhdml0eWZvcm0lMjBpZCUzRCUyMjglMjIlMjB0aXRsZSUzRCUyMmZhbHNlJTIyJTIwZGVzY3JpcHRpb24lM0QlMjJmYWxzZSUyMiUyMGFqYXglM0QlMjJ0cnVlJTIyJTIwZmllbGRfdmFsdWVzJTNEJTIyZm9ybXR5cGUlM0RnZW5lcmFsUmVnJTIyJTVEJTBBJTNDc2NyaXB0JTIwc3JjJTNEJTIyJTJGd3AtY29udGVudCUyRnRoZW1lcyUyRmdlbmVzaXMtc2FtcGxlJTJGamF2YXNjcmlwdHMlMkZjb3VudHJ5U3RhdGVEYXRhLmpzJTIyJTNFJTNDJTJGc2NyaXB0JTNFJTBBJTNDc2NyaXB0JTIwc3JjJTNEJTIyJTJGd3AtY29udGVudCUyRnRoZW1lcyUyRmdlbmVzaXMtc2FtcGxlJTJGamF2YXNjcmlwdHMlMkZjb3JwRGVzaWduYXRpb25EYXRhLmpzJTIyJTNFJTNDJTJGc2NyaXB0JTNFJTBBJTNDc2NyaXB0JTIwc3JjJTNEJTIyJTJGd3AtY29udGVudCUyRnRoZW1lcyUyRmdlbmVzaXMtc2FtcGxlJTJGamF2YXNjcmlwdHMlMkZhZ3JlZW1lbnRzLmpzJTIyJTNFJTNDJTJGc2NyaXB0JTNFJTBBJTNDc2NyaXB0JTIwc3JjJTNEJTIyJTJGd3AtY29udGVudCUyRnRoZW1lcyUyRmdlbmVzaXMtc2FtcGxlJTJGamF2YXNjcmlwdHMlMkZmZGFyZWcuanMlMjIlM0UlM0MlMkZzY3JpcHQlM0UlMEElM0NhJTIwY2xhc3MlM0QlMjJoaWRkZW4lMjIlMjBpZCUzRCUyMmFncmVlbWVudC1idXR0b24lMjIlMjBocmVmJTNEJTIyJTIzYWdyZWVtZW50LW1vZGFsJTIyJTNFJTNDJTJGYSUzRSUwQSUzQ2ElMjBjbGFzcyUzRCUyMmhpZGRlbiUyMiUyMGlkJTNEJTIydmFsdWUtYnV0dG9uJTIyJTIwaHJlZiUzRCUyMiUyM3ZhbHVlLW1vZGFsJTIyJTNFJTNDJTJGYSUzRSUwQQ==[\/vc_raw_html]<div id=\"mpc-modal-41051-0\" class=\"mpc-modal-overlay\" data-id=\"mpc_modal-10069fb263e0816d\" data-position=\"middle-center\" data-frequency=\"onclick\" data-target-id=\"value-modal\"><div class=\"mpc-modal mpc-init \"><div class=\"mpc-modal__close\"><div data-id=\"mpc_icon-10069fb263e081c1\" class=\"mpc-icon mpc-init mpc-transition mpc-effect-none mpc-icon-hover \"><div class=\"mpc-icon-wrap\"><i class=\"mpc-icon-part mpc-regular mpc-transition  fa fa-close\"><\/i><i class=\"mpc-icon-part mpc-hover mpc-transition  fa fa-close\"><\/i><\/div><\/div><\/div><div class=\"mpc-modal__content\">[vc_row_inner][vc_column_inner][vc_raw_html]JTNDZGl2JTIwaWQlM0QlMjJ2YWx1ZS1zdW1tYXJ5JTIyJTNFJTNDJTJGZGl2JTNF[\/vc_raw_html][\/vc_column_inner][\/vc_row_inner]<\/div><\/div><\/div><div class=\"mpc-modal-waypoint mpc-waypoint\" data-id=\"mpc-modal-41051-0\"><\/div><div id=\"mpc-modal-41051-1\" class=\"mpc-modal-overlay\" data-id=\"mpc_modal-2869fb263e0828d\" data-position=\"middle-center\" data-frequency=\"onclick\" data-target-id=\"agreement-modal\"><div class=\"mpc-modal mpc-init \"><div class=\"mpc-modal__close\"><div data-id=\"mpc_icon-2669fb263e082b1\" class=\"mpc-icon mpc-init mpc-transition mpc-effect-none mpc-icon-hover \"><div class=\"mpc-icon-wrap\"><i class=\"mpc-icon-part mpc-regular mpc-transition  fa fa-close\"><\/i><i class=\"mpc-icon-part mpc-hover mpc-transition  fa fa-close\"><\/i><\/div><\/div><\/div><div class=\"mpc-modal__content\">[vc_row_inner][vc_column_inner][vc_raw_html]JTNDZGl2JTIwaWQlM0QlMjJhZ3JlZW1lbnQlMjIlM0UlM0MlMkZkaXYlM0U=[\/vc_raw_html][\/vc_column_inner][\/vc_row_inner]<\/div><\/div><\/div><div class=\"mpc-modal-waypoint mpc-waypoint\" data-id=\"mpc-modal-41051-1\"><\/div>[vc_raw_js]JTNDc2NyaXB0JTNFJTBBalF1ZXJ5JTI4ZG9jdW1lbnQlMjkucmVhZHklMjhmdW5jdGlvbiUyOCUyNCUyOSU3QiUwQSUyMCUyMCUyMCUyMHZhciUyMHJlbmV3YWxTdGF0dXMlMjAlM0QlMjBnbG9iYWxEYXRhLmdldFJlbmV3YWxTdGF0dXMlMjglMjklM0IlMEElMjAlMjAlMjAlMjBpZiUyOHJlbmV3YWxTdGF0dXMuaXNSZW5ld2FsUGVyaW9kJTI5JTdCJTBBJTIwJTIwJTIwJTIwJTIwJTIwJTIwJTIwJTI0JTI4JTI3LnJlbmV3YWwtY29weSUyNyUyOS5yZW1vdmVDbGFzcyUyOCUyN2hpZGRlbiUyNyUyOSUzQiUwQSUyMCUyMCUyMCUyMCUyMCUyMCUyMCUyMGlmJTI4cmVuZXdhbFN0YXR1cy5yZW5ld2FsWWVhcnMuZm9vZCUyMCUzRCUzRCUzRCUyMHJlbmV3YWxTdGF0dXMucmVuZXdhbFllYXJzLmRydWdzJTI5JTdCJTBBJTIwJTIwJTIwJTIwJTIwJTIwJTIwJTIwJTIwJTIwJTIwJTIwJTI0JTI4JTI3LnJlbmV3YWwtZm9vZCUyNyUyOS5yZW1vdmVDbGFzcyUyOCUyN2hpZGRlbiUyNyUyOSUzQiUwQSUyMCUyMCUyMCUyMCUyMCUyMCUyMCUyMCU3RCUwQSUyMCUyMCUyMCUyMCU3RCUyMGVsc2UlMjAlN0IlMEElMjAlMjAlMjAlMjAlMjAlMjAlMjAlMjAlMjQlMjglMjcucmUtcmVnaXN0ZXItY29weSUyNyUyOS5yZW1vdmVDbGFzcyUyOCUyN2hpZGRlbiUyNyUyOSUzQiUwQSUyMCUyMCUyMCUyMCU3RCUwQSU3RCUyOSUzQiUwQSUzQyUyRnNjcmlwdCUzRQ==[\/vc_raw_js][\/vc_column][\/vc_row][\/vc_section]\n<\/div>","protected":false},"excerpt":{"rendered":"<p>[vc_section el_id=&#8221;section-app&#8221;][vc_row el_class=&#8221;tile-box&#8221;][vc_column][vc_column_text] Renouveler votre enregistrement L\u2019U.S. Food and Drug Administration (FDA) exige que tous les \u00e9tablissements agro-alimentaires, pharmaceutiques, et de dispositifs m\u00e9dicaux leurs enregistrements FDA entre le 1er octobre et le 31 d\u00e9cembre \u00a0. Registrar Corp aide les entreprises \u00e0 renouveler leurs enregistrements FDA correctement et rapidement. Se r\u00e9enregistrer aupr\u00e8s de la FDA La<\/p>\n","protected":false},"author":30,"featured_media":39543,"parent":0,"menu_order":0,"comment_status":"closed","ping_status":"closed","template":"full-width-page.php","meta":{"content-type":"","om_disable_all_campaigns":false,"inline_featured_image":false,"_genesis_hide_title":false,"_genesis_hide_breadcrumbs":false,"_genesis_hide_singular_image":false,"_genesis_hide_footer_widgets":false,"_genesis_custom_body_class":"fda-registration-page","_genesis_custom_post_class":"","_genesis_layout":"","footnotes":""},"class_list":{"0":"post-41051","1":"page","2":"type-page","3":"status-publish","4":"has-post-thumbnail","6":"entry"},"yoast_head":"<!-- This site is optimized with the Yoast SEO Premium plugin v20.9 (Yoast SEO v25.5) - https:\/\/yoast.com\/wordpress\/plugins\/seo\/ -->\n<title>Renouveler votre enregistrement - Registrar<\/title>\n<meta name=\"robots\" content=\"noindex, follow, max-snippet:-1, max-image-preview:large, max-video-preview:-1\" \/>\n<meta property=\"og:locale\" content=\"fr_FR\" \/>\n<meta property=\"og:type\" content=\"article\" \/>\n<meta property=\"og:title\" content=\"Renouveler votre enregistrement\" \/>\n<meta property=\"og:description\" content=\"[vc_section el_id=&#8221;section-app&#8221;][vc_row el_class=&#8221;tile-box&#8221;][vc_column][vc_column_text] Renouveler votre enregistrement L\u2019U.S. Food and Drug Administration (FDA) exige que tous les \u00e9tablissements agro-alimentaires, pharmaceutiques, et de dispositifs m\u00e9dicaux leurs enregistrements FDA entre le 1er octobre et le 31 d\u00e9cembre \u00a0. Registrar Corp aide les entreprises \u00e0 renouveler leurs enregistrements FDA correctement et rapidement. Se r\u00e9enregistrer aupr\u00e8s de la FDA La\" \/>\n<meta property=\"og:url\" content=\"https:\/\/legacy.registrarcorp.com\/fr\/fda-renewal\/\" \/>\n<meta property=\"og:site_name\" content=\"Registrar\" \/>\n<meta property=\"article:modified_time\" content=\"2020-08-19T16:50:32+00:00\" \/>\n<meta property=\"og:image\" content=\"https:\/\/legacy.registrarcorp.com\/wp-content\/uploads\/2019\/08\/press_release.jpg\" \/>\n\t<meta property=\"og:image:width\" content=\"1650\" \/>\n\t<meta property=\"og:image:height\" content=\"500\" \/>\n\t<meta property=\"og:image:type\" content=\"image\/jpeg\" \/>\n<meta name=\"twitter:card\" content=\"summary_large_image\" \/>\n<meta name=\"twitter:label1\" content=\"Est. reading time\" \/>\n\t<meta name=\"twitter:data1\" content=\"2 minutes\" \/>\n<script type=\"application\/ld+json\" class=\"yoast-schema-graph\">{\"@context\":\"https:\/\/schema.org\",\"@graph\":[{\"@type\":\"WebPage\",\"@id\":\"https:\/\/legacy.registrarcorp.com\/fr\/fda-renewal\/\",\"url\":\"https:\/\/legacy.registrarcorp.com\/fr\/fda-renewal\/\",\"name\":\"Renouveler votre enregistrement - Registrar\",\"isPartOf\":{\"@id\":\"https:\/\/legacy.registrarcorp.com\/fr\/#website\"},\"primaryImageOfPage\":{\"@id\":\"https:\/\/legacy.registrarcorp.com\/fr\/fda-renewal\/#primaryimage\"},\"image\":{\"@id\":\"https:\/\/legacy.registrarcorp.com\/fr\/fda-renewal\/#primaryimage\"},\"thumbnailUrl\":\"https:\/\/legacy.registrarcorp.com\/wp-content\/uploads\/2019\/08\/press_release.jpg\",\"datePublished\":\"2020-01-27T22:00:11+00:00\",\"dateModified\":\"2020-08-19T16:50:32+00:00\",\"breadcrumb\":{\"@id\":\"https:\/\/legacy.registrarcorp.com\/fr\/fda-renewal\/#breadcrumb\"},\"inLanguage\":\"fr\",\"potentialAction\":[{\"@type\":\"ReadAction\",\"target\":[\"https:\/\/legacy.registrarcorp.com\/fr\/fda-renewal\/\"]}]},{\"@type\":\"ImageObject\",\"inLanguage\":\"fr\",\"@id\":\"https:\/\/legacy.registrarcorp.com\/fr\/fda-renewal\/#primaryimage\",\"url\":\"https:\/\/legacy.registrarcorp.com\/wp-content\/uploads\/2019\/08\/press_release.jpg\",\"contentUrl\":\"https:\/\/legacy.registrarcorp.com\/wp-content\/uploads\/2019\/08\/press_release.jpg\",\"width\":1650,\"height\":500},{\"@type\":\"BreadcrumbList\",\"@id\":\"https:\/\/legacy.registrarcorp.com\/fr\/fda-renewal\/#breadcrumb\",\"itemListElement\":[{\"@type\":\"ListItem\",\"position\":1,\"name\":\"Home\",\"item\":\"https:\/\/legacy.registrarcorp.com\/fr\/\"},{\"@type\":\"ListItem\",\"position\":2,\"name\":\"Renouveler votre enregistrement\"}]},{\"@type\":\"WebSite\",\"@id\":\"https:\/\/legacy.registrarcorp.com\/fr\/#website\",\"url\":\"https:\/\/legacy.registrarcorp.com\/fr\/\",\"name\":\"Registrar\",\"description\":\"Assistance with U.S. FDA Regulations\",\"publisher\":{\"@id\":\"https:\/\/legacy.registrarcorp.com\/fr\/#organization\"},\"potentialAction\":[{\"@type\":\"SearchAction\",\"target\":{\"@type\":\"EntryPoint\",\"urlTemplate\":\"https:\/\/legacy.registrarcorp.com\/fr\/?s={search_term_string}\"},\"query-input\":{\"@type\":\"PropertyValueSpecification\",\"valueRequired\":true,\"valueName\":\"search_term_string\"}}],\"inLanguage\":\"fr\"},{\"@type\":\"Organization\",\"@id\":\"https:\/\/legacy.registrarcorp.com\/fr\/#organization\",\"name\":\"Registrar Corp\",\"url\":\"https:\/\/legacy.registrarcorp.com\/fr\/\",\"logo\":{\"@type\":\"ImageObject\",\"inLanguage\":\"fr\",\"@id\":\"https:\/\/legacy.registrarcorp.com\/fr\/#\/schema\/logo\/image\/\",\"url\":\"https:\/\/legacy.registrarcorp.com\/wp-content\/uploads\/2019\/12\/regcorp_logo.png\",\"contentUrl\":\"https:\/\/legacy.registrarcorp.com\/wp-content\/uploads\/2019\/12\/regcorp_logo.png\",\"width\":1326,\"height\":330,\"caption\":\"Registrar Corp\"},\"image\":{\"@id\":\"https:\/\/legacy.registrarcorp.com\/fr\/#\/schema\/logo\/image\/\"}}]}<\/script>\n<!-- \/ Yoast SEO Premium plugin. -->","yoast_head_json":{"title":"Renouveler votre enregistrement - Registrar","robots":{"index":"noindex","follow":"follow","max-snippet":"max-snippet:-1","max-image-preview":"max-image-preview:large","max-video-preview":"max-video-preview:-1"},"og_locale":"fr_FR","og_type":"article","og_title":"Renouveler votre enregistrement","og_description":"[vc_section el_id=&#8221;section-app&#8221;][vc_row el_class=&#8221;tile-box&#8221;][vc_column][vc_column_text] Renouveler votre enregistrement L\u2019U.S. Food and Drug Administration (FDA) exige que tous les \u00e9tablissements agro-alimentaires, pharmaceutiques, et de dispositifs m\u00e9dicaux leurs enregistrements FDA entre le 1er octobre et le 31 d\u00e9cembre \u00a0. Registrar Corp aide les entreprises \u00e0 renouveler leurs enregistrements FDA correctement et rapidement. Se r\u00e9enregistrer aupr\u00e8s de la FDA La","og_url":"https:\/\/legacy.registrarcorp.com\/fr\/fda-renewal\/","og_site_name":"Registrar","article_modified_time":"2020-08-19T16:50:32+00:00","og_image":[{"width":1650,"height":500,"url":"https:\/\/legacy.registrarcorp.com\/wp-content\/uploads\/2019\/08\/press_release.jpg","type":"image\/jpeg"}],"twitter_card":"summary_large_image","twitter_misc":{"Est. reading time":"2 minutes"},"schema":{"@context":"https:\/\/schema.org","@graph":[{"@type":"WebPage","@id":"https:\/\/legacy.registrarcorp.com\/fr\/fda-renewal\/","url":"https:\/\/legacy.registrarcorp.com\/fr\/fda-renewal\/","name":"Renouveler votre enregistrement - Registrar","isPartOf":{"@id":"https:\/\/legacy.registrarcorp.com\/fr\/#website"},"primaryImageOfPage":{"@id":"https:\/\/legacy.registrarcorp.com\/fr\/fda-renewal\/#primaryimage"},"image":{"@id":"https:\/\/legacy.registrarcorp.com\/fr\/fda-renewal\/#primaryimage"},"thumbnailUrl":"https:\/\/legacy.registrarcorp.com\/wp-content\/uploads\/2019\/08\/press_release.jpg","datePublished":"2020-01-27T22:00:11+00:00","dateModified":"2020-08-19T16:50:32+00:00","breadcrumb":{"@id":"https:\/\/legacy.registrarcorp.com\/fr\/fda-renewal\/#breadcrumb"},"inLanguage":"fr","potentialAction":[{"@type":"ReadAction","target":["https:\/\/legacy.registrarcorp.com\/fr\/fda-renewal\/"]}]},{"@type":"ImageObject","inLanguage":"fr","@id":"https:\/\/legacy.registrarcorp.com\/fr\/fda-renewal\/#primaryimage","url":"https:\/\/legacy.registrarcorp.com\/wp-content\/uploads\/2019\/08\/press_release.jpg","contentUrl":"https:\/\/legacy.registrarcorp.com\/wp-content\/uploads\/2019\/08\/press_release.jpg","width":1650,"height":500},{"@type":"BreadcrumbList","@id":"https:\/\/legacy.registrarcorp.com\/fr\/fda-renewal\/#breadcrumb","itemListElement":[{"@type":"ListItem","position":1,"name":"Home","item":"https:\/\/legacy.registrarcorp.com\/fr\/"},{"@type":"ListItem","position":2,"name":"Renouveler votre enregistrement"}]},{"@type":"WebSite","@id":"https:\/\/legacy.registrarcorp.com\/fr\/#website","url":"https:\/\/legacy.registrarcorp.com\/fr\/","name":"Registrar","description":"Assistance with U.S. FDA Regulations","publisher":{"@id":"https:\/\/legacy.registrarcorp.com\/fr\/#organization"},"potentialAction":[{"@type":"SearchAction","target":{"@type":"EntryPoint","urlTemplate":"https:\/\/legacy.registrarcorp.com\/fr\/?s={search_term_string}"},"query-input":{"@type":"PropertyValueSpecification","valueRequired":true,"valueName":"search_term_string"}}],"inLanguage":"fr"},{"@type":"Organization","@id":"https:\/\/legacy.registrarcorp.com\/fr\/#organization","name":"Registrar Corp","url":"https:\/\/legacy.registrarcorp.com\/fr\/","logo":{"@type":"ImageObject","inLanguage":"fr","@id":"https:\/\/legacy.registrarcorp.com\/fr\/#\/schema\/logo\/image\/","url":"https:\/\/legacy.registrarcorp.com\/wp-content\/uploads\/2019\/12\/regcorp_logo.png","contentUrl":"https:\/\/legacy.registrarcorp.com\/wp-content\/uploads\/2019\/12\/regcorp_logo.png","width":1326,"height":330,"caption":"Registrar Corp"},"image":{"@id":"https:\/\/legacy.registrarcorp.com\/fr\/#\/schema\/logo\/image\/"}}]}},"_links":{"self":[{"href":"https:\/\/legacy.registrarcorp.com\/fr\/wp-json\/wp\/v2\/pages\/41051","targetHints":{"allow":["GET"]}}],"collection":[{"href":"https:\/\/legacy.registrarcorp.com\/fr\/wp-json\/wp\/v2\/pages"}],"about":[{"href":"https:\/\/legacy.registrarcorp.com\/fr\/wp-json\/wp\/v2\/types\/page"}],"author":[{"embeddable":true,"href":"https:\/\/legacy.registrarcorp.com\/fr\/wp-json\/wp\/v2\/users\/30"}],"replies":[{"embeddable":true,"href":"https:\/\/legacy.registrarcorp.com\/fr\/wp-json\/wp\/v2\/comments?post=41051"}],"version-history":[{"count":0,"href":"https:\/\/legacy.registrarcorp.com\/fr\/wp-json\/wp\/v2\/pages\/41051\/revisions"}],"wp:featuredmedia":[{"embeddable":true,"href":"https:\/\/legacy.registrarcorp.com\/fr\/wp-json\/wp\/v2\/media\/39543"}],"wp:attachment":[{"href":"https:\/\/legacy.registrarcorp.com\/fr\/wp-json\/wp\/v2\/media?parent=41051"}],"curies":[{"name":"wp","href":"https:\/\/api.w.org\/{rel}","templated":true}]}}