{"id":40565,"date":"2020-01-24T17:45:35","date_gmt":"2020-01-24T17:45:35","guid":{"rendered":"https:\/\/regstaging.wpengine.com\/fda-labeling\/"},"modified":"2020-08-24T17:12:28","modified_gmt":"2020-08-24T17:12:28","slug":"fda-labeling","status":"publish","type":"page","link":"https:\/\/legacy.registrarcorp.com\/fr\/fda-labeling\/","title":{"rendered":"R\u00e8gles d\u2019\u00e9tiquetage U.S. FDA"},"content":{"rendered":"<div class=\"wpb-content-wrapper\">[vc_row][vc_column][vc_row_inner][vc_column_inner][vc_column_text]\n<h2>R\u00e8gles d\u2019\u00e9tiquetage U.S. FDA<\/h2>\n[\/vc_column_text][\/vc_column_inner][\/vc_row_inner][vc_row_inner css=&#8221;.vc_custom_1579889067705{margin-bottom: 20px !important;}&#8221;][vc_column_inner][vc_column_text]La loi U.S. Federal Food, Drug and Cosmetic Act (FFDCA) d\u00e9finit l\u2019\u00e9tiquetage comme toutes les \u00e9tiquettes ou tout autre contenu \u00e9crit, imprim\u00e9, ou repr\u00e9sentation graphique sur tout article ou l\u2019un de ses contenants ou \u00e9tuis, ou accompagnant cet article. Le terme \u201caccompagnant\u201d est interpr\u00e9t\u00e9 de mani\u00e8re large et signifie plus que l\u2019association physique avec le produit. Il s\u2019applique aussi aux posters, PLV, instructions, sites internet, etc\u2026<\/p>\n<p>Les erreurs d\u2019\u00e9tiquetage repr\u00e9sentent plus de 22% de toutes les d\u00e9tentions par l\u2019U.S. FDA aux \u00c9tats-Unis. Registrar Corp aide les entreprises \u00e0 modifier leur \u00e9tiquetages de produits alimentaires, dispositifs m\u00e9dicaux, cosm\u00e9tiques ou de produits pharmaceutiques pour satisfaire les r\u00e8glementations de l\u2019U.S. FDA. Registrar Corp va modifier votre \u00e9tiquetage et fournir un rapport d\u00e9taillant les r\u00e8glementations, guides de conformit\u00e9, lettres d\u2019avertissements, alertes d\u2019importations et autres documents de r\u00e9f\u00e9rence \u00e9mis par l\u2019U.S. FDA qui ont rendu n\u00e9cessaires les modifications. Faire examiner votre \u00e9tiquetage par Registrar Corp peut pr\u00e9venir des erreurs co\u00fbteuses.[\/vc_column_text][\/vc_column_inner][\/vc_row_inner][\/vc_column][\/vc_row][vc_row][vc_column][vc_row_inner el_class=&#8221;tile-box&#8221;][vc_column_inner][vc_column_text]\n<h3 class=\"uk-panel-title\">\u00c9tiquetage produits alimentaires, boissons et compl\u00e9ments alimentaires<\/h3>\n<p>En Mai 2016, l\u2019U.S. Food and Drug Administration (FDA) \u00e0 finalis\u00e9 des changements significatifs aux \u00e9tiquetages de produits alimentaires, boissons, et compl\u00e9ments, incluant des mises \u00e0 jour des valeurs journali\u00e8res, taille des portions, le graphique Nutrition Facts, et plus. Registrar Corp peut mettre \u00e0 jour votre \u00e9tiquetage pour \u00eatre en conformit\u00e9 avec les nouvelles r\u00e8glementations FDA.[\/vc_column_text][\/vc_column_inner][\/vc_row_inner][vc_row_inner el_class=&#8221;row-content-center tile-box&#8221;][vc_column_inner]<a href=\"\/fr\/fda-food\/labeling\" title=\"\"  data-id=\"mpc_button-3169d06535456be\" class=\"mpc-button mpc-init mpc-transition btn btn-red-white\" ><div class=\"mpc-button__content mpc-effect-type--none mpc-effect-side--none\"><span class=\"mpc-button__title mpc-transition\">Obtenez de l\u2019assistance<\/span><\/div><div class=\"mpc-button__background mpc-transition mpc-effect-type--fade mpc-effect-side--in\"><\/div><\/a>[\/vc_column_inner][\/vc_row_inner][\/vc_column][\/vc_row][vc_row][vc_column offset=&#8221;vc_col-lg-6&#8243;][vc_row_inner el_class=&#8221;tile-box&#8221;][vc_column_inner][vc_column_text]\n<h3 class=\"uk-panel-title\">R\u00e8gles d\u2019\u00e9tiquetage U.S. FDA pour les dispositifs m\u00e9dicaux<\/h3>\n<p>L\u2019U.S. FDA d\u00e9termine des requis d\u2019\u00e9tiquetage pour assurer que les dispositifs m\u00e9dicaux soient utilis\u00e9s en toute s\u00e9curit\u00e9 et efficacement, incluant, mais pas seulement, les dispositions par rapport aux mauvais \u00e9tiquetages de la section 502 du FFDCA. De telles exigences d\u2019\u00e9tiquetage peuvent concerner des instructions d\u2019usage, des instructions d\u2019entretien, des avertissements contre des usages qui pourraient \u00eatre dangereux pour la sant\u00e9 ou des informations n\u00e9cessaires \u00e0 la protection des utilisateurs. Registrar Corp aide les entreprises \u00e0 modifier leurs \u00e9tiquetages de dispositifs m\u00e9dicaux afin de satisfaire les r\u00e8glementations de l\u2019U.S. FDA.[\/vc_column_text][\/vc_column_inner][\/vc_row_inner][vc_row_inner el_class=&#8221;row-content-center tile-box&#8221;][vc_column_inner]<a href=\"\/fr\/fda-medical-devices\/labeling\" title=\"\"  data-id=\"mpc_button-1169d0653545756\" class=\"mpc-button mpc-init mpc-transition btn btn-red-white\" ><div class=\"mpc-button__content mpc-effect-type--none mpc-effect-side--none\"><span class=\"mpc-button__title mpc-transition\">Obtenez de l\u2019assistance<\/span><\/div><div class=\"mpc-button__background mpc-transition mpc-effect-type--fade mpc-effect-side--in\"><\/div><\/a>[\/vc_column_inner][\/vc_row_inner][\/vc_column][vc_column offset=&#8221;vc_col-lg-6&#8243;][vc_row_inner el_class=&#8221;tile-box&#8221;][vc_column_inner][vc_column_text]\n<h3 class=\"uk-panel-title\">Exigences U.S. FDA d\u2019\u00e9tiquetage des produits pharmaceutiques<\/h3>\n<p>Registrar Corp fournit des fichiers graphiques modifi\u00e9s pr\u00eat \u00e0 \u00eatre imprim\u00e9s ou \u00e9dit\u00e9s ainsi qu\u2019un rapport d\u00e9taillant les r\u00e8glementations, guides de conformit\u00e9, lettres d\u2019avertissements, alertes d\u2019importations et autres documents de r\u00e9f\u00e9rence \u00e9mis par l\u2019U.S. FDA.[\/vc_column_text][\/vc_column_inner][\/vc_row_inner][vc_row_inner el_class=&#8221;row-content-center tile-box&#8221;][vc_column_inner]<a href=\"\/fr\/fda-drugs\/labeling\" title=\"\"  data-id=\"mpc_button-2369d06535457b2\" class=\"mpc-button mpc-init mpc-transition btn btn-red-white\" ><div class=\"mpc-button__content mpc-effect-type--none mpc-effect-side--none\"><span class=\"mpc-button__title mpc-transition\">Obtenez de l\u2019assistance<\/span><\/div><div class=\"mpc-button__background mpc-transition mpc-effect-type--fade mpc-effect-side--in\"><\/div><\/a>[\/vc_column_inner][\/vc_row_inner][\/vc_column][vc_column][vc_row_inner el_class=&#8221;tile-box&#8221;][vc_column_inner][vc_column_text]\n<h3 class=\"uk-panel-title\">R\u00e8gles d\u2019\u00e9tiquetage U.S. FDA pour les cosm\u00e9tiques<\/h3>\n<p>Le FFDCA interdit la distribution de produits cosm\u00e9tiques qui seraient adult\u00e9r\u00e9s ou mal \u00e9tiquet\u00e9s. Un produit cosm\u00e9tique est consid\u00e9r\u00e9 comme adult\u00e9r\u00e9 si il contient une substance qui pourrait rendre le produit dangereux pour les consommateurs sous des conditions d\u2019utilisations usuelles ou si son \u00e9tiquetage est faux ou trompeur et s\u2019il n\u2019apporte pas les informations d\u2019\u00e9tiquetage exig\u00e9es, ou ancore si le contenant est con\u00e7u ou rempli de mani\u00e8re trompeuse. Registrar Corp aide les entreprises \u00e0 modifier leurs \u00e9tiquetages de produits cosm\u00e9tiques afin d\u2019\u00e9viter les co\u00fbts dus \u00e0 l\u2019adult\u00e9ration et aux erreurs d\u2019\u00e9tiquetage ainsi qu\u2019\u00e0 satisfaire les r\u00e8glementations de l\u2019U.S. FDA et des \u00e9tats am\u00e9ricains.[\/vc_column_text][\/vc_column_inner][\/vc_row_inner][vc_row_inner el_class=&#8221;row-content-center tile-box&#8221;][vc_column_inner]<a href=\"\/fr\/fda-cosmetics\/labeling\" title=\"\"  data-id=\"mpc_button-6069d0653545805\" class=\"mpc-button mpc-init mpc-transition btn btn-red-white\" ><div class=\"mpc-button__content mpc-effect-type--none mpc-effect-side--none\"><span class=\"mpc-button__title mpc-transition\">Obtenez de l\u2019assistance<\/span><\/div><div class=\"mpc-button__background mpc-transition mpc-effect-type--fade mpc-effect-side--in\"><\/div><\/a>[\/vc_column_inner][\/vc_row_inner][\/vc_column][\/vc_row]\n<\/div>","protected":false},"excerpt":{"rendered":"<p>[vc_row][vc_column][vc_row_inner][vc_column_inner][vc_column_text] R\u00e8gles d\u2019\u00e9tiquetage U.S. FDA [\/vc_column_text][\/vc_column_inner][\/vc_row_inner][vc_row_inner css=&#8221;.vc_custom_1579889067705{margin-bottom: 20px !important;}&#8221;][vc_column_inner][vc_column_text]La loi U.S. Federal Food, Drug and Cosmetic Act (FFDCA) d\u00e9finit l\u2019\u00e9tiquetage comme toutes les \u00e9tiquettes ou tout autre contenu \u00e9crit, imprim\u00e9, ou repr\u00e9sentation graphique sur tout article ou l\u2019un de ses contenants ou \u00e9tuis, ou accompagnant cet article. Le terme \u201caccompagnant\u201d est interpr\u00e9t\u00e9 de mani\u00e8re large<\/p>\n","protected":false},"author":30,"featured_media":39543,"parent":0,"menu_order":0,"comment_status":"closed","ping_status":"closed","template":"right-sidebar-page.php","meta":{"content-type":"","om_disable_all_campaigns":false,"inline_featured_image":false,"_genesis_hide_title":false,"_genesis_hide_breadcrumbs":false,"_genesis_hide_singular_image":false,"_genesis_hide_footer_widgets":false,"_genesis_custom_body_class":"","_genesis_custom_post_class":"","_genesis_layout":"","footnotes":""},"class_list":{"0":"post-40565","1":"page","2":"type-page","3":"status-publish","4":"has-post-thumbnail","6":"entry"},"yoast_head":"<!-- This site is optimized with the Yoast SEO Premium plugin v20.9 (Yoast SEO v25.5) - https:\/\/yoast.com\/wordpress\/plugins\/seo\/ -->\n<title>R\u00e8gles d\u2019\u00e9tiquetage U.S. FDA - Registrar<\/title>\n<meta name=\"robots\" content=\"noindex, follow, max-snippet:-1, max-image-preview:large, max-video-preview:-1\" \/>\n<meta property=\"og:locale\" content=\"fr_FR\" \/>\n<meta property=\"og:type\" content=\"article\" \/>\n<meta property=\"og:title\" content=\"R\u00e8gles d\u2019\u00e9tiquetage U.S. FDA\" \/>\n<meta property=\"og:description\" content=\"[vc_row][vc_column][vc_row_inner][vc_column_inner][vc_column_text] R\u00e8gles d\u2019\u00e9tiquetage U.S. FDA [\/vc_column_text][\/vc_column_inner][\/vc_row_inner][vc_row_inner css=&#8221;.vc_custom_1579889067705{margin-bottom: 20px !important;}&#8221;][vc_column_inner][vc_column_text]La loi U.S. Federal Food, Drug and Cosmetic Act (FFDCA) d\u00e9finit l\u2019\u00e9tiquetage comme toutes les \u00e9tiquettes ou tout autre contenu \u00e9crit, imprim\u00e9, ou repr\u00e9sentation graphique sur tout article ou l\u2019un de ses contenants ou \u00e9tuis, ou accompagnant cet article. Le terme \u201caccompagnant\u201d est interpr\u00e9t\u00e9 de mani\u00e8re large\" \/>\n<meta property=\"og:url\" content=\"https:\/\/legacy.registrarcorp.com\/fr\/fda-labeling\/\" \/>\n<meta property=\"og:site_name\" content=\"Registrar\" \/>\n<meta property=\"article:modified_time\" content=\"2020-08-24T17:12:28+00:00\" \/>\n<meta property=\"og:image\" content=\"https:\/\/legacy.registrarcorp.com\/wp-content\/uploads\/2019\/08\/press_release.jpg\" \/>\n\t<meta property=\"og:image:width\" content=\"1650\" \/>\n\t<meta property=\"og:image:height\" content=\"500\" \/>\n\t<meta property=\"og:image:type\" content=\"image\/jpeg\" \/>\n<meta name=\"twitter:card\" content=\"summary_large_image\" \/>\n<meta name=\"twitter:label1\" content=\"Est. reading time\" \/>\n\t<meta name=\"twitter:data1\" content=\"4 minutes\" \/>\n<script type=\"application\/ld+json\" class=\"yoast-schema-graph\">{\"@context\":\"https:\/\/schema.org\",\"@graph\":[{\"@type\":\"WebPage\",\"@id\":\"https:\/\/legacy.registrarcorp.com\/fr\/fda-labeling\/\",\"url\":\"https:\/\/legacy.registrarcorp.com\/fr\/fda-labeling\/\",\"name\":\"R\u00e8gles d\u2019\u00e9tiquetage U.S. FDA - Registrar\",\"isPartOf\":{\"@id\":\"https:\/\/legacy.registrarcorp.com\/fr\/#website\"},\"primaryImageOfPage\":{\"@id\":\"https:\/\/legacy.registrarcorp.com\/fr\/fda-labeling\/#primaryimage\"},\"image\":{\"@id\":\"https:\/\/legacy.registrarcorp.com\/fr\/fda-labeling\/#primaryimage\"},\"thumbnailUrl\":\"https:\/\/legacy.registrarcorp.com\/wp-content\/uploads\/2019\/08\/press_release.jpg\",\"datePublished\":\"2020-01-24T17:45:35+00:00\",\"dateModified\":\"2020-08-24T17:12:28+00:00\",\"breadcrumb\":{\"@id\":\"https:\/\/legacy.registrarcorp.com\/fr\/fda-labeling\/#breadcrumb\"},\"inLanguage\":\"fr\",\"potentialAction\":[{\"@type\":\"ReadAction\",\"target\":[\"https:\/\/legacy.registrarcorp.com\/fr\/fda-labeling\/\"]}]},{\"@type\":\"ImageObject\",\"inLanguage\":\"fr\",\"@id\":\"https:\/\/legacy.registrarcorp.com\/fr\/fda-labeling\/#primaryimage\",\"url\":\"https:\/\/legacy.registrarcorp.com\/wp-content\/uploads\/2019\/08\/press_release.jpg\",\"contentUrl\":\"https:\/\/legacy.registrarcorp.com\/wp-content\/uploads\/2019\/08\/press_release.jpg\",\"width\":1650,\"height\":500},{\"@type\":\"BreadcrumbList\",\"@id\":\"https:\/\/legacy.registrarcorp.com\/fr\/fda-labeling\/#breadcrumb\",\"itemListElement\":[{\"@type\":\"ListItem\",\"position\":1,\"name\":\"Home\",\"item\":\"https:\/\/legacy.registrarcorp.com\/fr\/\"},{\"@type\":\"ListItem\",\"position\":2,\"name\":\"R\u00e8gles d\u2019\u00e9tiquetage U.S. FDA\"}]},{\"@type\":\"WebSite\",\"@id\":\"https:\/\/legacy.registrarcorp.com\/fr\/#website\",\"url\":\"https:\/\/legacy.registrarcorp.com\/fr\/\",\"name\":\"Registrar\",\"description\":\"Assistance with U.S. FDA Regulations\",\"publisher\":{\"@id\":\"https:\/\/legacy.registrarcorp.com\/fr\/#organization\"},\"potentialAction\":[{\"@type\":\"SearchAction\",\"target\":{\"@type\":\"EntryPoint\",\"urlTemplate\":\"https:\/\/legacy.registrarcorp.com\/fr\/?s={search_term_string}\"},\"query-input\":{\"@type\":\"PropertyValueSpecification\",\"valueRequired\":true,\"valueName\":\"search_term_string\"}}],\"inLanguage\":\"fr\"},{\"@type\":\"Organization\",\"@id\":\"https:\/\/legacy.registrarcorp.com\/fr\/#organization\",\"name\":\"Registrar Corp\",\"url\":\"https:\/\/legacy.registrarcorp.com\/fr\/\",\"logo\":{\"@type\":\"ImageObject\",\"inLanguage\":\"fr\",\"@id\":\"https:\/\/legacy.registrarcorp.com\/fr\/#\/schema\/logo\/image\/\",\"url\":\"https:\/\/legacy.registrarcorp.com\/wp-content\/uploads\/2019\/12\/regcorp_logo.png\",\"contentUrl\":\"https:\/\/legacy.registrarcorp.com\/wp-content\/uploads\/2019\/12\/regcorp_logo.png\",\"width\":1326,\"height\":330,\"caption\":\"Registrar Corp\"},\"image\":{\"@id\":\"https:\/\/legacy.registrarcorp.com\/fr\/#\/schema\/logo\/image\/\"}}]}<\/script>\n<!-- \/ Yoast SEO Premium plugin. -->","yoast_head_json":{"title":"R\u00e8gles d\u2019\u00e9tiquetage U.S. FDA - Registrar","robots":{"index":"noindex","follow":"follow","max-snippet":"max-snippet:-1","max-image-preview":"max-image-preview:large","max-video-preview":"max-video-preview:-1"},"og_locale":"fr_FR","og_type":"article","og_title":"R\u00e8gles d\u2019\u00e9tiquetage U.S. FDA","og_description":"[vc_row][vc_column][vc_row_inner][vc_column_inner][vc_column_text] R\u00e8gles d\u2019\u00e9tiquetage U.S. FDA [\/vc_column_text][\/vc_column_inner][\/vc_row_inner][vc_row_inner css=&#8221;.vc_custom_1579889067705{margin-bottom: 20px !important;}&#8221;][vc_column_inner][vc_column_text]La loi U.S. Federal Food, Drug and Cosmetic Act (FFDCA) d\u00e9finit l\u2019\u00e9tiquetage comme toutes les \u00e9tiquettes ou tout autre contenu \u00e9crit, imprim\u00e9, ou repr\u00e9sentation graphique sur tout article ou l\u2019un de ses contenants ou \u00e9tuis, ou accompagnant cet article. Le terme \u201caccompagnant\u201d est interpr\u00e9t\u00e9 de mani\u00e8re large","og_url":"https:\/\/legacy.registrarcorp.com\/fr\/fda-labeling\/","og_site_name":"Registrar","article_modified_time":"2020-08-24T17:12:28+00:00","og_image":[{"width":1650,"height":500,"url":"https:\/\/legacy.registrarcorp.com\/wp-content\/uploads\/2019\/08\/press_release.jpg","type":"image\/jpeg"}],"twitter_card":"summary_large_image","twitter_misc":{"Est. reading time":"4 minutes"},"schema":{"@context":"https:\/\/schema.org","@graph":[{"@type":"WebPage","@id":"https:\/\/legacy.registrarcorp.com\/fr\/fda-labeling\/","url":"https:\/\/legacy.registrarcorp.com\/fr\/fda-labeling\/","name":"R\u00e8gles d\u2019\u00e9tiquetage U.S. FDA - Registrar","isPartOf":{"@id":"https:\/\/legacy.registrarcorp.com\/fr\/#website"},"primaryImageOfPage":{"@id":"https:\/\/legacy.registrarcorp.com\/fr\/fda-labeling\/#primaryimage"},"image":{"@id":"https:\/\/legacy.registrarcorp.com\/fr\/fda-labeling\/#primaryimage"},"thumbnailUrl":"https:\/\/legacy.registrarcorp.com\/wp-content\/uploads\/2019\/08\/press_release.jpg","datePublished":"2020-01-24T17:45:35+00:00","dateModified":"2020-08-24T17:12:28+00:00","breadcrumb":{"@id":"https:\/\/legacy.registrarcorp.com\/fr\/fda-labeling\/#breadcrumb"},"inLanguage":"fr","potentialAction":[{"@type":"ReadAction","target":["https:\/\/legacy.registrarcorp.com\/fr\/fda-labeling\/"]}]},{"@type":"ImageObject","inLanguage":"fr","@id":"https:\/\/legacy.registrarcorp.com\/fr\/fda-labeling\/#primaryimage","url":"https:\/\/legacy.registrarcorp.com\/wp-content\/uploads\/2019\/08\/press_release.jpg","contentUrl":"https:\/\/legacy.registrarcorp.com\/wp-content\/uploads\/2019\/08\/press_release.jpg","width":1650,"height":500},{"@type":"BreadcrumbList","@id":"https:\/\/legacy.registrarcorp.com\/fr\/fda-labeling\/#breadcrumb","itemListElement":[{"@type":"ListItem","position":1,"name":"Home","item":"https:\/\/legacy.registrarcorp.com\/fr\/"},{"@type":"ListItem","position":2,"name":"R\u00e8gles d\u2019\u00e9tiquetage U.S. FDA"}]},{"@type":"WebSite","@id":"https:\/\/legacy.registrarcorp.com\/fr\/#website","url":"https:\/\/legacy.registrarcorp.com\/fr\/","name":"Registrar","description":"Assistance with U.S. FDA Regulations","publisher":{"@id":"https:\/\/legacy.registrarcorp.com\/fr\/#organization"},"potentialAction":[{"@type":"SearchAction","target":{"@type":"EntryPoint","urlTemplate":"https:\/\/legacy.registrarcorp.com\/fr\/?s={search_term_string}"},"query-input":{"@type":"PropertyValueSpecification","valueRequired":true,"valueName":"search_term_string"}}],"inLanguage":"fr"},{"@type":"Organization","@id":"https:\/\/legacy.registrarcorp.com\/fr\/#organization","name":"Registrar Corp","url":"https:\/\/legacy.registrarcorp.com\/fr\/","logo":{"@type":"ImageObject","inLanguage":"fr","@id":"https:\/\/legacy.registrarcorp.com\/fr\/#\/schema\/logo\/image\/","url":"https:\/\/legacy.registrarcorp.com\/wp-content\/uploads\/2019\/12\/regcorp_logo.png","contentUrl":"https:\/\/legacy.registrarcorp.com\/wp-content\/uploads\/2019\/12\/regcorp_logo.png","width":1326,"height":330,"caption":"Registrar Corp"},"image":{"@id":"https:\/\/legacy.registrarcorp.com\/fr\/#\/schema\/logo\/image\/"}}]}},"_links":{"self":[{"href":"https:\/\/legacy.registrarcorp.com\/fr\/wp-json\/wp\/v2\/pages\/40565","targetHints":{"allow":["GET"]}}],"collection":[{"href":"https:\/\/legacy.registrarcorp.com\/fr\/wp-json\/wp\/v2\/pages"}],"about":[{"href":"https:\/\/legacy.registrarcorp.com\/fr\/wp-json\/wp\/v2\/types\/page"}],"author":[{"embeddable":true,"href":"https:\/\/legacy.registrarcorp.com\/fr\/wp-json\/wp\/v2\/users\/30"}],"replies":[{"embeddable":true,"href":"https:\/\/legacy.registrarcorp.com\/fr\/wp-json\/wp\/v2\/comments?post=40565"}],"version-history":[{"count":0,"href":"https:\/\/legacy.registrarcorp.com\/fr\/wp-json\/wp\/v2\/pages\/40565\/revisions"}],"wp:featuredmedia":[{"embeddable":true,"href":"https:\/\/legacy.registrarcorp.com\/fr\/wp-json\/wp\/v2\/media\/39543"}],"wp:attachment":[{"href":"https:\/\/legacy.registrarcorp.com\/fr\/wp-json\/wp\/v2\/media?parent=40565"}],"curies":[{"name":"wp","href":"https:\/\/api.w.org\/{rel}","templated":true}]}}