{"id":38326,"date":"2019-10-28T18:57:39","date_gmt":"2019-10-28T18:57:39","guid":{"rendered":"https:\/\/regstaging.wpengine.com\/?page_id=38326"},"modified":"2020-04-29T19:22:33","modified_gmt":"2020-04-29T19:22:33","slug":"livechat","status":"publish","type":"page","link":"https:\/\/legacy.registrarcorp.com\/fr\/livechat\/","title":{"rendered":"Assistance 24h\/24 pour les r\u00e8glementations U.S. FDA"},"content":{"rendered":"<div class=\"wpb-content-wrapper\">[vc_row][vc_column offset=&#8221;vc_col-lg-3 vc_col-md-6&#8243;][vc_raw_html]JTNDZGl2JTIwaWQlM0QlMjJidWJibGUlMjIlM0UlMEElM0NhJTIwaWQlM0QlMjJidWJibGUtbGluayUyMiUyMHRhcmdldCUzRCUyMl9ibGFuayUyMiUyMGhyZWYlM0QlMjJodHRwcyUzQSUyRiUyRnd3dy5yZWdpc3RyYXJjb3JwLmNvbSUyRmxpdmVoZWxwJTIyJTIwcmVsJTNEJTIybm9vcGVuZXIlMjBub3JlZmVycmVyJTIyJTNFJTNDaSUyMGlkJTNEJTIyYi1pY29uJTIyJTIwY2xhc3MlM0QlMjJmYXMlMjBmYS1jb21tZW50JTIyJTNFJTNDJTJGaSUzRSUwQSUzQ2RpdiUyMGlkJTNEJTIybWFpbi10ZXh0JTIyJTNFMjQlMkY3JTBBTGl2ZSUyMENoYXQlM0MlMkZkaXYlM0UlMEElM0MlMkZkaXYlM0U=[\/vc_raw_html][\/vc_column][vc_column offset=&#8221;vc_col-lg-9 vc_col-md-6&#8243;][vc_row_inner][vc_column_inner][vc_column_text]Les conseillers r\u00e8glementaires de Registrar Corp sont disponibles 24h\/24 et 7 jours sur 7 pour vous assister sur les r\u00e8glementations de l&#8217;U.S. Food and Drug Administration (FDA). Obtenez des r\u00e9ponses imm\u00e9diates \u00e0 vos questions relatives aux enregistrement FDA, \u00e0 des d\u00e9tentions , aux requis d&#8217;\u00e9tiquetage, et autres questions sur les r\u00e8gles FDA en un seul clic.<\/p>\n<p><a class=\"mpc-button mpc-transition btn btn-red-white btn-header mpc-inited chat-btn\" href=\"https:\/\/regstaging.wpengine.com\/livehelp\">Chatter maintenant avec un conseiller r\u00e8glementaire<\/a>[\/vc_column_text][\/vc_column_inner][\/vc_row_inner][\/vc_column][\/vc_row][vc_row][vc_column][vc_raw_js]JTNDc2NyaXB0JTNFJTBBalF1ZXJ5JTI4ZG9jdW1lbnQlMjkucmVhZHklMjhmdW5jdGlvbiUyOCUyNCUyOSU3QiUwQSUyMCUyMCUyMCUyMCUyNCUyOCUyNy5iY0Zsb2F0JTIwYSUyNyUyOS5jbGljayUyOCUyOSUzQiUwQSU3RCUyOSUzQiUwQSUzQyUyRnNjcmlwdCUzRQ==[\/vc_raw_js][\/vc_column][\/vc_row][vc_row][vc_column][vc_column_text]\n[\/vc_column_text][\/vc_column][\/vc_row]\n<\/div>","protected":false},"excerpt":{"rendered":"<p>[vc_row][vc_column offset=&#8221;vc_col-lg-3 vc_col-md-6&#8243;][vc_raw_html]JTNDZGl2JTIwaWQlM0QlMjJidWJibGUlMjIlM0UlMEElM0NhJTIwaWQlM0QlMjJidWJibGUtbGluayUyMiUyMHRhcmdldCUzRCUyMl9ibGFuayUyMiUyMGhyZWYlM0QlMjJodHRwcyUzQSUyRiUyRnd3dy5yZWdpc3RyYXJjb3JwLmNvbSUyRmxpdmVoZWxwJTIyJTIwcmVsJTNEJTIybm9vcGVuZXIlMjBub3JlZmVycmVyJTIyJTNFJTNDaSUyMGlkJTNEJTIyYi1pY29uJTIyJTIwY2xhc3MlM0QlMjJmYXMlMjBmYS1jb21tZW50JTIyJTNFJTNDJTJGaSUzRSUwQSUzQ2RpdiUyMGlkJTNEJTIybWFpbi10ZXh0JTIyJTNFMjQlMkY3JTBBTGl2ZSUyMENoYXQlM0MlMkZkaXYlM0UlMEElM0MlMkZkaXYlM0U=[\/vc_raw_html][\/vc_column][vc_column offset=&#8221;vc_col-lg-9 vc_col-md-6&#8243;][vc_row_inner][vc_column_inner][vc_column_text]Les conseillers r\u00e8glementaires de Registrar Corp sont disponibles 24h\/24 et 7 jours sur 7 pour vous assister sur les r\u00e8glementations de l&#8217;U.S. Food and Drug Administration (FDA). Obtenez des r\u00e9ponses imm\u00e9diates \u00e0 vos questions relatives aux enregistrement FDA, \u00e0 des d\u00e9tentions , aux requis d&#8217;\u00e9tiquetage, et autres questions sur les r\u00e8gles<\/p>\n","protected":false},"author":30,"featured_media":399,"parent":0,"menu_order":0,"comment_status":"closed","ping_status":"closed","template":"right-sidebar-page.php","meta":{"content-type":"","om_disable_all_campaigns":false,"inline_featured_image":false,"_genesis_hide_title":false,"_genesis_hide_breadcrumbs":false,"_genesis_hide_singular_image":false,"_genesis_hide_footer_widgets":false,"_genesis_custom_body_class":"","_genesis_custom_post_class":"","_genesis_layout":"","footnotes":""},"class_list":{"0":"post-38326","1":"page","2":"type-page","3":"status-publish","4":"has-post-thumbnail","6":"entry"},"yoast_head":"<!-- This site is optimized with the Yoast SEO Premium plugin v20.9 (Yoast SEO v25.5) - https:\/\/yoast.com\/wordpress\/plugins\/seo\/ -->\n<title>Assistance 24h\/24 pour les r\u00e8glementations U.S. FDA - Registrar<\/title>\n<meta name=\"robots\" content=\"noindex, follow, max-snippet:-1, max-image-preview:large, max-video-preview:-1\" \/>\n<meta property=\"og:locale\" content=\"fr_FR\" \/>\n<meta property=\"og:type\" content=\"article\" \/>\n<meta property=\"og:title\" content=\"Assistance 24h\/24 pour les r\u00e8glementations U.S. FDA\" \/>\n<meta property=\"og:description\" content=\"[vc_row][vc_column offset=&#8221;vc_col-lg-3 vc_col-md-6&#8243;][vc_raw_html]JTNDZGl2JTIwaWQlM0QlMjJidWJibGUlMjIlM0UlMEElM0NhJTIwaWQlM0QlMjJidWJibGUtbGluayUyMiUyMHRhcmdldCUzRCUyMl9ibGFuayUyMiUyMGhyZWYlM0QlMjJodHRwcyUzQSUyRiUyRnd3dy5yZWdpc3RyYXJjb3JwLmNvbSUyRmxpdmVoZWxwJTIyJTIwcmVsJTNEJTIybm9vcGVuZXIlMjBub3JlZmVycmVyJTIyJTNFJTNDaSUyMGlkJTNEJTIyYi1pY29uJTIyJTIwY2xhc3MlM0QlMjJmYXMlMjBmYS1jb21tZW50JTIyJTNFJTNDJTJGaSUzRSUwQSUzQ2RpdiUyMGlkJTNEJTIybWFpbi10ZXh0JTIyJTNFMjQlMkY3JTBBTGl2ZSUyMENoYXQlM0MlMkZkaXYlM0UlMEElM0MlMkZkaXYlM0U=[\/vc_raw_html][\/vc_column][vc_column offset=&#8221;vc_col-lg-9 vc_col-md-6&#8243;][vc_row_inner][vc_column_inner][vc_column_text]Les conseillers r\u00e8glementaires de Registrar Corp sont disponibles 24h\/24 et 7 jours sur 7 pour vous assister sur les r\u00e8glementations de l&#8217;U.S. Food and Drug Administration (FDA). Obtenez des r\u00e9ponses imm\u00e9diates \u00e0 vos questions relatives aux enregistrement FDA, \u00e0 des d\u00e9tentions , aux requis d&#8217;\u00e9tiquetage, et autres questions sur les r\u00e8gles\" \/>\n<meta property=\"og:url\" content=\"https:\/\/legacy.registrarcorp.com\/fr\/livechat\/\" \/>\n<meta property=\"og:site_name\" content=\"Registrar\" \/>\n<meta property=\"article:modified_time\" content=\"2020-04-29T19:22:33+00:00\" \/>\n<meta property=\"og:image\" content=\"https:\/\/legacy.registrarcorp.com\/wp-content\/uploads\/2019\/08\/press_release.jpg\" \/>\n\t<meta property=\"og:image:width\" content=\"1650\" \/>\n\t<meta property=\"og:image:height\" content=\"500\" \/>\n\t<meta property=\"og:image:type\" content=\"image\/jpeg\" \/>\n<meta name=\"twitter:card\" content=\"summary_large_image\" \/>\n<meta name=\"twitter:label1\" content=\"Est. reading time\" \/>\n\t<meta name=\"twitter:data1\" content=\"1 minute\" \/>\n<script type=\"application\/ld+json\" class=\"yoast-schema-graph\">{\"@context\":\"https:\/\/schema.org\",\"@graph\":[{\"@type\":\"WebPage\",\"@id\":\"https:\/\/legacy.registrarcorp.com\/fr\/livechat\/\",\"url\":\"https:\/\/legacy.registrarcorp.com\/fr\/livechat\/\",\"name\":\"Assistance 24h\/24 pour les r\u00e8glementations U.S. FDA - Registrar\",\"isPartOf\":{\"@id\":\"https:\/\/legacy.registrarcorp.com\/fr\/#website\"},\"primaryImageOfPage\":{\"@id\":\"https:\/\/legacy.registrarcorp.com\/fr\/livechat\/#primaryimage\"},\"image\":{\"@id\":\"https:\/\/legacy.registrarcorp.com\/fr\/livechat\/#primaryimage\"},\"thumbnailUrl\":\"https:\/\/legacy.registrarcorp.com\/wp-content\/uploads\/2019\/08\/press_release.jpg\",\"datePublished\":\"2019-10-28T18:57:39+00:00\",\"dateModified\":\"2020-04-29T19:22:33+00:00\",\"breadcrumb\":{\"@id\":\"https:\/\/legacy.registrarcorp.com\/fr\/livechat\/#breadcrumb\"},\"inLanguage\":\"fr\",\"potentialAction\":[{\"@type\":\"ReadAction\",\"target\":[\"https:\/\/legacy.registrarcorp.com\/fr\/livechat\/\"]}]},{\"@type\":\"ImageObject\",\"inLanguage\":\"fr\",\"@id\":\"https:\/\/legacy.registrarcorp.com\/fr\/livechat\/#primaryimage\",\"url\":\"https:\/\/legacy.registrarcorp.com\/wp-content\/uploads\/2019\/08\/press_release.jpg\",\"contentUrl\":\"https:\/\/legacy.registrarcorp.com\/wp-content\/uploads\/2019\/08\/press_release.jpg\",\"width\":1650,\"height\":500},{\"@type\":\"BreadcrumbList\",\"@id\":\"https:\/\/legacy.registrarcorp.com\/fr\/livechat\/#breadcrumb\",\"itemListElement\":[{\"@type\":\"ListItem\",\"position\":1,\"name\":\"Home\",\"item\":\"https:\/\/legacy.registrarcorp.com\/fr\/\"},{\"@type\":\"ListItem\",\"position\":2,\"name\":\"Assistance 24h\/24 pour les r\u00e8glementations U.S. FDA\"}]},{\"@type\":\"WebSite\",\"@id\":\"https:\/\/legacy.registrarcorp.com\/fr\/#website\",\"url\":\"https:\/\/legacy.registrarcorp.com\/fr\/\",\"name\":\"Registrar\",\"description\":\"Assistance with U.S. FDA Regulations\",\"publisher\":{\"@id\":\"https:\/\/legacy.registrarcorp.com\/fr\/#organization\"},\"potentialAction\":[{\"@type\":\"SearchAction\",\"target\":{\"@type\":\"EntryPoint\",\"urlTemplate\":\"https:\/\/legacy.registrarcorp.com\/fr\/?s={search_term_string}\"},\"query-input\":{\"@type\":\"PropertyValueSpecification\",\"valueRequired\":true,\"valueName\":\"search_term_string\"}}],\"inLanguage\":\"fr\"},{\"@type\":\"Organization\",\"@id\":\"https:\/\/legacy.registrarcorp.com\/fr\/#organization\",\"name\":\"Registrar Corp\",\"url\":\"https:\/\/legacy.registrarcorp.com\/fr\/\",\"logo\":{\"@type\":\"ImageObject\",\"inLanguage\":\"fr\",\"@id\":\"https:\/\/legacy.registrarcorp.com\/fr\/#\/schema\/logo\/image\/\",\"url\":\"https:\/\/legacy.registrarcorp.com\/wp-content\/uploads\/2019\/12\/regcorp_logo.png\",\"contentUrl\":\"https:\/\/legacy.registrarcorp.com\/wp-content\/uploads\/2019\/12\/regcorp_logo.png\",\"width\":1326,\"height\":330,\"caption\":\"Registrar Corp\"},\"image\":{\"@id\":\"https:\/\/legacy.registrarcorp.com\/fr\/#\/schema\/logo\/image\/\"}}]}<\/script>\n<!-- \/ Yoast SEO Premium plugin. -->","yoast_head_json":{"title":"Assistance 24h\/24 pour les r\u00e8glementations U.S. FDA - Registrar","robots":{"index":"noindex","follow":"follow","max-snippet":"max-snippet:-1","max-image-preview":"max-image-preview:large","max-video-preview":"max-video-preview:-1"},"og_locale":"fr_FR","og_type":"article","og_title":"Assistance 24h\/24 pour les r\u00e8glementations U.S. FDA","og_description":"[vc_row][vc_column offset=&#8221;vc_col-lg-3 vc_col-md-6&#8243;][vc_raw_html]JTNDZGl2JTIwaWQlM0QlMjJidWJibGUlMjIlM0UlMEElM0NhJTIwaWQlM0QlMjJidWJibGUtbGluayUyMiUyMHRhcmdldCUzRCUyMl9ibGFuayUyMiUyMGhyZWYlM0QlMjJodHRwcyUzQSUyRiUyRnd3dy5yZWdpc3RyYXJjb3JwLmNvbSUyRmxpdmVoZWxwJTIyJTIwcmVsJTNEJTIybm9vcGVuZXIlMjBub3JlZmVycmVyJTIyJTNFJTNDaSUyMGlkJTNEJTIyYi1pY29uJTIyJTIwY2xhc3MlM0QlMjJmYXMlMjBmYS1jb21tZW50JTIyJTNFJTNDJTJGaSUzRSUwQSUzQ2RpdiUyMGlkJTNEJTIybWFpbi10ZXh0JTIyJTNFMjQlMkY3JTBBTGl2ZSUyMENoYXQlM0MlMkZkaXYlM0UlMEElM0MlMkZkaXYlM0U=[\/vc_raw_html][\/vc_column][vc_column offset=&#8221;vc_col-lg-9 vc_col-md-6&#8243;][vc_row_inner][vc_column_inner][vc_column_text]Les conseillers r\u00e8glementaires de Registrar Corp sont disponibles 24h\/24 et 7 jours sur 7 pour vous assister sur les r\u00e8glementations de l&#8217;U.S. Food and Drug Administration (FDA). Obtenez des r\u00e9ponses imm\u00e9diates \u00e0 vos questions relatives aux enregistrement FDA, \u00e0 des d\u00e9tentions , aux requis d&#8217;\u00e9tiquetage, et autres questions sur les r\u00e8gles","og_url":"https:\/\/legacy.registrarcorp.com\/fr\/livechat\/","og_site_name":"Registrar","article_modified_time":"2020-04-29T19:22:33+00:00","og_image":[{"width":1650,"height":500,"url":"https:\/\/legacy.registrarcorp.com\/wp-content\/uploads\/2019\/08\/press_release.jpg","type":"image\/jpeg"}],"twitter_card":"summary_large_image","twitter_misc":{"Est. reading time":"1 minute"},"schema":{"@context":"https:\/\/schema.org","@graph":[{"@type":"WebPage","@id":"https:\/\/legacy.registrarcorp.com\/fr\/livechat\/","url":"https:\/\/legacy.registrarcorp.com\/fr\/livechat\/","name":"Assistance 24h\/24 pour les r\u00e8glementations U.S. FDA - Registrar","isPartOf":{"@id":"https:\/\/legacy.registrarcorp.com\/fr\/#website"},"primaryImageOfPage":{"@id":"https:\/\/legacy.registrarcorp.com\/fr\/livechat\/#primaryimage"},"image":{"@id":"https:\/\/legacy.registrarcorp.com\/fr\/livechat\/#primaryimage"},"thumbnailUrl":"https:\/\/legacy.registrarcorp.com\/wp-content\/uploads\/2019\/08\/press_release.jpg","datePublished":"2019-10-28T18:57:39+00:00","dateModified":"2020-04-29T19:22:33+00:00","breadcrumb":{"@id":"https:\/\/legacy.registrarcorp.com\/fr\/livechat\/#breadcrumb"},"inLanguage":"fr","potentialAction":[{"@type":"ReadAction","target":["https:\/\/legacy.registrarcorp.com\/fr\/livechat\/"]}]},{"@type":"ImageObject","inLanguage":"fr","@id":"https:\/\/legacy.registrarcorp.com\/fr\/livechat\/#primaryimage","url":"https:\/\/legacy.registrarcorp.com\/wp-content\/uploads\/2019\/08\/press_release.jpg","contentUrl":"https:\/\/legacy.registrarcorp.com\/wp-content\/uploads\/2019\/08\/press_release.jpg","width":1650,"height":500},{"@type":"BreadcrumbList","@id":"https:\/\/legacy.registrarcorp.com\/fr\/livechat\/#breadcrumb","itemListElement":[{"@type":"ListItem","position":1,"name":"Home","item":"https:\/\/legacy.registrarcorp.com\/fr\/"},{"@type":"ListItem","position":2,"name":"Assistance 24h\/24 pour les r\u00e8glementations U.S. FDA"}]},{"@type":"WebSite","@id":"https:\/\/legacy.registrarcorp.com\/fr\/#website","url":"https:\/\/legacy.registrarcorp.com\/fr\/","name":"Registrar","description":"Assistance with U.S. FDA Regulations","publisher":{"@id":"https:\/\/legacy.registrarcorp.com\/fr\/#organization"},"potentialAction":[{"@type":"SearchAction","target":{"@type":"EntryPoint","urlTemplate":"https:\/\/legacy.registrarcorp.com\/fr\/?s={search_term_string}"},"query-input":{"@type":"PropertyValueSpecification","valueRequired":true,"valueName":"search_term_string"}}],"inLanguage":"fr"},{"@type":"Organization","@id":"https:\/\/legacy.registrarcorp.com\/fr\/#organization","name":"Registrar Corp","url":"https:\/\/legacy.registrarcorp.com\/fr\/","logo":{"@type":"ImageObject","inLanguage":"fr","@id":"https:\/\/legacy.registrarcorp.com\/fr\/#\/schema\/logo\/image\/","url":"https:\/\/legacy.registrarcorp.com\/wp-content\/uploads\/2019\/12\/regcorp_logo.png","contentUrl":"https:\/\/legacy.registrarcorp.com\/wp-content\/uploads\/2019\/12\/regcorp_logo.png","width":1326,"height":330,"caption":"Registrar Corp"},"image":{"@id":"https:\/\/legacy.registrarcorp.com\/fr\/#\/schema\/logo\/image\/"}}]}},"_links":{"self":[{"href":"https:\/\/legacy.registrarcorp.com\/fr\/wp-json\/wp\/v2\/pages\/38326","targetHints":{"allow":["GET"]}}],"collection":[{"href":"https:\/\/legacy.registrarcorp.com\/fr\/wp-json\/wp\/v2\/pages"}],"about":[{"href":"https:\/\/legacy.registrarcorp.com\/fr\/wp-json\/wp\/v2\/types\/page"}],"author":[{"embeddable":true,"href":"https:\/\/legacy.registrarcorp.com\/fr\/wp-json\/wp\/v2\/users\/30"}],"replies":[{"embeddable":true,"href":"https:\/\/legacy.registrarcorp.com\/fr\/wp-json\/wp\/v2\/comments?post=38326"}],"version-history":[{"count":0,"href":"https:\/\/legacy.registrarcorp.com\/fr\/wp-json\/wp\/v2\/pages\/38326\/revisions"}],"wp:featuredmedia":[{"embeddable":true,"href":"https:\/\/legacy.registrarcorp.com\/fr\/wp-json\/wp\/v2\/media\/399"}],"wp:attachment":[{"href":"https:\/\/legacy.registrarcorp.com\/fr\/wp-json\/wp\/v2\/media?parent=38326"}],"curies":[{"name":"wp","href":"https:\/\/api.w.org\/{rel}","templated":true}]}}