{"id":45033,"date":"2020-12-11T09:56:05","date_gmt":"2020-12-11T14:56:05","guid":{"rendered":"https:\/\/regstaging.wpengine.com\/ppe-registration\/"},"modified":"2020-12-17T12:26:31","modified_gmt":"2020-12-17T17:26:31","slug":"ppe-registration","status":"publish","type":"page","link":"https:\/\/legacy.registrarcorp.com\/es\/ppe-registration\/","title":{"rendered":"FDA PPE and Sanitizer Registration"},"content":{"rendered":"<div class=\"wpb-content-wrapper\">[vc_section el_id=\u00bbsection-app\u00bb][vc_row el_class=\u00bbtile-box\u00bb][vc_column][vc_column_text]\n<h2 class=\"page-header\">Registro U.S. FDA para Mascarillas, Guantes y Sanitizantes<\/h2>\n<p class=\"page-text\">Las instalaciones que fabriquen o procesan equipo de protecci\u00f3n personal contra COVID-19 como mascarillas, guantes o sanitizantes en los Estados Unidos deben registrarse con la Administraci\u00f3n de Alimentos y Medicamentos de los EE.UU. (FDA). Las instalaciones localizadas fuera de los Estados Unidos deben tambi\u00e9n designar a un Agente Estadounidense para comunicaciones con FDA.<\/p>\n<p class=\"page-text\" style=\"text-align: left;\">Registrar Corp ayuda a las empresas con el cumplimiento de las regulaciones de la Administraci\u00f3n de Alimentos y Medicamentos de los Estados Unidos (FDA) de manera r\u00e1pida y apropiada.<\/p>\n[\/vc_column_text][vc_raw_html]JTNDZGl2JTIwY2xhc3MlM0QlMjJwcm9ncmVzcy1jb250YWluZXIlMjBoaWRkZW4lMjIlM0UlM0NkaXYlMjBjbGFzcyUzRCUyMnByb2dyZXNzLWJhciUyMiUzRSUzQyUyRmRpdiUzRSUzQyUyRmRpdiUzRQ==[\/vc_raw_html][vc_raw_html el_class=\u00bbpage-text\u00bb]JTNDZGl2JTIwaWQlM0QlMjJwYXRoLXNlbGVjdCUyMiUzRSUwQSUyMCUyMCUyMCUyMCUzQ2xhYmVsJTIwY2xhc3MlM0QlMjJjdXN0b21fYnV0dG9uX2hlYWRlciUyMiUzRSVDMiVCRlF1JUMzJUE5JTIwdGlwb3MlMjBkZSUyMHByb2R1Y3RvcyUyMG1hbmVqYSUyMGxhJTIwZW1wcmVzYSUzRiUzQyUyRmxhYmVsJTNFJTBBJTIwJTIwJTIwJTIwJTNDdWwlM0UlMEElMjAlMjAlMjAlMjAlMjAlMjAlMjAlMjAlM0NsaSUzRSUzQ2J1dHRvbiUyMGNsYXNzJTNEJTIyYnRuJTIwYnRuLWJsdWUtd2hpdGUlMjIlMjB0eXBlJTNEJTIyYnV0dG9uJTIyJTIwdmFsdWUlM0QlMjJtZWRpY2FsX2RldmljZSUyMiUzRU1hc2NhcmlsbGFzJTNDJTJGbGFiZWwlM0UlM0MlMkZsaSUzRSUwQSUyMCUyMCUyMCUyMCUyMCUyMCUyMCUyMCUzQ2xpJTNFJTNDYnV0dG9uJTIwY2xhc3MlM0QlMjJidG4lMjBidG4tYmx1ZS13aGl0ZSUyMiUyMHR5cGUlM0QlMjJidXR0b24lMjIlMjB2YWx1ZSUzRCUyMm1lZGljYWxfZGV2aWNlJTIyJTNFR3VhbnRlcyUzQyUyRmxhYmVsJTNFJTNDJTJGbGklM0UlMEElMjAlMjAlMjAlMjAlMjAlMjAlMjAlMjAlM0NsaSUzRSUzQ2J1dHRvbiUyMGNsYXNzJTNEJTIyYnRuJTIwYnRuLWJsdWUtd2hpdGUlMjIlMjB0eXBlJTNEJTIyYnV0dG9uJTIyJTIwdmFsdWUlM0QlMjJkcnVnJTIyJTNFU2FuaXRpemFudGVzJTIwZGUlMjBNYW5vcyUzQyUyRmxhYmVsJTNFJTNDJTJGbGklM0UlMEElMjAlMjAlMjAlMjAlM0MlMkZ1bCUzRSUwQSUzQyUyRmRpdiUzRQ==[\/vc_raw_html][vc_raw_html]JTVCZ3Jhdml0eWZvcm0lMjBpZCUzRCUyMjglMjIlMjB0aXRsZSUzRCUyMmZhbHNlJTIyJTIwZGVzY3JpcHRpb24lM0QlMjJmYWxzZSUyMiUyMGFqYXglM0QlMjJ0cnVlJTIyJTVEJTBBJTNDc2NyaXB0JTIwc3JjJTNEJTIyJTJGd3AtY29udGVudCUyRnRoZW1lcyUyRmdlbmVzaXMtc2FtcGxlJTJGamF2YXNjcmlwdHMlMkZjb3VudHJ5U3RhdGVEYXRhLmpzJTIyJTNFJTNDJTJGc2NyaXB0JTNFJTBBJTNDc2NyaXB0JTIwc3JjJTNEJTIyJTJGd3AtY29udGVudCUyRnRoZW1lcyUyRmdlbmVzaXMtc2FtcGxlJTJGamF2YXNjcmlwdHMlMkZjb3JwRGVzaWduYXRpb25EYXRhLmpzJTIyJTNFJTNDJTJGc2NyaXB0JTNFJTBBJTNDc2NyaXB0JTIwc3JjJTNEJTIyJTJGd3AtY29udGVudCUyRnRoZW1lcyUyRmdlbmVzaXMtc2FtcGxlJTJGamF2YXNjcmlwdHMlMkZhZ3JlZW1lbnRzLmpzJTIyJTNFJTNDJTJGc2NyaXB0JTNFJTBBJTNDc2NyaXB0JTIwc3JjJTNEJTIyJTJGd3AtY29udGVudCUyRnRoZW1lcyUyRmdlbmVzaXMtc2FtcGxlJTJGamF2YXNjcmlwdHMlMkZmZGFyZWcuanMlMjIlM0UlM0MlMkZzY3JpcHQlM0UlMEElM0NhJTIwY2xhc3MlM0QlMjJoaWRkZW4lMjIlMjBpZCUzRCUyMmFncmVlbWVudC1idXR0b24lMjIlMjBocmVmJTNEJTIyJTIzYWdyZWVtZW50LW1vZGFsJTIyJTNFJTNDJTJGYSUzRSUwQSUzQ2ElMjBjbGFzcyUzRCUyMmhpZGRlbiUyMiUyMGlkJTNEJTIydmFsdWUtYnV0dG9uJTIyJTIwaHJlZiUzRCUyMiUyM3ZhbHVlLW1vZGFsJTIyJTNFJTNDJTJGYSUzRSUwQQ==[\/vc_raw_html][vc_column_text el_class=\u00bbhidden\u00bb]\n<p class=\"page-text\" style=\"text-align: center;\"><a class=\"verify-link\" href=\".\/verification\">Mi instalaci\u00f3n est\u00e1 registrada. Verifique que mi registro en la FDA sea v\u00e1lido sin costo alguno.<\/a><\/p>\n[\/vc_column_text]<div id=\"mpc-modal-45033-0\" class=\"mpc-modal-overlay\" data-id=\"mpc_modal-1769fc14d8eb1e6\" data-position=\"middle-center\" data-frequency=\"onclick\" data-target-id=\"value-modal\"><div class=\"mpc-modal mpc-init \"><div class=\"mpc-modal__close\"><div data-id=\"mpc_icon-5769fc14d8eb23c\" class=\"mpc-icon mpc-init mpc-transition mpc-effect-none mpc-icon-hover \"><div class=\"mpc-icon-wrap\"><i class=\"mpc-icon-part mpc-regular mpc-transition  fa fa-close\"><\/i><i class=\"mpc-icon-part mpc-hover mpc-transition  fa fa-close\"><\/i><\/div><\/div><\/div><div class=\"mpc-modal__content\">[vc_row_inner][vc_column_inner][vc_raw_html]JTNDZGl2JTIwaWQlM0QlMjJ2YWx1ZS1zdW1tYXJ5JTIyJTNFJTNDJTJGZGl2JTNF[\/vc_raw_html][\/vc_column_inner][\/vc_row_inner]<\/div><\/div><\/div><div class=\"mpc-modal-waypoint mpc-waypoint\" data-id=\"mpc-modal-45033-0\"><\/div><div id=\"mpc-modal-45033-1\" class=\"mpc-modal-overlay\" data-id=\"mpc_modal-8169fc14d8eb311\" data-position=\"middle-center\" data-frequency=\"onclick\" data-target-id=\"agreement-modal\"><div class=\"mpc-modal mpc-init \"><div class=\"mpc-modal__close\"><div data-id=\"mpc_icon-8669fc14d8eb34c\" class=\"mpc-icon mpc-init mpc-transition mpc-effect-none mpc-icon-hover \"><div class=\"mpc-icon-wrap\"><i class=\"mpc-icon-part mpc-regular mpc-transition  fa fa-close\"><\/i><i class=\"mpc-icon-part mpc-hover mpc-transition  fa fa-close\"><\/i><\/div><\/div><\/div><div class=\"mpc-modal__content\">[vc_row_inner][vc_column_inner][vc_raw_html]JTNDZGl2JTIwaWQlM0QlMjJhZ3JlZW1lbnQlMjIlM0UlM0MlMkZkaXYlM0U=[\/vc_raw_html][\/vc_column_inner][\/vc_row_inner]<\/div><\/div><\/div><div class=\"mpc-modal-waypoint mpc-waypoint\" data-id=\"mpc-modal-45033-1\"><\/div>[\/vc_column][\/vc_row][\/vc_section][vc_row][vc_column][vc_raw_js]JTNDc2NyaXB0JTNFJTIwJTBBalF1ZXJ5JTI4ZG9jdW1lbnQlMjkucmVhZHklMjhmdW5jdGlvbiUyOCUyNCUyOSU3QiUwQSUyMCUyMCUyMCUyMHZhciUyMGhpZGVFbGVtZW50cyUyMCUzRCUyMCUyNy5jb3VudHJ5LXNlbGVjdCUyQyUyMC5mb3JtLWJ1dHRvbi1jb250YWluZXIlMjclMEElMjAlMjAlMjAlMjBqUXVlcnklMjhoaWRlRWxlbWVudHMlMjkuYWRkQ2xhc3MlMjglMjdoaWRkZW4lMjclMjklM0IlMEElMjAlMjAlMjAlMjAlMjQlMjglMjclMjNwYXRoLXNlbGVjdCUyMGJ1dHRvbiUyNyUyOS5vbiUyOCUyN2NsaWNrJTI3JTJDZnVuY3Rpb24lMjglMjklN0IlMEElMjAlMjAlMjAlMjAlMjAlMjAlMjAlMjAlMjQlMjglMjclMjNwYXRoLXNlbGVjdCUyNyUyOS5hZGRDbGFzcyUyOCUyN2hpZGRlbiUyNyUyOSUzQiUwQSUyMCUyMCUyMCUyMCUyMCUyMCUyMCUyMCUyNCUyOCUyNy5mbG93X3R5cGUlMjBpbnB1dCU1QnZhbHVlJTNEJTIyJTI3JTIwJTJCJTIwdGhpcy52YWx1ZSUyMCUyQiUyMCUyNyUyMiU1RCUyNyUyOS5wcm9wJTI4JTI3Y2hlY2tlZCUyNyUyQ3RydWUlMjkudHJpZ2dlciUyOCUyN2NoYW5nZSUyNyUyOSUzQiUwQSUyMCUyMCUyMCUyMCUyMCUyMCUyMCUyMCUyNCUyOGhpZGVFbGVtZW50cyUyOS5yZW1vdmVDbGFzcyUyOCUyN2hpZGRlbiUyNyUyOSUzQiUwQSUyMCUyMCUyMCUyMCUyMCUyMCUyMCUyMGlmJTI4JTI0JTI4JTI3LnNvZnQtYmFjayUyNyUyOS5sZW5ndGglMjAlM0QlM0QlMjAwJTI5JTdCJTBBJTIwJTIwJTIwJTIwJTIwJTIwJTIwJTIwJTIwJTIwJTIwJTIwJTI0JTI4JTI3LmZvcm0tYnV0dG9uLWNvbnRhaW5lciUzQXZpc2libGUlMjclMjkuZmluZCUyOCUyNy5mb3JtLW5leHQlMjclMjkuYmVmb3JlJTI4JTI3JTNDYnV0dG9uJTIwdHlwZSUzRCUyMmJ1dHRvbiUyMiUyMGNsYXNzJTNEJTIyZm9ybS1idXR0b24lMjBzb2Z0LWJhY2slMjIlM0VQcmV2aW91cyUzQyUyRmJ1dHRvbiUzRSUyNyUyOSUzQiUwQSUyMCUyMCUyMCUyMCUyMCUyMCUyMCUyMCU3RCUwQSUyMCUyMCUyMCUyMCUyMCUyMCUyMCUyMCUyNCUyOCUyNy5zb2Z0LWJhY2slMjclMjkub24lMjglMjdjbGljayUyNyUyQ2Z1bmN0aW9uJTI4JTI5JTdCJTBBJTIwJTIwJTIwJTIwJTIwJTIwJTIwJTIwJTIwJTIwJTIwJTIwJTI0JTI4aGlkZUVsZW1lbnRzJTI5LmFkZENsYXNzJTI4JTI3aGlkZGVuJTI3JTI5JTNCJTBBJTIwJTIwJTIwJTIwJTIwJTIwJTIwJTIwJTIwJTIwJTIwJTIwJTI0JTI4JTI3JTIzcGF0aC1zZWxlY3QlMjclMjkucmVtb3ZlQ2xhc3MlMjglMjdoaWRkZW4lMjclMjklM0IlMEElMjAlMjAlMjAlMjAlMjAlMjAlMjAlMjAlN0QlMjklM0IlMEElMjAlMjAlMjAlMjAlN0QlMjklM0IlMEElN0QlMjklM0IlMEElMEFqUXVlcnklMjhkb2N1bWVudCUyOS5vbiUyOCUyN2dmb3JtX3Bvc3RfcmVuZGVyJTI3JTJDJTIwZnVuY3Rpb24lMjhlJTJDJTIwZm9ybV9pZCUyQyUyMHAlMjklN0IlMEElMjAlMjAlMjAlMjB2YXIlMjBoaWRlRWxlbWVudHMlMjAlM0QlMjAlMjcuY291bnRyeS1zZWxlY3QlMkMlMjAuZm9ybS1idXR0b24tY29udGFpbmVyJTI3JTBBJTIwJTIwJTIwJTIwaWYlMjhwYXJzZUludCUyOHAlMjklMjAlM0QlM0QlMjAxJTI5JTdCJTBBJTIwJTIwJTIwJTIwJTIwJTIwJTIwJTIwalF1ZXJ5JTI4aGlkZUVsZW1lbnRzJTI5LmFkZENsYXNzJTI4JTI3aGlkZGVuJTI3JTI5JTNCJTBBJTIwJTIwJTIwJTIwJTIwJTIwJTIwJTIwalF1ZXJ5JTI4JTI3JTIzcGF0aC1zZWxlY3QlMjclMjkucmVtb3ZlQ2xhc3MlMjglMjdoaWRkZW4lMjclMjklM0IlMEElMjAlMjAlMjAlMjAlN0QlMEElN0QlMjklM0IlMEElMEElM0MlMkZzY3JpcHQlM0U=[\/vc_raw_js][\/vc_column][\/vc_row]\n<\/div>","protected":false},"excerpt":{"rendered":"<p>[vc_section el_id=\u00bbsection-app\u00bb][vc_row el_class=\u00bbtile-box\u00bb][vc_column][vc_column_text] Registro U.S. FDA para Mascarillas, Guantes y Sanitizantes Las instalaciones que fabriquen o procesan equipo de protecci\u00f3n personal contra COVID-19 como mascarillas, guantes o sanitizantes en los Estados Unidos deben registrarse con la Administraci\u00f3n de Alimentos y Medicamentos de los EE.UU. (FDA). Las instalaciones localizadas fuera de los Estados Unidos deben tambi\u00e9n<\/p>\n","protected":false},"author":30,"featured_media":403,"parent":0,"menu_order":0,"comment_status":"closed","ping_status":"closed","template":"full-width-page.php","meta":{"content-type":"","om_disable_all_campaigns":false,"inline_featured_image":false,"_genesis_hide_title":false,"_genesis_hide_breadcrumbs":false,"_genesis_hide_singular_image":false,"_genesis_hide_footer_widgets":false,"_genesis_custom_body_class":"fda-registration-page","_genesis_custom_post_class":"","_genesis_layout":"","footnotes":""},"class_list":{"0":"post-45033","1":"page","2":"type-page","3":"status-publish","4":"has-post-thumbnail","6":"entry"},"yoast_head":"<!-- This site is optimized with the Yoast SEO Premium plugin v20.9 (Yoast SEO v25.5) - https:\/\/yoast.com\/wordpress\/plugins\/seo\/ -->\n<title>FDA PPE and Sanitizer Registration - Registrar<\/title>\n<meta name=\"robots\" content=\"noindex, follow, max-snippet:-1, max-image-preview:large, max-video-preview:-1\" \/>\n<meta property=\"og:locale\" content=\"es_ES\" \/>\n<meta property=\"og:type\" content=\"article\" \/>\n<meta property=\"og:title\" content=\"FDA PPE and Sanitizer Registration\" \/>\n<meta property=\"og:description\" content=\"[vc_section el_id=\u00bbsection-app\u00bb][vc_row el_class=\u00bbtile-box\u00bb][vc_column][vc_column_text] Registro U.S. FDA para Mascarillas, Guantes y Sanitizantes Las instalaciones que fabriquen o procesan equipo de protecci\u00f3n personal contra COVID-19 como mascarillas, guantes o sanitizantes en los Estados Unidos deben registrarse con la Administraci\u00f3n de Alimentos y Medicamentos de los EE.UU. (FDA). Las instalaciones localizadas fuera de los Estados Unidos deben tambi\u00e9n\" \/>\n<meta property=\"og:url\" content=\"https:\/\/legacy.registrarcorp.com\/es\/ppe-registration\/\" \/>\n<meta property=\"og:site_name\" content=\"Registrar\" \/>\n<meta property=\"article:modified_time\" content=\"2020-12-17T17:26:31+00:00\" \/>\n<meta property=\"og:image\" content=\"https:\/\/legacy.registrarcorp.com\/wp-content\/uploads\/2019\/08\/press_release.jpg\" \/>\n\t<meta property=\"og:image:width\" content=\"1650\" \/>\n\t<meta property=\"og:image:height\" content=\"500\" \/>\n\t<meta property=\"og:image:type\" content=\"image\/jpeg\" \/>\n<meta name=\"twitter:card\" content=\"summary_large_image\" \/>\n<meta name=\"twitter:label1\" content=\"Tiempo de lectura\" \/>\n\t<meta name=\"twitter:data1\" content=\"3 minutos\" \/>\n<script type=\"application\/ld+json\" class=\"yoast-schema-graph\">{\"@context\":\"https:\/\/schema.org\",\"@graph\":[{\"@type\":\"WebPage\",\"@id\":\"https:\/\/legacy.registrarcorp.com\/es\/ppe-registration\/\",\"url\":\"https:\/\/legacy.registrarcorp.com\/es\/ppe-registration\/\",\"name\":\"FDA PPE and Sanitizer Registration - Registrar\",\"isPartOf\":{\"@id\":\"https:\/\/legacy.registrarcorp.com\/es\/#website\"},\"primaryImageOfPage\":{\"@id\":\"https:\/\/legacy.registrarcorp.com\/es\/ppe-registration\/#primaryimage\"},\"image\":{\"@id\":\"https:\/\/legacy.registrarcorp.com\/es\/ppe-registration\/#primaryimage\"},\"thumbnailUrl\":\"https:\/\/legacy.registrarcorp.com\/wp-content\/uploads\/2019\/08\/press_release.jpg\",\"datePublished\":\"2020-12-11T14:56:05+00:00\",\"dateModified\":\"2020-12-17T17:26:31+00:00\",\"breadcrumb\":{\"@id\":\"https:\/\/legacy.registrarcorp.com\/es\/ppe-registration\/#breadcrumb\"},\"inLanguage\":\"es\",\"potentialAction\":[{\"@type\":\"ReadAction\",\"target\":[\"https:\/\/legacy.registrarcorp.com\/es\/ppe-registration\/\"]}]},{\"@type\":\"ImageObject\",\"inLanguage\":\"es\",\"@id\":\"https:\/\/legacy.registrarcorp.com\/es\/ppe-registration\/#primaryimage\",\"url\":\"https:\/\/legacy.registrarcorp.com\/wp-content\/uploads\/2019\/08\/press_release.jpg\",\"contentUrl\":\"https:\/\/legacy.registrarcorp.com\/wp-content\/uploads\/2019\/08\/press_release.jpg\",\"width\":1650,\"height\":500},{\"@type\":\"BreadcrumbList\",\"@id\":\"https:\/\/legacy.registrarcorp.com\/es\/ppe-registration\/#breadcrumb\",\"itemListElement\":[{\"@type\":\"ListItem\",\"position\":1,\"name\":\"Home\",\"item\":\"https:\/\/legacy.registrarcorp.com\/es\/\"},{\"@type\":\"ListItem\",\"position\":2,\"name\":\"FDA PPE and Sanitizer Registration\"}]},{\"@type\":\"WebSite\",\"@id\":\"https:\/\/legacy.registrarcorp.com\/es\/#website\",\"url\":\"https:\/\/legacy.registrarcorp.com\/es\/\",\"name\":\"Registrar\",\"description\":\"Assistance with U.S. FDA Regulations\",\"publisher\":{\"@id\":\"https:\/\/legacy.registrarcorp.com\/es\/#organization\"},\"potentialAction\":[{\"@type\":\"SearchAction\",\"target\":{\"@type\":\"EntryPoint\",\"urlTemplate\":\"https:\/\/legacy.registrarcorp.com\/es\/?s={search_term_string}\"},\"query-input\":{\"@type\":\"PropertyValueSpecification\",\"valueRequired\":true,\"valueName\":\"search_term_string\"}}],\"inLanguage\":\"es\"},{\"@type\":\"Organization\",\"@id\":\"https:\/\/legacy.registrarcorp.com\/es\/#organization\",\"name\":\"Registrar Corp\",\"url\":\"https:\/\/legacy.registrarcorp.com\/es\/\",\"logo\":{\"@type\":\"ImageObject\",\"inLanguage\":\"es\",\"@id\":\"https:\/\/legacy.registrarcorp.com\/es\/#\/schema\/logo\/image\/\",\"url\":\"https:\/\/legacy.registrarcorp.com\/wp-content\/uploads\/2019\/12\/regcorp_logo.png\",\"contentUrl\":\"https:\/\/legacy.registrarcorp.com\/wp-content\/uploads\/2019\/12\/regcorp_logo.png\",\"width\":1326,\"height\":330,\"caption\":\"Registrar Corp\"},\"image\":{\"@id\":\"https:\/\/legacy.registrarcorp.com\/es\/#\/schema\/logo\/image\/\"}}]}<\/script>\n<!-- \/ Yoast SEO Premium plugin. -->","yoast_head_json":{"title":"FDA PPE and Sanitizer Registration - Registrar","robots":{"index":"noindex","follow":"follow","max-snippet":"max-snippet:-1","max-image-preview":"max-image-preview:large","max-video-preview":"max-video-preview:-1"},"og_locale":"es_ES","og_type":"article","og_title":"FDA PPE and Sanitizer Registration","og_description":"[vc_section el_id=\u00bbsection-app\u00bb][vc_row el_class=\u00bbtile-box\u00bb][vc_column][vc_column_text] Registro U.S. FDA para Mascarillas, Guantes y Sanitizantes Las instalaciones que fabriquen o procesan equipo de protecci\u00f3n personal contra COVID-19 como mascarillas, guantes o sanitizantes en los Estados Unidos deben registrarse con la Administraci\u00f3n de Alimentos y Medicamentos de los EE.UU. (FDA). Las instalaciones localizadas fuera de los Estados Unidos deben tambi\u00e9n","og_url":"https:\/\/legacy.registrarcorp.com\/es\/ppe-registration\/","og_site_name":"Registrar","article_modified_time":"2020-12-17T17:26:31+00:00","og_image":[{"width":1650,"height":500,"url":"https:\/\/legacy.registrarcorp.com\/wp-content\/uploads\/2019\/08\/press_release.jpg","type":"image\/jpeg"}],"twitter_card":"summary_large_image","twitter_misc":{"Tiempo de lectura":"3 minutos"},"schema":{"@context":"https:\/\/schema.org","@graph":[{"@type":"WebPage","@id":"https:\/\/legacy.registrarcorp.com\/es\/ppe-registration\/","url":"https:\/\/legacy.registrarcorp.com\/es\/ppe-registration\/","name":"FDA PPE and Sanitizer Registration - Registrar","isPartOf":{"@id":"https:\/\/legacy.registrarcorp.com\/es\/#website"},"primaryImageOfPage":{"@id":"https:\/\/legacy.registrarcorp.com\/es\/ppe-registration\/#primaryimage"},"image":{"@id":"https:\/\/legacy.registrarcorp.com\/es\/ppe-registration\/#primaryimage"},"thumbnailUrl":"https:\/\/legacy.registrarcorp.com\/wp-content\/uploads\/2019\/08\/press_release.jpg","datePublished":"2020-12-11T14:56:05+00:00","dateModified":"2020-12-17T17:26:31+00:00","breadcrumb":{"@id":"https:\/\/legacy.registrarcorp.com\/es\/ppe-registration\/#breadcrumb"},"inLanguage":"es","potentialAction":[{"@type":"ReadAction","target":["https:\/\/legacy.registrarcorp.com\/es\/ppe-registration\/"]}]},{"@type":"ImageObject","inLanguage":"es","@id":"https:\/\/legacy.registrarcorp.com\/es\/ppe-registration\/#primaryimage","url":"https:\/\/legacy.registrarcorp.com\/wp-content\/uploads\/2019\/08\/press_release.jpg","contentUrl":"https:\/\/legacy.registrarcorp.com\/wp-content\/uploads\/2019\/08\/press_release.jpg","width":1650,"height":500},{"@type":"BreadcrumbList","@id":"https:\/\/legacy.registrarcorp.com\/es\/ppe-registration\/#breadcrumb","itemListElement":[{"@type":"ListItem","position":1,"name":"Home","item":"https:\/\/legacy.registrarcorp.com\/es\/"},{"@type":"ListItem","position":2,"name":"FDA PPE and Sanitizer Registration"}]},{"@type":"WebSite","@id":"https:\/\/legacy.registrarcorp.com\/es\/#website","url":"https:\/\/legacy.registrarcorp.com\/es\/","name":"Registrar","description":"Assistance with U.S. FDA Regulations","publisher":{"@id":"https:\/\/legacy.registrarcorp.com\/es\/#organization"},"potentialAction":[{"@type":"SearchAction","target":{"@type":"EntryPoint","urlTemplate":"https:\/\/legacy.registrarcorp.com\/es\/?s={search_term_string}"},"query-input":{"@type":"PropertyValueSpecification","valueRequired":true,"valueName":"search_term_string"}}],"inLanguage":"es"},{"@type":"Organization","@id":"https:\/\/legacy.registrarcorp.com\/es\/#organization","name":"Registrar Corp","url":"https:\/\/legacy.registrarcorp.com\/es\/","logo":{"@type":"ImageObject","inLanguage":"es","@id":"https:\/\/legacy.registrarcorp.com\/es\/#\/schema\/logo\/image\/","url":"https:\/\/legacy.registrarcorp.com\/wp-content\/uploads\/2019\/12\/regcorp_logo.png","contentUrl":"https:\/\/legacy.registrarcorp.com\/wp-content\/uploads\/2019\/12\/regcorp_logo.png","width":1326,"height":330,"caption":"Registrar Corp"},"image":{"@id":"https:\/\/legacy.registrarcorp.com\/es\/#\/schema\/logo\/image\/"}}]}},"_links":{"self":[{"href":"https:\/\/legacy.registrarcorp.com\/es\/wp-json\/wp\/v2\/pages\/45033","targetHints":{"allow":["GET"]}}],"collection":[{"href":"https:\/\/legacy.registrarcorp.com\/es\/wp-json\/wp\/v2\/pages"}],"about":[{"href":"https:\/\/legacy.registrarcorp.com\/es\/wp-json\/wp\/v2\/types\/page"}],"author":[{"embeddable":true,"href":"https:\/\/legacy.registrarcorp.com\/es\/wp-json\/wp\/v2\/users\/30"}],"replies":[{"embeddable":true,"href":"https:\/\/legacy.registrarcorp.com\/es\/wp-json\/wp\/v2\/comments?post=45033"}],"version-history":[{"count":0,"href":"https:\/\/legacy.registrarcorp.com\/es\/wp-json\/wp\/v2\/pages\/45033\/revisions"}],"wp:featuredmedia":[{"embeddable":true,"href":"https:\/\/legacy.registrarcorp.com\/es\/wp-json\/wp\/v2\/media\/403"}],"wp:attachment":[{"href":"https:\/\/legacy.registrarcorp.com\/es\/wp-json\/wp\/v2\/media?parent=45033"}],"curies":[{"name":"wp","href":"https:\/\/api.w.org\/{rel}","templated":true}]}}