{"id":41352,"date":"2018-12-17T15:14:42","date_gmt":"2018-12-17T20:14:42","guid":{"rendered":"https:\/\/regstaging.wpengine.com\/fda-supplements\/"},"modified":"2020-07-07T15:54:21","modified_gmt":"2020-07-07T15:54:21","slug":"fda-supplements","status":"publish","type":"page","link":"https:\/\/legacy.registrarcorp.com\/es\/fda-supplements\/","title":{"rendered":"Suplementos Alimenticios"},"content":{"rendered":"<div class=\"wpb-content-wrapper\">[vc_section el_id=\u00bbpageHero\u00bb css=\u00bb.vc_custom_1581874642090{background-image: url(https:\/\/regstaging.wpengine.com\/wp-content\/uploads\/2020\/02\/supplement-hero-1-scaled.jpg?id=41225) !important;background-position: center !important;background-repeat: no-repeat !important;background-size: cover !important;}\u00bb el_class=\u00bbpage-solutions\u00bb][vc_row el_class=\u00bbpage-marquee\u00bb][vc_column][vc_column_text el_class=\u00bbhalf-width\u00bb]\n<h1>Suplementos Alimenticios<\/h1>\n<hr \/>\n<h2><strong>Registro con la administraci\u00f3n de alimentos y medicamentos de los estados unidos (FDA)<\/strong><\/h2>\n[\/vc_column_text][vc_row_inner el_class=\u00bbrow-content-center\u00bb][vc_column_inner]<a href=\"\/es\/fda-food\/registration\" title=\"\"  data-id=\"mpc_button-3069fbf8d87a7e9\" class=\"mpc-button mpc-init mpc-transition btn-red-white btn-header\" ><div class=\"mpc-button__content mpc-effect-type--none mpc-effect-side--none\"><span class=\"mpc-button__title mpc-transition\">Iniciar<\/span><\/div><div class=\"mpc-button__background mpc-transition mpc-effect-type--fade mpc-effect-side--in\"><\/div><\/a>[\/vc_column_inner][\/vc_row_inner][\/vc_column][\/vc_row][vc_row el_class=\u00bbhero-footer\u00bb][vc_column][vc_raw_html]JTNDZGl2JTIwY2xhc3MlM0QlMjJzb2x1dGlvbnMtaGVyby1mb290ZXIlMjIlM0UlMEElM0NzcGFuJTIwY2xhc3MlM0QlMjJ0ZXh0JTIyJTNFJUMyJUJGTm8lMjBlc3QlQzMlQTFzJTIwc2VndXJvJTIwcG9yJTIwZCVDMyVCM25kZSUyMGVtcGV6YXIlM0YlM0MlMkZzcGFuJTNFJTBBJTNDYSUyMGhyZWYlM0QlMjIlMjMlMjIlMjBjbGFzcyUzRCUyMmNoYXQtYnRuJTIwYnRuLWJsdWUtd2hpdGUlMjBidG4tZmxleCUyMiUzRSUwQSUzQ2ltZyUyMHNyYyUzRCUyMiUyRndwLWNvbnRlbnQlMkZ1cGxvYWRzJTJGMjAxOSUyRjEwJTJGQ2hhdF9idWJibGUucG5nJTIyJTIwJTJGJTNFJTBBJTNDc3BhbiUzRUNoYXRlYXIlMjBBaG9yYSUzQyUyRnNwYW4lM0UlMEElM0MlMkZhJTNFJTBBJTNDJTJGZGl2JTNF[\/vc_raw_html][\/vc_column][\/vc_row][\/vc_section][vc_section el_id=\u00bbfeaturedSolutions\u00bb][vc_row el_class=\u00bbside-by-side\u00bb][vc_column width=\u00bb1\/2&#8243; el_class=\u00bbside-left align-right hasImage\u00bb css=\u00bb.vc_custom_1581875118926{background-image: url(https:\/\/regstaging.wpengine.com\/wp-content\/uploads\/2020\/02\/supplement-registration-scaled.jpg?id=41232) !important;background-position: center !important;background-repeat: no-repeat !important;background-size: cover !important;}\u00bb][vc_column_text el_class=\u00bbside-title-block\u00bb]\n<h2>Registro FDA<br \/>\ny Listado<\/h2>\n[\/vc_column_text][\/vc_column][vc_column width=\u00bb1\/2&#8243; el_class=\u00bbside-right align-left\u00bb][vc_column_text el_class=\u00bbside-text-block\u00bb]El Registro FDA es requerido para todas las instalaciones que manufacturan, procesan, empacan o almacenan suplementos alimenticios que ser\u00e1n consumidos en los Estados Unidos por humanos o animales. Compa\u00f1\u00edas localizadas fuera de los Estados Unidos deben designar a un Agente Estadounidense para comunicarse con FDA.[\/vc_column_text][vc_column_text el_class=\u00bbside-links\u00bb]<a class=\"btn-red-white\" href=\"\/fda-food\/registration\">Iniciar<\/a><\/p>\n<p><a href=\"#fee-modal\" data-fee-category=\"food-registration\">Honorarios<\/a>[\/vc_column_text][\/vc_column][\/vc_row][vc_row el_class=\u00bbside-by-side mobile-reverse\u00bb][vc_column width=\u00bb1\/2&#8243; el_class=\u00bbside-left align-left\u00bb css=\u00bb.vc_custom_1570054217097{background-color: #3b4254 !important;background-position: center !important;background-repeat: no-repeat !important;background-size: cover !important;}\u00bb][vc_column_text el_class=\u00bbside-text-block font-white\u00bb]Un Aviso previo es requerido antes de que un cargamento de alimento pueda entrar a los Estados Unidos. Un N\u00famero de Confirmaci\u00f3n de Aviso Previo con c\u00f3digo de barras emitido por FDA debe acompa\u00f1ar a la mayoria de cargamentos.[\/vc_column_text][vc_column_text el_class=\u00bbside-links font-white\u00bb]<a class=\"btn-red-white\" href=\"https:\/\/www.priornotice.com\">Iniciar<\/a><\/p>\n<p><a href=\"#fee-modal\" data-fee-category=\"supplements-prior_notice\">Honorarios<\/a>[\/vc_column_text][\/vc_column][vc_column width=\u00bb1\/2&#8243; el_class=\u00bbside-right align-left hasImage\u00bb css=\u00bb.vc_custom_1581875271507{background-image: url(https:\/\/regstaging.wpengine.com\/wp-content\/uploads\/2020\/02\/prior-notice-scaled.jpg?id=41071) !important;background-position: center !important;background-repeat: no-repeat !important;background-size: cover !important;}\u00bb][vc_column_text el_class=\u00bbside-title-block\u00bb]\n<h2>Aviso<br \/>\nPrevio<\/h2>\n[\/vc_column_text][\/vc_column][\/vc_row][vc_row el_class=\u00bbside-by-side\u00bb][vc_column width=\u00bb1\/2&#8243; el_class=\u00bbside-left align-right hasImage\u00bb css=\u00bb.vc_custom_1581876104791{background-image: url(https:\/\/regstaging.wpengine.com\/wp-content\/uploads\/2020\/02\/supplement-review-scaled.jpg?id=41246) !important;background-position: center !important;background-repeat: no-repeat !important;background-size: cover !important;}\u00bb][vc_column_text el_class=\u00bbside-title-block\u00bb]\n<h2>Revisi\u00f3n de Producto<br \/>\ny Etiquetado<\/h2>\n[\/vc_column_text][\/vc_column][vc_column width=\u00bb1\/2&#8243; el_class=\u00bbside-right align-left\u00bb][vc_column_text el_class=\u00bbside-text-block\u00bb]Los errores de etiquetado son la principal causa de detenciones por parte de FDA. Registrar Corp asiste a las compa\u00f1\u00edas a modificar el etiquetado de sus suplementos alimenticios para cumplir con las regulaciones de FDA. Registrar Corp provee de archivos gr\u00e1ficos revisados listos para imprimir y un reporte que detalla las regulaciones, guias de cumplimiento, cartas de advertencia, alertas de importaci\u00f3n y otros documentos gu\u00eda.[\/vc_column_text][vc_column_text el_class=\u00bbside-links\u00bb]<a class=\"btn-red-white\" href=\".\/labeling\">Iniciar<\/a><\/p>\n<p><a href=\"#fee-modal\" data-fee-category=\"supplements-label_review\">Honorarios<\/a>[\/vc_column_text][\/vc_column][\/vc_row][vc_row el_class=\u00bbside-by-side mobile-reverse\u00bb][vc_column width=\u00bb1\/2&#8243; el_class=\u00bbside-left align-left\u00bb css=\u00bb.vc_custom_1570054217097{background-color: #3b4254 !important;background-position: center !important;background-repeat: no-repeat !important;background-size: cover !important;}\u00bb][vc_column_text el_class=\u00bbside-text-block font-white\u00bb]Las firmas que fabrican suplementos alimenticios deben escribir e implementar Registros Maestros de Fabricaci\u00f3n (MMRs) para cada formulaci\u00f3n \u00fanica y tama\u00f1o de lote de los suplementos alimenticios que fabriquen. Los Especialistas en Inocuidad Alimentaria de Registrar Corp pueden revisar los Registros Maestros de Fabricaci\u00f3n de su empresa para verificar su cumplimiento con FDA.[\/vc_column_text][vc_column_text el_class=\u00bbside-links font-white\u00bb]<a class=\"btn-red-white\" href=\".\/dietary-supplement-mmr\">Iniciar<\/a><\/p>\n<p><a href=\"#fee-modal\" data-fee-category=\"supplements-mmr\">Honorarios<\/a>[\/vc_column_text][\/vc_column][vc_column width=\u00bb1\/2&#8243; el_class=\u00bbside-right align-left hasImage\u00bb css=\u00bb.vc_custom_1581876072289{background-image: url(https:\/\/regstaging.wpengine.com\/wp-content\/uploads\/2020\/02\/mmr-scaled.jpg?id=41253) !important;background-position: center !important;background-repeat: no-repeat !important;background-size: cover !important;}\u00bb][vc_column_text el_class=\u00bbside-title-block\u00bb]\n<h2>Registros Maestros<br \/>\nde Fabricaci\u00f3n<\/h2>\n[\/vc_column_text][\/vc_column][\/vc_row][\/vc_section][vc_section css=\u00bb.vc_custom_1574176315943{background-color: #ececec !important;}\u00bb][vc_row equal_height=\u00bbyes\u00bb el_class=\u00bbgrid-tiles\u00bb][vc_column width=\u00bb1\/2&#8243; offset=\u00bbvc_col-lg-4 vc_col-md-6 vc_col-xs-12&#8243;][vc_column_text css=\u00bb.vc_custom_1581875494463{background-image: url(https:\/\/regstaging.wpengine.com\/wp-content\/uploads\/2020\/02\/adverse-event-scaled.jpg?id=41239) !important;}\u00bb el_class=\u00bbgrid-tile-title hasImage\u00bb]\n<h2>Adverse Event Contact<\/h2>\n[\/vc_column_text][vc_column_text el_class=\u00bbgrid-tile-block\u00bb]U.S. FDA requires dietary supplement labels to bear a United States address or phone number to receive consumer reports of serious adverse events. Registrar Corp can serve as your U.S. Contact for the timely forwarding of consumer reports to your business as required by FDA.[\/vc_column_text][vc_column_text el_class=\u00bbgrid-tile-links\u00bb]<a class=\"btn-red-white\" href=\".\/adverse-event\">Iniciar<\/a><\/p>\n<p><a href=\"#fee-modal\" data-fee-category=\"supplements-adverse_event\">Honorarios<\/a>[\/vc_column_text][\/vc_column][vc_column width=\u00bb1\/2&#8243; offset=\u00bbvc_col-lg-offset-0 vc_col-lg-4 vc_col-md-offset-0 vc_col-md-6 vc_col-sm-offset-0 vc_col-xs-12&#8243;][vc_column_text css=\u00bb.vc_custom_1582215461693{background-image: url(https:\/\/regstaging.wpengine.com\/wp-content\/uploads\/2020\/02\/color-additive-scaled.jpg?id=41652) !important;}\u00bb el_class=\u00bbgrid-tile-title hasImage\u00bb]\n<h2>Requisitos para Colorantes<\/h2>\n[\/vc_column_text][vc_column_text el_class=\u00bbgrid-tile-block\u00bb]Un colorante alimenticio es cualquier tinte, pigmento u otra substancia que puede impartir color a un producto alimenticio. Los Colorantes Alimenticios son regulados por FDA.[\/vc_column_text][vc_column_text el_class=\u00bbgrid-tile-links\u00bb]<a class=\"btn-red-white\" href=\"\/es\/fda-color-additive\">Iniciar<\/a><\/p>\n<p><a href=\"#fee-modal\" data-fee-category=\"all-color_additive\">Honorarios<\/a>[\/vc_column_text][\/vc_column][vc_column width=\u00bb1\/2&#8243; offset=\u00bbvc_col-lg-4 vc_col-md-6 vc_col-xs-12&#8243;][vc_column_text css=\u00bb.vc_custom_1581875325567{background-image: url(https:\/\/regstaging.wpengine.com\/wp-content\/uploads\/2020\/02\/detention-scaled.jpg?id=41099) !important;}\u00bb el_class=\u00bbgrid-tile-title hasImage\u00bb]\n<h2>Asistencia con Detenciones<\/h2>\n[\/vc_column_text][vc_column_text el_class=\u00bbgrid-tile-block\u00bb]Suplementos alimenticios est\u00e1n sujetos ser examinados por FDA cuando son importados a los Estados Unidos. Los Especialistas en Regulaciones de Registrar Corp ofrecen asistencia inmediata a compa\u00f1\u00edas con productos detenidos en frontera por FDA.[\/vc_column_text][vc_column_text el_class=\u00bbgrid-tile-links\u00bb]<a class=\"btn-red-white\" href=\"\/es\/fda-imports\">Iniciar<\/a><\/p>\n<p><a href=\"#fee-modal\" data-fee-category=\"all-detention\">Honorarios<\/a>[\/vc_column_text][\/vc_column][\/vc_row][\/vc_section][vc_row][vc_column]<div id=\"mpc-modal-41352-0\" class=\"mpc-modal-overlay\" data-id=\"mpc_modal-4769fbf8d87a87d\" data-position=\"middle-center\" data-frequency=\"onclick\" data-target-id=\"fee-modal\"><div class=\"mpc-modal mpc-init fee-modal\"><div class=\"mpc-modal__close\"><div data-id=\"mpc_icon-6969fbf8d87a8af\" class=\"mpc-icon mpc-init mpc-transition mpc-effect-none mpc-icon-hover \"><div class=\"mpc-icon-wrap\"><i class=\"mpc-icon-part mpc-regular mpc-transition  fa fa-close\"><\/i><i class=\"mpc-icon-part mpc-hover mpc-transition  fa fa-close\"><\/i><\/div><\/div><\/div><div class=\"mpc-modal__content\">[vc_row_inner][vc_column_inner][vc_raw_html]JTNDaDIlM0UlM0NzcGFuJTIwY2xhc3MlM0QlMjJmZWUtc2VydmljZS1uYW1lJTIyJTNFJTNDJTJGc3BhbiUzRSUzQyUyRmgyJTNFJTBBJTNDdWwlM0UlM0MlMkZ1bCUzRQ==[\/vc_raw_html][\/vc_column_inner][\/vc_row_inner]<\/div><\/div><\/div><div class=\"mpc-modal-waypoint mpc-waypoint\" data-id=\"mpc-modal-41352-0\"><\/div>[\/vc_column][\/vc_row]\n<\/div>","protected":false},"excerpt":{"rendered":"<p>[vc_section el_id=\u00bbpageHero\u00bb css=\u00bb.vc_custom_1581874642090{background-image: url(https:\/\/regstaging.wpengine.com\/wp-content\/uploads\/2020\/02\/supplement-hero-1-scaled.jpg?id=41225) !important;background-position: center !important;background-repeat: no-repeat !important;background-size: cover !important;}\u00bb el_class=\u00bbpage-solutions\u00bb][vc_row el_class=\u00bbpage-marquee\u00bb][vc_column][vc_column_text el_class=\u00bbhalf-width\u00bb] Suplementos Alimenticios Registro con la administraci\u00f3n de alimentos y medicamentos de los estados unidos (FDA) [\/vc_column_text][vc_row_inner el_class=\u00bbrow-content-center\u00bb][vc_column_inner][\/vc_column_inner][\/vc_row_inner][\/vc_column][\/vc_row][vc_row el_class=\u00bbhero-footer\u00bb][vc_column][vc_raw_html]JTNDZGl2JTIwY2xhc3MlM0QlMjJzb2x1dGlvbnMtaGVyby1mb290ZXIlMjIlM0UlMEElM0NzcGFuJTIwY2xhc3MlM0QlMjJ0ZXh0JTIyJTNFJUMyJUJGTm8lMjBlc3QlQzMlQTFzJTIwc2VndXJvJTIwcG9yJTIwZCVDMyVCM25kZSUyMGVtcGV6YXIlM0YlM0MlMkZzcGFuJTNFJTBBJTNDYSUyMGhyZWYlM0QlMjIlMjMlMjIlMjBjbGFzcyUzRCUyMmNoYXQtYnRuJTIwYnRuLWJsdWUtd2hpdGUlMjBidG4tZmxleCUyMiUzRSUwQSUzQ2ltZyUyMHNyYyUzRCUyMiUyRndwLWNvbnRlbnQlMkZ1cGxvYWRzJTJGMjAxOSUyRjEwJTJGQ2hhdF9idWJibGUucG5nJTIyJTIwJTJGJTNFJTBBJTNDc3BhbiUzRUNoYXRlYXIlMjBBaG9yYSUzQyUyRnNwYW4lM0UlMEElM0MlMkZhJTNFJTBBJTNDJTJGZGl2JTNF[\/vc_raw_html][\/vc_column][\/vc_row][\/vc_section][vc_section el_id=\u00bbfeaturedSolutions\u00bb][vc_row el_class=\u00bbside-by-side\u00bb][vc_column width=\u00bb1\/2&#8243; el_class=\u00bbside-left align-right hasImage\u00bb css=\u00bb.vc_custom_1581875118926{background-image: url(https:\/\/regstaging.wpengine.com\/wp-content\/uploads\/2020\/02\/supplement-registration-scaled.jpg?id=41232) !important;background-position: center !important;background-repeat: no-repeat !important;background-size: cover !important;}\u00bb][vc_column_text el_class=\u00bbside-title-block\u00bb] Registro FDA y Listado [\/vc_column_text][\/vc_column][vc_column width=\u00bb1\/2&#8243; el_class=\u00bbside-right<\/p>\n","protected":false},"author":2,"featured_media":403,"parent":0,"menu_order":0,"comment_status":"closed","ping_status":"closed","template":"full-width-page.php","meta":{"content-type":"","om_disable_all_campaigns":false,"inline_featured_image":false,"_genesis_hide_title":false,"_genesis_hide_breadcrumbs":false,"_genesis_hide_singular_image":false,"_genesis_hide_footer_widgets":false,"_genesis_custom_body_class":"","_genesis_custom_post_class":"","_genesis_layout":"","footnotes":""},"class_list":{"0":"post-41352","1":"page","2":"type-page","3":"status-publish","4":"has-post-thumbnail","6":"entry"},"yoast_head":"<!-- This site is optimized with the Yoast SEO Premium plugin v20.9 (Yoast SEO v25.5) - https:\/\/yoast.com\/wordpress\/plugins\/seo\/ -->\n<title>Suplementos Alimenticios - Registrar<\/title>\n<meta name=\"robots\" content=\"noindex, follow, max-snippet:-1, max-image-preview:large, max-video-preview:-1\" \/>\n<meta property=\"og:locale\" content=\"es_ES\" \/>\n<meta property=\"og:type\" content=\"article\" \/>\n<meta property=\"og:title\" content=\"Suplementos Alimenticios\" \/>\n<meta property=\"og:description\" content=\"[vc_section el_id=\u00bbpageHero\u00bb css=\u00bb.vc_custom_1581874642090{background-image: url(https:\/\/regstaging.wpengine.com\/wp-content\/uploads\/2020\/02\/supplement-hero-1-scaled.jpg?id=41225) !important;background-position: center !important;background-repeat: no-repeat !important;background-size: cover !important;}\u00bb el_class=\u00bbpage-solutions\u00bb][vc_row el_class=\u00bbpage-marquee\u00bb][vc_column][vc_column_text el_class=\u00bbhalf-width\u00bb] Suplementos Alimenticios Registro con la administraci\u00f3n de alimentos y medicamentos de los estados unidos (FDA) [\/vc_column_text][vc_row_inner el_class=\u00bbrow-content-center\u00bb][vc_column_inner][\/vc_column_inner][\/vc_row_inner][\/vc_column][\/vc_row][vc_row el_class=\u00bbhero-footer\u00bb][vc_column][vc_raw_html]JTNDZGl2JTIwY2xhc3MlM0QlMjJzb2x1dGlvbnMtaGVyby1mb290ZXIlMjIlM0UlMEElM0NzcGFuJTIwY2xhc3MlM0QlMjJ0ZXh0JTIyJTNFJUMyJUJGTm8lMjBlc3QlQzMlQTFzJTIwc2VndXJvJTIwcG9yJTIwZCVDMyVCM25kZSUyMGVtcGV6YXIlM0YlM0MlMkZzcGFuJTNFJTBBJTNDYSUyMGhyZWYlM0QlMjIlMjMlMjIlMjBjbGFzcyUzRCUyMmNoYXQtYnRuJTIwYnRuLWJsdWUtd2hpdGUlMjBidG4tZmxleCUyMiUzRSUwQSUzQ2ltZyUyMHNyYyUzRCUyMiUyRndwLWNvbnRlbnQlMkZ1cGxvYWRzJTJGMjAxOSUyRjEwJTJGQ2hhdF9idWJibGUucG5nJTIyJTIwJTJGJTNFJTBBJTNDc3BhbiUzRUNoYXRlYXIlMjBBaG9yYSUzQyUyRnNwYW4lM0UlMEElM0MlMkZhJTNFJTBBJTNDJTJGZGl2JTNF[\/vc_raw_html][\/vc_column][\/vc_row][\/vc_section][vc_section el_id=\u00bbfeaturedSolutions\u00bb][vc_row el_class=\u00bbside-by-side\u00bb][vc_column width=\u00bb1\/2&#8243; el_class=\u00bbside-left align-right hasImage\u00bb css=\u00bb.vc_custom_1581875118926{background-image: url(https:\/\/regstaging.wpengine.com\/wp-content\/uploads\/2020\/02\/supplement-registration-scaled.jpg?id=41232) !important;background-position: center !important;background-repeat: no-repeat !important;background-size: cover !important;}\u00bb][vc_column_text el_class=\u00bbside-title-block\u00bb] Registro FDA y Listado [\/vc_column_text][\/vc_column][vc_column width=\u00bb1\/2&#8243; el_class=\u00bbside-right\" \/>\n<meta property=\"og:url\" content=\"https:\/\/legacy.registrarcorp.com\/es\/fda-supplements\/\" \/>\n<meta property=\"og:site_name\" content=\"Registrar\" \/>\n<meta property=\"article:modified_time\" content=\"2020-07-07T15:54:21+00:00\" \/>\n<meta property=\"og:image\" content=\"https:\/\/legacy.registrarcorp.com\/wp-content\/uploads\/2019\/08\/press_release.jpg\" \/>\n\t<meta property=\"og:image:width\" content=\"1650\" \/>\n\t<meta property=\"og:image:height\" content=\"500\" \/>\n\t<meta property=\"og:image:type\" content=\"image\/jpeg\" \/>\n<meta name=\"twitter:card\" content=\"summary_large_image\" \/>\n<meta name=\"twitter:label1\" content=\"Tiempo de lectura\" \/>\n\t<meta name=\"twitter:data1\" content=\"6 minutos\" \/>\n<script type=\"application\/ld+json\" class=\"yoast-schema-graph\">{\"@context\":\"https:\/\/schema.org\",\"@graph\":[{\"@type\":\"WebPage\",\"@id\":\"https:\/\/legacy.registrarcorp.com\/es\/fda-supplements\/\",\"url\":\"https:\/\/legacy.registrarcorp.com\/es\/fda-supplements\/\",\"name\":\"Suplementos Alimenticios - Registrar\",\"isPartOf\":{\"@id\":\"https:\/\/legacy.registrarcorp.com\/es\/#website\"},\"primaryImageOfPage\":{\"@id\":\"https:\/\/legacy.registrarcorp.com\/es\/fda-supplements\/#primaryimage\"},\"image\":{\"@id\":\"https:\/\/legacy.registrarcorp.com\/es\/fda-supplements\/#primaryimage\"},\"thumbnailUrl\":\"https:\/\/legacy.registrarcorp.com\/wp-content\/uploads\/2019\/08\/press_release.jpg\",\"datePublished\":\"2018-12-17T20:14:42+00:00\",\"dateModified\":\"2020-07-07T15:54:21+00:00\",\"breadcrumb\":{\"@id\":\"https:\/\/legacy.registrarcorp.com\/es\/fda-supplements\/#breadcrumb\"},\"inLanguage\":\"es\",\"potentialAction\":[{\"@type\":\"ReadAction\",\"target\":[\"https:\/\/legacy.registrarcorp.com\/es\/fda-supplements\/\"]}]},{\"@type\":\"ImageObject\",\"inLanguage\":\"es\",\"@id\":\"https:\/\/legacy.registrarcorp.com\/es\/fda-supplements\/#primaryimage\",\"url\":\"https:\/\/legacy.registrarcorp.com\/wp-content\/uploads\/2019\/08\/press_release.jpg\",\"contentUrl\":\"https:\/\/legacy.registrarcorp.com\/wp-content\/uploads\/2019\/08\/press_release.jpg\",\"width\":1650,\"height\":500},{\"@type\":\"BreadcrumbList\",\"@id\":\"https:\/\/legacy.registrarcorp.com\/es\/fda-supplements\/#breadcrumb\",\"itemListElement\":[{\"@type\":\"ListItem\",\"position\":1,\"name\":\"Home\",\"item\":\"https:\/\/legacy.registrarcorp.com\/es\/\"},{\"@type\":\"ListItem\",\"position\":2,\"name\":\"Suplementos Alimenticios\"}]},{\"@type\":\"WebSite\",\"@id\":\"https:\/\/legacy.registrarcorp.com\/es\/#website\",\"url\":\"https:\/\/legacy.registrarcorp.com\/es\/\",\"name\":\"Registrar\",\"description\":\"Assistance with U.S. FDA Regulations\",\"publisher\":{\"@id\":\"https:\/\/legacy.registrarcorp.com\/es\/#organization\"},\"potentialAction\":[{\"@type\":\"SearchAction\",\"target\":{\"@type\":\"EntryPoint\",\"urlTemplate\":\"https:\/\/legacy.registrarcorp.com\/es\/?s={search_term_string}\"},\"query-input\":{\"@type\":\"PropertyValueSpecification\",\"valueRequired\":true,\"valueName\":\"search_term_string\"}}],\"inLanguage\":\"es\"},{\"@type\":\"Organization\",\"@id\":\"https:\/\/legacy.registrarcorp.com\/es\/#organization\",\"name\":\"Registrar Corp\",\"url\":\"https:\/\/legacy.registrarcorp.com\/es\/\",\"logo\":{\"@type\":\"ImageObject\",\"inLanguage\":\"es\",\"@id\":\"https:\/\/legacy.registrarcorp.com\/es\/#\/schema\/logo\/image\/\",\"url\":\"https:\/\/legacy.registrarcorp.com\/wp-content\/uploads\/2019\/12\/regcorp_logo.png\",\"contentUrl\":\"https:\/\/legacy.registrarcorp.com\/wp-content\/uploads\/2019\/12\/regcorp_logo.png\",\"width\":1326,\"height\":330,\"caption\":\"Registrar Corp\"},\"image\":{\"@id\":\"https:\/\/legacy.registrarcorp.com\/es\/#\/schema\/logo\/image\/\"}}]}<\/script>\n<!-- \/ Yoast SEO Premium plugin. -->","yoast_head_json":{"title":"Suplementos Alimenticios - Registrar","robots":{"index":"noindex","follow":"follow","max-snippet":"max-snippet:-1","max-image-preview":"max-image-preview:large","max-video-preview":"max-video-preview:-1"},"og_locale":"es_ES","og_type":"article","og_title":"Suplementos Alimenticios","og_description":"[vc_section el_id=\u00bbpageHero\u00bb css=\u00bb.vc_custom_1581874642090{background-image: url(https:\/\/regstaging.wpengine.com\/wp-content\/uploads\/2020\/02\/supplement-hero-1-scaled.jpg?id=41225) !important;background-position: center !important;background-repeat: no-repeat !important;background-size: cover !important;}\u00bb el_class=\u00bbpage-solutions\u00bb][vc_row el_class=\u00bbpage-marquee\u00bb][vc_column][vc_column_text el_class=\u00bbhalf-width\u00bb] Suplementos Alimenticios Registro con la administraci\u00f3n de alimentos y medicamentos de los estados unidos (FDA) [\/vc_column_text][vc_row_inner el_class=\u00bbrow-content-center\u00bb][vc_column_inner][\/vc_column_inner][\/vc_row_inner][\/vc_column][\/vc_row][vc_row el_class=\u00bbhero-footer\u00bb][vc_column][vc_raw_html]JTNDZGl2JTIwY2xhc3MlM0QlMjJzb2x1dGlvbnMtaGVyby1mb290ZXIlMjIlM0UlMEElM0NzcGFuJTIwY2xhc3MlM0QlMjJ0ZXh0JTIyJTNFJUMyJUJGTm8lMjBlc3QlQzMlQTFzJTIwc2VndXJvJTIwcG9yJTIwZCVDMyVCM25kZSUyMGVtcGV6YXIlM0YlM0MlMkZzcGFuJTNFJTBBJTNDYSUyMGhyZWYlM0QlMjIlMjMlMjIlMjBjbGFzcyUzRCUyMmNoYXQtYnRuJTIwYnRuLWJsdWUtd2hpdGUlMjBidG4tZmxleCUyMiUzRSUwQSUzQ2ltZyUyMHNyYyUzRCUyMiUyRndwLWNvbnRlbnQlMkZ1cGxvYWRzJTJGMjAxOSUyRjEwJTJGQ2hhdF9idWJibGUucG5nJTIyJTIwJTJGJTNFJTBBJTNDc3BhbiUzRUNoYXRlYXIlMjBBaG9yYSUzQyUyRnNwYW4lM0UlMEElM0MlMkZhJTNFJTBBJTNDJTJGZGl2JTNF[\/vc_raw_html][\/vc_column][\/vc_row][\/vc_section][vc_section el_id=\u00bbfeaturedSolutions\u00bb][vc_row el_class=\u00bbside-by-side\u00bb][vc_column width=\u00bb1\/2&#8243; el_class=\u00bbside-left align-right hasImage\u00bb css=\u00bb.vc_custom_1581875118926{background-image: url(https:\/\/regstaging.wpengine.com\/wp-content\/uploads\/2020\/02\/supplement-registration-scaled.jpg?id=41232) !important;background-position: center !important;background-repeat: no-repeat !important;background-size: cover !important;}\u00bb][vc_column_text el_class=\u00bbside-title-block\u00bb] Registro FDA y Listado [\/vc_column_text][\/vc_column][vc_column width=\u00bb1\/2&#8243; el_class=\u00bbside-right","og_url":"https:\/\/legacy.registrarcorp.com\/es\/fda-supplements\/","og_site_name":"Registrar","article_modified_time":"2020-07-07T15:54:21+00:00","og_image":[{"width":1650,"height":500,"url":"https:\/\/legacy.registrarcorp.com\/wp-content\/uploads\/2019\/08\/press_release.jpg","type":"image\/jpeg"}],"twitter_card":"summary_large_image","twitter_misc":{"Tiempo de lectura":"6 minutos"},"schema":{"@context":"https:\/\/schema.org","@graph":[{"@type":"WebPage","@id":"https:\/\/legacy.registrarcorp.com\/es\/fda-supplements\/","url":"https:\/\/legacy.registrarcorp.com\/es\/fda-supplements\/","name":"Suplementos Alimenticios - Registrar","isPartOf":{"@id":"https:\/\/legacy.registrarcorp.com\/es\/#website"},"primaryImageOfPage":{"@id":"https:\/\/legacy.registrarcorp.com\/es\/fda-supplements\/#primaryimage"},"image":{"@id":"https:\/\/legacy.registrarcorp.com\/es\/fda-supplements\/#primaryimage"},"thumbnailUrl":"https:\/\/legacy.registrarcorp.com\/wp-content\/uploads\/2019\/08\/press_release.jpg","datePublished":"2018-12-17T20:14:42+00:00","dateModified":"2020-07-07T15:54:21+00:00","breadcrumb":{"@id":"https:\/\/legacy.registrarcorp.com\/es\/fda-supplements\/#breadcrumb"},"inLanguage":"es","potentialAction":[{"@type":"ReadAction","target":["https:\/\/legacy.registrarcorp.com\/es\/fda-supplements\/"]}]},{"@type":"ImageObject","inLanguage":"es","@id":"https:\/\/legacy.registrarcorp.com\/es\/fda-supplements\/#primaryimage","url":"https:\/\/legacy.registrarcorp.com\/wp-content\/uploads\/2019\/08\/press_release.jpg","contentUrl":"https:\/\/legacy.registrarcorp.com\/wp-content\/uploads\/2019\/08\/press_release.jpg","width":1650,"height":500},{"@type":"BreadcrumbList","@id":"https:\/\/legacy.registrarcorp.com\/es\/fda-supplements\/#breadcrumb","itemListElement":[{"@type":"ListItem","position":1,"name":"Home","item":"https:\/\/legacy.registrarcorp.com\/es\/"},{"@type":"ListItem","position":2,"name":"Suplementos Alimenticios"}]},{"@type":"WebSite","@id":"https:\/\/legacy.registrarcorp.com\/es\/#website","url":"https:\/\/legacy.registrarcorp.com\/es\/","name":"Registrar","description":"Assistance with U.S. FDA Regulations","publisher":{"@id":"https:\/\/legacy.registrarcorp.com\/es\/#organization"},"potentialAction":[{"@type":"SearchAction","target":{"@type":"EntryPoint","urlTemplate":"https:\/\/legacy.registrarcorp.com\/es\/?s={search_term_string}"},"query-input":{"@type":"PropertyValueSpecification","valueRequired":true,"valueName":"search_term_string"}}],"inLanguage":"es"},{"@type":"Organization","@id":"https:\/\/legacy.registrarcorp.com\/es\/#organization","name":"Registrar Corp","url":"https:\/\/legacy.registrarcorp.com\/es\/","logo":{"@type":"ImageObject","inLanguage":"es","@id":"https:\/\/legacy.registrarcorp.com\/es\/#\/schema\/logo\/image\/","url":"https:\/\/legacy.registrarcorp.com\/wp-content\/uploads\/2019\/12\/regcorp_logo.png","contentUrl":"https:\/\/legacy.registrarcorp.com\/wp-content\/uploads\/2019\/12\/regcorp_logo.png","width":1326,"height":330,"caption":"Registrar Corp"},"image":{"@id":"https:\/\/legacy.registrarcorp.com\/es\/#\/schema\/logo\/image\/"}}]}},"_links":{"self":[{"href":"https:\/\/legacy.registrarcorp.com\/es\/wp-json\/wp\/v2\/pages\/41352","targetHints":{"allow":["GET"]}}],"collection":[{"href":"https:\/\/legacy.registrarcorp.com\/es\/wp-json\/wp\/v2\/pages"}],"about":[{"href":"https:\/\/legacy.registrarcorp.com\/es\/wp-json\/wp\/v2\/types\/page"}],"author":[{"embeddable":true,"href":"https:\/\/legacy.registrarcorp.com\/es\/wp-json\/wp\/v2\/users\/2"}],"replies":[{"embeddable":true,"href":"https:\/\/legacy.registrarcorp.com\/es\/wp-json\/wp\/v2\/comments?post=41352"}],"version-history":[{"count":0,"href":"https:\/\/legacy.registrarcorp.com\/es\/wp-json\/wp\/v2\/pages\/41352\/revisions"}],"wp:featuredmedia":[{"embeddable":true,"href":"https:\/\/legacy.registrarcorp.com\/es\/wp-json\/wp\/v2\/media\/403"}],"wp:attachment":[{"href":"https:\/\/legacy.registrarcorp.com\/es\/wp-json\/wp\/v2\/media?parent=41352"}],"curies":[{"name":"wp","href":"https:\/\/api.w.org\/{rel}","templated":true}]}}