{"id":41049,"date":"2019-12-14T18:53:16","date_gmt":"2019-12-14T18:53:16","guid":{"rendered":"https:\/\/regstaging.wpengine.com\/fda-facility-registration\/"},"modified":"2022-01-17T08:50:16","modified_gmt":"2022-01-17T13:50:16","slug":"fda-facility-registration","status":"publish","type":"page","link":"https:\/\/legacy.registrarcorp.com\/es\/fda-facility-registration\/","title":{"rendered":"Registrar con la FDA"},"content":{"rendered":"<div class=\"wpb-content-wrapper\">[vc_section el_id=\u00bbdeadlineBar\u00bb el_class=\u00bbhidden\u00bb css=\u00bb.vc_custom_1585941458121{background-color: #f18805 !important;}\u00bb][vc_row el_id=\u00bbmedDevCallout\u00bb el_class=\u00bbform-callout hidden\u00bb][vc_column][vc_row_inner][vc_column_inner][vc_column_text]\n<h3><strong>Enforcement Discretion:<\/strong> FDA issued revised requirements for high risk COVID-19 Devices.<\/h3>\n<p><a class=\"btn-transparent-white\" href=\"\/covid-19\" target=\"_blank\" rel=\"noopener noreferrer\">Learn More<\/a>[\/vc_column_text][\/vc_column_inner][\/vc_row_inner][\/vc_column][\/vc_row][vc_row el_id=\u00bbfoodExtensionCallout\u00bb el_class=\u00bbhidden form-callout\u00bb][vc_column][vc_row_inner][vc_column_inner][vc_column_text]\n<h3><strong>Oferta de Tiempo Limitado:<\/strong>\u00a0Obtenga <strong class=\"monthDifference\">18 meses<\/strong> de registro y servicio de agente de EE. UU. <strong>Por el precio de 12<\/strong> cuando se registre hoy.<\/h3>\n[\/vc_column_text][\/vc_column_inner][\/vc_row_inner][\/vc_column][\/vc_row][\/vc_section][vc_row][vc_column][vc_column_text]\n[\/vc_column_text][\/vc_column][\/vc_row][vc_section el_id=\u00bbsection-app\u00bb][vc_row el_class=\u00bbtile-box\u00bb][vc_column][vc_column_text]\n<h2 class=\"page-header\">Registrar con la FDA<\/h2>\n<p class=\"page-text\">Registrar Corp ayuda a compa\u00f1\u00edas a cumplir con las regulaciones de la U.S. Food and Drug Administration (FDA) r\u00e1pidamente\u00a0y apropiadamente.<\/p>\n[\/vc_column_text][vc_raw_html]JTNDZGl2JTIwY2xhc3MlM0QlMjJwcm9ncmVzcy1jb250YWluZXIlMjBoaWRkZW4lMjIlM0UlM0NkaXYlMjBjbGFzcyUzRCUyMnByb2dyZXNzLWJhciUyMiUzRSUzQyUyRmRpdiUzRSUzQyUyRmRpdiUzRQ==[\/vc_raw_html][vc_raw_html]JTVCZ3Jhdml0eWZvcm0lMjBpZCUzRCUyMjglMjIlMjB0aXRsZSUzRCUyMmZhbHNlJTIyJTIwZGVzY3JpcHRpb24lM0QlMjJmYWxzZSUyMiUyMGFqYXglM0QlMjJ0cnVlJTIyJTIwZmllbGRfdmFsdWVzJTNEJTIyZm9ybXR5cGUlM0RnZW5lcmFsUmVnJTIyJTVEJTBBJTNDc2NyaXB0JTIwc3JjJTNEJTIyJTJGd3AtY29udGVudCUyRnRoZW1lcyUyRmdlbmVzaXMtc2FtcGxlJTJGamF2YXNjcmlwdHMlMkZjb3VudHJ5U3RhdGVEYXRhLmpzJTIyJTNFJTNDJTJGc2NyaXB0JTNFJTBBJTNDc2NyaXB0JTIwc3JjJTNEJTIyJTJGd3AtY29udGVudCUyRnRoZW1lcyUyRmdlbmVzaXMtc2FtcGxlJTJGamF2YXNjcmlwdHMlMkZjb3JwRGVzaWduYXRpb25EYXRhLmpzJTIyJTNFJTNDJTJGc2NyaXB0JTNFJTBBJTNDc2NyaXB0JTIwc3JjJTNEJTIyJTJGd3AtY29udGVudCUyRnRoZW1lcyUyRmdlbmVzaXMtc2FtcGxlJTJGamF2YXNjcmlwdHMlMkZhZ3JlZW1lbnRzLmpzJTIyJTNFJTNDJTJGc2NyaXB0JTNFJTBBJTNDc2NyaXB0JTIwc3JjJTNEJTIyJTJGd3AtY29udGVudCUyRnRoZW1lcyUyRmdlbmVzaXMtc2FtcGxlJTJGamF2YXNjcmlwdHMlMkZmZGFyZWcuanMlM0Z2JTNEMS4wLjMlMjIlM0UlM0MlMkZzY3JpcHQlM0UlMEElM0NhJTIwY2xhc3MlM0QlMjJoaWRkZW4lMjIlMjBpZCUzRCUyMmFncmVlbWVudC1idXR0b24lMjIlMjBocmVmJTNEJTIyJTIzYWdyZWVtZW50LW1vZGFsJTIyJTNFJTNDJTJGYSUzRSUwQSUzQ2ElMjBjbGFzcyUzRCUyMmhpZGRlbiUyMiUyMGlkJTNEJTIydmFsdWUtYnV0dG9uJTIyJTIwaHJlZiUzRCUyMiUyM3ZhbHVlLW1vZGFsJTIyJTNFJTNDJTJGYSUzRSUwQQ==[\/vc_raw_html]<div id=\"mpc-modal-41049-0\" class=\"mpc-modal-overlay\" data-id=\"mpc_modal-5269d394bfd0c2c\" data-position=\"middle-center\" data-frequency=\"onclick\" data-target-id=\"value-modal\"><div class=\"mpc-modal mpc-init \"><div class=\"mpc-modal__close\"><div data-id=\"mpc_icon-3769d394bfd0c81\" class=\"mpc-icon mpc-init mpc-transition mpc-effect-none mpc-icon-hover \"><div class=\"mpc-icon-wrap\"><i class=\"mpc-icon-part mpc-regular mpc-transition  fa fa-close\"><\/i><i class=\"mpc-icon-part mpc-hover mpc-transition  fa fa-close\"><\/i><\/div><\/div><\/div><div class=\"mpc-modal__content\">[vc_row_inner][vc_column_inner][vc_raw_html]JTNDZGl2JTIwaWQlM0QlMjJ2YWx1ZS1zdW1tYXJ5JTIyJTNFJTNDJTJGZGl2JTNF[\/vc_raw_html][\/vc_column_inner][\/vc_row_inner]<\/div><\/div><\/div><div class=\"mpc-modal-waypoint mpc-waypoint\" data-id=\"mpc-modal-41049-0\"><\/div><div id=\"mpc-modal-41049-1\" class=\"mpc-modal-overlay\" data-id=\"mpc_modal-869d394bfd0d7c\" data-position=\"middle-center\" data-frequency=\"onclick\" data-target-id=\"agreement-modal\"><div class=\"mpc-modal mpc-init \"><div class=\"mpc-modal__close\"><div data-id=\"mpc_icon-1069d394bfd0da6\" class=\"mpc-icon mpc-init mpc-transition mpc-effect-none mpc-icon-hover \"><div class=\"mpc-icon-wrap\"><i class=\"mpc-icon-part mpc-regular mpc-transition  fa fa-close\"><\/i><i class=\"mpc-icon-part mpc-hover mpc-transition  fa fa-close\"><\/i><\/div><\/div><\/div><div class=\"mpc-modal__content\">[vc_row_inner][vc_column_inner][vc_raw_html]JTNDZGl2JTIwaWQlM0QlMjJhZ3JlZW1lbnQlMjIlM0UlM0MlMkZkaXYlM0U=[\/vc_raw_html][\/vc_column_inner][\/vc_row_inner]<\/div><\/div><\/div><div class=\"mpc-modal-waypoint mpc-waypoint\" data-id=\"mpc-modal-41049-1\"><\/div>[\/vc_column][\/vc_row][\/vc_section][vc_row][vc_column][vc_raw_js]JTNDc2NyaXB0JTNFJTIwalF1ZXJ5JTI4ZG9jdW1lbnQlMjkub24lMjglMjdnZm9ybV9wb3N0X3JlbmRlciUyNyUyQ2Z1bmN0aW9uJTI4JTI5JTdCJTBBJTIwJTIwJTIwJTIwdmFyJTIwZmxvdyUyMCUzRCUyMGpRdWVyeSUyOCUyNy5mbG93X3R5cGUlMjBpbnB1dCUzQWNoZWNrZWQlMjclMjkudmFsJTI4JTI5JTNCJTBBJTIwJTIwJTIwJTIwalF1ZXJ5JTI4JTI3JTIzZGVhZGxpbmVCYXIlMkMlMjAlMjNkZWFkbGluZUJhciUyMC5mb3JtLWNhbGxvdXQlMjclMjkuYWRkQ2xhc3MlMjglMjdoaWRkZW4lMjclMjklM0IlMEElMjAlMjAlMjAlMjAlMkYlMkFpZiUyOGZsb3clMjAlM0QlM0QlM0QlMjAlMjJtZWRpY2FsX2RldmljZSUyMiUyOSU3QiUyMCUwQWpRdWVyeSUyOCUyNyUyM2RlYWRsaW5lQmFyJTJDJTIwJTIzbWVkRGV2Q2FsbG91dCUyNyUyOS5yZW1vdmVDbGFzcyUyOCUyN2hpZGRlbiUyNyUyOSUzQiUyMCUwQSUyMCUyMCUyMCUyMCU3RCUyMGVsc2UlMjBpZiUyOGZsb3clMjAlM0QlM0QlM0QlMjAlMjJmb29kJTIyJTI5JTdCJTJBJTJGJTBBJTIwJTIwJTIwJTIwJTIwJTIwJTIwJTIwaWYlMjhnbG9iYWxEYXRhLmdldEN1cnJlbnREYXRlQW5kVGltZSUyOCUyOS5nZXRGdWxsWWVhciUyOCUyOSUyMCUzQyUyMGdsb2JhbERhdGEuZ2V0UmVuZXdhbFN0YXR1cyUyOCUyOS5zZXJ2aWNlWWVhciUyOSU3QiUwQSUyMCUyMCUyMCUyMCUyMCUyMCUyMCUyMGpRdWVyeSUyOCUyNyUyM2RlYWRsaW5lQmFyJTIwLm1vbnRoRGlmZmVyZW5jZSUyNyUyOS50ZXh0JTI4JTI4bmV3JTIwRGF0ZSUyOGdsb2JhbERhdGEuZ2V0UmVuZXdhbFN0YXR1cyUyOCUyOS5zZXJ2aWNlWWVhci0xJTJDMTElMkMzMSUyOS5nZXRNb250aCUyOCUyOSUyMCUyQiUyMDElMjklMjAtJTIwJTI4Z2xvYmFsRGF0YS5nZXRDdXJyZW50RGF0ZUFuZFRpbWUlMjglMjkuZ2V0TW9udGglMjglMjklMjklMjAlMkIlMjAxMiUyMCUyQiUyMCUyNyUyMG1lc2VzJTI3JTI5JTBBJTIwJTIwJTIwJTIwJTIwJTIwJTIwJTIwalF1ZXJ5JTI4JTI3JTIzZGVhZGxpbmVCYXIlMkMlMjAlMjNmb29kRXh0ZW5zaW9uQ2FsbG91dCUyNyUyOS5yZW1vdmVDbGFzcyUyOCUyN2hpZGRlbiUyNyUyOSUzQiUyMCUwQSUyMCUyMCUyMCUyMCUyMCUyMCUyMCUyMCU3RCUwQSUyMCUyMCUyMCUyMCUyRiUyQSU3RCUyQSUyRiUwQSU3RCUyOSUzQiUyMCUwQSUzQyUyRnNjcmlwdCUzRQ==[\/vc_raw_js][\/vc_column][\/vc_row]\n<\/div>","protected":false},"excerpt":{"rendered":"<p>[vc_section el_id=\u00bbdeadlineBar\u00bb el_class=\u00bbhidden\u00bb css=\u00bb.vc_custom_1585941458121{background-color: #f18805 !important;}\u00bb][vc_row el_id=\u00bbmedDevCallout\u00bb el_class=\u00bbform-callout hidden\u00bb][vc_column][vc_row_inner][vc_column_inner][vc_column_text] Enforcement Discretion: FDA issued revised requirements for high risk COVID-19 Devices. Learn More[\/vc_column_text][\/vc_column_inner][\/vc_row_inner][\/vc_column][\/vc_row][vc_row el_id=\u00bbfoodExtensionCallout\u00bb el_class=\u00bbhidden form-callout\u00bb][vc_column][vc_row_inner][vc_column_inner][vc_column_text] Oferta de Tiempo Limitado:\u00a0Obtenga 18 meses de registro y servicio de agente de EE. UU. Por el precio de 12 cuando se registre hoy. [\/vc_column_text][\/vc_column_inner][\/vc_row_inner][\/vc_column][\/vc_row][\/vc_section][vc_row][vc_column][vc_column_text] [\/vc_column_text][\/vc_column][\/vc_row][vc_section el_id=\u00bbsection-app\u00bb][vc_row el_class=\u00bbtile-box\u00bb][vc_column][vc_column_text] Registrar con<\/p>\n","protected":false},"author":30,"featured_media":403,"parent":0,"menu_order":0,"comment_status":"closed","ping_status":"closed","template":"full-width-page.php","meta":{"content-type":"","om_disable_all_campaigns":false,"inline_featured_image":false,"_genesis_hide_title":false,"_genesis_hide_breadcrumbs":false,"_genesis_hide_singular_image":false,"_genesis_hide_footer_widgets":false,"_genesis_custom_body_class":"fda-registration-page","_genesis_custom_post_class":"","_genesis_layout":"","footnotes":""},"class_list":{"0":"post-41049","1":"page","2":"type-page","3":"status-publish","4":"has-post-thumbnail","6":"entry"},"yoast_head":"<!-- This site is optimized with the Yoast SEO Premium plugin v20.9 (Yoast SEO v25.5) - https:\/\/yoast.com\/wordpress\/plugins\/seo\/ -->\n<title>Registrar con la FDA - Registrar<\/title>\n<meta name=\"robots\" content=\"noindex, follow, max-snippet:-1, max-image-preview:large, max-video-preview:-1\" \/>\n<meta property=\"og:locale\" content=\"es_ES\" \/>\n<meta property=\"og:type\" content=\"article\" \/>\n<meta property=\"og:title\" content=\"Registrar con la FDA\" \/>\n<meta property=\"og:description\" content=\"[vc_section el_id=\u00bbdeadlineBar\u00bb el_class=\u00bbhidden\u00bb css=\u00bb.vc_custom_1585941458121{background-color: #f18805 !important;}\u00bb][vc_row el_id=\u00bbmedDevCallout\u00bb el_class=\u00bbform-callout hidden\u00bb][vc_column][vc_row_inner][vc_column_inner][vc_column_text] Enforcement Discretion: FDA issued revised requirements for high risk COVID-19 Devices. Learn More[\/vc_column_text][\/vc_column_inner][\/vc_row_inner][\/vc_column][\/vc_row][vc_row el_id=\u00bbfoodExtensionCallout\u00bb el_class=\u00bbhidden form-callout\u00bb][vc_column][vc_row_inner][vc_column_inner][vc_column_text] Oferta de Tiempo Limitado:\u00a0Obtenga 18 meses de registro y servicio de agente de EE. UU. Por el precio de 12 cuando se registre hoy. [\/vc_column_text][\/vc_column_inner][\/vc_row_inner][\/vc_column][\/vc_row][\/vc_section][vc_row][vc_column][vc_column_text] [\/vc_column_text][\/vc_column][\/vc_row][vc_section el_id=\u00bbsection-app\u00bb][vc_row el_class=\u00bbtile-box\u00bb][vc_column][vc_column_text] Registrar con\" \/>\n<meta property=\"og:url\" content=\"https:\/\/legacy.registrarcorp.com\/es\/fda-facility-registration\/\" \/>\n<meta property=\"og:site_name\" content=\"Registrar\" \/>\n<meta property=\"article:modified_time\" content=\"2022-01-17T13:50:16+00:00\" \/>\n<meta property=\"og:image\" content=\"https:\/\/legacy.registrarcorp.com\/wp-content\/uploads\/2019\/08\/press_release.jpg\" \/>\n\t<meta property=\"og:image:width\" content=\"1650\" \/>\n\t<meta property=\"og:image:height\" content=\"500\" \/>\n\t<meta property=\"og:image:type\" content=\"image\/jpeg\" \/>\n<meta name=\"twitter:card\" content=\"summary_large_image\" \/>\n<meta name=\"twitter:label1\" content=\"Tiempo de lectura\" \/>\n\t<meta name=\"twitter:data1\" content=\"3 minutos\" \/>\n<script type=\"application\/ld+json\" class=\"yoast-schema-graph\">{\"@context\":\"https:\/\/schema.org\",\"@graph\":[{\"@type\":\"WebPage\",\"@id\":\"https:\/\/legacy.registrarcorp.com\/es\/fda-facility-registration\/\",\"url\":\"https:\/\/legacy.registrarcorp.com\/es\/fda-facility-registration\/\",\"name\":\"Registrar con la FDA - Registrar\",\"isPartOf\":{\"@id\":\"https:\/\/legacy.registrarcorp.com\/es\/#website\"},\"primaryImageOfPage\":{\"@id\":\"https:\/\/legacy.registrarcorp.com\/es\/fda-facility-registration\/#primaryimage\"},\"image\":{\"@id\":\"https:\/\/legacy.registrarcorp.com\/es\/fda-facility-registration\/#primaryimage\"},\"thumbnailUrl\":\"https:\/\/legacy.registrarcorp.com\/wp-content\/uploads\/2019\/08\/press_release.jpg\",\"datePublished\":\"2019-12-14T18:53:16+00:00\",\"dateModified\":\"2022-01-17T13:50:16+00:00\",\"breadcrumb\":{\"@id\":\"https:\/\/legacy.registrarcorp.com\/es\/fda-facility-registration\/#breadcrumb\"},\"inLanguage\":\"es\",\"potentialAction\":[{\"@type\":\"ReadAction\",\"target\":[\"https:\/\/legacy.registrarcorp.com\/es\/fda-facility-registration\/\"]}]},{\"@type\":\"ImageObject\",\"inLanguage\":\"es\",\"@id\":\"https:\/\/legacy.registrarcorp.com\/es\/fda-facility-registration\/#primaryimage\",\"url\":\"https:\/\/legacy.registrarcorp.com\/wp-content\/uploads\/2019\/08\/press_release.jpg\",\"contentUrl\":\"https:\/\/legacy.registrarcorp.com\/wp-content\/uploads\/2019\/08\/press_release.jpg\",\"width\":1650,\"height\":500},{\"@type\":\"BreadcrumbList\",\"@id\":\"https:\/\/legacy.registrarcorp.com\/es\/fda-facility-registration\/#breadcrumb\",\"itemListElement\":[{\"@type\":\"ListItem\",\"position\":1,\"name\":\"Home\",\"item\":\"https:\/\/legacy.registrarcorp.com\/es\/\"},{\"@type\":\"ListItem\",\"position\":2,\"name\":\"Registrar con la FDA\"}]},{\"@type\":\"WebSite\",\"@id\":\"https:\/\/legacy.registrarcorp.com\/es\/#website\",\"url\":\"https:\/\/legacy.registrarcorp.com\/es\/\",\"name\":\"Registrar\",\"description\":\"Assistance with U.S. FDA Regulations\",\"publisher\":{\"@id\":\"https:\/\/legacy.registrarcorp.com\/es\/#organization\"},\"potentialAction\":[{\"@type\":\"SearchAction\",\"target\":{\"@type\":\"EntryPoint\",\"urlTemplate\":\"https:\/\/legacy.registrarcorp.com\/es\/?s={search_term_string}\"},\"query-input\":{\"@type\":\"PropertyValueSpecification\",\"valueRequired\":true,\"valueName\":\"search_term_string\"}}],\"inLanguage\":\"es\"},{\"@type\":\"Organization\",\"@id\":\"https:\/\/legacy.registrarcorp.com\/es\/#organization\",\"name\":\"Registrar Corp\",\"url\":\"https:\/\/legacy.registrarcorp.com\/es\/\",\"logo\":{\"@type\":\"ImageObject\",\"inLanguage\":\"es\",\"@id\":\"https:\/\/legacy.registrarcorp.com\/es\/#\/schema\/logo\/image\/\",\"url\":\"https:\/\/legacy.registrarcorp.com\/wp-content\/uploads\/2019\/12\/regcorp_logo.png\",\"contentUrl\":\"https:\/\/legacy.registrarcorp.com\/wp-content\/uploads\/2019\/12\/regcorp_logo.png\",\"width\":1326,\"height\":330,\"caption\":\"Registrar Corp\"},\"image\":{\"@id\":\"https:\/\/legacy.registrarcorp.com\/es\/#\/schema\/logo\/image\/\"}}]}<\/script>\n<!-- \/ Yoast SEO Premium plugin. -->","yoast_head_json":{"title":"Registrar con la FDA - Registrar","robots":{"index":"noindex","follow":"follow","max-snippet":"max-snippet:-1","max-image-preview":"max-image-preview:large","max-video-preview":"max-video-preview:-1"},"og_locale":"es_ES","og_type":"article","og_title":"Registrar con la FDA","og_description":"[vc_section el_id=\u00bbdeadlineBar\u00bb el_class=\u00bbhidden\u00bb css=\u00bb.vc_custom_1585941458121{background-color: #f18805 !important;}\u00bb][vc_row el_id=\u00bbmedDevCallout\u00bb el_class=\u00bbform-callout hidden\u00bb][vc_column][vc_row_inner][vc_column_inner][vc_column_text] Enforcement Discretion: FDA issued revised requirements for high risk COVID-19 Devices. Learn More[\/vc_column_text][\/vc_column_inner][\/vc_row_inner][\/vc_column][\/vc_row][vc_row el_id=\u00bbfoodExtensionCallout\u00bb el_class=\u00bbhidden form-callout\u00bb][vc_column][vc_row_inner][vc_column_inner][vc_column_text] Oferta de Tiempo Limitado:\u00a0Obtenga 18 meses de registro y servicio de agente de EE. UU. Por el precio de 12 cuando se registre hoy. [\/vc_column_text][\/vc_column_inner][\/vc_row_inner][\/vc_column][\/vc_row][\/vc_section][vc_row][vc_column][vc_column_text] [\/vc_column_text][\/vc_column][\/vc_row][vc_section el_id=\u00bbsection-app\u00bb][vc_row el_class=\u00bbtile-box\u00bb][vc_column][vc_column_text] Registrar con","og_url":"https:\/\/legacy.registrarcorp.com\/es\/fda-facility-registration\/","og_site_name":"Registrar","article_modified_time":"2022-01-17T13:50:16+00:00","og_image":[{"width":1650,"height":500,"url":"https:\/\/legacy.registrarcorp.com\/wp-content\/uploads\/2019\/08\/press_release.jpg","type":"image\/jpeg"}],"twitter_card":"summary_large_image","twitter_misc":{"Tiempo de lectura":"3 minutos"},"schema":{"@context":"https:\/\/schema.org","@graph":[{"@type":"WebPage","@id":"https:\/\/legacy.registrarcorp.com\/es\/fda-facility-registration\/","url":"https:\/\/legacy.registrarcorp.com\/es\/fda-facility-registration\/","name":"Registrar con la FDA - Registrar","isPartOf":{"@id":"https:\/\/legacy.registrarcorp.com\/es\/#website"},"primaryImageOfPage":{"@id":"https:\/\/legacy.registrarcorp.com\/es\/fda-facility-registration\/#primaryimage"},"image":{"@id":"https:\/\/legacy.registrarcorp.com\/es\/fda-facility-registration\/#primaryimage"},"thumbnailUrl":"https:\/\/legacy.registrarcorp.com\/wp-content\/uploads\/2019\/08\/press_release.jpg","datePublished":"2019-12-14T18:53:16+00:00","dateModified":"2022-01-17T13:50:16+00:00","breadcrumb":{"@id":"https:\/\/legacy.registrarcorp.com\/es\/fda-facility-registration\/#breadcrumb"},"inLanguage":"es","potentialAction":[{"@type":"ReadAction","target":["https:\/\/legacy.registrarcorp.com\/es\/fda-facility-registration\/"]}]},{"@type":"ImageObject","inLanguage":"es","@id":"https:\/\/legacy.registrarcorp.com\/es\/fda-facility-registration\/#primaryimage","url":"https:\/\/legacy.registrarcorp.com\/wp-content\/uploads\/2019\/08\/press_release.jpg","contentUrl":"https:\/\/legacy.registrarcorp.com\/wp-content\/uploads\/2019\/08\/press_release.jpg","width":1650,"height":500},{"@type":"BreadcrumbList","@id":"https:\/\/legacy.registrarcorp.com\/es\/fda-facility-registration\/#breadcrumb","itemListElement":[{"@type":"ListItem","position":1,"name":"Home","item":"https:\/\/legacy.registrarcorp.com\/es\/"},{"@type":"ListItem","position":2,"name":"Registrar con la FDA"}]},{"@type":"WebSite","@id":"https:\/\/legacy.registrarcorp.com\/es\/#website","url":"https:\/\/legacy.registrarcorp.com\/es\/","name":"Registrar","description":"Assistance with U.S. FDA Regulations","publisher":{"@id":"https:\/\/legacy.registrarcorp.com\/es\/#organization"},"potentialAction":[{"@type":"SearchAction","target":{"@type":"EntryPoint","urlTemplate":"https:\/\/legacy.registrarcorp.com\/es\/?s={search_term_string}"},"query-input":{"@type":"PropertyValueSpecification","valueRequired":true,"valueName":"search_term_string"}}],"inLanguage":"es"},{"@type":"Organization","@id":"https:\/\/legacy.registrarcorp.com\/es\/#organization","name":"Registrar Corp","url":"https:\/\/legacy.registrarcorp.com\/es\/","logo":{"@type":"ImageObject","inLanguage":"es","@id":"https:\/\/legacy.registrarcorp.com\/es\/#\/schema\/logo\/image\/","url":"https:\/\/legacy.registrarcorp.com\/wp-content\/uploads\/2019\/12\/regcorp_logo.png","contentUrl":"https:\/\/legacy.registrarcorp.com\/wp-content\/uploads\/2019\/12\/regcorp_logo.png","width":1326,"height":330,"caption":"Registrar Corp"},"image":{"@id":"https:\/\/legacy.registrarcorp.com\/es\/#\/schema\/logo\/image\/"}}]}},"_links":{"self":[{"href":"https:\/\/legacy.registrarcorp.com\/es\/wp-json\/wp\/v2\/pages\/41049","targetHints":{"allow":["GET"]}}],"collection":[{"href":"https:\/\/legacy.registrarcorp.com\/es\/wp-json\/wp\/v2\/pages"}],"about":[{"href":"https:\/\/legacy.registrarcorp.com\/es\/wp-json\/wp\/v2\/types\/page"}],"author":[{"embeddable":true,"href":"https:\/\/legacy.registrarcorp.com\/es\/wp-json\/wp\/v2\/users\/30"}],"replies":[{"embeddable":true,"href":"https:\/\/legacy.registrarcorp.com\/es\/wp-json\/wp\/v2\/comments?post=41049"}],"version-history":[{"count":0,"href":"https:\/\/legacy.registrarcorp.com\/es\/wp-json\/wp\/v2\/pages\/41049\/revisions"}],"wp:featuredmedia":[{"embeddable":true,"href":"https:\/\/legacy.registrarcorp.com\/es\/wp-json\/wp\/v2\/media\/403"}],"wp:attachment":[{"href":"https:\/\/legacy.registrarcorp.com\/es\/wp-json\/wp\/v2\/media?parent=41049"}],"curies":[{"name":"wp","href":"https:\/\/api.w.org\/{rel}","templated":true}]}}