{"id":41013,"date":"2020-01-14T15:17:34","date_gmt":"2020-01-14T15:17:34","guid":{"rendered":"https:\/\/regstaging.wpengine.com\/registration-2\/"},"modified":"2021-07-06T09:21:31","modified_gmt":"2021-07-06T13:21:31","slug":"registration","status":"publish","type":"page","link":"https:\/\/legacy.registrarcorp.com\/es\/fda-food\/registration\/","title":{"rendered":"Registro de alimentos ante la FDA"},"content":{"rendered":"<div class=\"wpb-content-wrapper\">[vc_row el_id=\u00bbdeadlineBar\u00bb el_class=\u00bbhidden\u00bb][vc_column]<div id=\"section-49852\" class=\" ss-element gusta-section-vc-element \"><div class=\"section-container\">[vc_section css=\".vc_custom_1625576502073{background-color: #f18805 !important;}\"][vc_row][vc_column][vc_row_inner][vc_column_inner][vc_raw_html]JTNDaDMlM0UlM0NzdHJvbmclM0VPZmVydGElMjBkZSUyMFRpZW1wbyUyMExpbWl0YWRvJTNBJTNDJTJGc3Ryb25nJTNFJUMyJUEwT2J0ZW5nYSUyMCUzQ3N0cm9uZyUyMGNsYXNzJTNEJTIybW9udGhEaWZmZXJlbmNlJTIyJTNFMTglMjBtZXNlcyUzQyUyRnN0cm9uZyUzRSUyMGRlJTIwcmVnaXN0cm8lMjB5JTIwc2VydmljaW8lMjBkZSUyMGFnZW50ZSUyMGRlJTIwRUUuJTIwVVUuJTIwJTNDc3Ryb25nJTNFUG9yJTIwZWwlMjBwcmVjaW8lMjBkZSUyMDEyJTNDJTJGc3Ryb25nJTNFJTIwY3VhbmRvJTIwc2UlMjByZWdpc3RyZSUyMGhveS4lM0MlMkZoMyUzRQ==[\/vc_raw_html][\/vc_column_inner][\/vc_row_inner][\/vc_column][\/vc_row][\/vc_section][vc_row][vc_column][vc_raw_js]JTNDc2NyaXB0JTNFJTIwalF1ZXJ5JTI4ZG9jdW1lbnQlMjkub24lMjglMjdnZm9ybV9wb3N0X3JlbmRlciUyNyUyQ2Z1bmN0aW9uJTI4JTI5JTdCJTBBJTIwJTIwJTIwJTIwalF1ZXJ5JTI4JTI3JTIzZGVhZGxpbmVCYXIlMjclMjkuYWRkQ2xhc3MlMjglMjdoaWRkZW4lMjclMjklM0IlMEElMjAlMjAlMjAlMjBpZiUyOGdsb2JhbERhdGEuZ2V0Q3VycmVudERhdGVBbmRUaW1lJTI4JTI5LmdldEZ1bGxZZWFyJTI4JTI5JTIwJTNDJTIwZ2xvYmFsRGF0YS5nZXRSZW5ld2FsU3RhdHVzJTI4JTI5LnNlcnZpY2VZZWFyJTI5JTdCJTBBJTIwJTIwJTIwJTIwalF1ZXJ5JTI4JTI3JTIzZGVhZGxpbmVCYXIlMjAubW9udGhEaWZmZXJlbmNlJTI3JTI5LnRleHQlMjglMjhuZXclMjBEYXRlJTI4Z2xvYmFsRGF0YS5nZXRSZW5ld2FsU3RhdHVzJTI4JTI5LnNlcnZpY2VZZWFyLTElMkMxMSUyQzMxJTI5LmdldE1vbnRoJTI4JTI5JTIwJTJCJTIwMSUyOSUyMC0lMjAlMjhnbG9iYWxEYXRhLmdldEN1cnJlbnREYXRlQW5kVGltZSUyOCUyOS5nZXRNb250aCUyOCUyOSUyOSUyMCUyQiUyMDEyJTIwJTJCJTIwJTI3JTIwbWVzZXMlMjclMjklMEElMjAlMjAlMjAlMjBqUXVlcnklMjglMjclMjNkZWFkbGluZUJhciUyNyUyOS5yZW1vdmVDbGFzcyUyOCUyN2hpZGRlbiUyNyUyOSUzQiUyMCUwQSUyMCUyMCUyMCUyMCU3RCUwQSU3RCUyOSUzQiUyMCUwQSUzQyUyRnNjcmlwdCUzRQ==[\/vc_raw_js][\/vc_column][\/vc_row][vc_row][vc_column][vc_raw_html]JTNDc3R5bGUlM0UlMEElMjNkZWFkbGluZUJhciU3QiUwQSUyMCUyMCUyMCUyMGJhY2tncm91bmQlM0ElMjNmMTg4MDUlM0IlMEElMjAlMjAlMjAlMjBwYWRkaW5nJTNBJTIwMjBweCUzQiUwQSUyMCUyMCUyMCUyMHRleHQtYWxpZ24lM0ElMjBjZW50ZXIlM0IlMEElN0QlMEElMjNkZWFkbGluZUJhciUyMC52Y19jb2x1bW4taW5uZXIlMjAlN0IlMEElMjAlMjAlMjAlMjBwYWRkaW5nLXRvcCUzQSUyMDAlM0IlMEElN0QlMEElMjNkZWFkbGluZUJhciUyMGgzJTdCJTBBJTIwJTIwJTIwJTIwY29sb3IlM0ElMjAlMjNmZmYlM0IlMEElMjAlMjAlMjAlMjBkaXNwbGF5JTNBJTIwaW5saW5lLWJsb2NrJTNCJTBBJTIwJTIwJTIwJTIwbWFyZ2luJTNBJTIwMCUzQiUwQSUyMCUyMCUyMCUyMGZvbnQtd2VpZ2h0JTNBJTIwNDAwJTNCJTBBJTdEJTBBJTBBJTNDJTJGc3R5bGUlM0U=[\/vc_raw_html][\/vc_column][\/vc_row]\r\n<\/div><\/div>[\/vc_column][\/vc_row][vc_section el_id=\u00bbsection-app\u00bb][vc_row el_class=\u00bbtile-box\u00bb][vc_column][vc_column_text]\n<h2 class=\"page-header\">Registro <span class=\"renewal-text hidden\">y Renovacion<\/span> de alimentos ante la FDA<\/h2>\n<p class=\"page-text\">Las instalaciones que fabrican, procesan, empacan o almacenan alimentos, bebidas o suplementos destinados a consumo en los Estados Unidos deben registrarse ante la Administraci\u00f3n de Alimentos y Medicamentos de los Estados Unidos (FDA). Las instalaciones ubicadas fuera de los Estados Unidos tambi\u00e9n deben designar un Agente Estadounidense para comunicaciones con FDA.<\/p>\n<h4 id=\"front-header\" class=\"page-text\" style=\"text-align: center;\">Servicios de Registro y Agente Estadounidense para establecimientos en todo el mundo<\/h4>\n<p class=\"page-text\" style=\"text-align: center;\">Sea parte de las <strong>m\u00e1s de 20 mil<\/strong> empresas que conf\u00edan a Registrar Corp <a class=\"value-button\" href=\"#\">el manejo de su Registro ante la FDA.<\/a><\/p>\n<p class=\"page-text\" style=\"text-align: center;\">Nuestro servicio incluye <a class=\"value-button verify-link\">beneficios adicionales durante todo el a\u00f1o<\/a><\/p>\n[\/vc_column_text][vc_raw_html]JTNDZGl2JTIwY2xhc3MlM0QlMjJwcm9ncmVzcy1jb250YWluZXIlMjBoaWRkZW4lMjIlM0UlM0NkaXYlMjBjbGFzcyUzRCUyMnByb2dyZXNzLWJhciUyMiUzRSUzQyUyRmRpdiUzRSUzQyUyRmRpdiUzRQ==[\/vc_raw_html][vc_raw_html]JTVCZ3Jhdml0eWZvcm0lMjBpZCUzRCUyMjglMjIlMjB0aXRsZSUzRCUyMmZhbHNlJTIyJTIwZGVzY3JpcHRpb24lM0QlMjJmYWxzZSUyMiUyMGFqYXglM0QlMjJ0cnVlJTIyJTIwZmllbGRfdmFsdWVzJTNEJTIyZmxvd190eXBlJTNEZm9vZCUyMiU1RCUwQSUzQ3NjcmlwdCUyMHNyYyUzRCUyMiUyRndwLWNvbnRlbnQlMkZ0aGVtZXMlMkZnZW5lc2lzLXNhbXBsZSUyRmphdmFzY3JpcHRzJTJGY291bnRyeVN0YXRlRGF0YS5qcyUyMiUzRSUzQyUyRnNjcmlwdCUzRSUwQSUzQ3NjcmlwdCUyMHNyYyUzRCUyMiUyRndwLWNvbnRlbnQlMkZ0aGVtZXMlMkZnZW5lc2lzLXNhbXBsZSUyRmphdmFzY3JpcHRzJTJGY29ycERlc2lnbmF0aW9uRGF0YS5qcyUyMiUzRSUzQyUyRnNjcmlwdCUzRSUwQSUzQ3NjcmlwdCUyMHNyYyUzRCUyMiUyRndwLWNvbnRlbnQlMkZ0aGVtZXMlMkZnZW5lc2lzLXNhbXBsZSUyRmphdmFzY3JpcHRzJTJGYWdyZWVtZW50cy5qcyUyMiUzRSUzQyUyRnNjcmlwdCUzRSUwQSUzQ3NjcmlwdCUyMHNyYyUzRCUyMiUyRndwLWNvbnRlbnQlMkZ0aGVtZXMlMkZnZW5lc2lzLXNhbXBsZSUyRmphdmFzY3JpcHRzJTJGZmRhcmVnLmpzJTIyJTNFJTNDJTJGc2NyaXB0JTNFJTBBJTNDYSUyMGNsYXNzJTNEJTIyaGlkZGVuJTIyJTIwaWQlM0QlMjJhZ3JlZW1lbnQtYnV0dG9uJTIyJTIwaHJlZiUzRCUyMiUyM2FncmVlbWVudC1tb2RhbCUyMiUzRSUzQyUyRmElM0UlMEElM0NhJTIwY2xhc3MlM0QlMjJoaWRkZW4lMjIlMjBpZCUzRCUyMnZhbHVlLWJ1dHRvbiUyMiUyMGhyZWYlM0QlMjIlMjN2YWx1ZS1tb2RhbCUyMiUzRSUzQyUyRmElM0UlMEE=[\/vc_raw_html][vc_column_text]\n<p class=\"page-text\" style=\"text-align: center;\"><a class=\"verify-link\" href=\".\/verification\">Mi instalaci\u00f3n est\u00e1 registrada. Verifique que mi registro en la FDA sea v\u00e1lido sin costo alguno.<\/a><\/p>\n[\/vc_column_text]<div id=\"mpc-modal-41013-0\" class=\"mpc-modal-overlay\" data-id=\"mpc_modal-5169f86fff7a3db\" data-position=\"middle-center\" data-frequency=\"onclick\" data-target-id=\"value-modal\"><div class=\"mpc-modal mpc-init \"><div class=\"mpc-modal__close\"><div data-id=\"mpc_icon-6069f86fff7a40d\" class=\"mpc-icon mpc-init mpc-transition mpc-effect-none mpc-icon-hover \"><div class=\"mpc-icon-wrap\"><i class=\"mpc-icon-part mpc-regular mpc-transition  fa fa-close\"><\/i><i class=\"mpc-icon-part mpc-hover mpc-transition  fa fa-close\"><\/i><\/div><\/div><\/div><div class=\"mpc-modal__content\">[vc_row_inner][vc_column_inner][vc_raw_html]JTNDZGl2JTIwaWQlM0QlMjJ2YWx1ZS1zdW1tYXJ5JTIyJTNFJTNDJTJGZGl2JTNF[\/vc_raw_html][\/vc_column_inner][\/vc_row_inner]<\/div><\/div><\/div><div class=\"mpc-modal-waypoint mpc-waypoint\" data-id=\"mpc-modal-41013-0\"><\/div><div id=\"mpc-modal-41013-1\" class=\"mpc-modal-overlay\" data-id=\"mpc_modal-9469f86fff7a462\" data-position=\"middle-center\" data-frequency=\"onclick\" data-target-id=\"agreement-modal\"><div class=\"mpc-modal mpc-init \"><div class=\"mpc-modal__close\"><div data-id=\"mpc_icon-3769f86fff7a479\" class=\"mpc-icon mpc-init mpc-transition mpc-effect-none mpc-icon-hover \"><div class=\"mpc-icon-wrap\"><i class=\"mpc-icon-part mpc-regular mpc-transition  fa fa-close\"><\/i><i class=\"mpc-icon-part mpc-hover mpc-transition  fa fa-close\"><\/i><\/div><\/div><\/div><div class=\"mpc-modal__content\">[vc_row_inner][vc_column_inner][vc_raw_html]JTNDZGl2JTIwaWQlM0QlMjJhZ3JlZW1lbnQlMjIlM0UlM0MlMkZkaXYlM0U=[\/vc_raw_html][\/vc_column_inner][\/vc_row_inner]<\/div><\/div><\/div><div class=\"mpc-modal-waypoint mpc-waypoint\" data-id=\"mpc-modal-41013-1\"><\/div>[\/vc_column][\/vc_row][\/vc_section][vc_row][vc_column][vc_raw_js]JTNDc2NyaXB0JTNFJTIwJTBBdmFyJTIwcmVuZXdhbFN0YXR1cyUyMCUzRCUyMGdsb2JhbERhdGEuZ2V0UmVuZXdhbFN0YXR1cyUyOCUyOSUwQWlmJTI4cmVuZXdhbFN0YXR1cy5pc1JlbmV3YWxQZXJpb2QlMjAlMjYlMjYlMjByZW5ld2FsU3RhdHVzLnJlbmV3YWxZZWFycy5mb29kJTIwJTNEJTNEJTIwZ2xvYmFsRGF0YS5nZXRDdXJyZW50RGF0ZUFuZFRpbWUlMjglMjkuZ2V0RnVsbFllYXIlMjglMjklMjklN0IlMEElMjAlMjAlMjAlMjBqUXVlcnklMjglMjcucGFnZS1oZWFkZXIlMjAucmVuZXdhbC10ZXh0JTI3JTI5LnJlbW92ZUNsYXNzJTI4JTI3aGlkZGVuJTI3JTI5JTNCJTBBJTdEJTIwZWxzZSU3QiUwQSUyMCUyMCUyMCUyMGpRdWVyeSUyOCUyNy5wYWdlLWhlYWRlciUyMC5yZW5ld2FsLXRleHQlMjclMjkucmVtb3ZlJTI4JTI5JTNCJTBBJTdEJTBBJTNDJTJGc2NyaXB0JTNF[\/vc_raw_js][\/vc_column][\/vc_row]\n<\/div>","protected":false},"excerpt":{"rendered":"<p>[vc_row el_id=\u00bbdeadlineBar\u00bb el_class=\u00bbhidden\u00bb][vc_column][\/vc_column][\/vc_row][vc_section el_id=\u00bbsection-app\u00bb][vc_row el_class=\u00bbtile-box\u00bb][vc_column][vc_column_text] Registro y Renovacion de alimentos ante la FDA Las instalaciones que fabrican, procesan, empacan o almacenan alimentos, bebidas o suplementos destinados a consumo en los Estados Unidos deben registrarse ante la Administraci\u00f3n de Alimentos y Medicamentos de los Estados Unidos (FDA). Las instalaciones ubicadas fuera de los Estados Unidos tambi\u00e9n<\/p>\n","protected":false},"author":30,"featured_media":403,"parent":41395,"menu_order":0,"comment_status":"closed","ping_status":"closed","template":"full-width-page.php","meta":{"content-type":"","om_disable_all_campaigns":false,"inline_featured_image":false,"_genesis_hide_title":false,"_genesis_hide_breadcrumbs":false,"_genesis_hide_singular_image":false,"_genesis_hide_footer_widgets":false,"_genesis_custom_body_class":"fda-registration-page","_genesis_custom_post_class":"","_genesis_layout":"","footnotes":""},"class_list":{"0":"post-41013","1":"page","2":"type-page","3":"status-publish","4":"has-post-thumbnail","6":"entry"},"yoast_head":"<!-- This site is optimized with the Yoast SEO Premium plugin v20.9 (Yoast SEO v25.5) - https:\/\/yoast.com\/wordpress\/plugins\/seo\/ -->\n<title>Registro de alimentos ante la FDA - Registrar<\/title>\n<meta name=\"robots\" content=\"noindex, follow, max-snippet:-1, max-image-preview:large, max-video-preview:-1\" \/>\n<meta property=\"og:locale\" content=\"es_ES\" \/>\n<meta property=\"og:type\" content=\"article\" \/>\n<meta property=\"og:title\" content=\"Registro de alimentos ante la FDA\" \/>\n<meta property=\"og:description\" content=\"[vc_row el_id=\u00bbdeadlineBar\u00bb el_class=\u00bbhidden\u00bb][vc_column][\/vc_column][\/vc_row][vc_section el_id=\u00bbsection-app\u00bb][vc_row el_class=\u00bbtile-box\u00bb][vc_column][vc_column_text] Registro y Renovacion de alimentos ante la FDA Las instalaciones que fabrican, procesan, empacan o almacenan alimentos, bebidas o suplementos destinados a consumo en los Estados Unidos deben registrarse ante la Administraci\u00f3n de Alimentos y Medicamentos de los Estados Unidos (FDA). Las instalaciones ubicadas fuera de los Estados Unidos tambi\u00e9n\" \/>\n<meta property=\"og:url\" content=\"https:\/\/legacy.registrarcorp.com\/es\/fda-food\/registration\/\" \/>\n<meta property=\"og:site_name\" content=\"Registrar\" \/>\n<meta property=\"article:modified_time\" content=\"2021-07-06T13:21:31+00:00\" \/>\n<meta property=\"og:image\" content=\"https:\/\/legacy.registrarcorp.com\/wp-content\/uploads\/2019\/08\/press_release.jpg\" \/>\n\t<meta property=\"og:image:width\" content=\"1650\" \/>\n\t<meta property=\"og:image:height\" content=\"500\" \/>\n\t<meta property=\"og:image:type\" content=\"image\/jpeg\" \/>\n<meta name=\"twitter:card\" content=\"summary_large_image\" \/>\n<meta name=\"twitter:label1\" content=\"Tiempo de lectura\" \/>\n\t<meta name=\"twitter:data1\" content=\"2 minutos\" \/>\n<script type=\"application\/ld+json\" class=\"yoast-schema-graph\">{\"@context\":\"https:\/\/schema.org\",\"@graph\":[{\"@type\":\"WebPage\",\"@id\":\"https:\/\/legacy.registrarcorp.com\/es\/fda-food\/registration\/\",\"url\":\"https:\/\/legacy.registrarcorp.com\/es\/fda-food\/registration\/\",\"name\":\"Registro de alimentos ante la FDA - Registrar\",\"isPartOf\":{\"@id\":\"https:\/\/legacy.registrarcorp.com\/es\/#website\"},\"primaryImageOfPage\":{\"@id\":\"https:\/\/legacy.registrarcorp.com\/es\/fda-food\/registration\/#primaryimage\"},\"image\":{\"@id\":\"https:\/\/legacy.registrarcorp.com\/es\/fda-food\/registration\/#primaryimage\"},\"thumbnailUrl\":\"https:\/\/legacy.registrarcorp.com\/wp-content\/uploads\/2019\/08\/press_release.jpg\",\"datePublished\":\"2020-01-14T15:17:34+00:00\",\"dateModified\":\"2021-07-06T13:21:31+00:00\",\"breadcrumb\":{\"@id\":\"https:\/\/legacy.registrarcorp.com\/es\/fda-food\/registration\/#breadcrumb\"},\"inLanguage\":\"es\",\"potentialAction\":[{\"@type\":\"ReadAction\",\"target\":[\"https:\/\/legacy.registrarcorp.com\/es\/fda-food\/registration\/\"]}]},{\"@type\":\"ImageObject\",\"inLanguage\":\"es\",\"@id\":\"https:\/\/legacy.registrarcorp.com\/es\/fda-food\/registration\/#primaryimage\",\"url\":\"https:\/\/legacy.registrarcorp.com\/wp-content\/uploads\/2019\/08\/press_release.jpg\",\"contentUrl\":\"https:\/\/legacy.registrarcorp.com\/wp-content\/uploads\/2019\/08\/press_release.jpg\",\"width\":1650,\"height\":500},{\"@type\":\"BreadcrumbList\",\"@id\":\"https:\/\/legacy.registrarcorp.com\/es\/fda-food\/registration\/#breadcrumb\",\"itemListElement\":[{\"@type\":\"ListItem\",\"position\":1,\"name\":\"Home\",\"item\":\"https:\/\/legacy.registrarcorp.com\/es\/\"},{\"@type\":\"ListItem\",\"position\":2,\"name\":\"Alimentos y bebidas\",\"item\":\"https:\/\/legacy.registrarcorp.com\/es\/fda-food\/\"},{\"@type\":\"ListItem\",\"position\":3,\"name\":\"Registro de alimentos ante la FDA\"}]},{\"@type\":\"WebSite\",\"@id\":\"https:\/\/legacy.registrarcorp.com\/es\/#website\",\"url\":\"https:\/\/legacy.registrarcorp.com\/es\/\",\"name\":\"Registrar\",\"description\":\"Assistance with U.S. FDA Regulations\",\"publisher\":{\"@id\":\"https:\/\/legacy.registrarcorp.com\/es\/#organization\"},\"potentialAction\":[{\"@type\":\"SearchAction\",\"target\":{\"@type\":\"EntryPoint\",\"urlTemplate\":\"https:\/\/legacy.registrarcorp.com\/es\/?s={search_term_string}\"},\"query-input\":{\"@type\":\"PropertyValueSpecification\",\"valueRequired\":true,\"valueName\":\"search_term_string\"}}],\"inLanguage\":\"es\"},{\"@type\":\"Organization\",\"@id\":\"https:\/\/legacy.registrarcorp.com\/es\/#organization\",\"name\":\"Registrar Corp\",\"url\":\"https:\/\/legacy.registrarcorp.com\/es\/\",\"logo\":{\"@type\":\"ImageObject\",\"inLanguage\":\"es\",\"@id\":\"https:\/\/legacy.registrarcorp.com\/es\/#\/schema\/logo\/image\/\",\"url\":\"https:\/\/legacy.registrarcorp.com\/wp-content\/uploads\/2019\/12\/regcorp_logo.png\",\"contentUrl\":\"https:\/\/legacy.registrarcorp.com\/wp-content\/uploads\/2019\/12\/regcorp_logo.png\",\"width\":1326,\"height\":330,\"caption\":\"Registrar Corp\"},\"image\":{\"@id\":\"https:\/\/legacy.registrarcorp.com\/es\/#\/schema\/logo\/image\/\"}}]}<\/script>\n<!-- \/ Yoast SEO Premium plugin. -->","yoast_head_json":{"title":"Registro de alimentos ante la FDA - Registrar","robots":{"index":"noindex","follow":"follow","max-snippet":"max-snippet:-1","max-image-preview":"max-image-preview:large","max-video-preview":"max-video-preview:-1"},"og_locale":"es_ES","og_type":"article","og_title":"Registro de alimentos ante la FDA","og_description":"[vc_row el_id=\u00bbdeadlineBar\u00bb el_class=\u00bbhidden\u00bb][vc_column][\/vc_column][\/vc_row][vc_section el_id=\u00bbsection-app\u00bb][vc_row el_class=\u00bbtile-box\u00bb][vc_column][vc_column_text] Registro y Renovacion de alimentos ante la FDA Las instalaciones que fabrican, procesan, empacan o almacenan alimentos, bebidas o suplementos destinados a consumo en los Estados Unidos deben registrarse ante la Administraci\u00f3n de Alimentos y Medicamentos de los Estados Unidos (FDA). Las instalaciones ubicadas fuera de los Estados Unidos tambi\u00e9n","og_url":"https:\/\/legacy.registrarcorp.com\/es\/fda-food\/registration\/","og_site_name":"Registrar","article_modified_time":"2021-07-06T13:21:31+00:00","og_image":[{"width":1650,"height":500,"url":"https:\/\/legacy.registrarcorp.com\/wp-content\/uploads\/2019\/08\/press_release.jpg","type":"image\/jpeg"}],"twitter_card":"summary_large_image","twitter_misc":{"Tiempo de lectura":"2 minutos"},"schema":{"@context":"https:\/\/schema.org","@graph":[{"@type":"WebPage","@id":"https:\/\/legacy.registrarcorp.com\/es\/fda-food\/registration\/","url":"https:\/\/legacy.registrarcorp.com\/es\/fda-food\/registration\/","name":"Registro de alimentos ante la FDA - Registrar","isPartOf":{"@id":"https:\/\/legacy.registrarcorp.com\/es\/#website"},"primaryImageOfPage":{"@id":"https:\/\/legacy.registrarcorp.com\/es\/fda-food\/registration\/#primaryimage"},"image":{"@id":"https:\/\/legacy.registrarcorp.com\/es\/fda-food\/registration\/#primaryimage"},"thumbnailUrl":"https:\/\/legacy.registrarcorp.com\/wp-content\/uploads\/2019\/08\/press_release.jpg","datePublished":"2020-01-14T15:17:34+00:00","dateModified":"2021-07-06T13:21:31+00:00","breadcrumb":{"@id":"https:\/\/legacy.registrarcorp.com\/es\/fda-food\/registration\/#breadcrumb"},"inLanguage":"es","potentialAction":[{"@type":"ReadAction","target":["https:\/\/legacy.registrarcorp.com\/es\/fda-food\/registration\/"]}]},{"@type":"ImageObject","inLanguage":"es","@id":"https:\/\/legacy.registrarcorp.com\/es\/fda-food\/registration\/#primaryimage","url":"https:\/\/legacy.registrarcorp.com\/wp-content\/uploads\/2019\/08\/press_release.jpg","contentUrl":"https:\/\/legacy.registrarcorp.com\/wp-content\/uploads\/2019\/08\/press_release.jpg","width":1650,"height":500},{"@type":"BreadcrumbList","@id":"https:\/\/legacy.registrarcorp.com\/es\/fda-food\/registration\/#breadcrumb","itemListElement":[{"@type":"ListItem","position":1,"name":"Home","item":"https:\/\/legacy.registrarcorp.com\/es\/"},{"@type":"ListItem","position":2,"name":"Alimentos y bebidas","item":"https:\/\/legacy.registrarcorp.com\/es\/fda-food\/"},{"@type":"ListItem","position":3,"name":"Registro de alimentos ante la FDA"}]},{"@type":"WebSite","@id":"https:\/\/legacy.registrarcorp.com\/es\/#website","url":"https:\/\/legacy.registrarcorp.com\/es\/","name":"Registrar","description":"Assistance with U.S. FDA Regulations","publisher":{"@id":"https:\/\/legacy.registrarcorp.com\/es\/#organization"},"potentialAction":[{"@type":"SearchAction","target":{"@type":"EntryPoint","urlTemplate":"https:\/\/legacy.registrarcorp.com\/es\/?s={search_term_string}"},"query-input":{"@type":"PropertyValueSpecification","valueRequired":true,"valueName":"search_term_string"}}],"inLanguage":"es"},{"@type":"Organization","@id":"https:\/\/legacy.registrarcorp.com\/es\/#organization","name":"Registrar Corp","url":"https:\/\/legacy.registrarcorp.com\/es\/","logo":{"@type":"ImageObject","inLanguage":"es","@id":"https:\/\/legacy.registrarcorp.com\/es\/#\/schema\/logo\/image\/","url":"https:\/\/legacy.registrarcorp.com\/wp-content\/uploads\/2019\/12\/regcorp_logo.png","contentUrl":"https:\/\/legacy.registrarcorp.com\/wp-content\/uploads\/2019\/12\/regcorp_logo.png","width":1326,"height":330,"caption":"Registrar Corp"},"image":{"@id":"https:\/\/legacy.registrarcorp.com\/es\/#\/schema\/logo\/image\/"}}]}},"_links":{"self":[{"href":"https:\/\/legacy.registrarcorp.com\/es\/wp-json\/wp\/v2\/pages\/41013","targetHints":{"allow":["GET"]}}],"collection":[{"href":"https:\/\/legacy.registrarcorp.com\/es\/wp-json\/wp\/v2\/pages"}],"about":[{"href":"https:\/\/legacy.registrarcorp.com\/es\/wp-json\/wp\/v2\/types\/page"}],"author":[{"embeddable":true,"href":"https:\/\/legacy.registrarcorp.com\/es\/wp-json\/wp\/v2\/users\/30"}],"replies":[{"embeddable":true,"href":"https:\/\/legacy.registrarcorp.com\/es\/wp-json\/wp\/v2\/comments?post=41013"}],"version-history":[{"count":0,"href":"https:\/\/legacy.registrarcorp.com\/es\/wp-json\/wp\/v2\/pages\/41013\/revisions"}],"up":[{"embeddable":true,"href":"https:\/\/legacy.registrarcorp.com\/es\/wp-json\/wp\/v2\/pages\/41395"}],"wp:featuredmedia":[{"embeddable":true,"href":"https:\/\/legacy.registrarcorp.com\/es\/wp-json\/wp\/v2\/media\/403"}],"wp:attachment":[{"href":"https:\/\/legacy.registrarcorp.com\/es\/wp-json\/wp\/v2\/media?parent=41013"}],"curies":[{"name":"wp","href":"https:\/\/api.w.org\/{rel}","templated":true}]}}