{"id":40569,"date":"2020-01-24T17:45:35","date_gmt":"2020-01-24T17:45:35","guid":{"rendered":"https:\/\/regstaging.wpengine.com\/fda-labeling\/"},"modified":"2021-09-29T16:11:11","modified_gmt":"2021-09-29T20:11:11","slug":"fda-labeling","status":"publish","type":"page","link":"https:\/\/legacy.registrarcorp.com\/es\/fda-labeling\/","title":{"rendered":"Reglamentos de Etiquetado de la U.S. FDA"},"content":{"rendered":"<div class=\"wpb-content-wrapper\">[vc_row][vc_column][vc_row_inner][vc_column_inner][vc_column_text]\n<h2>Requisitos de Etiquetado U.S. FDA<\/h2>\n[\/vc_column_text][\/vc_column_inner][\/vc_row_inner][vc_row_inner css=\u00bb.vc_custom_1579889067705{margin-bottom: 20px !important;}\u00bb][vc_column_inner][vc_column_text]La Administraci\u00f3n de Alimentos y Medicamentos de los Estados Unidos (FDA) define \u201cetiquetado\u201d como \u201ctodas las etiquetas u otros materiales escritos, impresos o gr\u00e1ficos (1) sobre cualquier art\u00edculo o cualquiera de sus contenedores o envolturas, o (2) acompa\u00f1ando dicho art\u00edculo.\u201d Esto pudiera incluir empaques, instrucciones, insertos al producto, sitios web y otros materiales promocionales.<\/p>\n<p>Los errores de etiquetado resultan en m\u00e1s del 22% de todas las detenciones en los Estados Unidos. Registrar Corp puede revisar su etiqueta para cumplimiento con las Regulaciones de la FDA. Adicional al reporte de cambios recomendados, usted recibir\u00e1 un gr\u00e1fico listo para imprimir de su etiqueta revisada.[\/vc_column_text][\/vc_column_inner][\/vc_row_inner][\/vc_column][\/vc_row][vc_row][vc_column][vc_row_inner el_class=\u00bbtile-box\u00bb][vc_column_inner][vc_column_text]\n<h3 class=\"uk-panel-title\">Revisi\u00f3n de Etiquetado e Ingredientes para Alimentos, Bebidas y Suplementos Alimenticios<\/h3>\n<p>En 2016, FDA promulg\u00f3 cambios significativos al etiquetado de alimentos, bebidas y suplementos, que incluyen actualizaciones a los valores diarios, porciones por envase, a la Tabla Nutrimental y m\u00e1s. Las actualizaciones a los valores diarios pudieran afectar que declaraciones de contenido de nutrientes una etiqueta puede declarar, como es \u201calto en fibra\u201d. La fecha l\u00edmite de cumplimiento de FDA para estas reglas es el 1 de Enero de 2020 (o 1 de Enero de 2021 para fabricantes con menos de 10 millones de d\u00f3lares en ventas anuales). Registrar Corp puede actualizar su etiquetado de alimentos para el cumplimiento de los nuevos requisitos de la FDA.[\/vc_column_text][\/vc_column_inner][\/vc_row_inner][vc_row_inner el_class=\u00bbrow-content-center tile-box\u00bb][vc_column_inner]<a href=\"\/es\/fda-food\/labeling\" title=\"\"  data-id=\"mpc_button-6069fc050787f8d\" class=\"mpc-button mpc-init mpc-transition btn btn-red-white\" ><div class=\"mpc-button__content mpc-effect-type--none mpc-effect-side--none\"><span class=\"mpc-button__title mpc-transition\">Obtenga Asistencia<\/span><\/div><div class=\"mpc-button__background mpc-transition mpc-effect-type--fade mpc-effect-side--in\"><\/div><\/a>[\/vc_column_inner][\/vc_row_inner][\/vc_column][\/vc_row][vc_row][vc_column offset=\u00bbvc_col-lg-6&#8243;][vc_row_inner el_class=\u00bbtile-box\u00bb][vc_column_inner][vc_column_text]\n<h3 class=\"uk-panel-title\">Revisi\u00f3n de Producto y Etiquetado para Dispositivos M\u00e9dicos<\/h3>\n<p>FDA pudiera requerir que el etiquetado de su dispositivo incluya instrucciones de uso adecuadas, instrucciones de funcionamiento, declaraciones de advertencia o informaci\u00f3n que pudiera ser necesaria para la protecci\u00f3n de los usuarios. Registrar Corp puede revisar le etiquetado de su dispositivo para el cumplimiento de las regulaciones de la FDA.[\/vc_column_text][\/vc_column_inner][\/vc_row_inner][vc_row_inner el_class=\u00bbrow-content-center tile-box\u00bb][vc_column_inner]<a href=\"\/es\/fda-medical-devices\/labeling\" title=\"\"  data-id=\"mpc_button-3869fc050788044\" class=\"mpc-button mpc-init mpc-transition btn btn-red-white\" ><div class=\"mpc-button__content mpc-effect-type--none mpc-effect-side--none\"><span class=\"mpc-button__title mpc-transition\">Obtenga Asistencia<\/span><\/div><div class=\"mpc-button__background mpc-transition mpc-effect-type--fade mpc-effect-side--in\"><\/div><\/a>[\/vc_column_inner][\/vc_row_inner][\/vc_column][vc_column offset=\u00bbvc_col-lg-6&#8243;][vc_row_inner el_class=\u00bbtile-box\u00bb][vc_column_inner][vc_column_text]\n<h3 class=\"uk-panel-title\">Revisi\u00f3n de Etiquetado e Ingredientes de Medicamentos<\/h3>\n<p>Entre otros aspectos, FDA requiere que las etiquetas de medicamentos para libre venta (\u201cOTC drugs\u201d) listen los ingredientes activos, los usos del medicamento, advertencias espec\u00edficas e instrucciones para una dosis adecuada. Registrar Corp puede revisar su etiquetado de medicamentos para el cumplimiento de las regulaciones de la FDA.[\/vc_column_text][\/vc_column_inner][\/vc_row_inner][vc_row_inner el_class=\u00bbrow-content-center tile-box\u00bb][vc_column_inner]<a href=\"\/es\/fda-drugs\/labeling\" title=\"\"  data-id=\"mpc_button-2169fc05078809c\" class=\"mpc-button mpc-init mpc-transition btn btn-red-white\" ><div class=\"mpc-button__content mpc-effect-type--none mpc-effect-side--none\"><span class=\"mpc-button__title mpc-transition\">Obtenga Asistencia<\/span><\/div><div class=\"mpc-button__background mpc-transition mpc-effect-type--fade mpc-effect-side--in\"><\/div><\/a>[\/vc_column_inner][\/vc_row_inner][\/vc_column][vc_column][vc_row_inner el_class=\u00bbtile-box\u00bb][vc_column_inner][vc_column_text]\n<h3 class=\"uk-panel-title\">Revisi\u00f3n de Ingredientes y Etiquetado de Cosm\u00e9ticos<\/h3>\n<p>La FFDCA proh\u00edbe la distribuci\u00f3n de productos cosm\u00e9ticos mal etiquetados. Un producto cosm\u00e9tico es considerado como mal etiquetado si las declaraciones de su etiquetado son falsas o enga\u00f1osas, si este no declara la informaci\u00f3n requerida o si el contenedor est\u00e1 hecho o llenado de manera enga\u00f1osa. Registrar Corp puede revisar el etiquetado de sus cosm\u00e9ticos para el cumplimiento de los requisitos de la FDA.[\/vc_column_text][\/vc_column_inner][\/vc_row_inner][vc_row_inner el_class=\u00bbrow-content-center tile-box\u00bb][vc_column_inner]<a href=\"\/es\/fda-cosmetics\/labeling\" title=\"\"  data-id=\"mpc_button-1569fc050788102\" class=\"mpc-button mpc-init mpc-transition btn btn-red-white\" ><div class=\"mpc-button__content mpc-effect-type--none mpc-effect-side--none\"><span class=\"mpc-button__title mpc-transition\">Obtenga Asistencia<\/span><\/div><div class=\"mpc-button__background mpc-transition mpc-effect-type--fade mpc-effect-side--in\"><\/div><\/a>[\/vc_column_inner][\/vc_row_inner][\/vc_column][\/vc_row]\n<\/div>","protected":false},"excerpt":{"rendered":"<p>[vc_row][vc_column][vc_row_inner][vc_column_inner][vc_column_text] Requisitos de Etiquetado U.S. FDA [\/vc_column_text][\/vc_column_inner][\/vc_row_inner][vc_row_inner css=\u00bb.vc_custom_1579889067705{margin-bottom: 20px !important;}\u00bb][vc_column_inner][vc_column_text]La Administraci\u00f3n de Alimentos y Medicamentos de los Estados Unidos (FDA) define \u201cetiquetado\u201d como \u201ctodas las etiquetas u otros materiales escritos, impresos o gr\u00e1ficos (1) sobre cualquier art\u00edculo o cualquiera de sus contenedores o envolturas, o (2) acompa\u00f1ando dicho art\u00edculo.\u201d Esto pudiera incluir empaques, instrucciones, insertos<\/p>\n","protected":false},"author":30,"featured_media":403,"parent":0,"menu_order":0,"comment_status":"closed","ping_status":"closed","template":"right-sidebar-page.php","meta":{"content-type":"","om_disable_all_campaigns":false,"inline_featured_image":false,"_genesis_hide_title":false,"_genesis_hide_breadcrumbs":false,"_genesis_hide_singular_image":false,"_genesis_hide_footer_widgets":false,"_genesis_custom_body_class":"","_genesis_custom_post_class":"","_genesis_layout":"","footnotes":""},"class_list":{"0":"post-40569","1":"page","2":"type-page","3":"status-publish","4":"has-post-thumbnail","6":"entry"},"yoast_head":"<!-- This site is optimized with the Yoast SEO Premium plugin v20.9 (Yoast SEO v25.5) - https:\/\/yoast.com\/wordpress\/plugins\/seo\/ -->\n<title>Reglamentos de Etiquetado de la U.S. FDA - Registrar<\/title>\n<meta name=\"robots\" content=\"noindex, follow, max-snippet:-1, max-image-preview:large, max-video-preview:-1\" \/>\n<meta property=\"og:locale\" content=\"es_ES\" \/>\n<meta property=\"og:type\" content=\"article\" \/>\n<meta property=\"og:title\" content=\"Reglamentos de Etiquetado de la U.S. FDA\" \/>\n<meta property=\"og:description\" content=\"[vc_row][vc_column][vc_row_inner][vc_column_inner][vc_column_text] Requisitos de Etiquetado U.S. FDA [\/vc_column_text][\/vc_column_inner][\/vc_row_inner][vc_row_inner css=\u00bb.vc_custom_1579889067705{margin-bottom: 20px !important;}\u00bb][vc_column_inner][vc_column_text]La Administraci\u00f3n de Alimentos y Medicamentos de los Estados Unidos (FDA) define \u201cetiquetado\u201d como \u201ctodas las etiquetas u otros materiales escritos, impresos o gr\u00e1ficos (1) sobre cualquier art\u00edculo o cualquiera de sus contenedores o envolturas, o (2) acompa\u00f1ando dicho art\u00edculo.\u201d Esto pudiera incluir empaques, instrucciones, insertos\" \/>\n<meta property=\"og:url\" content=\"https:\/\/legacy.registrarcorp.com\/es\/fda-labeling\/\" \/>\n<meta property=\"og:site_name\" content=\"Registrar\" \/>\n<meta property=\"article:modified_time\" content=\"2021-09-29T20:11:11+00:00\" \/>\n<meta property=\"og:image\" content=\"https:\/\/legacy.registrarcorp.com\/wp-content\/uploads\/2019\/08\/press_release.jpg\" \/>\n\t<meta property=\"og:image:width\" content=\"1650\" \/>\n\t<meta property=\"og:image:height\" content=\"500\" \/>\n\t<meta property=\"og:image:type\" content=\"image\/jpeg\" \/>\n<meta name=\"twitter:card\" content=\"summary_large_image\" \/>\n<meta name=\"twitter:label1\" content=\"Tiempo de lectura\" \/>\n\t<meta name=\"twitter:data1\" content=\"4 minutos\" \/>\n<script type=\"application\/ld+json\" class=\"yoast-schema-graph\">{\"@context\":\"https:\/\/schema.org\",\"@graph\":[{\"@type\":\"WebPage\",\"@id\":\"https:\/\/legacy.registrarcorp.com\/es\/fda-labeling\/\",\"url\":\"https:\/\/legacy.registrarcorp.com\/es\/fda-labeling\/\",\"name\":\"Reglamentos de Etiquetado de la U.S. FDA - Registrar\",\"isPartOf\":{\"@id\":\"https:\/\/legacy.registrarcorp.com\/es\/#website\"},\"primaryImageOfPage\":{\"@id\":\"https:\/\/legacy.registrarcorp.com\/es\/fda-labeling\/#primaryimage\"},\"image\":{\"@id\":\"https:\/\/legacy.registrarcorp.com\/es\/fda-labeling\/#primaryimage\"},\"thumbnailUrl\":\"https:\/\/legacy.registrarcorp.com\/wp-content\/uploads\/2019\/08\/press_release.jpg\",\"datePublished\":\"2020-01-24T17:45:35+00:00\",\"dateModified\":\"2021-09-29T20:11:11+00:00\",\"breadcrumb\":{\"@id\":\"https:\/\/legacy.registrarcorp.com\/es\/fda-labeling\/#breadcrumb\"},\"inLanguage\":\"es\",\"potentialAction\":[{\"@type\":\"ReadAction\",\"target\":[\"https:\/\/legacy.registrarcorp.com\/es\/fda-labeling\/\"]}]},{\"@type\":\"ImageObject\",\"inLanguage\":\"es\",\"@id\":\"https:\/\/legacy.registrarcorp.com\/es\/fda-labeling\/#primaryimage\",\"url\":\"https:\/\/legacy.registrarcorp.com\/wp-content\/uploads\/2019\/08\/press_release.jpg\",\"contentUrl\":\"https:\/\/legacy.registrarcorp.com\/wp-content\/uploads\/2019\/08\/press_release.jpg\",\"width\":1650,\"height\":500},{\"@type\":\"BreadcrumbList\",\"@id\":\"https:\/\/legacy.registrarcorp.com\/es\/fda-labeling\/#breadcrumb\",\"itemListElement\":[{\"@type\":\"ListItem\",\"position\":1,\"name\":\"Home\",\"item\":\"https:\/\/legacy.registrarcorp.com\/es\/\"},{\"@type\":\"ListItem\",\"position\":2,\"name\":\"Reglamentos de Etiquetado de la U.S. FDA\"}]},{\"@type\":\"WebSite\",\"@id\":\"https:\/\/legacy.registrarcorp.com\/es\/#website\",\"url\":\"https:\/\/legacy.registrarcorp.com\/es\/\",\"name\":\"Registrar\",\"description\":\"Assistance with U.S. FDA Regulations\",\"publisher\":{\"@id\":\"https:\/\/legacy.registrarcorp.com\/es\/#organization\"},\"potentialAction\":[{\"@type\":\"SearchAction\",\"target\":{\"@type\":\"EntryPoint\",\"urlTemplate\":\"https:\/\/legacy.registrarcorp.com\/es\/?s={search_term_string}\"},\"query-input\":{\"@type\":\"PropertyValueSpecification\",\"valueRequired\":true,\"valueName\":\"search_term_string\"}}],\"inLanguage\":\"es\"},{\"@type\":\"Organization\",\"@id\":\"https:\/\/legacy.registrarcorp.com\/es\/#organization\",\"name\":\"Registrar Corp\",\"url\":\"https:\/\/legacy.registrarcorp.com\/es\/\",\"logo\":{\"@type\":\"ImageObject\",\"inLanguage\":\"es\",\"@id\":\"https:\/\/legacy.registrarcorp.com\/es\/#\/schema\/logo\/image\/\",\"url\":\"https:\/\/legacy.registrarcorp.com\/wp-content\/uploads\/2019\/12\/regcorp_logo.png\",\"contentUrl\":\"https:\/\/legacy.registrarcorp.com\/wp-content\/uploads\/2019\/12\/regcorp_logo.png\",\"width\":1326,\"height\":330,\"caption\":\"Registrar Corp\"},\"image\":{\"@id\":\"https:\/\/legacy.registrarcorp.com\/es\/#\/schema\/logo\/image\/\"}}]}<\/script>\n<!-- \/ Yoast SEO Premium plugin. -->","yoast_head_json":{"title":"Reglamentos de Etiquetado de la U.S. FDA - Registrar","robots":{"index":"noindex","follow":"follow","max-snippet":"max-snippet:-1","max-image-preview":"max-image-preview:large","max-video-preview":"max-video-preview:-1"},"og_locale":"es_ES","og_type":"article","og_title":"Reglamentos de Etiquetado de la U.S. FDA","og_description":"[vc_row][vc_column][vc_row_inner][vc_column_inner][vc_column_text] Requisitos de Etiquetado U.S. FDA [\/vc_column_text][\/vc_column_inner][\/vc_row_inner][vc_row_inner css=\u00bb.vc_custom_1579889067705{margin-bottom: 20px !important;}\u00bb][vc_column_inner][vc_column_text]La Administraci\u00f3n de Alimentos y Medicamentos de los Estados Unidos (FDA) define \u201cetiquetado\u201d como \u201ctodas las etiquetas u otros materiales escritos, impresos o gr\u00e1ficos (1) sobre cualquier art\u00edculo o cualquiera de sus contenedores o envolturas, o (2) acompa\u00f1ando dicho art\u00edculo.\u201d Esto pudiera incluir empaques, instrucciones, insertos","og_url":"https:\/\/legacy.registrarcorp.com\/es\/fda-labeling\/","og_site_name":"Registrar","article_modified_time":"2021-09-29T20:11:11+00:00","og_image":[{"width":1650,"height":500,"url":"https:\/\/legacy.registrarcorp.com\/wp-content\/uploads\/2019\/08\/press_release.jpg","type":"image\/jpeg"}],"twitter_card":"summary_large_image","twitter_misc":{"Tiempo de lectura":"4 minutos"},"schema":{"@context":"https:\/\/schema.org","@graph":[{"@type":"WebPage","@id":"https:\/\/legacy.registrarcorp.com\/es\/fda-labeling\/","url":"https:\/\/legacy.registrarcorp.com\/es\/fda-labeling\/","name":"Reglamentos de Etiquetado de la U.S. FDA - Registrar","isPartOf":{"@id":"https:\/\/legacy.registrarcorp.com\/es\/#website"},"primaryImageOfPage":{"@id":"https:\/\/legacy.registrarcorp.com\/es\/fda-labeling\/#primaryimage"},"image":{"@id":"https:\/\/legacy.registrarcorp.com\/es\/fda-labeling\/#primaryimage"},"thumbnailUrl":"https:\/\/legacy.registrarcorp.com\/wp-content\/uploads\/2019\/08\/press_release.jpg","datePublished":"2020-01-24T17:45:35+00:00","dateModified":"2021-09-29T20:11:11+00:00","breadcrumb":{"@id":"https:\/\/legacy.registrarcorp.com\/es\/fda-labeling\/#breadcrumb"},"inLanguage":"es","potentialAction":[{"@type":"ReadAction","target":["https:\/\/legacy.registrarcorp.com\/es\/fda-labeling\/"]}]},{"@type":"ImageObject","inLanguage":"es","@id":"https:\/\/legacy.registrarcorp.com\/es\/fda-labeling\/#primaryimage","url":"https:\/\/legacy.registrarcorp.com\/wp-content\/uploads\/2019\/08\/press_release.jpg","contentUrl":"https:\/\/legacy.registrarcorp.com\/wp-content\/uploads\/2019\/08\/press_release.jpg","width":1650,"height":500},{"@type":"BreadcrumbList","@id":"https:\/\/legacy.registrarcorp.com\/es\/fda-labeling\/#breadcrumb","itemListElement":[{"@type":"ListItem","position":1,"name":"Home","item":"https:\/\/legacy.registrarcorp.com\/es\/"},{"@type":"ListItem","position":2,"name":"Reglamentos de Etiquetado de la U.S. FDA"}]},{"@type":"WebSite","@id":"https:\/\/legacy.registrarcorp.com\/es\/#website","url":"https:\/\/legacy.registrarcorp.com\/es\/","name":"Registrar","description":"Assistance with U.S. FDA Regulations","publisher":{"@id":"https:\/\/legacy.registrarcorp.com\/es\/#organization"},"potentialAction":[{"@type":"SearchAction","target":{"@type":"EntryPoint","urlTemplate":"https:\/\/legacy.registrarcorp.com\/es\/?s={search_term_string}"},"query-input":{"@type":"PropertyValueSpecification","valueRequired":true,"valueName":"search_term_string"}}],"inLanguage":"es"},{"@type":"Organization","@id":"https:\/\/legacy.registrarcorp.com\/es\/#organization","name":"Registrar Corp","url":"https:\/\/legacy.registrarcorp.com\/es\/","logo":{"@type":"ImageObject","inLanguage":"es","@id":"https:\/\/legacy.registrarcorp.com\/es\/#\/schema\/logo\/image\/","url":"https:\/\/legacy.registrarcorp.com\/wp-content\/uploads\/2019\/12\/regcorp_logo.png","contentUrl":"https:\/\/legacy.registrarcorp.com\/wp-content\/uploads\/2019\/12\/regcorp_logo.png","width":1326,"height":330,"caption":"Registrar Corp"},"image":{"@id":"https:\/\/legacy.registrarcorp.com\/es\/#\/schema\/logo\/image\/"}}]}},"_links":{"self":[{"href":"https:\/\/legacy.registrarcorp.com\/es\/wp-json\/wp\/v2\/pages\/40569","targetHints":{"allow":["GET"]}}],"collection":[{"href":"https:\/\/legacy.registrarcorp.com\/es\/wp-json\/wp\/v2\/pages"}],"about":[{"href":"https:\/\/legacy.registrarcorp.com\/es\/wp-json\/wp\/v2\/types\/page"}],"author":[{"embeddable":true,"href":"https:\/\/legacy.registrarcorp.com\/es\/wp-json\/wp\/v2\/users\/30"}],"replies":[{"embeddable":true,"href":"https:\/\/legacy.registrarcorp.com\/es\/wp-json\/wp\/v2\/comments?post=40569"}],"version-history":[{"count":0,"href":"https:\/\/legacy.registrarcorp.com\/es\/wp-json\/wp\/v2\/pages\/40569\/revisions"}],"wp:featuredmedia":[{"embeddable":true,"href":"https:\/\/legacy.registrarcorp.com\/es\/wp-json\/wp\/v2\/media\/403"}],"wp:attachment":[{"href":"https:\/\/legacy.registrarcorp.com\/es\/wp-json\/wp\/v2\/media?parent=40569"}],"curies":[{"name":"wp","href":"https:\/\/api.w.org\/{rel}","templated":true}]}}