{"id":39602,"date":"2016-03-14T22:54:44","date_gmt":"2016-03-15T02:54:44","guid":{"rendered":"https:\/\/regstaging.wpengine.com\/fda-cosmetics\/"},"modified":"2023-03-02T13:40:11","modified_gmt":"2023-03-02T18:40:11","slug":"fda-cosmetics","status":"publish","type":"page","link":"https:\/\/legacy.registrarcorp.com\/es\/fda-cosmetics\/","title":{"rendered":"Cosm\u00e9ticos"},"content":{"rendered":"<div class=\"wpb-content-wrapper\">[vc_section el_id=\u00bbpageHero\u00bb css=\u00bb.vc_custom_1581873021493{background-image: url(https:\/\/regstaging.wpengine.com\/wp-content\/uploads\/2020\/02\/cosmetics-hero-1.jpg?id=41190) !important;background-position: center !important;background-repeat: no-repeat !important;background-size: cover !important;}\u00bb el_class=\u00bbpage-solutions\u00bb][vc_row el_class=\u00bbpage-marquee\u00bb][vc_column][vc_column_text el_class=\u00bbhalf-width\u00bb]\n<h1>Cosm\u00e9ticos<\/h1>\n<hr \/>\n<h2>Registro con la administraci\u00f3n de alimentos y medicamentos de los estados unidos (FDA)<\/h2>\n[\/vc_column_text][vc_row_inner el_class=\u00bbrow-content-center\u00bb][vc_column_inner]<a href=\"\/es\/fda-cosmetics\/usfda-cosmetics-registration\/\" title=\"\"  data-id=\"mpc_button-4069fbd2e7a1ea8\" class=\"mpc-button mpc-init mpc-transition btn-red-white btn-header\" ><div class=\"mpc-button__content mpc-effect-type--none mpc-effect-side--none\"><span class=\"mpc-button__title mpc-transition\">Iniciar<\/span><\/div><div class=\"mpc-button__background mpc-transition mpc-effect-type--fade mpc-effect-side--in\"><\/div><\/a>[\/vc_column_inner][\/vc_row_inner][\/vc_column][\/vc_row][vc_row el_class=\u00bbhero-footer\u00bb][vc_column][vc_raw_html]JTNDZGl2JTIwY2xhc3MlM0QlMjJzb2x1dGlvbnMtaGVyby1mb290ZXIlMjIlM0UlMEElM0NzcGFuJTIwY2xhc3MlM0QlMjJ0ZXh0JTIyJTNFJUMyJUJGTm8lMjBlc3QlQzMlQTFzJTIwc2VndXJvJTIwcG9yJTIwZCVDMyVCM25kZSUyMGVtcGV6YXIlM0YlM0MlMkZzcGFuJTNFJTBBJTNDYSUyMGhyZWYlM0QlMjIlMjMlMjIlMjBjbGFzcyUzRCUyMmNoYXQtYnRuJTIwYnRuLWJsdWUtd2hpdGUlMjBidG4tZmxleCUyMiUzRSUwQSUzQ2ltZyUyMHNyYyUzRCUyMiUyRndwLWNvbnRlbnQlMkZ1cGxvYWRzJTJGMjAxOSUyRjEwJTJGQ2hhdF9idWJibGUucG5nJTIyJTIwJTJGJTNFJTBBJTNDc3BhbiUzRUNoYXRlYXIlMjBBaG9yYSUzQyUyRnNwYW4lM0UlMEElM0MlMkZhJTNFJTBBJTNDJTJGZGl2JTNF[\/vc_raw_html][\/vc_column][\/vc_row][\/vc_section][vc_section el_id=\u00bbfeaturedSolutions\u00bb][vc_row el_class=\u00bbside-by-side\u00bb][vc_column width=\u00bb1\/2&#8243; el_class=\u00bbside-left align-right hasImage\u00bb css=\u00bb.vc_custom_1581873787407{background-image: url(https:\/\/regstaging.wpengine.com\/wp-content\/uploads\/2020\/02\/cosmetic-label-scaled.jpg?id=41197) !important;background-position: center !important;background-repeat: no-repeat !important;background-size: cover !important;}\u00bb][vc_column_text el_class=\u00bbside-title-block\u00bb]\n<h2>Revisi\u00f3n de Etiquetado<br \/>\ne Ingredientes<\/h2>\n[\/vc_column_text][\/vc_column][vc_column width=\u00bb1\/2&#8243; el_class=\u00bbside-right align-left\u00bb][vc_column_text el_class=\u00bbside-text-block\u00bb]Los errores de etiquetado son la principal causa de detenciones por parte de FDA. Registrar Corp helps companies modify their cosmetic labeling to comply with FDA regulations. Registrar Corp provee archivos gr\u00e1ficos revisados listos para ser impresos o editados, y un informe que detalla las normas, el cumplimiento de las gu\u00edas, cartas de advertencia, las alertas de importaci\u00f3n, y otros documentos de orientaci\u00f3n de FDA.[\/vc_column_text][vc_column_text el_class=\u00bbside-links\u00bb]<a class=\"btn-red-white\" href=\".\/labeling\">Iniciar<\/a><\/p>\n<p><a href=\"#fee-modal\" data-fee-category=\"cosmetics-label_review\">Honorarios<\/a>[\/vc_column_text][\/vc_column][\/vc_row][vc_row el_class=\u00bbside-by-side mobile-reverse\u00bb][vc_column width=\u00bb1\/2&#8243; el_class=\u00bbside-left align-left\u00bb css=\u00bb.vc_custom_1570054217097{background-color: #3b4254 !important;background-position: center !important;background-repeat: no-repeat !important;background-size: cover !important;}\u00bb][vc_column_text el_class=\u00bbside-text-block font-white\u00bb]Ciertas compa\u00f1\u00edas de cosm\u00e9ticos con intenci\u00f3n de vender en el estado de California, EE.UU. son requeridas de reportar ingredientes en sus productos cosm\u00e9ticos que pudieran causar c\u00e1ncer, defectos de nacimiento u otros da\u00f1os reproductivos. Registrar Corp ayuda a las compa\u00f1\u00edas a determinar cu\u00e1les ingredientes en sus productos pudieran estar sujetos a estos requerimientos y reportes a California.[\/vc_column_text][vc_column_text el_class=\u00bbside-links font-white\u00bb]<a class=\"btn-red-white\" href=\".\/california-reporting\">Iniciar<\/a><\/p>\n<p><a href=\"#fee-modal\" data-fee-category=\"cosmetics-registration\">Honorarios<\/a>[\/vc_column_text][\/vc_column][vc_column width=\u00bb1\/2&#8243; el_class=\u00bbside-right align-left hasImage\u00bb css=\u00bb.vc_custom_1581873859150{background-image: url(https:\/\/regstaging.wpengine.com\/wp-content\/uploads\/2020\/02\/cosmetic-reporting-scaled.jpg?id=41204) !important;background-position: center !important;background-repeat: no-repeat !important;background-size: cover !important;}\u00bb][vc_column_text el_class=\u00bbside-title-block\u00bb]\n<h2>Reporte a la Ley de<br \/>\nCosm\u00e9ticos Seguros de California<\/h2>\n[\/vc_column_text][\/vc_column][\/vc_row][vc_row el_class=\u00bbside-by-side\u00bb][vc_column width=\u00bb1\/2&#8243; el_class=\u00bbside-left align-right hasImage\u00bb css=\u00bb.vc_custom_1581873924049{background-image: url(https:\/\/regstaging.wpengine.com\/wp-content\/uploads\/2020\/02\/cosmetic-registration-scaled.jpg?id=41211) !important;background-position: center !important;background-repeat: no-repeat !important;background-size: cover !important;}\u00bb][vc_column_text el_class=\u00bbside-title-block\u00bb]\n<h2>Requisitos de MoCRA para los cosm\u00e9ticos<\/h2>\n[\/vc_column_text][\/vc_column][vc_column width=\u00bb1\/2&#8243; el_class=\u00bbside-right align-left\u00bb][vc_column_text el_class=\u00bbside-text-block\u00bb]Bajo la Ley de Modernizaci\u00f3n de Regulaciones Cosm\u00e9ticas del 2022 (MoCRA), las empresas cosm\u00e9ticas deben cumplir con nuevas regulaciones, incluyendo el registro obligatorio de los establecimientos, listado de productos, adherencia a GMPs, y mucho m\u00e1s. Registrar Corp ayuda a las empresas cosm\u00e9ticas a prepararse y cumplir con los extensos requisitos de MoCRA.[\/vc_column_text][vc_column_text el_class=\u00bbside-links\u00bb]<a class=\"btn-red-white\" href=\"\/fda-cosmetics\/usfda-cosmetics-registration\/\">Comience Ahora<\/a><\/p>\n<p><!-- <a href=\"#fee-modal\" data-fee-category=\"cosmetics-registration\">View Pricing<\/a> \/\/-->[\/vc_column_text][\/vc_column][\/vc_row][\/vc_section][vc_section css=\u00bb.vc_custom_1574176315943{background-color: #ececec !important;}\u00bb][vc_row equal_height=\u00bbyes\u00bb el_class=\u00bbgrid-tiles\u00bb][vc_column width=\u00bb1\/2&#8243; offset=\u00bbvc_col-lg-offset-2 vc_col-lg-4 vc_col-md-6 vc_col-xs-12&#8243;][vc_column_text css=\u00bb.vc_custom_1582215713320{background-image: url(https:\/\/regstaging.wpengine.com\/wp-content\/uploads\/2020\/02\/color-additive-scaled.jpg?id=41652) !important;}\u00bb el_class=\u00bbgrid-tile-title hasImage\u00bb]\n<h2>Requisitos para<br \/>\nColorantes<\/h2>\n[\/vc_column_text][vc_column_text el_class=\u00bbgrid-tile-block\u00bb]Un aditivo colorante de cosm\u00e9ticos es cualquier colorante, pigmento, u otra sustancia que puede dar color a un producto cosm\u00e9tico. Estos aditivos est\u00e1n regulados por FDA.[\/vc_column_text][vc_column_text el_class=\u00bbgrid-tile-links\u00bb]<a class=\"btn-red-white\" href=\"\/es\/fda-color-additive\">Iniciar<\/a><\/p>\n<p><a href=\"#fee-modal\" data-fee-category=\"all-color_additive\">Honorarios<\/a>[\/vc_column_text][\/vc_column][vc_column width=\u00bb1\/2&#8243; offset=\u00bbvc_col-lg-4 vc_col-md-6 vc_col-xs-12&#8243;][vc_column_text css=\u00bb.vc_custom_1581873959333{background-image: url(https:\/\/regstaging.wpengine.com\/wp-content\/uploads\/2020\/02\/detention-scaled.jpg?id=41099) !important;}\u00bb el_class=\u00bbgrid-tile-title hasImage\u00bb]\n<h2>Asistencia<br \/>\ncon Detenciones<\/h2>\n[\/vc_column_text][vc_column_text el_class=\u00bbgrid-tile-block\u00bb]Las compa\u00f1\u00edas que exportan productos a los Estados Unidos pueden encontrar sus env\u00edos sometidos a una \u201cdetenci\u00f3n sin examen f\u00edsico\u201d por FDA. Los productos sujetos a detenci\u00f3n sin examen f\u00edsico son retenidos en el puerto de entrada, mientras que FDA realiza escrutinios, pruebas y an\u00e1lisis adicionales. Los retrasos por estas detenciones pueden resultar largos para las empresas deseosas de entregar productos a tiempo.[\/vc_column_text][vc_column_text el_class=\u00bbgrid-tile-links\u00bb]<a class=\"btn-red-white\" href=\"\/es\/fda-imports\">Iniciar<\/a><\/p>\n<p><a href=\"#fee-modal\" data-fee-category=\"all-detention\">Honorarios<\/a>[\/vc_column_text][\/vc_column][\/vc_row][\/vc_section][vc_row][vc_column]<div id=\"mpc-modal-39602-0\" class=\"mpc-modal-overlay\" data-id=\"mpc_modal-669fbd2e7a1f54\" data-position=\"middle-center\" data-frequency=\"onclick\" data-target-id=\"fee-modal\"><div class=\"mpc-modal mpc-init fee-modal\"><div class=\"mpc-modal__close\"><div data-id=\"mpc_icon-3469fbd2e7a1f82\" class=\"mpc-icon mpc-init mpc-transition mpc-effect-none mpc-icon-hover \"><div class=\"mpc-icon-wrap\"><i class=\"mpc-icon-part mpc-regular mpc-transition  fa fa-close\"><\/i><i class=\"mpc-icon-part mpc-hover mpc-transition  fa fa-close\"><\/i><\/div><\/div><\/div><div class=\"mpc-modal__content\">[vc_row_inner][vc_column_inner][vc_raw_html]JTNDaDIlM0UlM0NzcGFuJTIwY2xhc3MlM0QlMjJmZWUtc2VydmljZS1uYW1lJTIyJTNFJTNDJTJGc3BhbiUzRSUzQyUyRmgyJTNFJTBBJTNDdWwlM0UlM0MlMkZ1bCUzRQ==[\/vc_raw_html][\/vc_column_inner][\/vc_row_inner]<\/div><\/div><\/div><div class=\"mpc-modal-waypoint mpc-waypoint\" data-id=\"mpc-modal-39602-0\"><\/div>[\/vc_column][\/vc_row]\n<\/div>","protected":false},"excerpt":{"rendered":"<p>[vc_section el_id=\u00bbpageHero\u00bb css=\u00bb.vc_custom_1581873021493{background-image: url(https:\/\/regstaging.wpengine.com\/wp-content\/uploads\/2020\/02\/cosmetics-hero-1.jpg?id=41190) !important;background-position: center !important;background-repeat: no-repeat !important;background-size: cover !important;}\u00bb el_class=\u00bbpage-solutions\u00bb][vc_row el_class=\u00bbpage-marquee\u00bb][vc_column][vc_column_text el_class=\u00bbhalf-width\u00bb] Cosm\u00e9ticos Registro con la administraci\u00f3n de alimentos y medicamentos de los estados unidos (FDA) [\/vc_column_text][vc_row_inner el_class=\u00bbrow-content-center\u00bb][vc_column_inner][\/vc_column_inner][\/vc_row_inner][\/vc_column][\/vc_row][vc_row el_class=\u00bbhero-footer\u00bb][vc_column][vc_raw_html]JTNDZGl2JTIwY2xhc3MlM0QlMjJzb2x1dGlvbnMtaGVyby1mb290ZXIlMjIlM0UlMEElM0NzcGFuJTIwY2xhc3MlM0QlMjJ0ZXh0JTIyJTNFJUMyJUJGTm8lMjBlc3QlQzMlQTFzJTIwc2VndXJvJTIwcG9yJTIwZCVDMyVCM25kZSUyMGVtcGV6YXIlM0YlM0MlMkZzcGFuJTNFJTBBJTNDYSUyMGhyZWYlM0QlMjIlMjMlMjIlMjBjbGFzcyUzRCUyMmNoYXQtYnRuJTIwYnRuLWJsdWUtd2hpdGUlMjBidG4tZmxleCUyMiUzRSUwQSUzQ2ltZyUyMHNyYyUzRCUyMiUyRndwLWNvbnRlbnQlMkZ1cGxvYWRzJTJGMjAxOSUyRjEwJTJGQ2hhdF9idWJibGUucG5nJTIyJTIwJTJGJTNFJTBBJTNDc3BhbiUzRUNoYXRlYXIlMjBBaG9yYSUzQyUyRnNwYW4lM0UlMEElM0MlMkZhJTNFJTBBJTNDJTJGZGl2JTNF[\/vc_raw_html][\/vc_column][\/vc_row][\/vc_section][vc_section el_id=\u00bbfeaturedSolutions\u00bb][vc_row el_class=\u00bbside-by-side\u00bb][vc_column width=\u00bb1\/2&#8243; el_class=\u00bbside-left align-right hasImage\u00bb css=\u00bb.vc_custom_1581873787407{background-image: url(https:\/\/regstaging.wpengine.com\/wp-content\/uploads\/2020\/02\/cosmetic-label-scaled.jpg?id=41197) !important;background-position: center !important;background-repeat: no-repeat !important;background-size: cover !important;}\u00bb][vc_column_text el_class=\u00bbside-title-block\u00bb] Revisi\u00f3n de Etiquetado e Ingredientes [\/vc_column_text][\/vc_column][vc_column width=\u00bb1\/2&#8243; el_class=\u00bbside-right<\/p>\n","protected":false},"author":2,"featured_media":403,"parent":0,"menu_order":0,"comment_status":"closed","ping_status":"closed","template":"full-width-page.php","meta":{"content-type":"","om_disable_all_campaigns":false,"inline_featured_image":false,"_genesis_hide_title":false,"_genesis_hide_breadcrumbs":false,"_genesis_hide_singular_image":false,"_genesis_hide_footer_widgets":false,"_genesis_custom_body_class":"","_genesis_custom_post_class":"","_genesis_layout":"","footnotes":""},"class_list":{"0":"post-39602","1":"page","2":"type-page","3":"status-publish","4":"has-post-thumbnail","6":"entry"},"yoast_head":"<!-- This site is optimized with the Yoast SEO Premium plugin v20.9 (Yoast SEO v25.5) - https:\/\/yoast.com\/wordpress\/plugins\/seo\/ -->\n<title>Cosm\u00e9ticos - Registrar<\/title>\n<meta name=\"robots\" content=\"noindex, follow, max-snippet:-1, max-image-preview:large, max-video-preview:-1\" \/>\n<meta property=\"og:locale\" content=\"es_ES\" \/>\n<meta property=\"og:type\" content=\"article\" \/>\n<meta property=\"og:title\" content=\"Cosm\u00e9ticos\" \/>\n<meta property=\"og:description\" content=\"[vc_section el_id=\u00bbpageHero\u00bb css=\u00bb.vc_custom_1581873021493{background-image: url(https:\/\/regstaging.wpengine.com\/wp-content\/uploads\/2020\/02\/cosmetics-hero-1.jpg?id=41190) !important;background-position: center !important;background-repeat: no-repeat !important;background-size: cover !important;}\u00bb el_class=\u00bbpage-solutions\u00bb][vc_row el_class=\u00bbpage-marquee\u00bb][vc_column][vc_column_text el_class=\u00bbhalf-width\u00bb] Cosm\u00e9ticos Registro con la administraci\u00f3n de alimentos y medicamentos de los estados unidos (FDA) [\/vc_column_text][vc_row_inner el_class=\u00bbrow-content-center\u00bb][vc_column_inner][\/vc_column_inner][\/vc_row_inner][\/vc_column][\/vc_row][vc_row el_class=\u00bbhero-footer\u00bb][vc_column][vc_raw_html]JTNDZGl2JTIwY2xhc3MlM0QlMjJzb2x1dGlvbnMtaGVyby1mb290ZXIlMjIlM0UlMEElM0NzcGFuJTIwY2xhc3MlM0QlMjJ0ZXh0JTIyJTNFJUMyJUJGTm8lMjBlc3QlQzMlQTFzJTIwc2VndXJvJTIwcG9yJTIwZCVDMyVCM25kZSUyMGVtcGV6YXIlM0YlM0MlMkZzcGFuJTNFJTBBJTNDYSUyMGhyZWYlM0QlMjIlMjMlMjIlMjBjbGFzcyUzRCUyMmNoYXQtYnRuJTIwYnRuLWJsdWUtd2hpdGUlMjBidG4tZmxleCUyMiUzRSUwQSUzQ2ltZyUyMHNyYyUzRCUyMiUyRndwLWNvbnRlbnQlMkZ1cGxvYWRzJTJGMjAxOSUyRjEwJTJGQ2hhdF9idWJibGUucG5nJTIyJTIwJTJGJTNFJTBBJTNDc3BhbiUzRUNoYXRlYXIlMjBBaG9yYSUzQyUyRnNwYW4lM0UlMEElM0MlMkZhJTNFJTBBJTNDJTJGZGl2JTNF[\/vc_raw_html][\/vc_column][\/vc_row][\/vc_section][vc_section el_id=\u00bbfeaturedSolutions\u00bb][vc_row el_class=\u00bbside-by-side\u00bb][vc_column width=\u00bb1\/2&#8243; el_class=\u00bbside-left align-right hasImage\u00bb css=\u00bb.vc_custom_1581873787407{background-image: url(https:\/\/regstaging.wpengine.com\/wp-content\/uploads\/2020\/02\/cosmetic-label-scaled.jpg?id=41197) !important;background-position: center !important;background-repeat: no-repeat !important;background-size: cover !important;}\u00bb][vc_column_text el_class=\u00bbside-title-block\u00bb] Revisi\u00f3n de Etiquetado e Ingredientes [\/vc_column_text][\/vc_column][vc_column width=\u00bb1\/2&#8243; el_class=\u00bbside-right\" \/>\n<meta property=\"og:url\" content=\"https:\/\/legacy.registrarcorp.com\/es\/fda-cosmetics\/\" \/>\n<meta property=\"og:site_name\" content=\"Registrar\" \/>\n<meta property=\"article:modified_time\" content=\"2023-03-02T18:40:11+00:00\" \/>\n<meta property=\"og:image\" content=\"https:\/\/legacy.registrarcorp.com\/wp-content\/uploads\/2019\/08\/press_release.jpg\" \/>\n\t<meta property=\"og:image:width\" content=\"1650\" \/>\n\t<meta property=\"og:image:height\" content=\"500\" \/>\n\t<meta property=\"og:image:type\" content=\"image\/jpeg\" \/>\n<meta name=\"twitter:card\" content=\"summary_large_image\" \/>\n<meta name=\"twitter:label1\" content=\"Tiempo de lectura\" \/>\n\t<meta name=\"twitter:data1\" content=\"2 minutos\" \/>\n<script type=\"application\/ld+json\" class=\"yoast-schema-graph\">{\"@context\":\"https:\/\/schema.org\",\"@graph\":[{\"@type\":\"WebPage\",\"@id\":\"https:\/\/legacy.registrarcorp.com\/es\/fda-cosmetics\/\",\"url\":\"https:\/\/legacy.registrarcorp.com\/es\/fda-cosmetics\/\",\"name\":\"Cosm\u00e9ticos - Registrar\",\"isPartOf\":{\"@id\":\"https:\/\/legacy.registrarcorp.com\/es\/#website\"},\"primaryImageOfPage\":{\"@id\":\"https:\/\/legacy.registrarcorp.com\/es\/fda-cosmetics\/#primaryimage\"},\"image\":{\"@id\":\"https:\/\/legacy.registrarcorp.com\/es\/fda-cosmetics\/#primaryimage\"},\"thumbnailUrl\":\"https:\/\/legacy.registrarcorp.com\/wp-content\/uploads\/2019\/08\/press_release.jpg\",\"datePublished\":\"2016-03-15T02:54:44+00:00\",\"dateModified\":\"2023-03-02T18:40:11+00:00\",\"breadcrumb\":{\"@id\":\"https:\/\/legacy.registrarcorp.com\/es\/fda-cosmetics\/#breadcrumb\"},\"inLanguage\":\"es\",\"potentialAction\":[{\"@type\":\"ReadAction\",\"target\":[\"https:\/\/legacy.registrarcorp.com\/es\/fda-cosmetics\/\"]}]},{\"@type\":\"ImageObject\",\"inLanguage\":\"es\",\"@id\":\"https:\/\/legacy.registrarcorp.com\/es\/fda-cosmetics\/#primaryimage\",\"url\":\"https:\/\/legacy.registrarcorp.com\/wp-content\/uploads\/2019\/08\/press_release.jpg\",\"contentUrl\":\"https:\/\/legacy.registrarcorp.com\/wp-content\/uploads\/2019\/08\/press_release.jpg\",\"width\":1650,\"height\":500},{\"@type\":\"BreadcrumbList\",\"@id\":\"https:\/\/legacy.registrarcorp.com\/es\/fda-cosmetics\/#breadcrumb\",\"itemListElement\":[{\"@type\":\"ListItem\",\"position\":1,\"name\":\"Home\",\"item\":\"https:\/\/legacy.registrarcorp.com\/es\/\"},{\"@type\":\"ListItem\",\"position\":2,\"name\":\"Cosm\u00e9ticos\"}]},{\"@type\":\"WebSite\",\"@id\":\"https:\/\/legacy.registrarcorp.com\/es\/#website\",\"url\":\"https:\/\/legacy.registrarcorp.com\/es\/\",\"name\":\"Registrar\",\"description\":\"Assistance with U.S. FDA Regulations\",\"publisher\":{\"@id\":\"https:\/\/legacy.registrarcorp.com\/es\/#organization\"},\"potentialAction\":[{\"@type\":\"SearchAction\",\"target\":{\"@type\":\"EntryPoint\",\"urlTemplate\":\"https:\/\/legacy.registrarcorp.com\/es\/?s={search_term_string}\"},\"query-input\":{\"@type\":\"PropertyValueSpecification\",\"valueRequired\":true,\"valueName\":\"search_term_string\"}}],\"inLanguage\":\"es\"},{\"@type\":\"Organization\",\"@id\":\"https:\/\/legacy.registrarcorp.com\/es\/#organization\",\"name\":\"Registrar Corp\",\"url\":\"https:\/\/legacy.registrarcorp.com\/es\/\",\"logo\":{\"@type\":\"ImageObject\",\"inLanguage\":\"es\",\"@id\":\"https:\/\/legacy.registrarcorp.com\/es\/#\/schema\/logo\/image\/\",\"url\":\"https:\/\/legacy.registrarcorp.com\/wp-content\/uploads\/2019\/12\/regcorp_logo.png\",\"contentUrl\":\"https:\/\/legacy.registrarcorp.com\/wp-content\/uploads\/2019\/12\/regcorp_logo.png\",\"width\":1326,\"height\":330,\"caption\":\"Registrar Corp\"},\"image\":{\"@id\":\"https:\/\/legacy.registrarcorp.com\/es\/#\/schema\/logo\/image\/\"}}]}<\/script>\n<!-- \/ Yoast SEO Premium plugin. -->","yoast_head_json":{"title":"Cosm\u00e9ticos - Registrar","robots":{"index":"noindex","follow":"follow","max-snippet":"max-snippet:-1","max-image-preview":"max-image-preview:large","max-video-preview":"max-video-preview:-1"},"og_locale":"es_ES","og_type":"article","og_title":"Cosm\u00e9ticos","og_description":"[vc_section el_id=\u00bbpageHero\u00bb css=\u00bb.vc_custom_1581873021493{background-image: url(https:\/\/regstaging.wpengine.com\/wp-content\/uploads\/2020\/02\/cosmetics-hero-1.jpg?id=41190) !important;background-position: center !important;background-repeat: no-repeat !important;background-size: cover !important;}\u00bb el_class=\u00bbpage-solutions\u00bb][vc_row el_class=\u00bbpage-marquee\u00bb][vc_column][vc_column_text el_class=\u00bbhalf-width\u00bb] Cosm\u00e9ticos Registro con la administraci\u00f3n de alimentos y medicamentos de los estados unidos (FDA) [\/vc_column_text][vc_row_inner el_class=\u00bbrow-content-center\u00bb][vc_column_inner][\/vc_column_inner][\/vc_row_inner][\/vc_column][\/vc_row][vc_row el_class=\u00bbhero-footer\u00bb][vc_column][vc_raw_html]JTNDZGl2JTIwY2xhc3MlM0QlMjJzb2x1dGlvbnMtaGVyby1mb290ZXIlMjIlM0UlMEElM0NzcGFuJTIwY2xhc3MlM0QlMjJ0ZXh0JTIyJTNFJUMyJUJGTm8lMjBlc3QlQzMlQTFzJTIwc2VndXJvJTIwcG9yJTIwZCVDMyVCM25kZSUyMGVtcGV6YXIlM0YlM0MlMkZzcGFuJTNFJTBBJTNDYSUyMGhyZWYlM0QlMjIlMjMlMjIlMjBjbGFzcyUzRCUyMmNoYXQtYnRuJTIwYnRuLWJsdWUtd2hpdGUlMjBidG4tZmxleCUyMiUzRSUwQSUzQ2ltZyUyMHNyYyUzRCUyMiUyRndwLWNvbnRlbnQlMkZ1cGxvYWRzJTJGMjAxOSUyRjEwJTJGQ2hhdF9idWJibGUucG5nJTIyJTIwJTJGJTNFJTBBJTNDc3BhbiUzRUNoYXRlYXIlMjBBaG9yYSUzQyUyRnNwYW4lM0UlMEElM0MlMkZhJTNFJTBBJTNDJTJGZGl2JTNF[\/vc_raw_html][\/vc_column][\/vc_row][\/vc_section][vc_section el_id=\u00bbfeaturedSolutions\u00bb][vc_row el_class=\u00bbside-by-side\u00bb][vc_column width=\u00bb1\/2&#8243; el_class=\u00bbside-left align-right hasImage\u00bb css=\u00bb.vc_custom_1581873787407{background-image: url(https:\/\/regstaging.wpengine.com\/wp-content\/uploads\/2020\/02\/cosmetic-label-scaled.jpg?id=41197) !important;background-position: center !important;background-repeat: no-repeat !important;background-size: cover !important;}\u00bb][vc_column_text el_class=\u00bbside-title-block\u00bb] Revisi\u00f3n de Etiquetado e Ingredientes [\/vc_column_text][\/vc_column][vc_column width=\u00bb1\/2&#8243; el_class=\u00bbside-right","og_url":"https:\/\/legacy.registrarcorp.com\/es\/fda-cosmetics\/","og_site_name":"Registrar","article_modified_time":"2023-03-02T18:40:11+00:00","og_image":[{"width":1650,"height":500,"url":"https:\/\/legacy.registrarcorp.com\/wp-content\/uploads\/2019\/08\/press_release.jpg","type":"image\/jpeg"}],"twitter_card":"summary_large_image","twitter_misc":{"Tiempo de lectura":"2 minutos"},"schema":{"@context":"https:\/\/schema.org","@graph":[{"@type":"WebPage","@id":"https:\/\/legacy.registrarcorp.com\/es\/fda-cosmetics\/","url":"https:\/\/legacy.registrarcorp.com\/es\/fda-cosmetics\/","name":"Cosm\u00e9ticos - Registrar","isPartOf":{"@id":"https:\/\/legacy.registrarcorp.com\/es\/#website"},"primaryImageOfPage":{"@id":"https:\/\/legacy.registrarcorp.com\/es\/fda-cosmetics\/#primaryimage"},"image":{"@id":"https:\/\/legacy.registrarcorp.com\/es\/fda-cosmetics\/#primaryimage"},"thumbnailUrl":"https:\/\/legacy.registrarcorp.com\/wp-content\/uploads\/2019\/08\/press_release.jpg","datePublished":"2016-03-15T02:54:44+00:00","dateModified":"2023-03-02T18:40:11+00:00","breadcrumb":{"@id":"https:\/\/legacy.registrarcorp.com\/es\/fda-cosmetics\/#breadcrumb"},"inLanguage":"es","potentialAction":[{"@type":"ReadAction","target":["https:\/\/legacy.registrarcorp.com\/es\/fda-cosmetics\/"]}]},{"@type":"ImageObject","inLanguage":"es","@id":"https:\/\/legacy.registrarcorp.com\/es\/fda-cosmetics\/#primaryimage","url":"https:\/\/legacy.registrarcorp.com\/wp-content\/uploads\/2019\/08\/press_release.jpg","contentUrl":"https:\/\/legacy.registrarcorp.com\/wp-content\/uploads\/2019\/08\/press_release.jpg","width":1650,"height":500},{"@type":"BreadcrumbList","@id":"https:\/\/legacy.registrarcorp.com\/es\/fda-cosmetics\/#breadcrumb","itemListElement":[{"@type":"ListItem","position":1,"name":"Home","item":"https:\/\/legacy.registrarcorp.com\/es\/"},{"@type":"ListItem","position":2,"name":"Cosm\u00e9ticos"}]},{"@type":"WebSite","@id":"https:\/\/legacy.registrarcorp.com\/es\/#website","url":"https:\/\/legacy.registrarcorp.com\/es\/","name":"Registrar","description":"Assistance with U.S. FDA Regulations","publisher":{"@id":"https:\/\/legacy.registrarcorp.com\/es\/#organization"},"potentialAction":[{"@type":"SearchAction","target":{"@type":"EntryPoint","urlTemplate":"https:\/\/legacy.registrarcorp.com\/es\/?s={search_term_string}"},"query-input":{"@type":"PropertyValueSpecification","valueRequired":true,"valueName":"search_term_string"}}],"inLanguage":"es"},{"@type":"Organization","@id":"https:\/\/legacy.registrarcorp.com\/es\/#organization","name":"Registrar Corp","url":"https:\/\/legacy.registrarcorp.com\/es\/","logo":{"@type":"ImageObject","inLanguage":"es","@id":"https:\/\/legacy.registrarcorp.com\/es\/#\/schema\/logo\/image\/","url":"https:\/\/legacy.registrarcorp.com\/wp-content\/uploads\/2019\/12\/regcorp_logo.png","contentUrl":"https:\/\/legacy.registrarcorp.com\/wp-content\/uploads\/2019\/12\/regcorp_logo.png","width":1326,"height":330,"caption":"Registrar Corp"},"image":{"@id":"https:\/\/legacy.registrarcorp.com\/es\/#\/schema\/logo\/image\/"}}]}},"_links":{"self":[{"href":"https:\/\/legacy.registrarcorp.com\/es\/wp-json\/wp\/v2\/pages\/39602","targetHints":{"allow":["GET"]}}],"collection":[{"href":"https:\/\/legacy.registrarcorp.com\/es\/wp-json\/wp\/v2\/pages"}],"about":[{"href":"https:\/\/legacy.registrarcorp.com\/es\/wp-json\/wp\/v2\/types\/page"}],"author":[{"embeddable":true,"href":"https:\/\/legacy.registrarcorp.com\/es\/wp-json\/wp\/v2\/users\/2"}],"replies":[{"embeddable":true,"href":"https:\/\/legacy.registrarcorp.com\/es\/wp-json\/wp\/v2\/comments?post=39602"}],"version-history":[{"count":0,"href":"https:\/\/legacy.registrarcorp.com\/es\/wp-json\/wp\/v2\/pages\/39602\/revisions"}],"wp:featuredmedia":[{"embeddable":true,"href":"https:\/\/legacy.registrarcorp.com\/es\/wp-json\/wp\/v2\/media\/403"}],"wp:attachment":[{"href":"https:\/\/legacy.registrarcorp.com\/es\/wp-json\/wp\/v2\/media?parent=39602"}],"curies":[{"name":"wp","href":"https:\/\/api.w.org\/{rel}","templated":true}]}}