{"id":41311,"date":"2016-03-14T22:54:44","date_gmt":"2016-03-15T02:54:44","guid":{"rendered":"https:\/\/regstaging.wpengine.com\/fda-cosmetics\/"},"modified":"2023-03-02T15:11:38","modified_gmt":"2023-03-02T20:11:38","slug":"fda-cosmetics","status":"publish","type":"page","link":"https:\/\/legacy.registrarcorp.com\/de\/fda-cosmetics\/","title":{"rendered":"Kosmetika"},"content":{"rendered":"<div class=\"wpb-content-wrapper\">[vc_section el_id=&#8221;pageHero&#8221; css=&#8221;.vc_custom_1581873021493{background-image: url(https:\/\/regstaging.wpengine.com\/wp-content\/uploads\/2020\/02\/cosmetics-hero-1.jpg?id=41190) !important;background-position: center !important;background-repeat: no-repeat !important;background-size: cover !important;}&#8221; el_class=&#8221;page-solutions&#8221;][vc_row el_class=&#8221;page-marquee&#8221;][vc_column][vc_column_text el_class=&#8221;half-width&#8221;]\n<h1>Kosmetika<\/h1>\n<hr \/>\n<h2><strong>Registrieren Sie sich bei der U.S. Food and Drug Administration (FDA)<\/strong><\/h2>\n[\/vc_column_text][vc_row_inner el_class=&#8221;row-content-center&#8221;][vc_column_inner]<a href=\"\/de\/fda-cosmetics\/usfda-cosmetics-registration\/\" title=\"\"  data-id=\"mpc_button-2869fb6391e0a0c\" class=\"mpc-button mpc-init mpc-transition btn-red-white btn-header\" ><div class=\"mpc-button__content mpc-effect-type--none mpc-effect-side--none\"><span class=\"mpc-button__title mpc-transition\">Beginnen<\/span><\/div><div class=\"mpc-button__background mpc-transition mpc-effect-type--fade mpc-effect-side--in\"><\/div><\/a>[\/vc_column_inner][\/vc_row_inner][\/vc_column][\/vc_row][vc_row el_class=&#8221;hero-footer&#8221;][vc_column][vc_raw_html]JTNDZGl2JTIwY2xhc3MlM0QlMjJzb2x1dGlvbnMtaGVyby1mb290ZXIlMjIlM0UlMEElM0NzcGFuJTIwY2xhc3MlM0QlMjJ0ZXh0JTIyJTNFTmljaHQlMjBzaWNoZXIlMjB3byUyMFNpZSUyMHN0YXJ0ZW4lMjBzb2xsZW4lM0YlM0MlMkZzcGFuJTNFJTBBJTNDYSUyMGhyZWYlM0QlMjIlMjMlMjIlMjBjbGFzcyUzRCUyMmNoYXQtYnRuJTIwYnRuLWJsdWUtd2hpdGUlMjBidG4tZmxleCUyMiUzRSUwQSUzQ2ltZyUyMHNyYyUzRCUyMiUyRndwLWNvbnRlbnQlMkZ1cGxvYWRzJTJGMjAxOSUyRjEwJTJGQ2hhdF9idWJibGUucG5nJTIyJTIwJTJGJTNFJTBBJTNDc3BhbiUzRUNoYXR0ZW4lMjBTaWUlMjBqZXR6dCUzQyUyRnNwYW4lM0UlMEElM0MlMkZhJTNFJTBBJTNDJTJGZGl2JTNF[\/vc_raw_html][\/vc_column][\/vc_row][\/vc_section][vc_section el_id=&#8221;featuredSolutions&#8221;][vc_row el_class=&#8221;side-by-side&#8221;][vc_column width=&#8221;1\/2&#8243; el_class=&#8221;side-left align-right hasImage&#8221; css=&#8221;.vc_custom_1581873787407{background-image: url(https:\/\/regstaging.wpengine.com\/wp-content\/uploads\/2020\/02\/cosmetic-label-scaled.jpg?id=41197) !important;background-position: center !important;background-repeat: no-repeat !important;background-size: cover !important;}&#8221;][vc_column_text el_class=&#8221;side-title-block&#8221;]\n<h2>Etikettierung und<br \/>\nInhaltsstoff-\u00dcberpr\u00fcfung<\/h2>\n[\/vc_column_text][\/vc_column][vc_column width=&#8221;1\/2&#8243; el_class=&#8221;side-right align-left&#8221;][vc_column_text el_class=&#8221;side-text-block&#8221;]Etikettenfehler sind eine der Hauptursachen f\u00fcr Zur\u00fcckhaltungen durch die FDA. Registrar Corp unterst\u00fctzt Unternehmen dabei, ihre Kosmetikkennzeichnung an die FDA Vorschriften anzupassen. Des Weiteren liefert Registrar Corp \u00fcberarbeitete Grafikdateien, die druckbereit und bearbeitbar sind, sowie einen Bericht, der die Vorschriften, Compliance-Richtlinien, Warning Letters, Importalarme und andere Leitf\u00e4den der FDA beschreibt.[\/vc_column_text][vc_column_text el_class=&#8221;side-links&#8221;]<a class=\"btn-red-white\" href=\".\/labeling\">Beginnen<\/a><\/p>\n<p><a href=\"#fee-modal\" data-fee-category=\"cosmetics-label_review\">Preisgestaltung<\/a>[\/vc_column_text][\/vc_column][\/vc_row][vc_row el_class=&#8221;side-by-side mobile-reverse&#8221;][vc_column width=&#8221;1\/2&#8243; el_class=&#8221;side-left align-left&#8221; css=&#8221;.vc_custom_1570054217097{background-color: #3b4254 !important;background-position: center !important;background-repeat: no-repeat !important;background-size: cover !important;}&#8221;][vc_column_text el_class=&#8221;side-text-block font-white&#8221;]Bestimmte Kosmetikunternehmen, die beabsichtigen, ihre Waren im US Bundesstaat Kalifornien zu verkaufen, m\u00fcssen Inhaltsstoffe in ihren Produkten melden, die Krebs, Geburtsfehler oder andere Fortpflanzungssch\u00e4den verursachen k\u00f6nnen. Registrar Corp hilft Unternehmen festzustellen welche Inhaltsstoffe in ihren Produkten dieser Anforderung unterliegen und meldet sie Kalifornien.[\/vc_column_text][vc_column_text el_class=&#8221;side-links font-white&#8221;]<a class=\"btn-red-white\" href=\".\/california-reporting\">Beginnen<\/a><\/p>\n<p><a href=\"#fee-modal\" data-fee-category=\"cosmetics-registration\">Preisgestaltung<\/a>[\/vc_column_text][\/vc_column][vc_column width=&#8221;1\/2&#8243; el_class=&#8221;side-right align-left hasImage&#8221; css=&#8221;.vc_custom_1581873859150{background-image: url(https:\/\/regstaging.wpengine.com\/wp-content\/uploads\/2020\/02\/cosmetic-reporting-scaled.jpg?id=41204) !important;background-position: center !important;background-repeat: no-repeat !important;background-size: cover !important;}&#8221;][vc_column_text el_class=&#8221;side-title-block&#8221;]\n<h2>California Safe<br \/>\nCosmetics Act Berichterstattung<\/h2>\n[\/vc_column_text][\/vc_column][\/vc_row][vc_row el_class=&#8221;side-by-side&#8221;][vc_column width=&#8221;1\/2&#8243; el_class=&#8221;side-left align-right hasImage&#8221; css=&#8221;.vc_custom_1581873924049{background-image: url(https:\/\/regstaging.wpengine.com\/wp-content\/uploads\/2020\/02\/cosmetic-registration-scaled.jpg?id=41211) !important;background-position: center !important;background-repeat: no-repeat !important;background-size: cover !important;}&#8221;][vc_column_text el_class=&#8221;side-title-block&#8221;]\n<h2>MoCRA-Anforderungen f\u00fcr Kosmetik<\/h2>\n[\/vc_column_text][\/vc_column][vc_column width=&#8221;1\/2&#8243; el_class=&#8221;side-right align-left&#8221;][vc_column_text el_class=&#8221;side-text-block&#8221;]Gem\u00e4\u00df dem Modernization of Cosmetics Regulations Act von 2022 (MoCRA) m\u00fcssen Kosmetikunternehmen neue Vorschriften einhalten, darunter die obligatorische Einrichtungsregistrierung, Produktlistung, Einhaltung von GMPs und vieles mehr. Registrar Corp unterst\u00fctzt Kosmetikunternehmen bei der Vorbereitung auf die umfangreichen Anforderungen von MoCRA.[\/vc_column_text][vc_column_text el_class=&#8221;side-links&#8221;]<a class=\"btn-red-white\" href=\"\/de\/fda-cosmetics\/usfda-cosmetics-registration\/\">Anfangen<\/a><\/p>\n<p><!-- <a href=\"#fee-modal\" data-fee-category=\"cosmetics-registration\">View Pricing<\/a> \/\/-->[\/vc_column_text][\/vc_column][\/vc_row][\/vc_section][vc_section css=&#8221;.vc_custom_1574176315943{background-color: #ececec !important;}&#8221;][vc_row equal_height=&#8221;yes&#8221; el_class=&#8221;grid-tiles&#8221;][vc_column width=&#8221;1\/2&#8243; offset=&#8221;vc_col-lg-offset-2 vc_col-lg-4 vc_col-md-6 vc_col-xs-12&#8243;][vc_column_text css=&#8221;.vc_custom_1582215713320{background-image: url(https:\/\/regstaging.wpengine.com\/wp-content\/uploads\/2020\/02\/color-additive.jpg?id=41656) !important;}&#8221; el_class=&#8221;grid-tile-title hasImage&#8221;]\n<h2>Anforderungen f\u00fcr<br \/>\nFarbadditive<\/h2>\n[\/vc_column_text][vc_column_text el_class=&#8221;grid-tile-block&#8221;]Ein Kosmetikfarbadditiv ist jeder Farbstoff, Pigment oder eine andere Substanz, die einem Kosmetikprodukt Farbe verleihen kann. Kosmetikfarbadditive werden von der FDA reguliert.[\/vc_column_text][vc_column_text el_class=&#8221;grid-tile-links&#8221;]<a class=\"btn-red-white\" href=\"\/de\/fda-color-additive\">Beginnen<\/a><\/p>\n<p><a href=\"#fee-modal\" data-fee-category=\"all-color_additive\">Preisgestaltung<\/a>[\/vc_column_text][\/vc_column][vc_column width=&#8221;1\/2&#8243; offset=&#8221;vc_col-lg-4 vc_col-md-6 vc_col-xs-12&#8243;][vc_column_text css=&#8221;.vc_custom_1581873959333{background-image: url(https:\/\/regstaging.wpengine.com\/wp-content\/uploads\/2020\/02\/detention-scaled.jpg?id=41099) !important;}&#8221; el_class=&#8221;grid-tile-title hasImage&#8221;]\n<h2>Hilfe bei Zur\u00fcckhaltung<br \/>\nvon Ware<\/h2>\n[\/vc_column_text][vc_column_text el_class=&#8221;grid-tile-block&#8221;]Unternehmen, die Produkte in die Vereinigten Staaten versenden, k\u00f6nnen feststellen, dass ihre Sendungen von der FDA der Zur\u00fcckhaltung ohne physische Untersuchung (DWPE) unterliegen. Produkte, die DWPE unterliegen, werden am Einfuhrhafen angehalten, w\u00e4hrend die FDA zus\u00e4tzliche Pr\u00fcfungen, Tests und Analysen durchf\u00fchrt. Verz\u00f6gerungen durch DWPE k\u00f6nnen f\u00fcr Unternehmen, die ihre Produkte termingerecht liefern m\u00f6chten, unagenehm lange dauern.[\/vc_column_text][vc_column_text el_class=&#8221;grid-tile-links&#8221;]<a class=\"btn-red-white\" href=\"\/de\/fda-imports\">Beginnen<\/a><\/p>\n<p><a href=\"#fee-modal\" data-fee-category=\"all-detention\">Preisgestaltung<\/a>[\/vc_column_text][\/vc_column][\/vc_row][\/vc_section][vc_row][vc_column]<div id=\"mpc-modal-41311-0\" class=\"mpc-modal-overlay\" data-id=\"mpc_modal-8469fb6391e0a94\" data-position=\"middle-center\" data-frequency=\"onclick\" data-target-id=\"fee-modal\"><div class=\"mpc-modal mpc-init fee-modal\"><div class=\"mpc-modal__close\"><div data-id=\"mpc_icon-4569fb6391e0ae9\" class=\"mpc-icon mpc-init mpc-transition mpc-effect-none mpc-icon-hover \"><div class=\"mpc-icon-wrap\"><i class=\"mpc-icon-part mpc-regular mpc-transition  fa fa-close\"><\/i><i class=\"mpc-icon-part mpc-hover mpc-transition  fa fa-close\"><\/i><\/div><\/div><\/div><div class=\"mpc-modal__content\">[vc_row_inner][vc_column_inner][vc_raw_html]JTNDaDIlM0UlM0NzcGFuJTIwY2xhc3MlM0QlMjJmZWUtc2VydmljZS1uYW1lJTIyJTNFJTNDJTJGc3BhbiUzRSUzQyUyRmgyJTNFJTBBJTNDdWwlM0UlM0MlMkZ1bCUzRQ==[\/vc_raw_html][\/vc_column_inner][\/vc_row_inner]<\/div><\/div><\/div><div class=\"mpc-modal-waypoint mpc-waypoint\" data-id=\"mpc-modal-41311-0\"><\/div>[\/vc_column][\/vc_row]\n<\/div>","protected":false},"excerpt":{"rendered":"<p>[vc_section el_id=&#8221;pageHero&#8221; css=&#8221;.vc_custom_1581873021493{background-image: url(https:\/\/regstaging.wpengine.com\/wp-content\/uploads\/2020\/02\/cosmetics-hero-1.jpg?id=41190) !important;background-position: center !important;background-repeat: no-repeat !important;background-size: cover !important;}&#8221; el_class=&#8221;page-solutions&#8221;][vc_row el_class=&#8221;page-marquee&#8221;][vc_column][vc_column_text el_class=&#8221;half-width&#8221;] Kosmetika Registrieren Sie sich bei der U.S. Food and Drug Administration (FDA) [\/vc_column_text][vc_row_inner el_class=&#8221;row-content-center&#8221;][vc_column_inner][\/vc_column_inner][\/vc_row_inner][\/vc_column][\/vc_row][vc_row el_class=&#8221;hero-footer&#8221;][vc_column][vc_raw_html]JTNDZGl2JTIwY2xhc3MlM0QlMjJzb2x1dGlvbnMtaGVyby1mb290ZXIlMjIlM0UlMEElM0NzcGFuJTIwY2xhc3MlM0QlMjJ0ZXh0JTIyJTNFTmljaHQlMjBzaWNoZXIlMjB3byUyMFNpZSUyMHN0YXJ0ZW4lMjBzb2xsZW4lM0YlM0MlMkZzcGFuJTNFJTBBJTNDYSUyMGhyZWYlM0QlMjIlMjMlMjIlMjBjbGFzcyUzRCUyMmNoYXQtYnRuJTIwYnRuLWJsdWUtd2hpdGUlMjBidG4tZmxleCUyMiUzRSUwQSUzQ2ltZyUyMHNyYyUzRCUyMiUyRndwLWNvbnRlbnQlMkZ1cGxvYWRzJTJGMjAxOSUyRjEwJTJGQ2hhdF9idWJibGUucG5nJTIyJTIwJTJGJTNFJTBBJTNDc3BhbiUzRUNoYXR0ZW4lMjBTaWUlMjBqZXR6dCUzQyUyRnNwYW4lM0UlMEElM0MlMkZhJTNFJTBBJTNDJTJGZGl2JTNF[\/vc_raw_html][\/vc_column][\/vc_row][\/vc_section][vc_section el_id=&#8221;featuredSolutions&#8221;][vc_row el_class=&#8221;side-by-side&#8221;][vc_column width=&#8221;1\/2&#8243; el_class=&#8221;side-left align-right hasImage&#8221; css=&#8221;.vc_custom_1581873787407{background-image: url(https:\/\/regstaging.wpengine.com\/wp-content\/uploads\/2020\/02\/cosmetic-label-scaled.jpg?id=41197) !important;background-position: center !important;background-repeat: no-repeat !important;background-size: cover !important;}&#8221;][vc_column_text el_class=&#8221;side-title-block&#8221;] Etikettierung und Inhaltsstoff-\u00dcberpr\u00fcfung [\/vc_column_text][\/vc_column][vc_column width=&#8221;1\/2&#8243; el_class=&#8221;side-right align-left&#8221;][vc_column_text el_class=&#8221;side-text-block&#8221;]Etikettenfehler sind eine<\/p>\n","protected":false},"author":2,"featured_media":401,"parent":0,"menu_order":0,"comment_status":"closed","ping_status":"closed","template":"full-width-page.php","meta":{"content-type":"","om_disable_all_campaigns":false,"inline_featured_image":false,"_genesis_hide_title":false,"_genesis_hide_breadcrumbs":false,"_genesis_hide_singular_image":false,"_genesis_hide_footer_widgets":false,"_genesis_custom_body_class":"","_genesis_custom_post_class":"","_genesis_layout":"","footnotes":""},"class_list":{"0":"post-41311","1":"page","2":"type-page","3":"status-publish","4":"has-post-thumbnail","6":"entry"},"yoast_head":"<!-- This site is optimized with the Yoast SEO Premium plugin v20.9 (Yoast SEO v25.5) - https:\/\/yoast.com\/wordpress\/plugins\/seo\/ -->\n<title>Kosmetika - Registrar<\/title>\n<meta name=\"robots\" content=\"noindex, follow, max-snippet:-1, max-image-preview:large, max-video-preview:-1\" \/>\n<meta property=\"og:locale\" content=\"de_DE\" \/>\n<meta property=\"og:type\" content=\"article\" \/>\n<meta property=\"og:title\" content=\"Kosmetika\" \/>\n<meta property=\"og:description\" content=\"[vc_section el_id=&#8221;pageHero&#8221; css=&#8221;.vc_custom_1581873021493{background-image: url(https:\/\/regstaging.wpengine.com\/wp-content\/uploads\/2020\/02\/cosmetics-hero-1.jpg?id=41190) !important;background-position: center !important;background-repeat: no-repeat !important;background-size: cover !important;}&#8221; el_class=&#8221;page-solutions&#8221;][vc_row el_class=&#8221;page-marquee&#8221;][vc_column][vc_column_text el_class=&#8221;half-width&#8221;] Kosmetika Registrieren Sie sich bei der U.S. Food and Drug Administration (FDA) [\/vc_column_text][vc_row_inner el_class=&#8221;row-content-center&#8221;][vc_column_inner][\/vc_column_inner][\/vc_row_inner][\/vc_column][\/vc_row][vc_row el_class=&#8221;hero-footer&#8221;][vc_column][vc_raw_html]JTNDZGl2JTIwY2xhc3MlM0QlMjJzb2x1dGlvbnMtaGVyby1mb290ZXIlMjIlM0UlMEElM0NzcGFuJTIwY2xhc3MlM0QlMjJ0ZXh0JTIyJTNFTmljaHQlMjBzaWNoZXIlMjB3byUyMFNpZSUyMHN0YXJ0ZW4lMjBzb2xsZW4lM0YlM0MlMkZzcGFuJTNFJTBBJTNDYSUyMGhyZWYlM0QlMjIlMjMlMjIlMjBjbGFzcyUzRCUyMmNoYXQtYnRuJTIwYnRuLWJsdWUtd2hpdGUlMjBidG4tZmxleCUyMiUzRSUwQSUzQ2ltZyUyMHNyYyUzRCUyMiUyRndwLWNvbnRlbnQlMkZ1cGxvYWRzJTJGMjAxOSUyRjEwJTJGQ2hhdF9idWJibGUucG5nJTIyJTIwJTJGJTNFJTBBJTNDc3BhbiUzRUNoYXR0ZW4lMjBTaWUlMjBqZXR6dCUzQyUyRnNwYW4lM0UlMEElM0MlMkZhJTNFJTBBJTNDJTJGZGl2JTNF[\/vc_raw_html][\/vc_column][\/vc_row][\/vc_section][vc_section el_id=&#8221;featuredSolutions&#8221;][vc_row el_class=&#8221;side-by-side&#8221;][vc_column width=&#8221;1\/2&#8243; el_class=&#8221;side-left align-right hasImage&#8221; css=&#8221;.vc_custom_1581873787407{background-image: url(https:\/\/regstaging.wpengine.com\/wp-content\/uploads\/2020\/02\/cosmetic-label-scaled.jpg?id=41197) !important;background-position: center !important;background-repeat: no-repeat !important;background-size: cover !important;}&#8221;][vc_column_text el_class=&#8221;side-title-block&#8221;] Etikettierung und Inhaltsstoff-\u00dcberpr\u00fcfung [\/vc_column_text][\/vc_column][vc_column width=&#8221;1\/2&#8243; el_class=&#8221;side-right align-left&#8221;][vc_column_text el_class=&#8221;side-text-block&#8221;]Etikettenfehler sind eine\" \/>\n<meta property=\"og:url\" content=\"https:\/\/legacy.registrarcorp.com\/de\/fda-cosmetics\/\" \/>\n<meta property=\"og:site_name\" content=\"Registrar\" \/>\n<meta property=\"article:modified_time\" content=\"2023-03-02T20:11:38+00:00\" \/>\n<meta property=\"og:image\" content=\"https:\/\/legacy.registrarcorp.com\/wp-content\/uploads\/2019\/08\/press_release.jpg\" \/>\n\t<meta property=\"og:image:width\" content=\"1650\" \/>\n\t<meta property=\"og:image:height\" content=\"500\" \/>\n\t<meta property=\"og:image:type\" content=\"image\/jpeg\" \/>\n<meta name=\"twitter:card\" content=\"summary_large_image\" \/>\n<meta name=\"twitter:label1\" content=\"Est. reading time\" \/>\n\t<meta name=\"twitter:data1\" content=\"2 minutes\" \/>\n<script type=\"application\/ld+json\" class=\"yoast-schema-graph\">{\"@context\":\"https:\/\/schema.org\",\"@graph\":[{\"@type\":\"WebPage\",\"@id\":\"https:\/\/legacy.registrarcorp.com\/de\/fda-cosmetics\/\",\"url\":\"https:\/\/legacy.registrarcorp.com\/de\/fda-cosmetics\/\",\"name\":\"Kosmetika - Registrar\",\"isPartOf\":{\"@id\":\"https:\/\/legacy.registrarcorp.com\/de\/#website\"},\"primaryImageOfPage\":{\"@id\":\"https:\/\/legacy.registrarcorp.com\/de\/fda-cosmetics\/#primaryimage\"},\"image\":{\"@id\":\"https:\/\/legacy.registrarcorp.com\/de\/fda-cosmetics\/#primaryimage\"},\"thumbnailUrl\":\"https:\/\/legacy.registrarcorp.com\/wp-content\/uploads\/2019\/08\/press_release.jpg\",\"datePublished\":\"2016-03-15T02:54:44+00:00\",\"dateModified\":\"2023-03-02T20:11:38+00:00\",\"breadcrumb\":{\"@id\":\"https:\/\/legacy.registrarcorp.com\/de\/fda-cosmetics\/#breadcrumb\"},\"inLanguage\":\"de\",\"potentialAction\":[{\"@type\":\"ReadAction\",\"target\":[\"https:\/\/legacy.registrarcorp.com\/de\/fda-cosmetics\/\"]}]},{\"@type\":\"ImageObject\",\"inLanguage\":\"de\",\"@id\":\"https:\/\/legacy.registrarcorp.com\/de\/fda-cosmetics\/#primaryimage\",\"url\":\"https:\/\/legacy.registrarcorp.com\/wp-content\/uploads\/2019\/08\/press_release.jpg\",\"contentUrl\":\"https:\/\/legacy.registrarcorp.com\/wp-content\/uploads\/2019\/08\/press_release.jpg\",\"width\":1650,\"height\":500},{\"@type\":\"BreadcrumbList\",\"@id\":\"https:\/\/legacy.registrarcorp.com\/de\/fda-cosmetics\/#breadcrumb\",\"itemListElement\":[{\"@type\":\"ListItem\",\"position\":1,\"name\":\"Home\",\"item\":\"https:\/\/legacy.registrarcorp.com\/de\/\"},{\"@type\":\"ListItem\",\"position\":2,\"name\":\"Kosmetika\"}]},{\"@type\":\"WebSite\",\"@id\":\"https:\/\/legacy.registrarcorp.com\/de\/#website\",\"url\":\"https:\/\/legacy.registrarcorp.com\/de\/\",\"name\":\"Registrar\",\"description\":\"Assistance with U.S. FDA Regulations\",\"publisher\":{\"@id\":\"https:\/\/legacy.registrarcorp.com\/de\/#organization\"},\"potentialAction\":[{\"@type\":\"SearchAction\",\"target\":{\"@type\":\"EntryPoint\",\"urlTemplate\":\"https:\/\/legacy.registrarcorp.com\/de\/?s={search_term_string}\"},\"query-input\":{\"@type\":\"PropertyValueSpecification\",\"valueRequired\":true,\"valueName\":\"search_term_string\"}}],\"inLanguage\":\"de\"},{\"@type\":\"Organization\",\"@id\":\"https:\/\/legacy.registrarcorp.com\/de\/#organization\",\"name\":\"Registrar Corp\",\"url\":\"https:\/\/legacy.registrarcorp.com\/de\/\",\"logo\":{\"@type\":\"ImageObject\",\"inLanguage\":\"de\",\"@id\":\"https:\/\/legacy.registrarcorp.com\/de\/#\/schema\/logo\/image\/\",\"url\":\"https:\/\/legacy.registrarcorp.com\/wp-content\/uploads\/2019\/12\/regcorp_logo.png\",\"contentUrl\":\"https:\/\/legacy.registrarcorp.com\/wp-content\/uploads\/2019\/12\/regcorp_logo.png\",\"width\":1326,\"height\":330,\"caption\":\"Registrar Corp\"},\"image\":{\"@id\":\"https:\/\/legacy.registrarcorp.com\/de\/#\/schema\/logo\/image\/\"}}]}<\/script>\n<!-- \/ Yoast SEO Premium plugin. -->","yoast_head_json":{"title":"Kosmetika - Registrar","robots":{"index":"noindex","follow":"follow","max-snippet":"max-snippet:-1","max-image-preview":"max-image-preview:large","max-video-preview":"max-video-preview:-1"},"og_locale":"de_DE","og_type":"article","og_title":"Kosmetika","og_description":"[vc_section el_id=&#8221;pageHero&#8221; css=&#8221;.vc_custom_1581873021493{background-image: url(https:\/\/regstaging.wpengine.com\/wp-content\/uploads\/2020\/02\/cosmetics-hero-1.jpg?id=41190) !important;background-position: center !important;background-repeat: no-repeat !important;background-size: cover !important;}&#8221; el_class=&#8221;page-solutions&#8221;][vc_row el_class=&#8221;page-marquee&#8221;][vc_column][vc_column_text el_class=&#8221;half-width&#8221;] Kosmetika Registrieren Sie sich bei der U.S. Food and Drug Administration (FDA) [\/vc_column_text][vc_row_inner el_class=&#8221;row-content-center&#8221;][vc_column_inner][\/vc_column_inner][\/vc_row_inner][\/vc_column][\/vc_row][vc_row el_class=&#8221;hero-footer&#8221;][vc_column][vc_raw_html]JTNDZGl2JTIwY2xhc3MlM0QlMjJzb2x1dGlvbnMtaGVyby1mb290ZXIlMjIlM0UlMEElM0NzcGFuJTIwY2xhc3MlM0QlMjJ0ZXh0JTIyJTNFTmljaHQlMjBzaWNoZXIlMjB3byUyMFNpZSUyMHN0YXJ0ZW4lMjBzb2xsZW4lM0YlM0MlMkZzcGFuJTNFJTBBJTNDYSUyMGhyZWYlM0QlMjIlMjMlMjIlMjBjbGFzcyUzRCUyMmNoYXQtYnRuJTIwYnRuLWJsdWUtd2hpdGUlMjBidG4tZmxleCUyMiUzRSUwQSUzQ2ltZyUyMHNyYyUzRCUyMiUyRndwLWNvbnRlbnQlMkZ1cGxvYWRzJTJGMjAxOSUyRjEwJTJGQ2hhdF9idWJibGUucG5nJTIyJTIwJTJGJTNFJTBBJTNDc3BhbiUzRUNoYXR0ZW4lMjBTaWUlMjBqZXR6dCUzQyUyRnNwYW4lM0UlMEElM0MlMkZhJTNFJTBBJTNDJTJGZGl2JTNF[\/vc_raw_html][\/vc_column][\/vc_row][\/vc_section][vc_section el_id=&#8221;featuredSolutions&#8221;][vc_row el_class=&#8221;side-by-side&#8221;][vc_column width=&#8221;1\/2&#8243; el_class=&#8221;side-left align-right hasImage&#8221; css=&#8221;.vc_custom_1581873787407{background-image: url(https:\/\/regstaging.wpengine.com\/wp-content\/uploads\/2020\/02\/cosmetic-label-scaled.jpg?id=41197) !important;background-position: center !important;background-repeat: no-repeat !important;background-size: cover !important;}&#8221;][vc_column_text el_class=&#8221;side-title-block&#8221;] Etikettierung und Inhaltsstoff-\u00dcberpr\u00fcfung [\/vc_column_text][\/vc_column][vc_column width=&#8221;1\/2&#8243; el_class=&#8221;side-right align-left&#8221;][vc_column_text el_class=&#8221;side-text-block&#8221;]Etikettenfehler sind eine","og_url":"https:\/\/legacy.registrarcorp.com\/de\/fda-cosmetics\/","og_site_name":"Registrar","article_modified_time":"2023-03-02T20:11:38+00:00","og_image":[{"width":1650,"height":500,"url":"https:\/\/legacy.registrarcorp.com\/wp-content\/uploads\/2019\/08\/press_release.jpg","type":"image\/jpeg"}],"twitter_card":"summary_large_image","twitter_misc":{"Est. reading time":"2 minutes"},"schema":{"@context":"https:\/\/schema.org","@graph":[{"@type":"WebPage","@id":"https:\/\/legacy.registrarcorp.com\/de\/fda-cosmetics\/","url":"https:\/\/legacy.registrarcorp.com\/de\/fda-cosmetics\/","name":"Kosmetika - Registrar","isPartOf":{"@id":"https:\/\/legacy.registrarcorp.com\/de\/#website"},"primaryImageOfPage":{"@id":"https:\/\/legacy.registrarcorp.com\/de\/fda-cosmetics\/#primaryimage"},"image":{"@id":"https:\/\/legacy.registrarcorp.com\/de\/fda-cosmetics\/#primaryimage"},"thumbnailUrl":"https:\/\/legacy.registrarcorp.com\/wp-content\/uploads\/2019\/08\/press_release.jpg","datePublished":"2016-03-15T02:54:44+00:00","dateModified":"2023-03-02T20:11:38+00:00","breadcrumb":{"@id":"https:\/\/legacy.registrarcorp.com\/de\/fda-cosmetics\/#breadcrumb"},"inLanguage":"de","potentialAction":[{"@type":"ReadAction","target":["https:\/\/legacy.registrarcorp.com\/de\/fda-cosmetics\/"]}]},{"@type":"ImageObject","inLanguage":"de","@id":"https:\/\/legacy.registrarcorp.com\/de\/fda-cosmetics\/#primaryimage","url":"https:\/\/legacy.registrarcorp.com\/wp-content\/uploads\/2019\/08\/press_release.jpg","contentUrl":"https:\/\/legacy.registrarcorp.com\/wp-content\/uploads\/2019\/08\/press_release.jpg","width":1650,"height":500},{"@type":"BreadcrumbList","@id":"https:\/\/legacy.registrarcorp.com\/de\/fda-cosmetics\/#breadcrumb","itemListElement":[{"@type":"ListItem","position":1,"name":"Home","item":"https:\/\/legacy.registrarcorp.com\/de\/"},{"@type":"ListItem","position":2,"name":"Kosmetika"}]},{"@type":"WebSite","@id":"https:\/\/legacy.registrarcorp.com\/de\/#website","url":"https:\/\/legacy.registrarcorp.com\/de\/","name":"Registrar","description":"Assistance with U.S. FDA Regulations","publisher":{"@id":"https:\/\/legacy.registrarcorp.com\/de\/#organization"},"potentialAction":[{"@type":"SearchAction","target":{"@type":"EntryPoint","urlTemplate":"https:\/\/legacy.registrarcorp.com\/de\/?s={search_term_string}"},"query-input":{"@type":"PropertyValueSpecification","valueRequired":true,"valueName":"search_term_string"}}],"inLanguage":"de"},{"@type":"Organization","@id":"https:\/\/legacy.registrarcorp.com\/de\/#organization","name":"Registrar Corp","url":"https:\/\/legacy.registrarcorp.com\/de\/","logo":{"@type":"ImageObject","inLanguage":"de","@id":"https:\/\/legacy.registrarcorp.com\/de\/#\/schema\/logo\/image\/","url":"https:\/\/legacy.registrarcorp.com\/wp-content\/uploads\/2019\/12\/regcorp_logo.png","contentUrl":"https:\/\/legacy.registrarcorp.com\/wp-content\/uploads\/2019\/12\/regcorp_logo.png","width":1326,"height":330,"caption":"Registrar Corp"},"image":{"@id":"https:\/\/legacy.registrarcorp.com\/de\/#\/schema\/logo\/image\/"}}]}},"_links":{"self":[{"href":"https:\/\/legacy.registrarcorp.com\/de\/wp-json\/wp\/v2\/pages\/41311","targetHints":{"allow":["GET"]}}],"collection":[{"href":"https:\/\/legacy.registrarcorp.com\/de\/wp-json\/wp\/v2\/pages"}],"about":[{"href":"https:\/\/legacy.registrarcorp.com\/de\/wp-json\/wp\/v2\/types\/page"}],"author":[{"embeddable":true,"href":"https:\/\/legacy.registrarcorp.com\/de\/wp-json\/wp\/v2\/users\/2"}],"replies":[{"embeddable":true,"href":"https:\/\/legacy.registrarcorp.com\/de\/wp-json\/wp\/v2\/comments?post=41311"}],"version-history":[{"count":0,"href":"https:\/\/legacy.registrarcorp.com\/de\/wp-json\/wp\/v2\/pages\/41311\/revisions"}],"wp:featuredmedia":[{"embeddable":true,"href":"https:\/\/legacy.registrarcorp.com\/de\/wp-json\/wp\/v2\/media\/401"}],"wp:attachment":[{"href":"https:\/\/legacy.registrarcorp.com\/de\/wp-json\/wp\/v2\/media?parent=41311"}],"curies":[{"name":"wp","href":"https:\/\/api.w.org\/{rel}","templated":true}]}}