{"id":41032,"date":"2020-01-14T15:43:03","date_gmt":"2020-01-14T15:43:03","guid":{"rendered":"https:\/\/regstaging.wpengine.com\/registration-4\/"},"modified":"2021-07-06T09:48:34","modified_gmt":"2021-07-06T13:48:34","slug":"registration","status":"publish","type":"page","link":"https:\/\/legacy.registrarcorp.com\/de\/fda-medical-devices\/registration\/","title":{"rendered":"US FDA Medizinprodukt-Registrierung"},"content":{"rendered":"<div class=\"wpb-content-wrapper\">[vc_row el_id=&#8221;deadlineBar&#8221; el_class=&#8221;hidden&#8221;][vc_column]<div id=\"section-49848\" class=\" ss-element gusta-section-vc-element \"><div class=\"section-container\">[vc_section css=\".vc_custom_1625576502073{background-color: #f18805 !important;}\"][vc_row][vc_column][vc_row_inner][vc_column_inner][vc_raw_html]JTNDaDMlM0UlM0NzdHJvbmclM0VaZWl0bGljaCUyMEJlZnJpc3RldGVzJTIwQW5nZWJvdCUzQSUzQyUyRnN0cm9uZyUzRSVDMiVBMFdlbm4lMjBTaWUlMjBzaWNoJTIwaGV1dGUlMjBhbm1lbGRlbiUyQyUyMGVyaGFsdGVuJTIwU2llJUMyJUEwJTNDc3Ryb25nJTIwY2xhc3MlM0QlMjJtb250aERpZmZlcmVuY2UlMjIlM0UxOCUyME1vbmF0ZSUzQyUyRnN0cm9uZyUzRSVDMiVBMFJlZ2lzdHJpZXJ1bmdzLSUyMHVuZCUyMFVTLUFnZW50ZW5zZXJ2aWNlJTIwenVtJTIwJTNDc3Ryb25nJTNFUHJlaXMlMjB2b24lMjAxMiUyME1vbmF0ZW4lM0MlMkZzdHJvbmclM0UuJTNDJTJGaDMlM0U=[\/vc_raw_html][\/vc_column_inner][\/vc_row_inner][\/vc_column][\/vc_row][\/vc_section][vc_row][vc_column][vc_raw_js]JTNDc2NyaXB0JTNFJTIwalF1ZXJ5JTI4ZG9jdW1lbnQlMjkub24lMjglMjdnZm9ybV9wb3N0X3JlbmRlciUyNyUyQ2Z1bmN0aW9uJTI4JTI5JTdCJTBBJTIwJTIwJTIwJTIwalF1ZXJ5JTI4JTI3JTIzZGVhZGxpbmVCYXIlMjclMjkuYWRkQ2xhc3MlMjglMjdoaWRkZW4lMjclMjklM0IlMEElMjAlMjAlMjAlMjBpZiUyOGdsb2JhbERhdGEuZ2V0Q3VycmVudERhdGVBbmRUaW1lJTI4JTI5LmdldEZ1bGxZZWFyJTI4JTI5JTIwJTNDJTIwZ2xvYmFsRGF0YS5nZXRSZW5ld2FsU3RhdHVzJTI4JTI5LnNlcnZpY2VZZWFyJTI5JTdCJTBBJTIwJTIwJTIwJTIwalF1ZXJ5JTI4JTI3JTIzZGVhZGxpbmVCYXIlMjAubW9udGhEaWZmZXJlbmNlJTI3JTI5LnRleHQlMjglMjhuZXclMjBEYXRlJTI4Z2xvYmFsRGF0YS5nZXRSZW5ld2FsU3RhdHVzJTI4JTI5LnNlcnZpY2VZZWFyLTElMkMxMSUyQzMxJTI5LmdldE1vbnRoJTI4JTI5JTIwJTJCJTIwMSUyOSUyMC0lMjAlMjhnbG9iYWxEYXRhLmdldEN1cnJlbnREYXRlQW5kVGltZSUyOCUyOS5nZXRNb250aCUyOCUyOSUyOSUyMCUyQiUyMDEyJTIwJTJCJTIwJTI3JTIwTW9uYXRlJTI3JTI5JTBBJTIwJTIwJTIwJTIwalF1ZXJ5JTI4JTI3JTIzZGVhZGxpbmVCYXIlMjclMjkucmVtb3ZlQ2xhc3MlMjglMjdoaWRkZW4lMjclMjklM0IlMjAlMEElMjAlMjAlMjAlMjAlN0QlMEElN0QlMjklM0IlMjAlMEElM0MlMkZzY3JpcHQlM0U=[\/vc_raw_js][\/vc_column][\/vc_row][vc_row][vc_column][vc_raw_html]JTNDc3R5bGUlM0UlMEElMjNkZWFkbGluZUJhciU3QiUwQSUyMCUyMCUyMCUyMGJhY2tncm91bmQlM0ElMjNmMTg4MDUlM0IlMEElMjAlMjAlMjAlMjBwYWRkaW5nJTNBJTIwMjBweCUzQiUwQSUyMCUyMCUyMCUyMHRleHQtYWxpZ24lM0ElMjBjZW50ZXIlM0IlMEElN0QlMEElMjNkZWFkbGluZUJhciUyMC52Y19jb2x1bW4taW5uZXIlMjAlN0IlMEElMjAlMjAlMjAlMjBwYWRkaW5nLXRvcCUzQSUyMDAlM0IlMEElN0QlMEElMjNkZWFkbGluZUJhciUyMGgzJTdCJTBBJTIwJTIwJTIwJTIwY29sb3IlM0ElMjAlMjNmZmYlM0IlMEElMjAlMjAlMjAlMjBkaXNwbGF5JTNBJTIwaW5saW5lLWJsb2NrJTNCJTBBJTIwJTIwJTIwJTIwbWFyZ2luJTNBJTIwMCUzQiUwQSUyMCUyMCUyMCUyMGZvbnQtd2VpZ2h0JTNBJTIwNDAwJTNCJTBBJTdEJTBBJTBBJTNDJTJGc3R5bGUlM0U=[\/vc_raw_html][\/vc_column][\/vc_row]\r\n<\/div><\/div>[\/vc_column][\/vc_row][vc_section el_id=&#8221;section-app&#8221;][vc_row el_class=&#8221;tile-box&#8221;][vc_column][vc_column_text]\n<h2 class=\"page-header\">US FDA Medizinprodukt-Registrierung <span class=\"renewal-text hidden\">und -Erneuerung<\/span><\/h2>\n<p class=\"page-text\">Unternehmen, die an der Herstellung oder dem Vertrieb von Medizinprodukten f\u00fcr die Verwendung in den USA beteiligt sind, m\u00fcssen sich bei der US Food and Drug Administration (FDA) registrieren lassen. Unternehmen au\u00dferhalb der USA m\u00fcssen auch einen US-Agenten f\u00fcr die FDA-Kommunikation benennen.<\/p>\n<h4 id=\"front-header\" class=\"page-text\" style=\"text-align: center;\">Registrierung und US-Agentendienste f\u00fcr Medizinger\u00e4teunternehmen weltweit<\/h4>\n<p class=\"page-text\" style=\"text-align: center;\">Schlie\u00dfen Sie sich mehr als 2.000 Medizinger\u00e4teunternehmen an, die Registrar Corp bei der <a class=\"value-button\" href=\"#\">Verwaltung ihrer US FDA-Registrierung vertrauen.<\/a><\/p>\n[\/vc_column_text][vc_raw_html]JTNDZGl2JTIwY2xhc3MlM0QlMjJwcm9ncmVzcy1jb250YWluZXIlMjBoaWRkZW4lMjIlM0UlM0NkaXYlMjBjbGFzcyUzRCUyMnByb2dyZXNzLWJhciUyMiUzRSUzQyUyRmRpdiUzRSUzQyUyRmRpdiUzRQ==[\/vc_raw_html][vc_raw_html]JTVCZ3Jhdml0eWZvcm0lMjBpZCUzRCUyMjglMjIlMjB0aXRsZSUzRCUyMmZhbHNlJTIyJTIwZGVzY3JpcHRpb24lM0QlMjJmYWxzZSUyMiUyMGFqYXglM0QlMjJ0cnVlJTIyJTIwZmllbGRfdmFsdWVzJTNEJTIyZmxvd190eXBlJTNEbWVkaWNhbF9kZXZpY2UlMjIlNUQlMEElM0NzY3JpcHQlMjBzcmMlM0QlMjIlMkZ3cC1jb250ZW50JTJGdGhlbWVzJTJGZ2VuZXNpcy1zYW1wbGUlMkZqYXZhc2NyaXB0cyUyRmNvdW50cnlTdGF0ZURhdGEuanMlMjIlM0UlM0MlMkZzY3JpcHQlM0UlMEElM0NzY3JpcHQlMjBzcmMlM0QlMjIlMkZ3cC1jb250ZW50JTJGdGhlbWVzJTJGZ2VuZXNpcy1zYW1wbGUlMkZqYXZhc2NyaXB0cyUyRmNvcnBEZXNpZ25hdGlvbkRhdGEuanMlMjIlM0UlM0MlMkZzY3JpcHQlM0UlMEElM0NzY3JpcHQlMjBzcmMlM0QlMjIlMkZ3cC1jb250ZW50JTJGdGhlbWVzJTJGZ2VuZXNpcy1zYW1wbGUlMkZqYXZhc2NyaXB0cyUyRmFncmVlbWVudHMuanMlMjIlM0UlM0MlMkZzY3JpcHQlM0UlMEElM0NzY3JpcHQlMjBzcmMlM0QlMjIlMkZ3cC1jb250ZW50JTJGdGhlbWVzJTJGZ2VuZXNpcy1zYW1wbGUlMkZqYXZhc2NyaXB0cyUyRmZkYXJlZy5qcyUyMiUzRSUzQyUyRnNjcmlwdCUzRSUwQSUzQ2ElMjBjbGFzcyUzRCUyMmhpZGRlbiUyMiUyMGlkJTNEJTIyYWdyZWVtZW50LWJ1dHRvbiUyMiUyMGhyZWYlM0QlMjIlMjNhZ3JlZW1lbnQtbW9kYWwlMjIlM0UlM0MlMkZhJTNFJTBBJTNDYSUyMGNsYXNzJTNEJTIyaGlkZGVuJTIyJTIwaWQlM0QlMjJ2YWx1ZS1idXR0b24lMjIlMjBocmVmJTNEJTIyJTIzdmFsdWUtbW9kYWwlMjIlM0UlM0MlMkZhJTNFJTBB[\/vc_raw_html][vc_column_text]\n<p class=\"page-text\" style=\"text-align: center;\"><a class=\"verify-link\" href=\".\/verification\">Mein Betrieb ist registriert. \u00dcberpr\u00fcfen Sie (kostenlos), ob meine FDA-Registrierung g\u00fcltig ist.<\/a><\/p>\n[\/vc_column_text]<div id=\"mpc-modal-41032-0\" class=\"mpc-modal-overlay\" data-id=\"mpc_modal-3869fbcbf8f0b8b\" data-position=\"middle-center\" data-frequency=\"onclick\" data-target-id=\"value-modal\"><div class=\"mpc-modal mpc-init \"><div class=\"mpc-modal__close\"><div data-id=\"mpc_icon-9969fbcbf8f0bce\" class=\"mpc-icon mpc-init mpc-transition mpc-effect-none mpc-icon-hover \"><div class=\"mpc-icon-wrap\"><i class=\"mpc-icon-part mpc-regular mpc-transition  fa fa-close\"><\/i><i class=\"mpc-icon-part mpc-hover mpc-transition  fa fa-close\"><\/i><\/div><\/div><\/div><div class=\"mpc-modal__content\">[vc_row_inner][vc_column_inner][vc_raw_html]JTNDZGl2JTIwaWQlM0QlMjJ2YWx1ZS1zdW1tYXJ5JTIyJTNFJTNDJTJGZGl2JTNF[\/vc_raw_html][\/vc_column_inner][\/vc_row_inner]<\/div><\/div><\/div><div class=\"mpc-modal-waypoint mpc-waypoint\" data-id=\"mpc-modal-41032-0\"><\/div><div id=\"mpc-modal-41032-1\" class=\"mpc-modal-overlay\" data-id=\"mpc_modal-2669fbcbf8f0c49\" data-position=\"middle-center\" data-frequency=\"onclick\" data-target-id=\"agreement-modal\"><div class=\"mpc-modal mpc-init \"><div class=\"mpc-modal__close\"><div data-id=\"mpc_icon-1269fbcbf8f0c6b\" class=\"mpc-icon mpc-init mpc-transition mpc-effect-none mpc-icon-hover \"><div class=\"mpc-icon-wrap\"><i class=\"mpc-icon-part mpc-regular mpc-transition  fa fa-close\"><\/i><i class=\"mpc-icon-part mpc-hover mpc-transition  fa fa-close\"><\/i><\/div><\/div><\/div><div class=\"mpc-modal__content\">[vc_row_inner][vc_column_inner][vc_raw_html]JTNDZGl2JTIwaWQlM0QlMjJhZ3JlZW1lbnQlMjIlM0UlM0MlMkZkaXYlM0U=[\/vc_raw_html][\/vc_column_inner][\/vc_row_inner]<\/div><\/div><\/div><div class=\"mpc-modal-waypoint mpc-waypoint\" data-id=\"mpc-modal-41032-1\"><\/div>[\/vc_column][\/vc_row][\/vc_section][vc_row][vc_column][vc_raw_js]JTNDc2NyaXB0JTNFJTIwJTBBdmFyJTIwcmVuZXdhbFN0YXR1cyUyMCUzRCUyMGdsb2JhbERhdGEuZ2V0UmVuZXdhbFN0YXR1cyUyOCUyOSUzQiUwQWlmJTI4cmVuZXdhbFN0YXR1cy5pc1JlbmV3YWxQZXJpb2QlMjklN0IlMEElMjAlMjAlMjAlMjBqUXVlcnklMjglMjcucGFnZS1oZWFkZXIlMjAucmVuZXdhbC10ZXh0JTI3JTI5LnJlbW92ZUNsYXNzJTI4JTI3aGlkZGVuJTI3JTI5JTNCJTBBJTdEJTIwZWxzZSU3QiUwQSUyMCUyMCUyMCUyMGpRdWVyeSUyOCUyNy5wYWdlLWhlYWRlciUyMC5yZW5ld2FsLXRleHQlMjclMjkucmVtb3ZlJTI4JTI5JTNCJTBBJTdEJTIwJTNDJTJGc2NyaXB0JTNF[\/vc_raw_js][\/vc_column][\/vc_row]\n<\/div>","protected":false},"excerpt":{"rendered":"<p>[vc_row el_id=&#8221;deadlineBar&#8221; el_class=&#8221;hidden&#8221;][vc_column][\/vc_column][\/vc_row][vc_section el_id=&#8221;section-app&#8221;][vc_row el_class=&#8221;tile-box&#8221;][vc_column][vc_column_text] US FDA Medizinprodukt-Registrierung und -Erneuerung Unternehmen, die an der Herstellung oder dem Vertrieb von Medizinprodukten f\u00fcr die Verwendung in den USA beteiligt sind, m\u00fcssen sich bei der US Food and Drug Administration (FDA) registrieren lassen. Unternehmen au\u00dferhalb der USA m\u00fcssen auch einen US-Agenten f\u00fcr die FDA-Kommunikation benennen. Registrierung und US-Agentendienste<\/p>\n","protected":false},"author":30,"featured_media":401,"parent":41380,"menu_order":0,"comment_status":"closed","ping_status":"closed","template":"full-width-page.php","meta":{"content-type":"","om_disable_all_campaigns":false,"inline_featured_image":false,"_genesis_hide_title":false,"_genesis_hide_breadcrumbs":false,"_genesis_hide_singular_image":false,"_genesis_hide_footer_widgets":false,"_genesis_custom_body_class":"fda-registration-page","_genesis_custom_post_class":"","_genesis_layout":"","footnotes":""},"class_list":{"0":"post-41032","1":"page","2":"type-page","3":"status-publish","4":"has-post-thumbnail","6":"entry"},"yoast_head":"<!-- This site is optimized with the Yoast SEO Premium plugin v20.9 (Yoast SEO v25.5) - https:\/\/yoast.com\/wordpress\/plugins\/seo\/ -->\n<title>US FDA Medizinprodukt-Registrierung - Registrar<\/title>\n<meta name=\"robots\" content=\"noindex, follow, max-snippet:-1, max-image-preview:large, max-video-preview:-1\" \/>\n<meta property=\"og:locale\" content=\"de_DE\" \/>\n<meta property=\"og:type\" content=\"article\" \/>\n<meta property=\"og:title\" content=\"US FDA Medizinprodukt-Registrierung\" \/>\n<meta property=\"og:description\" content=\"[vc_row el_id=&#8221;deadlineBar&#8221; el_class=&#8221;hidden&#8221;][vc_column][\/vc_column][\/vc_row][vc_section el_id=&#8221;section-app&#8221;][vc_row el_class=&#8221;tile-box&#8221;][vc_column][vc_column_text] US FDA Medizinprodukt-Registrierung und -Erneuerung Unternehmen, die an der Herstellung oder dem Vertrieb von Medizinprodukten f\u00fcr die Verwendung in den USA beteiligt sind, m\u00fcssen sich bei der US Food and Drug Administration (FDA) registrieren lassen. Unternehmen au\u00dferhalb der USA m\u00fcssen auch einen US-Agenten f\u00fcr die FDA-Kommunikation benennen. Registrierung und US-Agentendienste\" \/>\n<meta property=\"og:url\" content=\"https:\/\/legacy.registrarcorp.com\/de\/fda-medical-devices\/registration\/\" \/>\n<meta property=\"og:site_name\" content=\"Registrar\" \/>\n<meta property=\"article:modified_time\" content=\"2021-07-06T13:48:34+00:00\" \/>\n<meta property=\"og:image\" content=\"https:\/\/legacy.registrarcorp.com\/wp-content\/uploads\/2019\/08\/press_release.jpg\" \/>\n\t<meta property=\"og:image:width\" content=\"1650\" \/>\n\t<meta property=\"og:image:height\" content=\"500\" \/>\n\t<meta property=\"og:image:type\" content=\"image\/jpeg\" \/>\n<meta name=\"twitter:card\" content=\"summary_large_image\" \/>\n<meta name=\"twitter:label1\" content=\"Est. reading time\" \/>\n\t<meta name=\"twitter:data1\" content=\"2 minutes\" \/>\n<script type=\"application\/ld+json\" class=\"yoast-schema-graph\">{\"@context\":\"https:\/\/schema.org\",\"@graph\":[{\"@type\":\"WebPage\",\"@id\":\"https:\/\/legacy.registrarcorp.com\/de\/fda-medical-devices\/registration\/\",\"url\":\"https:\/\/legacy.registrarcorp.com\/de\/fda-medical-devices\/registration\/\",\"name\":\"US FDA Medizinprodukt-Registrierung - Registrar\",\"isPartOf\":{\"@id\":\"https:\/\/legacy.registrarcorp.com\/de\/#website\"},\"primaryImageOfPage\":{\"@id\":\"https:\/\/legacy.registrarcorp.com\/de\/fda-medical-devices\/registration\/#primaryimage\"},\"image\":{\"@id\":\"https:\/\/legacy.registrarcorp.com\/de\/fda-medical-devices\/registration\/#primaryimage\"},\"thumbnailUrl\":\"https:\/\/legacy.registrarcorp.com\/wp-content\/uploads\/2019\/08\/press_release.jpg\",\"datePublished\":\"2020-01-14T15:43:03+00:00\",\"dateModified\":\"2021-07-06T13:48:34+00:00\",\"breadcrumb\":{\"@id\":\"https:\/\/legacy.registrarcorp.com\/de\/fda-medical-devices\/registration\/#breadcrumb\"},\"inLanguage\":\"de\",\"potentialAction\":[{\"@type\":\"ReadAction\",\"target\":[\"https:\/\/legacy.registrarcorp.com\/de\/fda-medical-devices\/registration\/\"]}]},{\"@type\":\"ImageObject\",\"inLanguage\":\"de\",\"@id\":\"https:\/\/legacy.registrarcorp.com\/de\/fda-medical-devices\/registration\/#primaryimage\",\"url\":\"https:\/\/legacy.registrarcorp.com\/wp-content\/uploads\/2019\/08\/press_release.jpg\",\"contentUrl\":\"https:\/\/legacy.registrarcorp.com\/wp-content\/uploads\/2019\/08\/press_release.jpg\",\"width\":1650,\"height\":500},{\"@type\":\"BreadcrumbList\",\"@id\":\"https:\/\/legacy.registrarcorp.com\/de\/fda-medical-devices\/registration\/#breadcrumb\",\"itemListElement\":[{\"@type\":\"ListItem\",\"position\":1,\"name\":\"Home\",\"item\":\"https:\/\/legacy.registrarcorp.com\/de\/\"},{\"@type\":\"ListItem\",\"position\":2,\"name\":\"Medizinische Ger\u00e4te\",\"item\":\"https:\/\/legacy.registrarcorp.com\/de\/fda-medical-devices\/\"},{\"@type\":\"ListItem\",\"position\":3,\"name\":\"US FDA Medizinprodukt-Registrierung\"}]},{\"@type\":\"WebSite\",\"@id\":\"https:\/\/legacy.registrarcorp.com\/de\/#website\",\"url\":\"https:\/\/legacy.registrarcorp.com\/de\/\",\"name\":\"Registrar\",\"description\":\"Assistance with U.S. FDA Regulations\",\"publisher\":{\"@id\":\"https:\/\/legacy.registrarcorp.com\/de\/#organization\"},\"potentialAction\":[{\"@type\":\"SearchAction\",\"target\":{\"@type\":\"EntryPoint\",\"urlTemplate\":\"https:\/\/legacy.registrarcorp.com\/de\/?s={search_term_string}\"},\"query-input\":{\"@type\":\"PropertyValueSpecification\",\"valueRequired\":true,\"valueName\":\"search_term_string\"}}],\"inLanguage\":\"de\"},{\"@type\":\"Organization\",\"@id\":\"https:\/\/legacy.registrarcorp.com\/de\/#organization\",\"name\":\"Registrar Corp\",\"url\":\"https:\/\/legacy.registrarcorp.com\/de\/\",\"logo\":{\"@type\":\"ImageObject\",\"inLanguage\":\"de\",\"@id\":\"https:\/\/legacy.registrarcorp.com\/de\/#\/schema\/logo\/image\/\",\"url\":\"https:\/\/legacy.registrarcorp.com\/wp-content\/uploads\/2019\/12\/regcorp_logo.png\",\"contentUrl\":\"https:\/\/legacy.registrarcorp.com\/wp-content\/uploads\/2019\/12\/regcorp_logo.png\",\"width\":1326,\"height\":330,\"caption\":\"Registrar Corp\"},\"image\":{\"@id\":\"https:\/\/legacy.registrarcorp.com\/de\/#\/schema\/logo\/image\/\"}}]}<\/script>\n<!-- \/ Yoast SEO Premium plugin. -->","yoast_head_json":{"title":"US FDA Medizinprodukt-Registrierung - Registrar","robots":{"index":"noindex","follow":"follow","max-snippet":"max-snippet:-1","max-image-preview":"max-image-preview:large","max-video-preview":"max-video-preview:-1"},"og_locale":"de_DE","og_type":"article","og_title":"US FDA Medizinprodukt-Registrierung","og_description":"[vc_row el_id=&#8221;deadlineBar&#8221; el_class=&#8221;hidden&#8221;][vc_column][\/vc_column][\/vc_row][vc_section el_id=&#8221;section-app&#8221;][vc_row el_class=&#8221;tile-box&#8221;][vc_column][vc_column_text] US FDA Medizinprodukt-Registrierung und -Erneuerung Unternehmen, die an der Herstellung oder dem Vertrieb von Medizinprodukten f\u00fcr die Verwendung in den USA beteiligt sind, m\u00fcssen sich bei der US Food and Drug Administration (FDA) registrieren lassen. Unternehmen au\u00dferhalb der USA m\u00fcssen auch einen US-Agenten f\u00fcr die FDA-Kommunikation benennen. Registrierung und US-Agentendienste","og_url":"https:\/\/legacy.registrarcorp.com\/de\/fda-medical-devices\/registration\/","og_site_name":"Registrar","article_modified_time":"2021-07-06T13:48:34+00:00","og_image":[{"width":1650,"height":500,"url":"https:\/\/legacy.registrarcorp.com\/wp-content\/uploads\/2019\/08\/press_release.jpg","type":"image\/jpeg"}],"twitter_card":"summary_large_image","twitter_misc":{"Est. reading time":"2 minutes"},"schema":{"@context":"https:\/\/schema.org","@graph":[{"@type":"WebPage","@id":"https:\/\/legacy.registrarcorp.com\/de\/fda-medical-devices\/registration\/","url":"https:\/\/legacy.registrarcorp.com\/de\/fda-medical-devices\/registration\/","name":"US FDA Medizinprodukt-Registrierung - Registrar","isPartOf":{"@id":"https:\/\/legacy.registrarcorp.com\/de\/#website"},"primaryImageOfPage":{"@id":"https:\/\/legacy.registrarcorp.com\/de\/fda-medical-devices\/registration\/#primaryimage"},"image":{"@id":"https:\/\/legacy.registrarcorp.com\/de\/fda-medical-devices\/registration\/#primaryimage"},"thumbnailUrl":"https:\/\/legacy.registrarcorp.com\/wp-content\/uploads\/2019\/08\/press_release.jpg","datePublished":"2020-01-14T15:43:03+00:00","dateModified":"2021-07-06T13:48:34+00:00","breadcrumb":{"@id":"https:\/\/legacy.registrarcorp.com\/de\/fda-medical-devices\/registration\/#breadcrumb"},"inLanguage":"de","potentialAction":[{"@type":"ReadAction","target":["https:\/\/legacy.registrarcorp.com\/de\/fda-medical-devices\/registration\/"]}]},{"@type":"ImageObject","inLanguage":"de","@id":"https:\/\/legacy.registrarcorp.com\/de\/fda-medical-devices\/registration\/#primaryimage","url":"https:\/\/legacy.registrarcorp.com\/wp-content\/uploads\/2019\/08\/press_release.jpg","contentUrl":"https:\/\/legacy.registrarcorp.com\/wp-content\/uploads\/2019\/08\/press_release.jpg","width":1650,"height":500},{"@type":"BreadcrumbList","@id":"https:\/\/legacy.registrarcorp.com\/de\/fda-medical-devices\/registration\/#breadcrumb","itemListElement":[{"@type":"ListItem","position":1,"name":"Home","item":"https:\/\/legacy.registrarcorp.com\/de\/"},{"@type":"ListItem","position":2,"name":"Medizinische Ger\u00e4te","item":"https:\/\/legacy.registrarcorp.com\/de\/fda-medical-devices\/"},{"@type":"ListItem","position":3,"name":"US FDA Medizinprodukt-Registrierung"}]},{"@type":"WebSite","@id":"https:\/\/legacy.registrarcorp.com\/de\/#website","url":"https:\/\/legacy.registrarcorp.com\/de\/","name":"Registrar","description":"Assistance with U.S. FDA Regulations","publisher":{"@id":"https:\/\/legacy.registrarcorp.com\/de\/#organization"},"potentialAction":[{"@type":"SearchAction","target":{"@type":"EntryPoint","urlTemplate":"https:\/\/legacy.registrarcorp.com\/de\/?s={search_term_string}"},"query-input":{"@type":"PropertyValueSpecification","valueRequired":true,"valueName":"search_term_string"}}],"inLanguage":"de"},{"@type":"Organization","@id":"https:\/\/legacy.registrarcorp.com\/de\/#organization","name":"Registrar Corp","url":"https:\/\/legacy.registrarcorp.com\/de\/","logo":{"@type":"ImageObject","inLanguage":"de","@id":"https:\/\/legacy.registrarcorp.com\/de\/#\/schema\/logo\/image\/","url":"https:\/\/legacy.registrarcorp.com\/wp-content\/uploads\/2019\/12\/regcorp_logo.png","contentUrl":"https:\/\/legacy.registrarcorp.com\/wp-content\/uploads\/2019\/12\/regcorp_logo.png","width":1326,"height":330,"caption":"Registrar Corp"},"image":{"@id":"https:\/\/legacy.registrarcorp.com\/de\/#\/schema\/logo\/image\/"}}]}},"_links":{"self":[{"href":"https:\/\/legacy.registrarcorp.com\/de\/wp-json\/wp\/v2\/pages\/41032","targetHints":{"allow":["GET"]}}],"collection":[{"href":"https:\/\/legacy.registrarcorp.com\/de\/wp-json\/wp\/v2\/pages"}],"about":[{"href":"https:\/\/legacy.registrarcorp.com\/de\/wp-json\/wp\/v2\/types\/page"}],"author":[{"embeddable":true,"href":"https:\/\/legacy.registrarcorp.com\/de\/wp-json\/wp\/v2\/users\/30"}],"replies":[{"embeddable":true,"href":"https:\/\/legacy.registrarcorp.com\/de\/wp-json\/wp\/v2\/comments?post=41032"}],"version-history":[{"count":0,"href":"https:\/\/legacy.registrarcorp.com\/de\/wp-json\/wp\/v2\/pages\/41032\/revisions"}],"up":[{"embeddable":true,"href":"https:\/\/legacy.registrarcorp.com\/de\/wp-json\/wp\/v2\/pages\/41380"}],"wp:featuredmedia":[{"embeddable":true,"href":"https:\/\/legacy.registrarcorp.com\/de\/wp-json\/wp\/v2\/media\/401"}],"wp:attachment":[{"href":"https:\/\/legacy.registrarcorp.com\/de\/wp-json\/wp\/v2\/media?parent=41032"}],"curies":[{"name":"wp","href":"https:\/\/api.w.org\/{rel}","templated":true}]}}