{"id":40247,"date":"2016-05-17T15:01:17","date_gmt":"2016-05-17T19:01:17","guid":{"rendered":"https:\/\/regstaging.wpengine.com\/how-to-get-fda-approval\/"},"modified":"2020-02-05T16:16:07","modified_gmt":"2020-02-05T16:16:07","slug":"how-to-get-fda-approval","status":"publish","type":"page","link":"https:\/\/legacy.registrarcorp.com\/de\/how-to-get-fda-approval\/","title":{"rendered":"Wie man eine FDA-Genehmigung erh\u00e4lt"},"content":{"rendered":"<div class=\"wpb-content-wrapper\">[vc_row el_id=&#8221;section-article&#8221;][vc_column][vc_row_inner][vc_column_inner offset=&#8221;vc_col-lg-8 vc_col-md-8&#8243;][vc_column_text]\n<h2>Wie man eine FDA-Genehmigung erh\u00e4lt<\/h2>\n<p>Wie Sie eine FDA-Genehmigung erhalten, h\u00e4ngt von der Art des Produkts ab, das Sie in den USA vermarkten wollen. Die FDA erfordert keine FDA-Zulassung f\u00fcr alle Arten von Produkten. Nachfolgend erfahren Sie, welche Produkte von der FDA genehmigt werden m\u00fcssen und wie Sie eine Genehmigung bei Bedarf erhalten k\u00f6nnen.<\/p>\n<p><strong>FDA-Genehmigung f\u00fcr Lebensmittel, Getr\u00e4nke und Nahrungserg\u00e4nzungsmittel<\/strong><\/p>\n<p>Die FDA genehmigt keine Lebensmittel, Getr\u00e4nke oder Nahrungserg\u00e4nzungsmittel. Lebensmitteleinrichtungen m\u00fcssen vor dem Vertrieb von Produkten in den USA keinerlei Zertifizierung oder Zulassung erlangen. Allerdings m\u00fcssen sich Lebensmittelbetriebe bei der FDA registrieren. Die FDA Registrierung bedeutet jedoch nicht, dass die FDA eine Genehmigung f\u00fcr den Betrieb oder ihre Produkte erteilt hat.<\/p>\n<p>Neue Lebensmitteladditive erfordern die Genehmigung durch die FDA. Wenn ein Hersteller in seinem Produkt ein neues Lebensmitteladditiv verwenden m\u00f6chte, muss er den Zusatzstoff geeigneten Tests unterziehen und der FDA nachweisen, dass der Zusatzstoff unbedenklich ist.<\/p>\n<p><strong>FDA-Genehmigung f\u00fcr Arzneimittel<\/strong><\/p>\n<p>Ob ein neues Arzneimittel von der FDA genehmigt werden muss oder nicht, h\u00e4ngt davon ab, ob das neue Arzneimittel einem Over-the-Counter-Monograph (OTC) entspricht. OTC-Monographen legen Bedingungen fest, unter denen die FDA ein Arzneimittel als sicher und wirksam eingestuft hat. Sobald ein OTC-Monograph abgeschlossen ist, k\u00f6nnen Arzneimittelhersteller OTC-Arzneimittel vermarkten, die dem Monograph entsprechen, ohne die Genehmigung der FDA. Die FDA verwendet auch einen Ermessensspielraum bei der Durchsetzung, um zuzulassen, dass bestimmte Arzneimittel ohne<\/p>\n<p>Genehmigung in den Vetrieb gebracht werden k\u00f6nnen, wenn sie vorl\u00e4ufigen Abschlussmonographen entsprechen.<\/p>\n<p>Wenn ein neues Medikament nicht mit einem Monographen \u00fcbereinstimmt, muss es von der FDA genehmigt werden. Um eine FDA-Zulassung zu erhalten, m\u00fcssen Arzneimittelhersteller klinische Tests im Labor und an Tier und Mensch durchf\u00fchren und ihre Daten bei der FDA einreichen. Die FDA \u00fcberpr\u00fcft dann die Daten und kann das Arzneimittel genehmigen, wenn die Agentur feststellt, dass der Nutzen des Arzneimittels die Risiken f\u00fcr den beabsichtigten Gebrauch \u00fcberwiegt. Die Vermarktung eines neuen Arzneimittels, das nicht einem OTC-Monographen ohne Genehmigung der FDA entspricht, gilt als Vermarktung eines nicht zugelassenen neuen Arzneimittels, das nach dem \u201cFood, Drug and Cosmetic Act (FD &amp; C Act)\u201d verboten ist.<\/p>\n<p>Obwohl die FDA neue Medikamente zul\u00e4sst, genehmigt die Agentur keine zusammengesetzten Arzneimittel. Arzneimittelunternehmen m\u00fcssen sich bei der FDA registrieren und ihre Produkte auflisten. Doch diese Registrierung und das Auflisten bedeuten nicht, dass die FDA das Unternehmen oder seiner Produkte genehmigt hat.<\/p>\n[\/vc_column_text][\/vc_column_inner][vc_column_inner offset=&#8221;vc_col-lg-4 vc_col-md-4&#8243;][vc_single_image image=&#8221;40268&#8243; img_size=&#8221;full&#8221; alignment=&#8221;center&#8221; css=&#8221;.vc_custom_1580919360390{margin-top: 20px !important;}&#8221;][\/vc_column_inner][vc_column_inner css=&#8221;.vc_custom_1579211928599{margin-top: 30px !important;}&#8221;][vc_column_text]\n<p><strong>FDA-Genehmigung f\u00fcr Medizinprodukte<\/strong><\/p>\n<p>Die FDA stuft Medizinprodukte in eine von drei Risikokategorien ein: Klasse I, Klasse II und Klasse III. Ger\u00e4te der Klasse III sind die Ger\u00e4te mit dem h\u00f6chsten Risiko und die einzigen Ger\u00e4te, f\u00fcr die eine FDA-Premarket-Genehmigung erforderlich ist. Hersteller von Ger\u00e4ten der Klasse III m\u00fcssen gegen\u00fcber der FDA nachweisen, dass das Produkt eine angemessene Sicherheit und Wirksamkeit bietet.<\/p>\n<p>Ger\u00e4te der Klassen I und II bed\u00fcrfen keiner Zulassung durch die FDA. Diese Ger\u00e4te m\u00fcssen, sofern sie nicht nach dem FD &amp; C Act befreit sind, eine Premarket-Benachrichtigung (510(k)) bei der FDA einreichen. Der Zweck von 510 (k) besteht darin, der FDA nachzuweisen, dass das Produkt im Wesentlichen einem bereits legal vermarkteten Produkt gleichwertig (sicher und wirksam) ist. Wenn die FDA feststellt, dass das Produkt tats\u00e4chlich einem legal vermarkteten Produkt substanziell gleich ist, gibt die Agentur das Produkt f\u00fcr die Vermakrtung frei anstatt dass sie es genehmigt.<\/p>\n<p>Ger\u00e4teunternehmen m\u00fcssen sich bei der FDA registrieren und ihre Ger\u00e4te auflisten, aber weder eine Registrierung noch eine Auflistung geben die Genehmigung der FDA f\u00fcr das Unternehmen oder seine Ger\u00e4te an.<\/p>\n<p><strong>FDA-Genehmigung f\u00fcr Kosmetik<\/strong><\/p>\n<p>Die FDA erfordert vor dem Inverkehrbringen keine Genehmigung f\u00fcr kosmetische Produkte und deren Inhaltsstoffe (au\u00dfer f\u00fcr Farbadditive). Kosmetikfirmen m\u00fcssen sich nicht bei der FDA registrieren, jedoch m\u00fcssen Kosmetika f\u00fcr ihre beabsichtigte Verwendung sicher sein.<\/p>\n<p>Es ist wichtig zu wissen, dass bestimmte Angaben in der Kosmetikkennzeichnung dazu f\u00fchren k\u00f6nnen, dass die FDA ein Kosmetikprodukt als Arzneimittel reguliert. In einigen F\u00e4llen kann dies dazu f\u00fchren, dass das Produkt eine FDA-Zulassung ben\u00f6tigt.<\/p>\n<p><strong>FDA-Genehmigung f\u00fcr Farbadditive<\/strong><\/p>\n<p>F\u00fcr Farbadditive in Lebensmitteln, Arzneimitteln, Kosmetika und einigen medizinischen Ger\u00e4ten ist eine FDA-Zulassung erforderlich. Bestimmte Hochrisikofarben erfordern ausserdem eine FDA-Farbchargen-Zertifizierung f\u00fcr jede einzelne Charge. Farbadditive d\u00fcrfen nur in \u00dcbereinstimmung mit ihren genehmigten Verwendungen, Spezifikationen und Einschr\u00e4nkungen verwendet werden. Produkte, die nicht zugelassene Farbzus\u00e4tze enthalten, gelten nach dem FD &amp; C-Gesetz als verf\u00e4lscht.<\/p>\n<p><strong>FDA-genehmigte Produkte kennzeichnen<\/strong><\/p>\n<p>Hersteller von Arzneimitteln und Ger\u00e4ten, f\u00fcr die eine FDA-Zulassung erforderlich ist, k\u00f6nnen auf der Produktkennzeichnung die Angabe \u201cFDA Approved\u201d enthalten, sofern der Hersteller ein Schreiben der FDA zur Best\u00e4tigung der Zulassung erhalten hat. Das FDA-Logo sollte nicht f\u00fcr die Kennzeichnung eines Produkts verwendet werden, unabh\u00e4ngig davon, ob das Produkt zugelassen ist oder nicht. Die Verwendung des FDA-Logos kann bedeuten, dass das Produkt von der FDA bef\u00fcrwortet wird. Daher kann eine unbefugte Verwendung des Logos das Bundesrecht verletzen. Hersteller, die das FDA-Logo bei der Produktkennzeichnung verwenden, k\u00f6nnen zivil- oder strafrechtlich haftbar gemacht werden.<\/p>\n<p>Unabh\u00e4ngig davon, ob ihre Produkte von der FDA genehmigt werden m\u00fcssen oder nicht, m\u00fcssen Lebensmitteleinrichtungen, Arzneimittel-, Medizinger\u00e4te- und Kosmetikunternehmen die aktuellen Good Manufacturing Practices (CGMPs) der FDA und umfassende Kennzeichnungsanforderungen einhalten. Bei den Produkten, die einer Genehmigung bed\u00fcrfen, wie z. B. bestimmten Arzneimitteln und Ger\u00e4ten, wird die Kennzeichnung bei der Zulassung des Produkts genehmigt. Etiketten unterliegen jedoch im Allgemeinen keiner FDA-Zulassung.<\/p>\n<p>Sie fragen sich vielleicht, wie die FDA ihre Anforderungen durchsetzt, wenn f\u00fcr viele Produkte keine Vorabgenehmigung erforderlich ist. Die FDA setzt ihre Anforderungen durch Routineinspektionen und willk\u00fcrliche Transportkontrollen an der US-amerikanischen Grenze durch.<\/p>\n<p>Registrar Corp unterst\u00fctzt Unternehmen der Lebensmittel-, Arzneimittel-, Medizinprodukte- und Kosmetikindustrie bei der Einhaltung der FDA-Vorschriften. Registrar Corp kann ein Unternehmen bei der FDA registrieren, seine Produkte bei der FDA eintragen und Produktetiketten auf FDA-Konformit\u00e4t \u00fcberpr\u00fcfen. Registrar Corp kann auch dazu beitragen, Farbadditive bei der FDA zur Farbchargenzertifizierung einzureichen.<\/p>\n<p>Wenn Sie weitere Fragen zur FDA-Genehmigung und zu anderen FDA-Bestimmungen haben oder weitere Informationen zu den Dienstleistungen von Registrar Corp erhalten m\u00f6chten, wenden Sie sich telefonisch unter + 1-757-224-0177 an uns oder unterhalten Sie sich in unserem Online-Chat mit einem unserer Spezialisten unter\u00a0<a href=\"https:\/\/regstaging.wpengine.com\/LiveHelp\">regstaging.wpengine.com\/LiveHelp<\/a>\u00a0(24 Stunden-Service).<\/p>\n[\/vc_column_text][\/vc_column_inner][\/vc_row_inner][\/vc_column][\/vc_row]\n<\/div>","protected":false},"excerpt":{"rendered":"<p>[vc_row el_id=&#8221;section-article&#8221;][vc_column][vc_row_inner][vc_column_inner offset=&#8221;vc_col-lg-8 vc_col-md-8&#8243;][vc_column_text] Wie man eine FDA-Genehmigung erh\u00e4lt Wie Sie eine FDA-Genehmigung erhalten, h\u00e4ngt von der Art des Produkts ab, das Sie in den USA vermarkten wollen. Die FDA erfordert keine FDA-Zulassung f\u00fcr alle Arten von Produkten. Nachfolgend erfahren Sie, welche Produkte von der FDA genehmigt werden m\u00fcssen und wie Sie eine Genehmigung bei<\/p>\n","protected":false},"author":2,"featured_media":401,"parent":0,"menu_order":0,"comment_status":"closed","ping_status":"closed","template":"full-width-page.php","meta":{"content-type":"","om_disable_all_campaigns":false,"inline_featured_image":false,"_genesis_hide_title":false,"_genesis_hide_breadcrumbs":false,"_genesis_hide_singular_image":false,"_genesis_hide_footer_widgets":false,"_genesis_custom_body_class":"","_genesis_custom_post_class":"","_genesis_layout":"","footnotes":""},"class_list":{"0":"post-40247","1":"page","2":"type-page","3":"status-publish","4":"has-post-thumbnail","6":"entry"},"yoast_head":"<!-- This site is optimized with the Yoast SEO Premium plugin v20.9 (Yoast SEO v25.5) - https:\/\/yoast.com\/wordpress\/plugins\/seo\/ -->\n<title>Wie man eine FDA-Genehmigung erh\u00e4lt - Registrar<\/title>\n<meta name=\"robots\" content=\"noindex, follow, max-snippet:-1, max-image-preview:large, max-video-preview:-1\" \/>\n<meta property=\"og:locale\" content=\"de_DE\" \/>\n<meta property=\"og:type\" content=\"article\" \/>\n<meta property=\"og:title\" content=\"Wie man eine FDA-Genehmigung erh\u00e4lt\" \/>\n<meta property=\"og:description\" content=\"[vc_row el_id=&#8221;section-article&#8221;][vc_column][vc_row_inner][vc_column_inner offset=&#8221;vc_col-lg-8 vc_col-md-8&#8243;][vc_column_text] Wie man eine FDA-Genehmigung erh\u00e4lt Wie Sie eine FDA-Genehmigung erhalten, h\u00e4ngt von der Art des Produkts ab, das Sie in den USA vermarkten wollen. Die FDA erfordert keine FDA-Zulassung f\u00fcr alle Arten von Produkten. Nachfolgend erfahren Sie, welche Produkte von der FDA genehmigt werden m\u00fcssen und wie Sie eine Genehmigung bei\" \/>\n<meta property=\"og:url\" content=\"https:\/\/legacy.registrarcorp.com\/de\/how-to-get-fda-approval\/\" \/>\n<meta property=\"og:site_name\" content=\"Registrar\" \/>\n<meta property=\"article:modified_time\" content=\"2020-02-05T16:16:07+00:00\" \/>\n<meta property=\"og:image\" content=\"https:\/\/legacy.registrarcorp.com\/wp-content\/uploads\/2019\/08\/press_release.jpg\" \/>\n\t<meta property=\"og:image:width\" content=\"1650\" \/>\n\t<meta property=\"og:image:height\" content=\"500\" \/>\n\t<meta property=\"og:image:type\" content=\"image\/jpeg\" \/>\n<meta name=\"twitter:card\" content=\"summary_large_image\" \/>\n<meta name=\"twitter:label1\" content=\"Est. reading time\" \/>\n\t<meta name=\"twitter:data1\" content=\"6 minutes\" \/>\n<script type=\"application\/ld+json\" class=\"yoast-schema-graph\">{\"@context\":\"https:\/\/schema.org\",\"@graph\":[{\"@type\":\"WebPage\",\"@id\":\"https:\/\/legacy.registrarcorp.com\/de\/how-to-get-fda-approval\/\",\"url\":\"https:\/\/legacy.registrarcorp.com\/de\/how-to-get-fda-approval\/\",\"name\":\"Wie man eine FDA-Genehmigung erh\u00e4lt - Registrar\",\"isPartOf\":{\"@id\":\"https:\/\/legacy.registrarcorp.com\/de\/#website\"},\"primaryImageOfPage\":{\"@id\":\"https:\/\/legacy.registrarcorp.com\/de\/how-to-get-fda-approval\/#primaryimage\"},\"image\":{\"@id\":\"https:\/\/legacy.registrarcorp.com\/de\/how-to-get-fda-approval\/#primaryimage\"},\"thumbnailUrl\":\"https:\/\/legacy.registrarcorp.com\/wp-content\/uploads\/2019\/08\/press_release.jpg\",\"datePublished\":\"2016-05-17T19:01:17+00:00\",\"dateModified\":\"2020-02-05T16:16:07+00:00\",\"breadcrumb\":{\"@id\":\"https:\/\/legacy.registrarcorp.com\/de\/how-to-get-fda-approval\/#breadcrumb\"},\"inLanguage\":\"de\",\"potentialAction\":[{\"@type\":\"ReadAction\",\"target\":[\"https:\/\/legacy.registrarcorp.com\/de\/how-to-get-fda-approval\/\"]}]},{\"@type\":\"ImageObject\",\"inLanguage\":\"de\",\"@id\":\"https:\/\/legacy.registrarcorp.com\/de\/how-to-get-fda-approval\/#primaryimage\",\"url\":\"https:\/\/legacy.registrarcorp.com\/wp-content\/uploads\/2019\/08\/press_release.jpg\",\"contentUrl\":\"https:\/\/legacy.registrarcorp.com\/wp-content\/uploads\/2019\/08\/press_release.jpg\",\"width\":1650,\"height\":500},{\"@type\":\"BreadcrumbList\",\"@id\":\"https:\/\/legacy.registrarcorp.com\/de\/how-to-get-fda-approval\/#breadcrumb\",\"itemListElement\":[{\"@type\":\"ListItem\",\"position\":1,\"name\":\"Home\",\"item\":\"https:\/\/legacy.registrarcorp.com\/de\/\"},{\"@type\":\"ListItem\",\"position\":2,\"name\":\"Wie man eine FDA-Genehmigung erh\u00e4lt\"}]},{\"@type\":\"WebSite\",\"@id\":\"https:\/\/legacy.registrarcorp.com\/de\/#website\",\"url\":\"https:\/\/legacy.registrarcorp.com\/de\/\",\"name\":\"Registrar\",\"description\":\"Assistance with U.S. FDA Regulations\",\"publisher\":{\"@id\":\"https:\/\/legacy.registrarcorp.com\/de\/#organization\"},\"potentialAction\":[{\"@type\":\"SearchAction\",\"target\":{\"@type\":\"EntryPoint\",\"urlTemplate\":\"https:\/\/legacy.registrarcorp.com\/de\/?s={search_term_string}\"},\"query-input\":{\"@type\":\"PropertyValueSpecification\",\"valueRequired\":true,\"valueName\":\"search_term_string\"}}],\"inLanguage\":\"de\"},{\"@type\":\"Organization\",\"@id\":\"https:\/\/legacy.registrarcorp.com\/de\/#organization\",\"name\":\"Registrar Corp\",\"url\":\"https:\/\/legacy.registrarcorp.com\/de\/\",\"logo\":{\"@type\":\"ImageObject\",\"inLanguage\":\"de\",\"@id\":\"https:\/\/legacy.registrarcorp.com\/de\/#\/schema\/logo\/image\/\",\"url\":\"https:\/\/legacy.registrarcorp.com\/wp-content\/uploads\/2019\/12\/regcorp_logo.png\",\"contentUrl\":\"https:\/\/legacy.registrarcorp.com\/wp-content\/uploads\/2019\/12\/regcorp_logo.png\",\"width\":1326,\"height\":330,\"caption\":\"Registrar Corp\"},\"image\":{\"@id\":\"https:\/\/legacy.registrarcorp.com\/de\/#\/schema\/logo\/image\/\"}}]}<\/script>\n<!-- \/ Yoast SEO Premium plugin. -->","yoast_head_json":{"title":"Wie man eine FDA-Genehmigung erh\u00e4lt - Registrar","robots":{"index":"noindex","follow":"follow","max-snippet":"max-snippet:-1","max-image-preview":"max-image-preview:large","max-video-preview":"max-video-preview:-1"},"og_locale":"de_DE","og_type":"article","og_title":"Wie man eine FDA-Genehmigung erh\u00e4lt","og_description":"[vc_row el_id=&#8221;section-article&#8221;][vc_column][vc_row_inner][vc_column_inner offset=&#8221;vc_col-lg-8 vc_col-md-8&#8243;][vc_column_text] Wie man eine FDA-Genehmigung erh\u00e4lt Wie Sie eine FDA-Genehmigung erhalten, h\u00e4ngt von der Art des Produkts ab, das Sie in den USA vermarkten wollen. Die FDA erfordert keine FDA-Zulassung f\u00fcr alle Arten von Produkten. Nachfolgend erfahren Sie, welche Produkte von der FDA genehmigt werden m\u00fcssen und wie Sie eine Genehmigung bei","og_url":"https:\/\/legacy.registrarcorp.com\/de\/how-to-get-fda-approval\/","og_site_name":"Registrar","article_modified_time":"2020-02-05T16:16:07+00:00","og_image":[{"width":1650,"height":500,"url":"https:\/\/legacy.registrarcorp.com\/wp-content\/uploads\/2019\/08\/press_release.jpg","type":"image\/jpeg"}],"twitter_card":"summary_large_image","twitter_misc":{"Est. reading time":"6 minutes"},"schema":{"@context":"https:\/\/schema.org","@graph":[{"@type":"WebPage","@id":"https:\/\/legacy.registrarcorp.com\/de\/how-to-get-fda-approval\/","url":"https:\/\/legacy.registrarcorp.com\/de\/how-to-get-fda-approval\/","name":"Wie man eine FDA-Genehmigung erh\u00e4lt - Registrar","isPartOf":{"@id":"https:\/\/legacy.registrarcorp.com\/de\/#website"},"primaryImageOfPage":{"@id":"https:\/\/legacy.registrarcorp.com\/de\/how-to-get-fda-approval\/#primaryimage"},"image":{"@id":"https:\/\/legacy.registrarcorp.com\/de\/how-to-get-fda-approval\/#primaryimage"},"thumbnailUrl":"https:\/\/legacy.registrarcorp.com\/wp-content\/uploads\/2019\/08\/press_release.jpg","datePublished":"2016-05-17T19:01:17+00:00","dateModified":"2020-02-05T16:16:07+00:00","breadcrumb":{"@id":"https:\/\/legacy.registrarcorp.com\/de\/how-to-get-fda-approval\/#breadcrumb"},"inLanguage":"de","potentialAction":[{"@type":"ReadAction","target":["https:\/\/legacy.registrarcorp.com\/de\/how-to-get-fda-approval\/"]}]},{"@type":"ImageObject","inLanguage":"de","@id":"https:\/\/legacy.registrarcorp.com\/de\/how-to-get-fda-approval\/#primaryimage","url":"https:\/\/legacy.registrarcorp.com\/wp-content\/uploads\/2019\/08\/press_release.jpg","contentUrl":"https:\/\/legacy.registrarcorp.com\/wp-content\/uploads\/2019\/08\/press_release.jpg","width":1650,"height":500},{"@type":"BreadcrumbList","@id":"https:\/\/legacy.registrarcorp.com\/de\/how-to-get-fda-approval\/#breadcrumb","itemListElement":[{"@type":"ListItem","position":1,"name":"Home","item":"https:\/\/legacy.registrarcorp.com\/de\/"},{"@type":"ListItem","position":2,"name":"Wie man eine FDA-Genehmigung erh\u00e4lt"}]},{"@type":"WebSite","@id":"https:\/\/legacy.registrarcorp.com\/de\/#website","url":"https:\/\/legacy.registrarcorp.com\/de\/","name":"Registrar","description":"Assistance with U.S. FDA Regulations","publisher":{"@id":"https:\/\/legacy.registrarcorp.com\/de\/#organization"},"potentialAction":[{"@type":"SearchAction","target":{"@type":"EntryPoint","urlTemplate":"https:\/\/legacy.registrarcorp.com\/de\/?s={search_term_string}"},"query-input":{"@type":"PropertyValueSpecification","valueRequired":true,"valueName":"search_term_string"}}],"inLanguage":"de"},{"@type":"Organization","@id":"https:\/\/legacy.registrarcorp.com\/de\/#organization","name":"Registrar Corp","url":"https:\/\/legacy.registrarcorp.com\/de\/","logo":{"@type":"ImageObject","inLanguage":"de","@id":"https:\/\/legacy.registrarcorp.com\/de\/#\/schema\/logo\/image\/","url":"https:\/\/legacy.registrarcorp.com\/wp-content\/uploads\/2019\/12\/regcorp_logo.png","contentUrl":"https:\/\/legacy.registrarcorp.com\/wp-content\/uploads\/2019\/12\/regcorp_logo.png","width":1326,"height":330,"caption":"Registrar Corp"},"image":{"@id":"https:\/\/legacy.registrarcorp.com\/de\/#\/schema\/logo\/image\/"}}]}},"_links":{"self":[{"href":"https:\/\/legacy.registrarcorp.com\/de\/wp-json\/wp\/v2\/pages\/40247","targetHints":{"allow":["GET"]}}],"collection":[{"href":"https:\/\/legacy.registrarcorp.com\/de\/wp-json\/wp\/v2\/pages"}],"about":[{"href":"https:\/\/legacy.registrarcorp.com\/de\/wp-json\/wp\/v2\/types\/page"}],"author":[{"embeddable":true,"href":"https:\/\/legacy.registrarcorp.com\/de\/wp-json\/wp\/v2\/users\/2"}],"replies":[{"embeddable":true,"href":"https:\/\/legacy.registrarcorp.com\/de\/wp-json\/wp\/v2\/comments?post=40247"}],"version-history":[{"count":0,"href":"https:\/\/legacy.registrarcorp.com\/de\/wp-json\/wp\/v2\/pages\/40247\/revisions"}],"wp:featuredmedia":[{"embeddable":true,"href":"https:\/\/legacy.registrarcorp.com\/de\/wp-json\/wp\/v2\/media\/401"}],"wp:attachment":[{"href":"https:\/\/legacy.registrarcorp.com\/de\/wp-json\/wp\/v2\/media?parent=40247"}],"curies":[{"name":"wp","href":"https:\/\/api.w.org\/{rel}","templated":true}]}}