{"id":40176,"date":"2019-10-10T19:04:31","date_gmt":"2019-10-10T19:04:31","guid":{"rendered":"https:\/\/regstaging.wpengine.com\/labeling-3\/"},"modified":"2021-08-25T11:02:02","modified_gmt":"2021-08-25T15:02:02","slug":"labeling","status":"publish","type":"page","link":"https:\/\/legacy.registrarcorp.com\/de\/fda-food\/labeling\/","title":{"rendered":"Ist Ihr Etikett f\u00fcr die FDA-Frist ger\u00fcstet?"},"content":{"rendered":"<div class=\"wpb-content-wrapper\">[vc_section el_id=&#8221;main-info&#8221; el_class=&#8221;landing-section&#8221;][vc_row][vc_column offset=&#8221;vc_col-lg-8 vc_col-md-6&#8243;][vc_row_inner el_class=&#8221;tile-box&#8221;][vc_column_inner offset=&#8221;vc_col-lg-6&#8243;][vc_column_text]\n<h2 class=\"section-head\">Ist Ihr Etikett f\u00fcr die FDA-Frist ger\u00fcstet?<\/h2>\n<p>Unternehmen mit einem durchschnittlichen Jahresumsatz von \u00fcber 10 Millionen US-Dollar mussten ihre Lebensmitteletiketten bis zum 1. Januar 2020 auf die Einhaltung der neuen Kennzeichnungsvorschriften der US-amerikanischen Food and Drug Administration (FDA) aktualisieren.<\/p>\n<p>Ab Januar 2021 m\u00fcssen alle anderen Lebensmittelunternehmen ihre Etiketten aktualisieren.[\/vc_column_text][\/vc_column_inner][vc_column_inner el_class=&#8221;label-comparison&#8221; offset=&#8221;vc_col-lg-6&#8243;][vc_raw_html]JTNDZGl2JTIwY2xhc3MlM0QlMjJ2Y19yb3clMjIlM0UlMEElM0NkaXYlMjBjbGFzcyUzRCUyMnZjX2NvbC14cy02JTIyJTNFJTBBJTNDaDUlM0UlM0NpJTIwY2xhc3MlM0QlMjJmYXMlMjBmYS10aW1lcy1jaXJjbGUlMjIlM0UlM0MlMkZpJTNFJTIwJTNDc3BhbiUzRUFrdHVlbGwlM0MlMkZzcGFuJTNFJTNDJTJGaDUlM0UlMEElM0NpbWclMjBzcmMlM0QlMjIlMkZ3cC1jb250ZW50JTJGdXBsb2FkcyUyRjIwMTklMkYxMSUyRm9sZC1sYWJlbC5wbmclMjIlMjAlMkYlM0UlMEElM0MlMkZkaXYlM0UlMEElM0NkaXYlMjBjbGFzcyUzRCUyMnZjX2NvbC14cy02JTIyJTNFJTBBJTNDaDUlM0UlM0NpJTIwY2xhc3MlM0QlMjJmYXMlMjBmYS1jaGVjay1jaXJjbGUlMjIlM0UlM0MlMkZpJTNFJTIwJTNDc3BhbiUzRU5ldSUzQyUyRnNwYW4lM0UlM0MlMkZoNSUzRSUwQSUzQ2ltZyUyMHNyYyUzRCUyMiUyRndwLWNvbnRlbnQlMkZ1cGxvYWRzJTJGMjAxOSUyRjExJTJGbmV3LWxhYmVsLnBuZyUyMiUyMCUyRiUzRSUwQSUzQyUyRmRpdiUzRSUwQSUzQyUyRmRpdiUzRSUwQSUzQyUyRmRpdiUzRQ==[\/vc_raw_html][\/vc_column_inner][\/vc_row_inner][\/vc_column][vc_column offset=&#8221;vc_col-lg-4 vc_col-md-6&#8243; el_id=&#8221;form-box&#8221;][vc_row_inner el_class=&#8221;form-box floating-box&#8221;][vc_column_inner][vc_column_text]\n<h3>Erhalten sie unterst\u00fctzung von experten<\/h3>\n[\/vc_column_text][vc_column_text]Die Spezialisten von Registrar Corp k\u00f6nnen Ihr Etikett hinsichtlich der Einhaltung der neuen FDA-Vorschriften aktualisieren.[\/vc_column_text][vc_raw_html]JTVCZ3Jhdml0eWZvcm0lMjBpZCUzRCUyMjMlMjIlMjB0aXRsZSUzRCUyMmZhbHNlJTIyJTIwZGVzY3JpcHRpb24lM0QlMjJmYWxzZSUyMiUyMGFqYXglM0QlMjJ0cnVlJTIyJTIwZmllbGRfdmFsdWVzJTNEJTIyaW5xdWlyeV90eXBlJTNETGFiZWwlMjBSZXZpZXclMjZpbmR1c3R5X3R5cGUlM0RGb29kJTIwYW5kJTIwQmV2ZXJhZ2UlMjZmb3JtX3R5cGUlM0RzaG9ydCUyMiU1RA==[\/vc_raw_html][\/vc_column_inner][\/vc_row_inner][\/vc_column][\/vc_row][\/vc_section][vc_section el_id=&#8221;compliance&#8221; el_class=&#8221;landing-section&#8221;][vc_row][vc_column offset=&#8221;vc_col-lg-3\/5&#8243;][vc_column_text]\n<h2 class=\"section-head\">Warum sie jetzt beginnen sollten<\/h2>\n<p>Die Einhaltung dieser Bestimmungen kann einige Zeit in Anspruch nehmen. Die FDA hat den fr\u00fcheren Compliance-Termin gegen\u00fcber der Industrie f\u00fcr die Einhaltung der urspr\u00fcnglichen Frist verl\u00e4ngert:[\/vc_column_text][vc_raw_html]JTNDYmxvY2txdW90ZSUzRSUyMkNvbXBhbmllcyUyMGFuZCUyMHRyYWRlJTIwYXNzb2NpYXRpb25zJTIwd2l0aCUyMG1lbWJlcnMlMjBjb3ZlcmVkJTIwYnklMjB0aGUlMjBydWxlcyUyMGhhdmUlMjBpbmZvcm1lZCUyMHVzJTIwdGhhdCUyMHRoZXklMjBoYXZlJTIwc2lnbmlmaWNhbnQlMjBjb25jZXJucyUyMGFib3V0JTIwdGhlaXIlMjBhYmlsaXR5JTIwdG8lMjB1cGRhdGUlMjBhbGwlMjB0aGVpciUyMGxhYmVscyUyMGJ5JTIwdGhlJTIwY29tcGxpYW5jZSUyMGRhdGVzJTIwZHVlJTIwdG8lMjBpc3N1ZXMlMjByZWdhcmRpbmclMjAlMjhhbW9uZyUyMG90aGVyJTIwdGhpbmdzJTI5JTIwdGhlJTIwbmVlZCUyMGZvciUyMHVwZ3JhZGVzJTIwdG8lMjBsYWJlbGluZyUyMHNvZnR3YXJlJTJDJTIwdGhlJTIwbmVlZCUyMHRvJTIwb2J0YWluJTIwbnV0cml0aW9uJTIwaW5mb3JtYXRpb24lMjBmcm9tJTIwc3VwcGxpZXJzJTJDJTIwdGhlJTIwbnVtYmVyJTIwb2YlMjBwcm9kdWN0cyUyMHRoYXQlMjB3b3VsZCUyMG5lZWQlMjBuZXclMjBsYWJlbHMlMkMlMjBhbmQlMjBhJTIwbGltaXRlZCUyMHRpbWUlMjBmb3IlMjByZWZvcm11bGF0aW9uJTIwb2YlMjBwcm9kdWN0cy4lMjIlMjAlM0NjaXRlJTNFJTI4JTNDYSUyMGhyZWYlM0QlMjJodHRwcyUzQSUyRiUyRnd3dy5mZWRlcmFscmVnaXN0ZXIuZ292JTJGZG9jdW1lbnRzJTJGMjAxNyUyRjEwJTJGMDIlMkYyMDE3LTIxMDE5JTJGZm9vZC1sYWJlbGluZy1yZXZpc2lvbi1vZi10aGUtbnV0cml0aW9uLWFuZC1zdXBwbGVtZW50LWZhY3RzLWxhYmVscy1hbmQtc2VydmluZy1zaXplcy1vZi1mb29kcy10aGF0JTIyJTIwdGFyZ2V0JTNEJTIyX2JsYW5rJTIyJTIwcmVsJTNEJTIybm9vcGVuZXIlMjBub3JlZmVycmVyJTIyJTNFODIlMjBGUiUyMDQ1NzUzJTNDJTJGYSUzRSUyOSUzQyUyRmNpdGUlM0UlM0MlMkZibG9ja3F1b3RlJTNF[\/vc_raw_html][vc_column_text]Da immer mehr Unternehmen den angepassten Etikettenstandard einhalten, k\u00f6nnen Pr\u00fcflabore eine gr\u00f6\u00dfere Anzahl von Lebensmittelherstellern sehen, die Tests anfordern, um die Werte neu ben\u00f6tigter N\u00e4hrstoffe wie Vitamin D und Kalium zu ber\u00fccksichtigen. Eine hohe Nachfrage kann zu einem Anstieg der Testkosten sowie zu potenziellen Terminschwierigkeiten und Verz\u00f6gerungen f\u00fchren, da die Labore fast ausgelastet sind.[\/vc_column_text][\/vc_column][\/vc_row][vc_row][vc_column][vc_single_image source=&#8221;external_link&#8221; el_id=&#8221;hourglass&#8221; custom_src=&#8221;\/wp-content\/uploads\/2019\/11\/hourglass.png&#8221;][\/vc_column][\/vc_row][\/vc_section][vc_section el_id=&#8221;label-changes&#8221; el_class=&#8221;landing-section&#8221;][vc_row][vc_column][vc_column_text]\n<h2 class=\"section-head\">Was \u00e4ndert sich am 1. Januar?<\/h2>\n<p>Im Folgenden sind nur einige Beispiele f\u00fcr die umfangreichen \u00c4nderungen des N\u00e4hrwertkennzeichens aufgef\u00fchrt:[\/vc_column_text][vc_row_inner el_id=&#8221;nfc-breakdown&#8221;][vc_column_inner offset=&#8221;vc_col-lg-4 vc_col-md-4&#8243; el_id=&#8221;nfc-facts-col-1&#8243;][vc_raw_html]JTNDdWwlM0UlMEElM0NsaSUzRSUwQSUzQ2g1JTNFU2NocmlmdGdyJUMzJUI2c3NlJTIwZiVDMyVCQ3IlMjBiZXN0aW1tdGUlMjBlbGVtZW50ZSUzQyUyRmg1JTNFJTBBJTNDcCUzRUdyJUMzJUI2JUMzJTlGZXJlJTJDJTIwZmV0dGdlZHJ1Y2t0ZSUyMFNjaHJpZnQlMjBmJUMzJUJDciUyMGRpZSUyMEFuZ2FiZW4lMjAlRTIlODAlOUNDYWxvcmllcyVFMiU4MCU5QyUyMHVuZCUyMCVFMiU4MCU5Q1NlcnZpbmclMjBTaXplJUUyJTgwJTlDLiUzQyUyRnAlM0UlM0MlMkZsaSUzRSUwQSUzQ2xpJTNFJTBBJTNDaDUlM0VOZXVlJTIwZGVrbGFyYXRpb24lMjBmJUMzJUJDciUyMCVFMiU4MCU5Q2FkZGVkJTIwc3VnYXJzJUUyJTgwJTlEJTNDJTJGaDUlM0UlMEElM0NwJTNFWnVja2VyJTJDJTIwZGVyJTIwdyVDMyVBNGhyZW5kJTIwZGVyJTIwVmVyYXJiZWl0dW5nJTIwenVnZXNldHp0JTIwd2lyZCUyQyUyMFp1Y2tlciUyQyUyMGRlciUyMExlYmVuc21pdHRlbG4lMjB6dWdlc2V0enQlMjB3ZXJkZW4lMjBzb2xsJTJDJTIwdW5kJTIwYmVzdGltbXRlJTIwbmF0JUMzJUJDcmxpY2glMjB2b3Jrb21tZW5kZSUyMFp1Y2tlciUyMG0lQzMlQkNzc2VuJTIwZ2V0cmVubnQlMjB2b24lMjAlRTIlODAlOUNUb3RhbCUyMFN1Z2FycyVFMiU4MCU5QyUyMGFuZ2VnZWJlbiUyMHdlcmRlbi4lM0MlMkZwJTNFJTNDJTJGbGklM0UlMEElM0NsaSUzRSUwQSUzQ2g1JTNFTmV1ZSUyMGZ1c3Nub3RlJTNDJTJGaDUlM0UlMEElM0NwJTNFRWluZSUyMGFiZ2VzY2huaXR0ZW5lJTIwRnUlQzMlOUZub3RlJTIwZGVmaW5pZXJ0JTIwamV0enQlMjBkaWUlMjBBbmdhYmUlMjAlMjUlMjBEYWlseSUyMFZhbHVlJTIwJTI4RFYlMjklMjAlMjhUYWdlc3dlcnQlMjkuJTNDJTJGcCUzRSUwQSUzQ3AlM0VMZWJlbnNtaXR0ZWwlMkMlMjBkaWUlMjBmJUMzJUJDciUyMEtpbmRlciUyMGltJTIwQWx0ZXIlMjB2b24lMjAxJTIwYmlzJTIwMyUyMEphaHJlbiUyMGJlc3RpbW10JTIwc2luZCUyQyUyMG0lQzMlQkNzc2VuJTIwRm9sZ2VuZGVzJTIwYW5nZWJlbiUzQSUyMCVFMiU4MCU5QzElMkMwMDAlMjBjYWxvcmllcyUyMGElMjBkYXklMjBpcyUyMHVzZWQlMjBmb3IlMjBnZW5lcmFsJTIwbnV0cml0aW9uJTIwYWR2aWNlLiVFMiU4MCU5RCUzQyUyRnAlM0UlM0MlMkZsaSUzRSUwQSUzQyUyRnVsJTNF[\/vc_raw_html][\/vc_column_inner][vc_column_inner offset=&#8221;vc_col-lg-4 vc_col-md-4&#8243; el_id=&#8221;nfc-label&#8221;][vc_raw_html]JTNDZGl2JTIwY2xhc3MlM0QlMjJpbWctYm94JTIyJTNFJTBBJTNDZGl2JTIwY2xhc3MlM0QlMjJmaWctYm94JTIwZmlnLWJveC1zZXJ2LXNpemUlMjIlM0UlM0MlMkZkaXYlM0UlMEElM0NkaXYlMjBjbGFzcyUzRCUyMmZpZy1ib3glMjBmaWctYm94LWNhbG9yaWVzJTIyJTNFJTNDJTJGZGl2JTNFJTBBJTNDZGl2JTIwY2xhc3MlM0QlMjJmaWctYm94JTIwZmlnLWJveC1hZGRlZC1zdWdhciUyMiUzRSUzQyUyRmRpdiUzRSUwQSUzQ2RpdiUyMGNsYXNzJTNEJTIyZmlnLWJveCUyMGZpZy1ib3gtbnV0cmllbnQlMjIlM0UlM0MlMkZkaXYlM0UlMEElM0NkaXYlMjBjbGFzcyUzRCUyMmZpZy1ib3glMjBmaWctYm94LWZvb3Rub3RlJTIyJTNFJTNDJTJGZGl2JTNFJTBBJTNDcCUzRSUzQ2ltZyUyMHNyYyUzRCUyMiUyRndwLWNvbnRlbnQlMkZ1cGxvYWRzJTJGMjAxOSUyRjExJTJGbmV3LWxhYmVsLnBuZyUyMiUyMGFsdCUzRCUyMk5ldyUyMExhYmVsJTIwRm9ybWF0JTIyJTNFJTNDJTJGcCUzRSUwQSUzQyUyRmRpdiUzRQ==[\/vc_raw_html][\/vc_column_inner][vc_column_inner offset=&#8221;vc_col-lg-4 vc_col-md-4&#8243; el_id=&#8221;nfc-facts-col-2&#8243;][vc_raw_html]JTNDdWwlM0UlMEElM0NsaSUzRSUwQSUzQ2g1JTNFQWt0dWFsaXNpZXJ0ZSUyMHBvcnRpb25zZ3IlQzMlQjZzc2VuJTNDJTJGaDUlM0UlMEElM0NwJTNFRGllJTIwJUMzJUJDYmxpY2hlcndlaXNlJTIwa29uc3VtaWVydGVuJTIwUmVmZXJlbnptZW5nZW4lMjAlMjhyZWZlcmVuY2UlMjBhbW91bnRzJTIwY3VzdG9tYXJpbHklMjBjb25zdW1lZCUyMCUyOFJBQ0MlMjklMjklMjBmJUMzJUJDciUyMGJlc3RpbW10ZSUyMFByb2R1a3RrYXRlZ29yaWVuJTIwJUMzJUE0bmRlcm4lMjBQb3J0aW9uc2dyJUMzJUI2JUMzJTlGZW4lMjB1bmQlMjBUYWdlc3dlcnRlLiUzQyUyRnAlM0UlMEElM0NwJTNFUHJvZHVrdGUlMkMlMjBkaWUlMjB6d2lzY2hlbiUyMDIwMCUyMHVuZCUyMDMwMCUyMFByb3plbnQlMjBpaHJlciUyMFJBQ0NzJTIwZW50aGFsdGVuJTJDJTIwbSVDMyVCQ3NzZW4lMjBlaW5lJTIwenVzJUMzJUE0dHpsaWNoZSUyMFNwYWx0ZSUyMG1pdCUyME4lQzMlQTRocndlcnRpbmZvcm1hdGlvbmVuJTIwZiVDMyVCQ3IlMjBkaWUlMjBnZXNhbXRlJTIwUGFja3VuZyUyMGVudGhhbHRlbi4lM0MlMkZwJTNFJTNDJTJGbGklM0UlMEElM0NsaSUzRSUwQSUzQ2g1JTNFQWt0dWFsaXNpZXJ0ZSUyMGFuZm9yZGVydW5nZW4lMjBmJUMzJUJDciUyMG4lQzMlQTRocnN0b2ZmZSUzQyUyRmg1JTNFJTBBJTNDcCUzRU1lbmdlbiUyMGYlQzMlQkNyJTIwVml0YW1pbiUyMEQlMkMlMjBLYWxpdW0lMkMlMjBLYWx6aXVtJTIwdW5kJTIwRWlzZW4lMjBtJUMzJUJDc3NlbiUyMGluJTIwTWlsbGlncmFtbSUyMG9kZXIlMjBNaWtyb2dyYW1tJTIwYW5nZWdlYmVuJTIwd2VyZGVuLiUzQyUyRnAlM0UlM0MlMkZsaSUzRSUwQSUzQyUyRnVsJTNF[\/vc_raw_html][\/vc_column_inner][\/vc_row_inner][\/vc_column][\/vc_row][\/vc_section][vc_section el_id=&#8221;section-assistance&#8221; el_class=&#8221;landing-section&#8221;][vc_row][vc_column offset=&#8221;vc_col-lg-2\/5 vc_col-md-2\/5&#8243;][vc_column_text]\n<h2 class=\"section-head\">Registrar Corp Makes Compliance Easy<\/h2>\n<p>Die Spezialisten von Registrar Corp k\u00f6nnen Ihr Etikett aktualisieren so dass es den neuen FDA-Lebensmittelkennzeichnungsvorschriften entspricht.[\/vc_column_text]<div data-id=\"mpc_button-8469fba71144fba\" class=\"mpc-button mpc-init mpc-transition btn-blue-white assist-btn\" ><div class=\"mpc-button__content mpc-effect-type--none mpc-effect-side--none\"><span class=\"mpc-button__title mpc-transition\">Erhalten Sie jetzt Unterst\u00fctzung von Experten<\/span><\/div><div class=\"mpc-button__background mpc-transition mpc-effect-type--fade mpc-effect-side--in\"><\/div><\/div>[\/vc_column][vc_column offset=&#8221;vc_col-lg-3\/5 vc_col-md-3\/5&#8243; el_class=&#8221;assist-grid&#8221;][vc_column_text]Registrar Corps Etikettierungs- und Inhaltsstoffpr\u00fcfungsservice umfasst:[\/vc_column_text][vc_row_inner equal_height=&#8221;yes&#8221; css=&#8221;.vc_custom_1576518003288{background-color: #ffffff !important;}&#8221; el_class=&#8221;assist-desc&#8221;][vc_column_inner width=&#8221;1\/6&#8243; offset=&#8221;vc_col-xs-4&#8243;][vc_single_image image=&#8221;38392&#8243;][\/vc_column_inner][vc_column_inner width=&#8221;1\/3&#8243; offset=&#8221;vc_col-xs-8&#8243;][vc_column_text]Einen ausf\u00fchrlichen Bericht mit den empfohlenen \u00dcberarbeitungen Ihres Labels[\/vc_column_text][\/vc_column_inner][vc_column_inner width=&#8221;1\/6&#8243; offset=&#8221;vc_col-xs-4&#8243;][vc_single_image image=&#8221;38385&#8243;][\/vc_column_inner][vc_column_inner width=&#8221;1\/3&#8243; offset=&#8221;vc_col-xs-8&#8243;][vc_column_text]Pers\u00f6nliche Unterst\u00fctzung durch einen Regulierungsspezialisten[\/vc_column_text][\/vc_column_inner][\/vc_row_inner][vc_row_inner equal_height=&#8221;yes&#8221; css=&#8221;.vc_custom_1576518010648{background-color: #ffffff !important;}&#8221; el_class=&#8221;assist-desc&#8221;][vc_column_inner width=&#8221;1\/6&#8243; offset=&#8221;vc_col-xs-4&#8243;][vc_single_image image=&#8221;38378&#8243;][\/vc_column_inner][vc_column_inner width=&#8221;1\/3&#8243; offset=&#8221;vc_col-xs-8&#8243;][vc_column_text]Eine gebrauchsfertige Grafikdatei Ihres FDA-konformen Lebensmitteletiketts[\/vc_column_text][\/vc_column_inner][vc_column_inner width=&#8221;1\/6&#8243; offset=&#8221;vc_col-xs-4&#8243;][vc_single_image image=&#8221;38399&#8243;][\/vc_column_inner][vc_column_inner width=&#8221;1\/3&#8243; offset=&#8221;vc_col-xs-8&#8243;][vc_column_text]Eine weitere \u00dcberarbeitung desselben Etiketts innerhalb von 30 Tagen[\/vc_column_text][\/vc_column_inner][\/vc_row_inner][\/vc_column][\/vc_row][\/vc_section][vc_row][vc_column][vc_raw_js]JTNDc2NyaXB0JTNFJTBBalF1ZXJ5JTI4ZG9jdW1lbnQlMjkucmVhZHklMjhmdW5jdGlvbiUyOCUyNCUyOSU3QiUwQXZhciUyMGQlMjAlM0QlMjBuZXclMjBEYXRlJTI4JTI5JTNCJTBBdmFyJTIwZGVhZGxpbmUlMjAlM0QlMjBuZXclMjBEYXRlJTI4RGF0ZS5VVEMlMjgyMDIwJTJDMCUyQzElMjklMjklM0IlMEF2YXIlMjBvYmolMjAlM0QlMjAlN0IlN0QlMEF2YXIlMjBkaWZmJTNCJTBBJTBBJTBBZnVuY3Rpb24lMjBydW5DYWxjcyUyOCUyOSU3QiUwQSUwQSUyMCUyMCUyMCUyMGRlYWRsaW5lLnNldFVUQ0hvdXJzJTI4NSUyOSUzQiUwQSUwOWQuc2V0VGltZSUyOERhdGUubm93JTI4JTI5JTI5JTNCJTBBJTA5ZGlmZiUyMCUzRCUyMGRlYWRsaW5lLnZhbHVlT2YlMjglMjklMjAtJTIwZC52YWx1ZU9mJTI4JTI5JTNCJTBBJTA5b2JqLndlZWtzJTIwJTNEJTIwTWF0aC5mbG9vciUyOGRpZmYlMjAlMkYlMjAlMjgxMDAwJTIwJTJBJTIwNjAlMjAlMkElMjA2MCUyMCUyQSUyMDI0JTIwJTJBJTIwNyUyOSUyOSUzQiUwQSUwOW9iai5kYXlzJTIwJTNEJTIwTWF0aC5mbG9vciUyOCUyOGRpZmYlMjAlMjUlMjAlMjgxMDAwJTIwJTJBJTIwNjAlMjAlMkElMjA2MCUyMCUyQSUyMDI0JTIwJTJBJTIwNyUyOSUyOSUyMCUyRiUyMCUyODEwMDAlMjAlMkElMjA2MCUyMCUyQSUyMDYwJTIwJTJBJTIwMjQlMjklMjklM0IlMEElMDlvYmouaG91cnMlMjAlM0QlMjBNYXRoLmZsb29yJTI4JTI4ZGlmZiUyMCUyNSUyMCUyODEwMDAlMjAlMkElMjA2MCUyMCUyQSUyMDYwJTIwJTJBJTIwMjQlMjklMjklMjAlMkYlMjAlMjgxMDAwJTIwJTJBJTIwNjAlMjAlMkElMjA2MCUyOSUyOSUzQiUwQSUwOW9iai5taW4lMjAlM0QlMjBNYXRoLmZsb29yJTI4JTI4ZGlmZiUyMCUyNSUyMCUyODEwMDAlMjAlMkElMjA2MCUyMCUyQSUyMDYwJTI5JTI5JTIwJTJGJTIwJTI4MTAwMCUyMCUyQSUyMDYwJTI5JTI5JTNCJTBBJTA5b2JqLnNlY29uZHMlMjAlM0QlMjBNYXRoLmZsb29yJTI4JTI4ZGlmZiUyMCUyNSUyMCUyODEwMDAlMjAlMkElMjA2MCUyOSUyOSUyMCUyRiUyMDEwMDAlMjklM0IlMEElMDlmb3IlMjh2YXIlMjBrJTIwaW4lMjBvYmolMjklN0IlMEElMDklMjAlMjAlMjAlMjBqUXVlcnklMjglMjclMjNjb3VudGRvd24tJTI3JTIwJTJCJTIwayUyOS50ZXh0JTI4b2JqJTVCayU1RCUyOSUzQiUwOSUwQSUwOSU3RCUwQSUwOWlmJTI4ZGlmZiUyMCUzQyUzRCUyMDAlMjklN0IlMEElMDklMDklMjQlMjglMjcuY291bnRkb3duLXN0ciUyNyUyOS5yZW1vdmUlMjglMjklMEElMjAlMjAlMjAlMjAlMjAlMjAlMjAlMjAlMjQlMjglMjclMjNjb3VudGRvd24taGVhZGVyJTI3JTI5LnJlbW92ZUNsYXNzJTI4JTI3dmNfY29sLWxnLW9mZnNldC0xJTIwdmNfY29sLWxnLTYlMjB2Y19jb2wtbWQtb2Zmc2V0LTAlMjB2Y19jb2wtbWQtNiUyMHZjX2NvbC14cy0xMiUyNyUyOSUzQiUwQSUyMCUyMCUyMCUyMCUyMCUyMCUyMCUyMCUyNCUyOCUyNyUyM2NvdW50ZG93bi1oZWFkZXIlMjBoMyUyNyUyOS50ZXh0JTI4JTIyRGllJTIwZXJzdGUlMjBGcmlzdCUyMGYlQzMlQkNyJTIwZGllJTIwbmV1ZW4lMjBLZW5uemVpY2hudW5nc3ZvcnNjaHJpZnRlbiUyMGRlciUyMEZEQSUyMGlzdCUyMGFiZ2VsYXVmZW4lMjIlMjklMEElMjAlMjAlMjAlMjAlMjAlMjAlMjAlMjByZXR1cm4lMjBmYWxzZSUzQiUwQSUwOSU3RCUwQSUyMCUyMCUyMCUyMHJldHVybiUyMHRydWUlM0IlMEElN0QlMEElMEF2YXIlMjBjb3VudGRvd24lMjAlM0QlMjBzZXRJbnRlcnZhbCUyOGZ1bmN0aW9uJTI4JTI5JTdCJTBBJTIwJTIwJTIwJTIwdmFyJTIwcnVuJTIwJTNEJTIwcnVuQ2FsY3MlMjglMjklM0IlMEElMjAlMjAlMjAlMjBpZiUyOCUyMXJ1biUyOSU3QiUwQSUyMCUyMCUyMCUyMCUyMCUyMCUyMCUyMGNsZWFySW50ZXJ2YWwlMjhjb3VudGRvd24lMjklM0IlMEElMjAlMjAlMjAlMjAlN0QlMEElN0QlMkMxMDAwJTI5JTNCJTBBJTBBJTI0JTI4JTI3LmFzc2lzdC1idG4lMjclMjkub24lMjglMjdjbGljayUyNyUyQ2Z1bmN0aW9uJTI4JTI5JTdCJTBBJTIwJTIwJTIwJTIwJTI0JTI4JTI3LmZvcm0tYm94JTI3JTI5LmFkZENsYXNzJTI4JTI3Ym94LXNlbGVjdGVkJTI3JTI5JTNCJTBBJTIwJTIwJTIwJTIwc2Nyb2xsVG9UYXJnZXQlMjglMjdmb3JtLWJveCUyNyUyOSUzQiUwQSU3RCUyOSUzQiUwQSU3RCUyOSUzQiUwQSUzQyUyRnNjcmlwdCUzRQ==[\/vc_raw_js][\/vc_column][\/vc_row]\n<\/div>","protected":false},"excerpt":{"rendered":"<p>[vc_section el_id=&#8221;main-info&#8221; el_class=&#8221;landing-section&#8221;][vc_row][vc_column offset=&#8221;vc_col-lg-8 vc_col-md-6&#8243;][vc_row_inner el_class=&#8221;tile-box&#8221;][vc_column_inner offset=&#8221;vc_col-lg-6&#8243;][vc_column_text] Ist Ihr Etikett f\u00fcr die FDA-Frist ger\u00fcstet? Unternehmen mit einem durchschnittlichen Jahresumsatz von \u00fcber 10 Millionen US-Dollar mussten ihre Lebensmitteletiketten bis zum 1. Januar 2020 auf die Einhaltung der neuen Kennzeichnungsvorschriften der US-amerikanischen Food and Drug Administration (FDA) aktualisieren. Ab Januar 2021 m\u00fcssen alle anderen Lebensmittelunternehmen ihre Etiketten<\/p>\n","protected":false},"author":30,"featured_media":401,"parent":41392,"menu_order":0,"comment_status":"closed","ping_status":"closed","template":"full-width-page.php","meta":{"content-type":"","om_disable_all_campaigns":false,"inline_featured_image":false,"_genesis_hide_title":false,"_genesis_hide_breadcrumbs":false,"_genesis_hide_singular_image":false,"_genesis_hide_footer_widgets":false,"_genesis_custom_body_class":"","_genesis_custom_post_class":"","_genesis_layout":"","footnotes":""},"class_list":{"0":"post-40176","1":"page","2":"type-page","3":"status-publish","4":"has-post-thumbnail","6":"entry"},"yoast_head":"<!-- This site is optimized with the Yoast SEO Premium plugin v20.9 (Yoast SEO v25.5) - https:\/\/yoast.com\/wordpress\/plugins\/seo\/ -->\n<title>Ist Ihr Etikett f\u00fcr die FDA-Frist ger\u00fcstet? - Registrar<\/title>\n<meta name=\"robots\" content=\"noindex, follow, max-snippet:-1, max-image-preview:large, max-video-preview:-1\" \/>\n<meta property=\"og:locale\" content=\"de_DE\" \/>\n<meta property=\"og:type\" content=\"article\" \/>\n<meta property=\"og:title\" content=\"Ist Ihr Etikett f\u00fcr die FDA-Frist ger\u00fcstet?\" \/>\n<meta property=\"og:description\" content=\"[vc_section el_id=&#8221;main-info&#8221; el_class=&#8221;landing-section&#8221;][vc_row][vc_column offset=&#8221;vc_col-lg-8 vc_col-md-6&#8243;][vc_row_inner el_class=&#8221;tile-box&#8221;][vc_column_inner offset=&#8221;vc_col-lg-6&#8243;][vc_column_text] Ist Ihr Etikett f\u00fcr die FDA-Frist ger\u00fcstet? Unternehmen mit einem durchschnittlichen Jahresumsatz von \u00fcber 10 Millionen US-Dollar mussten ihre Lebensmitteletiketten bis zum 1. Januar 2020 auf die Einhaltung der neuen Kennzeichnungsvorschriften der US-amerikanischen Food and Drug Administration (FDA) aktualisieren. Ab Januar 2021 m\u00fcssen alle anderen Lebensmittelunternehmen ihre Etiketten\" \/>\n<meta property=\"og:url\" content=\"https:\/\/legacy.registrarcorp.com\/de\/fda-food\/labeling\/\" \/>\n<meta property=\"og:site_name\" content=\"Registrar\" \/>\n<meta property=\"article:modified_time\" content=\"2021-08-25T15:02:02+00:00\" \/>\n<meta property=\"og:image\" content=\"https:\/\/legacy.registrarcorp.com\/wp-content\/uploads\/2019\/08\/press_release.jpg\" \/>\n\t<meta property=\"og:image:width\" content=\"1650\" \/>\n\t<meta property=\"og:image:height\" content=\"500\" \/>\n\t<meta property=\"og:image:type\" content=\"image\/jpeg\" \/>\n<meta name=\"twitter:card\" content=\"summary_large_image\" \/>\n<meta name=\"twitter:label1\" content=\"Est. reading time\" \/>\n\t<meta name=\"twitter:data1\" content=\"7 minutes\" \/>\n<script type=\"application\/ld+json\" class=\"yoast-schema-graph\">{\"@context\":\"https:\/\/schema.org\",\"@graph\":[{\"@type\":\"WebPage\",\"@id\":\"https:\/\/legacy.registrarcorp.com\/de\/fda-food\/labeling\/\",\"url\":\"https:\/\/legacy.registrarcorp.com\/de\/fda-food\/labeling\/\",\"name\":\"Ist Ihr Etikett f\u00fcr die FDA-Frist ger\u00fcstet? - Registrar\",\"isPartOf\":{\"@id\":\"https:\/\/legacy.registrarcorp.com\/de\/#website\"},\"primaryImageOfPage\":{\"@id\":\"https:\/\/legacy.registrarcorp.com\/de\/fda-food\/labeling\/#primaryimage\"},\"image\":{\"@id\":\"https:\/\/legacy.registrarcorp.com\/de\/fda-food\/labeling\/#primaryimage\"},\"thumbnailUrl\":\"https:\/\/legacy.registrarcorp.com\/wp-content\/uploads\/2019\/08\/press_release.jpg\",\"datePublished\":\"2019-10-10T19:04:31+00:00\",\"dateModified\":\"2021-08-25T15:02:02+00:00\",\"breadcrumb\":{\"@id\":\"https:\/\/legacy.registrarcorp.com\/de\/fda-food\/labeling\/#breadcrumb\"},\"inLanguage\":\"de\",\"potentialAction\":[{\"@type\":\"ReadAction\",\"target\":[\"https:\/\/legacy.registrarcorp.com\/de\/fda-food\/labeling\/\"]}]},{\"@type\":\"ImageObject\",\"inLanguage\":\"de\",\"@id\":\"https:\/\/legacy.registrarcorp.com\/de\/fda-food\/labeling\/#primaryimage\",\"url\":\"https:\/\/legacy.registrarcorp.com\/wp-content\/uploads\/2019\/08\/press_release.jpg\",\"contentUrl\":\"https:\/\/legacy.registrarcorp.com\/wp-content\/uploads\/2019\/08\/press_release.jpg\",\"width\":1650,\"height\":500},{\"@type\":\"BreadcrumbList\",\"@id\":\"https:\/\/legacy.registrarcorp.com\/de\/fda-food\/labeling\/#breadcrumb\",\"itemListElement\":[{\"@type\":\"ListItem\",\"position\":1,\"name\":\"Home\",\"item\":\"https:\/\/legacy.registrarcorp.com\/de\/\"},{\"@type\":\"ListItem\",\"position\":2,\"name\":\"Lebensmittel und Getr\u00e4nke\",\"item\":\"https:\/\/legacy.registrarcorp.com\/de\/fda-food\/\"},{\"@type\":\"ListItem\",\"position\":3,\"name\":\"Ist Ihr Etikett f\u00fcr die FDA-Frist ger\u00fcstet?\"}]},{\"@type\":\"WebSite\",\"@id\":\"https:\/\/legacy.registrarcorp.com\/de\/#website\",\"url\":\"https:\/\/legacy.registrarcorp.com\/de\/\",\"name\":\"Registrar\",\"description\":\"Assistance with U.S. FDA Regulations\",\"publisher\":{\"@id\":\"https:\/\/legacy.registrarcorp.com\/de\/#organization\"},\"potentialAction\":[{\"@type\":\"SearchAction\",\"target\":{\"@type\":\"EntryPoint\",\"urlTemplate\":\"https:\/\/legacy.registrarcorp.com\/de\/?s={search_term_string}\"},\"query-input\":{\"@type\":\"PropertyValueSpecification\",\"valueRequired\":true,\"valueName\":\"search_term_string\"}}],\"inLanguage\":\"de\"},{\"@type\":\"Organization\",\"@id\":\"https:\/\/legacy.registrarcorp.com\/de\/#organization\",\"name\":\"Registrar Corp\",\"url\":\"https:\/\/legacy.registrarcorp.com\/de\/\",\"logo\":{\"@type\":\"ImageObject\",\"inLanguage\":\"de\",\"@id\":\"https:\/\/legacy.registrarcorp.com\/de\/#\/schema\/logo\/image\/\",\"url\":\"https:\/\/legacy.registrarcorp.com\/wp-content\/uploads\/2019\/12\/regcorp_logo.png\",\"contentUrl\":\"https:\/\/legacy.registrarcorp.com\/wp-content\/uploads\/2019\/12\/regcorp_logo.png\",\"width\":1326,\"height\":330,\"caption\":\"Registrar Corp\"},\"image\":{\"@id\":\"https:\/\/legacy.registrarcorp.com\/de\/#\/schema\/logo\/image\/\"}}]}<\/script>\n<!-- \/ Yoast SEO Premium plugin. -->","yoast_head_json":{"title":"Ist Ihr Etikett f\u00fcr die FDA-Frist ger\u00fcstet? - Registrar","robots":{"index":"noindex","follow":"follow","max-snippet":"max-snippet:-1","max-image-preview":"max-image-preview:large","max-video-preview":"max-video-preview:-1"},"og_locale":"de_DE","og_type":"article","og_title":"Ist Ihr Etikett f\u00fcr die FDA-Frist ger\u00fcstet?","og_description":"[vc_section el_id=&#8221;main-info&#8221; el_class=&#8221;landing-section&#8221;][vc_row][vc_column offset=&#8221;vc_col-lg-8 vc_col-md-6&#8243;][vc_row_inner el_class=&#8221;tile-box&#8221;][vc_column_inner offset=&#8221;vc_col-lg-6&#8243;][vc_column_text] Ist Ihr Etikett f\u00fcr die FDA-Frist ger\u00fcstet? Unternehmen mit einem durchschnittlichen Jahresumsatz von \u00fcber 10 Millionen US-Dollar mussten ihre Lebensmitteletiketten bis zum 1. Januar 2020 auf die Einhaltung der neuen Kennzeichnungsvorschriften der US-amerikanischen Food and Drug Administration (FDA) aktualisieren. Ab Januar 2021 m\u00fcssen alle anderen Lebensmittelunternehmen ihre Etiketten","og_url":"https:\/\/legacy.registrarcorp.com\/de\/fda-food\/labeling\/","og_site_name":"Registrar","article_modified_time":"2021-08-25T15:02:02+00:00","og_image":[{"width":1650,"height":500,"url":"https:\/\/legacy.registrarcorp.com\/wp-content\/uploads\/2019\/08\/press_release.jpg","type":"image\/jpeg"}],"twitter_card":"summary_large_image","twitter_misc":{"Est. reading time":"7 minutes"},"schema":{"@context":"https:\/\/schema.org","@graph":[{"@type":"WebPage","@id":"https:\/\/legacy.registrarcorp.com\/de\/fda-food\/labeling\/","url":"https:\/\/legacy.registrarcorp.com\/de\/fda-food\/labeling\/","name":"Ist Ihr Etikett f\u00fcr die FDA-Frist ger\u00fcstet? - Registrar","isPartOf":{"@id":"https:\/\/legacy.registrarcorp.com\/de\/#website"},"primaryImageOfPage":{"@id":"https:\/\/legacy.registrarcorp.com\/de\/fda-food\/labeling\/#primaryimage"},"image":{"@id":"https:\/\/legacy.registrarcorp.com\/de\/fda-food\/labeling\/#primaryimage"},"thumbnailUrl":"https:\/\/legacy.registrarcorp.com\/wp-content\/uploads\/2019\/08\/press_release.jpg","datePublished":"2019-10-10T19:04:31+00:00","dateModified":"2021-08-25T15:02:02+00:00","breadcrumb":{"@id":"https:\/\/legacy.registrarcorp.com\/de\/fda-food\/labeling\/#breadcrumb"},"inLanguage":"de","potentialAction":[{"@type":"ReadAction","target":["https:\/\/legacy.registrarcorp.com\/de\/fda-food\/labeling\/"]}]},{"@type":"ImageObject","inLanguage":"de","@id":"https:\/\/legacy.registrarcorp.com\/de\/fda-food\/labeling\/#primaryimage","url":"https:\/\/legacy.registrarcorp.com\/wp-content\/uploads\/2019\/08\/press_release.jpg","contentUrl":"https:\/\/legacy.registrarcorp.com\/wp-content\/uploads\/2019\/08\/press_release.jpg","width":1650,"height":500},{"@type":"BreadcrumbList","@id":"https:\/\/legacy.registrarcorp.com\/de\/fda-food\/labeling\/#breadcrumb","itemListElement":[{"@type":"ListItem","position":1,"name":"Home","item":"https:\/\/legacy.registrarcorp.com\/de\/"},{"@type":"ListItem","position":2,"name":"Lebensmittel und Getr\u00e4nke","item":"https:\/\/legacy.registrarcorp.com\/de\/fda-food\/"},{"@type":"ListItem","position":3,"name":"Ist Ihr Etikett f\u00fcr die FDA-Frist ger\u00fcstet?"}]},{"@type":"WebSite","@id":"https:\/\/legacy.registrarcorp.com\/de\/#website","url":"https:\/\/legacy.registrarcorp.com\/de\/","name":"Registrar","description":"Assistance with U.S. FDA Regulations","publisher":{"@id":"https:\/\/legacy.registrarcorp.com\/de\/#organization"},"potentialAction":[{"@type":"SearchAction","target":{"@type":"EntryPoint","urlTemplate":"https:\/\/legacy.registrarcorp.com\/de\/?s={search_term_string}"},"query-input":{"@type":"PropertyValueSpecification","valueRequired":true,"valueName":"search_term_string"}}],"inLanguage":"de"},{"@type":"Organization","@id":"https:\/\/legacy.registrarcorp.com\/de\/#organization","name":"Registrar Corp","url":"https:\/\/legacy.registrarcorp.com\/de\/","logo":{"@type":"ImageObject","inLanguage":"de","@id":"https:\/\/legacy.registrarcorp.com\/de\/#\/schema\/logo\/image\/","url":"https:\/\/legacy.registrarcorp.com\/wp-content\/uploads\/2019\/12\/regcorp_logo.png","contentUrl":"https:\/\/legacy.registrarcorp.com\/wp-content\/uploads\/2019\/12\/regcorp_logo.png","width":1326,"height":330,"caption":"Registrar Corp"},"image":{"@id":"https:\/\/legacy.registrarcorp.com\/de\/#\/schema\/logo\/image\/"}}]}},"_links":{"self":[{"href":"https:\/\/legacy.registrarcorp.com\/de\/wp-json\/wp\/v2\/pages\/40176","targetHints":{"allow":["GET"]}}],"collection":[{"href":"https:\/\/legacy.registrarcorp.com\/de\/wp-json\/wp\/v2\/pages"}],"about":[{"href":"https:\/\/legacy.registrarcorp.com\/de\/wp-json\/wp\/v2\/types\/page"}],"author":[{"embeddable":true,"href":"https:\/\/legacy.registrarcorp.com\/de\/wp-json\/wp\/v2\/users\/30"}],"replies":[{"embeddable":true,"href":"https:\/\/legacy.registrarcorp.com\/de\/wp-json\/wp\/v2\/comments?post=40176"}],"version-history":[{"count":0,"href":"https:\/\/legacy.registrarcorp.com\/de\/wp-json\/wp\/v2\/pages\/40176\/revisions"}],"up":[{"embeddable":true,"href":"https:\/\/legacy.registrarcorp.com\/de\/wp-json\/wp\/v2\/pages\/41392"}],"wp:featuredmedia":[{"embeddable":true,"href":"https:\/\/legacy.registrarcorp.com\/de\/wp-json\/wp\/v2\/media\/401"}],"wp:attachment":[{"href":"https:\/\/legacy.registrarcorp.com\/de\/wp-json\/wp\/v2\/media?parent=40176"}],"curies":[{"name":"wp","href":"https:\/\/api.w.org\/{rel}","templated":true}]}}